{"id":1858,"date":"2020-01-23T15:08:08","date_gmt":"2020-01-23T14:08:08","guid":{"rendered":"http:\/\/dr-kurscheid.de\/institut\/?page_id=1858"},"modified":"2025-01-15T17:53:32","modified_gmt":"2025-01-15T16:53:32","slug":"ueber-uns","status":"publish","type":"page","link":"https:\/\/www.dr-kurscheid.de\/institut\/das-institut\/ueber-uns","title":{"rendered":"\u00dcber Uns"},"content":{"rendered":"<div class=\"columns large-12 medium-12 small-12\">\r\n<h3>Aus der Praxis f\u00fcr die Praxis<\/h3>\r\n<h2>Academic Research Organisation<\/h2><br><br>\r\n<\/div>\r\n<div class=\"columns large-6 medium-6 small-12\">\r\n<p>\r\n<strong>Das Institut Dr. Kurscheid ist eine Kooperation von<\/strong><br> \r\n<ul class=\"ernaehrung\">\r\n<li>Dr. med. Thomas Kurscheid, MPH , (Arzt und Master of Public Health [Gesundheitswissenschaftler])<\/li>\r\n<li>mit Prof. Dr. Sieber (Dipl. \u2013 Biologe, Professor f\u00fcr klinische Forschung Hochschule Bonn-Rhein-Sieg, Senior Project Manager, ehem. Global Clinical Operations Bayer AG)<\/li>\r\n<li>und Dr. Joachim Leo Schneider (Dipl. \u2013 Chemiker, Facharzt f\u00fcr Frauenheilkunde und Geburtshilfe, Sportarzt, Studienleiter und Pr\u00fcfarzt, ehem. Global Clinical Development Bayer AG)<\/li>\r\n<\/ul><\/p>\r\n\r\n<p><strong>Was wir bieten:<\/strong><br> \r\nKompetentes multidisziplin\u00e4res Team, dass die (Medizin-) Produkte Ihres mittelst\u00e4ndigen Unternehmens schnell, professionell und ma\u00dfgeschneidert testet. <br><br><strong>Sie bekommen aus einer Hand:<\/strong><br> Medizinische Kompetenz und Studienerfahrung von der Studienplanerstellung \u00fcber die Durchf\u00fchrung sowie Auswertung bis hin zur wissenschaftlich unabh\u00e4ngigen Publikation. <br><br>Nach erfolgreicher Testung durch das Institut kann das <strong>Siegel \u201eInstitut Dr. Kurscheid\u201c<\/strong> vergeben werden.<br><br><img decoding=\"async\" src=\"http:\/\/dr-kurscheid.de\/institut\/wp-content\/uploads\/2025\/01\/siegel_institut_gestestet.jpg\" alt=\"\" width=\"150\" class=\"alignleft size-thumbnail\" \/><\/p>\r\n<\/div>\r\n<div class=\"columns large-6 medium-6 small-12\">\r\n<img decoding=\"async\" src=\"\/institut\/wp-content\/uploads\/2020\/01\/analysis-2030266_1920-e1579787954824-300x274.jpg\" alt=\"\" width=\"320\" class=\"alignnone size-medium wp-image-1864\" srcset=\"https:\/\/www.dr-kurscheid.de\/institut\/wp-content\/uploads\/2020\/01\/analysis-2030266_1920-e1579787954824-300x274.jpg 300w, https:\/\/www.dr-kurscheid.de\/institut\/wp-content\/uploads\/2020\/01\/analysis-2030266_1920-e1579787954824-1024x934.jpg 1024w, https:\/\/www.dr-kurscheid.de\/institut\/wp-content\/uploads\/2020\/01\/analysis-2030266_1920-e1579787954824-768x701.jpg 768w, https:\/\/www.dr-kurscheid.de\/institut\/wp-content\/uploads\/2020\/01\/analysis-2030266_1920-e1579787954824.jpg 1402w\" sizes=\"(max-width: 300px) 100vw, 300px\" \/>\r\n<\/div>","protected":false},"excerpt":{"rendered":"Aus der Praxis f\u00fcr die Praxis Academic Research Organisation Das Institut Dr. Kurscheid ist eine Kooperation von Dr. med. Thomas Kurscheid, MPH , (Arzt und Master of Public Health [Gesundheitswissenschaftler]) mit Prof. Dr. Sieber (Dipl. \u2013 Biologe, Professor f\u00fcr klinische Forschung Hochschule Bonn-Rhein-Sieg, Senior Project Manager, ehem. Global Clinical Operations Bayer AG) und Dr. Joachim&#8230;  <a class=\"excerpt-read-more\" href=\"https:\/\/www.dr-kurscheid.de\/institut\/das-institut\/ueber-uns\" title=\"Read\u00dcber Uns\">Read more &raquo;<\/a>","protected":false},"author":3,"featured_media":0,"parent":732,"menu_order":2,"comment_status":"closed","ping_status":"closed","template":"page-left-sidebar.php","meta":{"_acf_changed":false,"footnotes":""},"categories":[],"tags":[],"class_list":["post-1858","page","type-page","status-publish","hentry"],"translation":{"provider":"WPGlobus","version":"2.12.2","language":"de","enabled_languages":["de","en"],"languages":{"de":{"title":true,"content":true,"excerpt":false},"en":{"title":false,"content":false,"excerpt":false}}},"acf":[],"_links":{"self":[{"href":"https:\/\/www.dr-kurscheid.de\/institut\/wp-json\/wp\/v2\/pages\/1858","targetHints":{"allow":["GET"]}}],"collection":[{"href":"https:\/\/www.dr-kurscheid.de\/institut\/wp-json\/wp\/v2\/pages"}],"about":[{"href":"https:\/\/www.dr-kurscheid.de\/institut\/wp-json\/wp\/v2\/types\/page"}],"author":[{"embeddable":true,"href":"https:\/\/www.dr-kurscheid.de\/institut\/wp-json\/wp\/v2\/users\/3"}],"replies":[{"embeddable":true,"href":"https:\/\/www.dr-kurscheid.de\/institut\/wp-json\/wp\/v2\/comments?post=1858"}],"version-history":[{"count":25,"href":"https:\/\/www.dr-kurscheid.de\/institut\/wp-json\/wp\/v2\/pages\/1858\/revisions"}],"predecessor-version":[{"id":1877,"href":"https:\/\/www.dr-kurscheid.de\/institut\/wp-json\/wp\/v2\/pages\/1858\/revisions\/1877"}],"up":[{"embeddable":true,"href":"https:\/\/www.dr-kurscheid.de\/institut\/wp-json\/wp\/v2\/pages\/732"}],"wp:attachment":[{"href":"https:\/\/www.dr-kurscheid.de\/institut\/wp-json\/wp\/v2\/media?parent=1858"}],"wp:term":[{"taxonomy":"category","embeddable":true,"href":"https:\/\/www.dr-kurscheid.de\/institut\/wp-json\/wp\/v2\/categories?post=1858"},{"taxonomy":"post_tag","embeddable":true,"href":"https:\/\/www.dr-kurscheid.de\/institut\/wp-json\/wp\/v2\/tags?post=1858"}],"curies":[{"name":"wp","href":"https:\/\/api.w.org\/{rel}","templated":true}]}}