{"id":1178,"date":"2014-06-13T11:18:15","date_gmt":"2014-06-13T09:18:15","guid":{"rendered":"http:\/\/www.dr-kurscheid.de\/persoenlich\/?page_id=1178"},"modified":"2024-01-26T12:34:49","modified_gmt":"2024-01-26T11:34:49","slug":"2013-2","status":"publish","type":"page","link":"https:\/\/www.dr-kurscheid.de\/persoenlich\/en\/mediathek\/tv\/nach-jahren\/2013-2","title":{"rendered":"2013"},"content":{"rendered":"<div class=\"columns large-12 medium-12 small-12\">\r\n  <h3>TV Beitr\u00e4ge 2013<\/h3>\r\n<p>Die Beitr\u00e4ge sind in chronologischer Reihenfolge aufgef\u00fchrt. F\u00fcr eine individuelle \u00dcbersicht, nutzen Sie die Sortierfunktion im Tabellenkopf<\/p>\r\n<p><a href=\"\/persoenlich\/mediathek\/tv\/nach-jahren\/2024-2\">2024<\/a> I <a href=\"\/persoenlich\/mediathek\/tv\/nach-jahren\/2023-2\">2023<\/a> I <a href=\"\/persoenlich\/mediathek\/tv\/nach-jahren\/2022-2\">2022<\/a> I <a href=\"\/persoenlich\/mediathek\/tv\/nach-jahren\/2021-2\">2021<\/a> I <a href=\"\/persoenlich\/mediathek\/tv\/nach-jahren\/2020-2\">2020<\/a> I <a href=\"\/persoenlich\/mediathek\/tv\/nach-jahren\/2019-2\">2019<\/a> I <a href=\"\/persoenlich\/mediathek\/tv\/nach-jahren\/2018-2\">2018<\/a> I <a href=\"\/persoenlich\/mediathek\/tv\/nach-jahren\/2017-2\">2017<\/a> I <a href=\"\/persoenlich\/mediathek\/tv\/nach-jahren\/2016-2\">2016<\/a> I <a href=\"\/persoenlich\/mediathek\/tv\/nach-jahren\/2015-2\">2015<\/a> I <a href=\"\/persoenlich\/mediathek\/tv\/nach-jahren\/2014-2\">2014<\/a> I <strong>2013<\/strong> I <a href=\"\/persoenlich\/mediathek\/tv\/nach-jahren\/2012-2\">2012<\/a> I <a href=\"\/persoenlich\/mediathek\/tv\/nach-jahren\/2011-2\">2011<\/a> I <a href=\"\/persoenlich\/mediathek\/tv\/nach-jahren\/2010-2\">2010<\/a> I <a href=\"\/persoenlich\/mediathek\/tv\/nach-jahren\/2009-2\">2009<\/a> I <a href=\"\/persoenlich\/mediathek\/tv\/nach-jahren\/2008-2\">2008<\/a> I <a href=\"\/persoenlich\/mediathek\/tv\/nach-jahren\/2007-2006\">2007-2006<\/a><\/p>\r\n\r\n\n<table id=\"tablepress-8\" class=\"tablepress tablepress-id-8\">\n<thead>\n<tr class=\"row-1\">\n\t<th class=\"column-1\">Datum <\/th><th class=\"column-2\">Sender<\/th><th class=\"column-3\">Sendung<\/th><th class=\"column-4\">Thema<\/th>\n<\/tr>\n<\/thead>\n<tbody class=\"row-striping row-hover\">\n<tr class=\"row-2\">\n\t<td class=\"column-1\">12.12.2013<\/td><td class=\"column-2\">WDR<\/td><td class=\"column-3\">Aktuelle Stunde<\/td><td class=\"column-4\"><a href=\"http:\/\/www.youtube.com\/watch?v=ulFjgx-Ep6U\" target=\"_blank\">Wie werde ich Erk&auml;ltungen schnell wieder los?<\/a><\/td>\n<\/tr>\n<tr class=\"row-3\">\n\t<td class=\"column-1\">01.12.2013<\/td><td class=\"column-2\">RTL<\/td><td class=\"column-3\">sonntags.live<\/td><td class=\"column-4\"><a href=\"https:\/\/www.youtube.com\/watch?v=w7sCX4Ap-Fw\" target=\"_blank\">Hausmittel gegen Erk&auml;ltung - Was hilft?<\/a><\/td>\n<\/tr>\n<tr class=\"row-4\">\n\t<td class=\"column-1\">26.11.2013<\/td><td class=\"column-2\">WDR<\/td><td class=\"column-3\">Quarks &amp; Caspers<\/td><td class=\"column-4\"><a href=\"http:\/\/www.youtube.com\/watch?v=lL3yqxLPLrQ\" target=\"_blank\">5:2 Di&auml;t<\/a><\/td>\n<\/tr>\n<tr class=\"row-5\">\n\t<td class=\"column-1\">04.11.2013<\/td><td class=\"column-2\">Sven Flohr TV<\/td><td class=\"column-3\">Online-TV<\/td><td class=\"column-4\"><a href=\"http:\/\/www.youtube.com\/watch?v=EVMNUy3jdtM&amp;feature=youtu.be&amp;t=3m49s\" target=\"_blank\">Kohlenhydrate<\/a><\/td>\n<\/tr>\n<tr class=\"row-6\">\n\t<td class=\"column-1\">02.11.2013<\/td><td class=\"column-2\">WDR<\/td><td class=\"column-3\">Aktuelle Stunde<\/td><td class=\"column-4\"><a href=\"http:\/\/www.youtube.com\/watch?v=ODxGXZ2GEx4\" target=\"_blank\">Herbst-\/Winterzeit - Immunsystem st&auml;rken<\/a><\/td>\n<\/tr>\n<tr class=\"row-7\">\n\t<td class=\"column-1\">30.10.2013<\/td><td class=\"column-2\">WDR<\/td><td class=\"column-3\">Servicezeit<\/td><td class=\"column-4\"><a href=\"http:\/\/www.youtube.com\/watch?v=I_ss1F7w3Sk\" target=\"_blank\">Vegane Ern&auml;hrung<\/a><\/td>\n<\/tr>\n<tr class=\"row-8\">\n\t<td class=\"column-1\">24.10.2013<\/td><td class=\"column-2\">ZDF<\/td><td class=\"column-3\">Drehscheibe Deutschland<\/td><td class=\"column-4\"><a href=\"http:\/\/www.youtube.com\/watch?v=ih-aZEekh-g\" target=\"_blank\">Mythen rund um den Kaffee<\/a><\/td>\n<\/tr>\n<tr class=\"row-9\">\n\t<td class=\"column-1\">27.09.2013<\/td><td class=\"column-2\">WDR<\/td><td class=\"column-3\">Servicezeit-Reportage (gek\u00fcrzte Ausgabe von K\u00f6nnes k\u00e4mpft! vom 10.06.13)<\/td><td class=\"column-4\"><a href=\"http:\/\/www.youtube.com\/watch?v=SVIImZTfywg\" target=\"_blank\">Wie die Lebensmittelindustrie ungesundes Essen schmackhaft macht<\/a><\/td>\n<\/tr>\n<tr class=\"row-10\">\n\t<td class=\"column-1\">25.09.2013<\/td><td class=\"column-2\">WDR<\/td><td class=\"column-3\">Aktuelle Stunde<\/td><td class=\"column-4\"><a href=\"https:\/\/www.youtube.com\/watch?v=mA3LxAFVArI\" target=\"_blank\">Mit Gr\u00fcnen Kaffee abnehmen?<\/a><\/td>\n<\/tr>\n<tr class=\"row-11\">\n\t<td class=\"column-1\">21.09.2013<\/td><td class=\"column-2\">WDR<\/td><td class=\"column-3\">Aktuelle Stunde<\/td><td class=\"column-4\"><a href=\"http:\/\/www.youtube.com\/watch?v=cPmsudVBxNA\" target=\"_blank\">Erk&auml;ltungen vorbeugen<\/a><\/td>\n<\/tr>\n<tr class=\"row-12\">\n\t<td class=\"column-1\">17.09.2013<\/td><td class=\"column-2\">center.tv<\/td><td class=\"column-3\">Rheinzeit<\/td><td class=\"column-4\"><a href=\"http:\/\/www.youtube.com\/watch?v=cbDpjxxfCVg\" target=\"_blank\">Dein K&ouml;rper bel&uuml;gt Dich!<\/a><\/td>\n<\/tr>\n<tr class=\"row-13\">\n\t<td class=\"column-1\">13.09.2013<\/td><td class=\"column-2\">WDR<\/td><td class=\"column-3\">Hirschhausen hilft!<\/td><td class=\"column-4\">5:2 Di\u00e4t<\/td>\n<\/tr>\n<tr class=\"row-14\">\n\t<td class=\"column-1\">31.08.2013<\/td><td class=\"column-2\">RTL<\/td><td class=\"column-3\">Explosiv-Weekend<\/td><td class=\"column-4\"><a href=\"http:\/\/www.rtl.de\/cms\/news\/explosiv\/multijobber-arbeiten-bis-zum-umfallen-31d40-a93b-12-1615525.html\" target=\"_blank\">Multi-Jobber: Arbeiten bis zum Umfallen<\/a><\/td>\n<\/tr>\n<tr class=\"row-15\">\n\t<td class=\"column-1\">26.08.2013<\/td><td class=\"column-2\">WDR<\/td><td class=\"column-3\">Servicezeit<\/td><td class=\"column-4\"><a href=\"http:\/\/www.youtube.com\/watch?v=rptnQBk_6aw\" target=\"_blank\">Sahne-Ersatz<\/a><\/td>\n<\/tr>\n<tr class=\"row-16\">\n\t<td class=\"column-1\">25.08.2013<\/td><td class=\"column-2\">RTL<\/td><td class=\"column-3\">Exclusiv-Weekend<\/td><td class=\"column-4\">Gentest<\/td>\n<\/tr>\n<tr class=\"row-17\">\n\t<td class=\"column-1\">20.08.2013<\/td><td class=\"column-2\">Kabel 1<\/td><td class=\"column-3\">Teuer oder Billig - wir testen die Besten<\/td><td class=\"column-4\"><a href=\"http:\/\/www.kabeleins.de\/tv\/teuer-oder-billig\/videos\/platz-9-muesli-clip\" target=\"_blank\"> Lebensmittel - wie gut ist g\u00fcnstig wirklich?<\/a><\/td>\n<\/tr>\n<tr class=\"row-18\">\n\t<td class=\"column-1\">04.08.2013<\/td><td class=\"column-2\">Sat 1<\/td><td class=\"column-3\">GesundheitsAKTE<\/td><td class=\"column-4\">GesundheitsAKTE<\/td>\n<\/tr>\n<tr class=\"row-19\">\n\t<td class=\"column-1\">08.07.2013<\/td><td class=\"column-2\">WDR<\/td><td class=\"column-3\">Servicezeit<\/td><td class=\"column-4\"><a href=\"http:\/\/www.youtube.com\/watch?v=BjU6m_P5oTg\" target=\"_blank\">Hitze? Kein Problem!<\/a><\/td>\n<\/tr>\n<tr class=\"row-20\">\n\t<td class=\"column-1\">17.06.2013<\/td><td class=\"column-2\">SAT 1<\/td><td class=\"column-3\">Rach deckt auf<\/td><td class=\"column-4\"><a href=\"http:\/\/rtl-now.rtl.de\/rach-deckt-auf.php\" target=\"_blank\">Fastfood Deutschland &amp; Zuckerkonsum<\/a><\/td>\n<\/tr>\n<tr class=\"row-21\">\n\t<td class=\"column-1\">14.06.2013<\/td><td class=\"column-2\">WDR<\/td><td class=\"column-3\">Riverboat<\/td><td class=\"column-4\"><a href=\"http:\/\/www.youtube.com\/watch?v=bd2CpQHhHvs\" target=\"_blank\">Zu Gast in der Talkshow Riverboat<\/a><\/td>\n<\/tr>\n<tr class=\"row-22\">\n\t<td class=\"column-1\">10.06.2013<\/td><td class=\"column-2\">WDR<\/td><td class=\"column-3\">K\u00f6nnes k\u00e4mpft! <br \/>\nWDR-Reihe<\/td><td class=\"column-4\"><a href=\"http:\/\/www.youtube.com\/watch?v=SVIImZTfywg\" target=\"_blank\">Wie die Lebensmittelindustrie ungesundes Essen schmackhaft macht<\/a><\/td>\n<\/tr>\n<tr class=\"row-23\">\n\t<td class=\"column-1\">05.06.2013<\/td><td class=\"column-2\">WDR<\/td><td class=\"column-3\">daheim &amp; unterwegs<\/td><td class=\"column-4\"><a href=\"http:\/\/www.youtube.com\/watch?v=j3MRiA2-hKI\" target=\"_blank\">Rundum gl&uuml;cklich - Warum Mollige l&auml;nger leben<\/a><\/td>\n<\/tr>\n<tr class=\"row-24\">\n\t<td class=\"column-1\">26.05.2013<\/td><td class=\"column-2\">SAT 1<\/td><td class=\"column-3\">Weck Up<\/td><td class=\"column-4\"><a href=\"http:\/\/www.youtube.com\/watch?v=cj8oNDTb9ME\" target=\"_blank\">Seinen K&ouml;rper kennen - gesund bleiben<\/a><\/td>\n<\/tr>\n<tr class=\"row-25\">\n\t<td class=\"column-1\">23.05.2013<\/td><td class=\"column-2\">WDR<\/td><td class=\"column-3\">Lokalzeit K\u00f6ln<\/td><td class=\"column-4\"><a href=\"http:\/\/www.youtube.com\/watch?v=o0i2g79r-is\" target=\"_blank\">Was tun f&uuml;r die Bikini-Figur?<\/a><\/td>\n<\/tr>\n<tr class=\"row-26\">\n\t<td class=\"column-1\">09.04.2013<\/td><td class=\"column-2\">RTL<\/td><td class=\"column-3\">Punkt 12<\/td><td class=\"column-4\">Dick durch Di\u00e4t<\/td>\n<\/tr>\n<tr class=\"row-27\">\n\t<td class=\"column-1\">26.03.2013<\/td><td class=\"column-2\">WDR<\/td><td class=\"column-3\">WDR aktuell<\/td><td class=\"column-4\"><a href=\"https:\/\/www.youtube.com\/watch?v=4UObSCU2rjs\" target=\"_blank\">Salzkonsum<\/a><\/td>\n<\/tr>\n<tr class=\"row-28\">\n\t<td class=\"column-1\">23.03.2013<\/td><td class=\"column-2\">WDR<\/td><td class=\"column-3\">Lokalzeit K\u00f6ln<\/td><td class=\"column-4\"><a href=\"http:\/\/www.youtube.com\/watch?v=mOiZex9QDRU\" target=\"_blank\">Detox - Fasten mit S&auml;ften<\/a><\/td>\n<\/tr>\n<tr class=\"row-29\">\n\t<td class=\"column-1\">13.02.2013<\/td><td class=\"column-2\">WDR<\/td><td class=\"column-3\">NRW Duell (Wdh. vom 18.04.12)<\/td><td class=\"column-4\">Prominente Tierbesitzer<\/td>\n<\/tr>\n<tr class=\"row-30\">\n\t<td class=\"column-1\">18.01.2013<\/td><td class=\"column-2\">WDR<\/td><td class=\"column-3\">Aktuelle Stunde<\/td><td class=\"column-4\"><a href=\"http:\/\/www.youtube.com\/watch?v=M30ScGX5A6E\" target=\"_blank\">Wie ern&auml;hren wir uns?<\/a><\/td>\n<\/tr>\n<tr class=\"row-31\">\n\t<td class=\"column-1\">14.01.2013<\/td><td class=\"column-2\">VOX<\/td><td class=\"column-3\">Prominent!<\/td><td class=\"column-4\">Ist Fiona Erdmann magers\u00fcchtig?<\/td>\n<\/tr>\n<tr class=\"row-32\">\n\t<td class=\"column-1\">14.01.2013<\/td><td class=\"column-2\">RTL<\/td><td class=\"column-3\">Punkt 12<\/td><td class=\"column-4\">Ist Fiona Erdmann magers\u00fcchtig?<\/td>\n<\/tr>\n<tr class=\"row-33\">\n\t<td class=\"column-1\">11.01.2013<\/td><td class=\"column-2\">ARD<\/td><td class=\"column-3\">Buffet<\/td><td class=\"column-4\"><a href=\"http:\/\/www.youtube.com\/watch?v=FGXIMnVKFdg\" target=\"_blank\">Kartoffelchips<\/a><\/td>\n<\/tr>\n<tr class=\"row-34\">\n\t<td class=\"column-1\">10.01.2013<\/td><td class=\"column-2\">WDR<\/td><td class=\"column-3\">Aktuelle Stunde<\/td><td class=\"column-4\"><a href=\"http:\/\/www.youtube.com\/watch?v=eRGFNxL-Ue8\" target=\"_blank\">Keime im Mettbr&ouml;tchen<\/a><\/td>\n<\/tr>\n<tr class=\"row-35\">\n\t<td class=\"column-1\">05.01.2013<\/td><td class=\"column-2\">WDR<\/td><td class=\"column-3\">Aktuelle Stunde<\/td><td class=\"column-4\"><a href=\"https:\/\/www.youtube.com\/watch?v=D9tISdCowtk\" target=\"_blank\">Di&auml;tenchaos<\/a><\/td>\n<\/tr>\n<tr class=\"row-36\">\n\t<td class=\"column-1\">03.01.2013<\/td><td class=\"column-2\">WDR<\/td><td class=\"column-3\">Lokalzeit K\u00f6ln<\/td><td class=\"column-4\"><a href=\"http:\/\/www.youtube.com\/watch?v=wpZk2gqskag\" target=\"_blank\">Gute Vors&auml;tze f&uuml;rs Neue Jahr<\/a><\/td>\n<\/tr>\n<\/tbody>\n<\/table>\n<!-- #tablepress-8 from cache -->\r\n<\/div>","protected":false},"excerpt":{"rendered":"TV Beitr\u00e4ge 2013 Die Beitr\u00e4ge sind in chronologischer Reihenfolge aufgef\u00fchrt. F\u00fcr eine individuelle \u00dcbersicht, nutzen Sie die Sortierfunktion im Tabellenkopf 2024 I 2023 I 2022 I 2021 I 2020 I 2019 I 2018 I 2017 I 2016 I 2015 I 2014 I 2013 I 2012 I 2011 I 2010 I 2009 I 2008 I 2007-2006","protected":false},"author":2,"featured_media":0,"parent":1047,"menu_order":25,"comment_status":"closed","ping_status":"closed","template":"page-left-sidebar-child.php","meta":{"_acf_changed":false,"footnotes":""},"categories":[],"tags":[],"class_list":["post-1178","page","type-page","status-publish","hentry"],"translation":{"provider":"WPGlobus","version":"3.0.2","language":"en","enabled_languages":["de","en"],"languages":{"de":{"title":true,"content":true,"excerpt":false},"en":{"title":false,"content":false,"excerpt":false}}},"acf":[],"_links":{"self":[{"href":"https:\/\/www.dr-kurscheid.de\/persoenlich\/en\/wp-json\/wp\/v2\/pages\/1178","targetHints":{"allow":["GET"]}}],"collection":[{"href":"https:\/\/www.dr-kurscheid.de\/persoenlich\/en\/wp-json\/wp\/v2\/pages"}],"about":[{"href":"https:\/\/www.dr-kurscheid.de\/persoenlich\/en\/wp-json\/wp\/v2\/types\/page"}],"author":[{"embeddable":true,"href":"https:\/\/www.dr-kurscheid.de\/persoenlich\/en\/wp-json\/wp\/v2\/users\/2"}],"replies":[{"embeddable":true,"href":"https:\/\/www.dr-kurscheid.de\/persoenlich\/en\/wp-json\/wp\/v2\/comments?post=1178"}],"version-history":[{"count":29,"href":"https:\/\/www.dr-kurscheid.de\/persoenlich\/en\/wp-json\/wp\/v2\/pages\/1178\/revisions"}],"predecessor-version":[{"id":1784,"href":"https:\/\/www.dr-kurscheid.de\/persoenlich\/en\/wp-json\/wp\/v2\/pages\/1178\/revisions\/1784"}],"up":[{"embeddable":true,"href":"https:\/\/www.dr-kurscheid.de\/persoenlich\/en\/wp-json\/wp\/v2\/pages\/1047"}],"wp:attachment":[{"href":"https:\/\/www.dr-kurscheid.de\/persoenlich\/en\/wp-json\/wp\/v2\/media?parent=1178"}],"wp:term":[{"taxonomy":"category","embeddable":true,"href":"https:\/\/www.dr-kurscheid.de\/persoenlich\/en\/wp-json\/wp\/v2\/categories?post=1178"},{"taxonomy":"post_tag","embeddable":true,"href":"https:\/\/www.dr-kurscheid.de\/persoenlich\/en\/wp-json\/wp\/v2\/tags?post=1178"}],"curies":[{"name":"wp","href":"https:\/\/api.w.org\/{rel}","templated":true}]}}