{"id":1204,"date":"2014-06-15T11:22:03","date_gmt":"2014-06-15T09:22:03","guid":{"rendered":"http:\/\/www.dr-kurscheid.de\/persoenlich\/?page_id=1204"},"modified":"2024-01-26T12:35:33","modified_gmt":"2024-01-26T11:35:33","slug":"2012-2","status":"publish","type":"page","link":"https:\/\/www.dr-kurscheid.de\/persoenlich\/en\/mediathek\/tv\/nach-jahren\/2012-2","title":{"rendered":"2012"},"content":{"rendered":"<div class=\"columns large-12 medium-12 small-12\">\r\n  <h3>TV Beitr\u00e4ge 2012<\/h3>\r\n<p>Die Beitr\u00e4ge sind in chronologischer Reihenfolge aufgef\u00fchrt. F\u00fcr eine individuelle \u00dcbersicht, nutzen Sie die Sortierfunktion im Tabellenkopf<\/p>\r\n<p><a href=\"\/persoenlich\/mediathek\/tv\/nach-jahren\/2024-2\">2024<\/a> I <a href=\"\/persoenlich\/mediathek\/tv\/nach-jahren\/2023-2\">2023<\/a> I <a href=\"\/persoenlich\/mediathek\/tv\/nach-jahren\/2022-2\">2022<\/a> I <a href=\"\/persoenlich\/mediathek\/tv\/nach-jahren\/2021-2\">2021<\/a> I <a href=\"\/persoenlich\/mediathek\/tv\/nach-jahren\/2020-2\">2020<\/a> I <a href=\"\/persoenlich\/mediathek\/tv\/nach-jahren\/2019-2\">2019<\/a> I <a href=\"\/persoenlich\/mediathek\/tv\/nach-jahren\/2018-2\">2018<\/a> I <a href=\"\/persoenlich\/mediathek\/tv\/nach-jahren\/2017-2\">2017<\/a> I <a href=\"\/persoenlich\/mediathek\/tv\/nach-jahren\/2016-2\">2016<\/a> I <a href=\"\/persoenlich\/mediathek\/tv\/nach-jahren\/2015-2\">2015<\/a> I <a href=\"\/persoenlich\/mediathek\/tv\/nach-jahren\/2014-2\">2014<\/a> I <a href=\"\/persoenlich\/mediathek\/tv\/nach-jahren\/2013-2\">2013<\/a> I <strong>2012<\/strong> I <a href=\"\/persoenlich\/mediathek\/tv\/nach-jahren\/2011-2\">2011<\/a> I <a href=\"\/persoenlich\/mediathek\/tv\/nach-jahren\/2010-2\">2010<\/a> I <a href=\"\/persoenlich\/mediathek\/tv\/nach-jahren\/2009-2\">2009<\/a> I <a href=\"\/persoenlich\/mediathek\/tv\/nach-jahren\/2008-2\">2008<\/a> I <a href=\"\/persoenlich\/mediathek\/tv\/nach-jahren\/2007-2006\">2007-2006<\/a><\/p>\r\n\n<table id=\"tablepress-9\" class=\"tablepress tablepress-id-9\">\n<thead>\n<tr class=\"row-1\">\n\t<th class=\"column-1\">Datum<\/th><th class=\"column-2\">Sender<\/th><th class=\"column-3\">Sendung<\/th><th class=\"column-4\">Thema<\/th>\n<\/tr>\n<\/thead>\n<tbody class=\"row-striping row-hover\">\n<tr class=\"row-2\">\n\t<td class=\"column-1\">20.12.2012<\/td><td class=\"column-2\">WDR<\/td><td class=\"column-3\">Lokalzeit K\u00f6\u009aln<\/td><td class=\"column-4\"><a href=\"http:\/\/www.youtube.com\/watch?v=pVLV_RzpgZw\" target=\"_blank\">&Uuml;ppiger Genuss w&auml;hrend der Festtage<\/a><\/td>\n<\/tr>\n<tr class=\"row-3\">\n\t<td class=\"column-1\">21.08.2012<\/td><td class=\"column-2\">WDR<\/td><td class=\"column-3\">Lokalzeit K\u00f6\u009aln<\/td><td class=\"column-4\"><a href=\"http:\/\/www.youtube.com\/watch?v=LVX1HLA-9Ss\" target=\"_blank\">Heilkraft von Pflanzen<\/a><\/td>\n<\/tr>\n<tr class=\"row-4\">\n\t<td class=\"column-1\">05.08.2012<\/td><td class=\"column-2\">WDR<\/td><td class=\"column-3\">Schau dich schlau<\/td><td class=\"column-4\">Zucker<\/td>\n<\/tr>\n<tr class=\"row-5\">\n\t<td class=\"column-1\">02.08.2012<\/td><td class=\"column-2\">ZDF<\/td><td class=\"column-3\">hallo Deutschland<\/td><td class=\"column-4\"><a href=\"http:\/\/www.youtube.com\/watch?v=tuS5jD0Zn3Y\" target=\"_blank\">Fit f&uuml;r die Hitze<\/a><\/td>\n<\/tr>\n<tr class=\"row-6\">\n\t<td class=\"column-1\">02.08.2012<\/td><td class=\"column-2\">ZDF<\/td><td class=\"column-3\">Drehscheibe<\/td><td class=\"column-4\"><a href=\"http:\/\/www.youtube.com\/watch?v=tuS5jD0Zn3Y\" target=\"_blank\">Fit f&uuml;r die Hitze<\/a><\/td>\n<\/tr>\n<tr class=\"row-7\">\n\t<td class=\"column-1\">24.06.2012<\/td><td class=\"column-2\">SAT 1<\/td><td class=\"column-3\">Weck Up<\/td><td class=\"column-4\"><a href=\"http:\/\/www.youtube.com\/watch?v=nw1ZgvPRO98\" target=\"_blank\">Gesunde Ern&auml;hrung - man kann es auch &uuml;bertreiben!<\/a><\/td>\n<\/tr>\n<tr class=\"row-8\">\n\t<td class=\"column-1\">18.04.2012<\/td><td class=\"column-2\">WDR<\/td><td class=\"column-3\">NRW Duell<\/td><td class=\"column-4\">Prominente Tierbesitzer: <br>Mit Dr. Thomas Kurscheid, Sonya Kraus, J\u009f\u00fcrgen Drews, Jana Ina Zarrella<\/td>\n<\/tr>\n<tr class=\"row-9\">\n\t<td class=\"column-1\">16.04.2012<\/td><td class=\"column-2\">RTL2<\/td><td class=\"column-3\">Der gro\u00dfe deutsche K\u009a\u00f6rpertest<\/td><td class=\"column-4\">Wie gut kennst du deinen K&ouml;rper?<\/td>\n<\/tr>\n<tr class=\"row-10\">\n\t<td class=\"column-1\">26.03.2012<\/td><td class=\"column-2\">ZDF<\/td><td class=\"column-3\">Drehscheibe<\/td><td class=\"column-4\"><a href=\"https:\/\/www.youtube.com\/watch?v=tGXvkeW6-lk\" target=\"_blank\">Mittel gegen Heuschnupfen<\/a><\/td>\n<\/tr>\n<tr class=\"row-11\">\n\t<td class=\"column-1\">17.03.2012<\/td><td class=\"column-2\">ZDF<\/td><td class=\"column-3\">Aktuelle Stunde<\/td><td class=\"column-4\"><a href=\"http:\/\/www.youtube.com\/watch?v=xuIi4yh_Sp0\" target=\"_blank\">Wie gef&auml;hrlich ist rotes Fleisch?<\/a><\/td>\n<\/tr>\n<tr class=\"row-12\">\n\t<td class=\"column-1\">26.02.2012<\/td><td class=\"column-2\">SAT 1<\/td><td class=\"column-3\">Weck Up<\/td><td class=\"column-4\"><a href=\"http:\/\/www.youtube.com\/watch?v=-cEbTnfbZCQ\" target=\"_blank\">Was tun mit dem Winterspeck?<\/a><\/td>\n<\/tr>\n<tr class=\"row-13\">\n\t<td class=\"column-1\">19.01.2012<\/td><td class=\"column-2\">WDR<\/td><td class=\"column-3\">Lokalzeit<\/td><td class=\"column-4\">Genetische Stoffwechselanalyse<\/td>\n<\/tr>\n<\/tbody>\n<\/table>\n<!-- #tablepress-9 from cache -->\r\n<\/div>","protected":false},"excerpt":{"rendered":"TV Beitr\u00e4ge 2012 Die Beitr\u00e4ge sind in chronologischer Reihenfolge aufgef\u00fchrt. F\u00fcr eine individuelle \u00dcbersicht, nutzen Sie die Sortierfunktion im Tabellenkopf 2024 I 2023 I 2022 I 2021 I 2020 I 2019 I 2018 I 2017 I 2016 I 2015 I 2014 I 2013 I 2012 I 2011 I 2010 I 2009 I 2008 I 2007-2006","protected":false},"author":2,"featured_media":0,"parent":1047,"menu_order":27,"comment_status":"closed","ping_status":"closed","template":"page-left-sidebar-child.php","meta":{"_acf_changed":false,"footnotes":""},"categories":[],"tags":[],"class_list":["post-1204","page","type-page","status-publish","hentry"],"translation":{"provider":"WPGlobus","version":"3.0.2","language":"en","enabled_languages":["de","en"],"languages":{"de":{"title":true,"content":true,"excerpt":false},"en":{"title":false,"content":false,"excerpt":false}}},"acf":[],"_links":{"self":[{"href":"https:\/\/www.dr-kurscheid.de\/persoenlich\/en\/wp-json\/wp\/v2\/pages\/1204","targetHints":{"allow":["GET"]}}],"collection":[{"href":"https:\/\/www.dr-kurscheid.de\/persoenlich\/en\/wp-json\/wp\/v2\/pages"}],"about":[{"href":"https:\/\/www.dr-kurscheid.de\/persoenlich\/en\/wp-json\/wp\/v2\/types\/page"}],"author":[{"embeddable":true,"href":"https:\/\/www.dr-kurscheid.de\/persoenlich\/en\/wp-json\/wp\/v2\/users\/2"}],"replies":[{"embeddable":true,"href":"https:\/\/www.dr-kurscheid.de\/persoenlich\/en\/wp-json\/wp\/v2\/comments?post=1204"}],"version-history":[{"count":21,"href":"https:\/\/www.dr-kurscheid.de\/persoenlich\/en\/wp-json\/wp\/v2\/pages\/1204\/revisions"}],"predecessor-version":[{"id":2777,"href":"https:\/\/www.dr-kurscheid.de\/persoenlich\/en\/wp-json\/wp\/v2\/pages\/1204\/revisions\/2777"}],"up":[{"embeddable":true,"href":"https:\/\/www.dr-kurscheid.de\/persoenlich\/en\/wp-json\/wp\/v2\/pages\/1047"}],"wp:attachment":[{"href":"https:\/\/www.dr-kurscheid.de\/persoenlich\/en\/wp-json\/wp\/v2\/media?parent=1204"}],"wp:term":[{"taxonomy":"category","embeddable":true,"href":"https:\/\/www.dr-kurscheid.de\/persoenlich\/en\/wp-json\/wp\/v2\/categories?post=1204"},{"taxonomy":"post_tag","embeddable":true,"href":"https:\/\/www.dr-kurscheid.de\/persoenlich\/en\/wp-json\/wp\/v2\/tags?post=1204"}],"curies":[{"name":"wp","href":"https:\/\/api.w.org\/{rel}","templated":true}]}}