{"id":1214,"date":"2014-06-15T13:45:31","date_gmt":"2014-06-15T11:45:31","guid":{"rendered":"http:\/\/www.dr-kurscheid.de\/persoenlich\/?page_id=1214"},"modified":"2024-01-26T12:36:07","modified_gmt":"2024-01-26T11:36:07","slug":"2010-2","status":"publish","type":"page","link":"https:\/\/www.dr-kurscheid.de\/persoenlich\/en\/mediathek\/tv\/nach-jahren\/2010-2","title":{"rendered":"2010"},"content":{"rendered":"<div class=\"columns large-12 medium-12 small-12\">\r\n  <h3>TV Beitr\u00e4ge 2010<\/h3>\r\n<p>Die Beitr\u00e4ge sind in chronologischer Reihenfolge aufgef\u00fchrt. F\u00fcr eine individuelle \u00dcbersicht, nutzen Sie die Sortierfunktion im Tabellenkopf<\/p>\r\n<p><a href=\"\/persoenlich\/mediathek\/tv\/nach-jahren\/2024-2\">2024<\/a> I <a href=\"\/persoenlich\/mediathek\/tv\/nach-jahren\/2023-2\">2023<\/a> I <a href=\"\/persoenlich\/mediathek\/tv\/nach-jahren\/2022-2\">2022<\/a> I <a href=\"\/persoenlich\/mediathek\/tv\/nach-jahren\/2021-2\">2021<\/a> I <a href=\"\/persoenlich\/mediathek\/tv\/nach-jahren\/2020-2\">2020<\/a> I <a href=\"\/persoenlich\/mediathek\/tv\/nach-jahren\/2019-2\">2019<\/a> I <a href=\"\/persoenlich\/mediathek\/tv\/nach-jahren\/2018-2\">2018<\/a> I <a href=\"\/persoenlich\/mediathek\/tv\/nach-jahren\/2017-2\">2017<\/a> I <a href=\"\/persoenlich\/mediathek\/tv\/nach-jahren\/2016-2\">2016<\/a> I <a href=\"\/persoenlich\/mediathek\/tv\/nach-jahren\/2015-2\">2015<\/a> I <a href=\"\/persoenlich\/mediathek\/tv\/nach-jahren\/2014-2\">2014<\/a> I <a href=\"\/persoenlich\/mediathek\/tv\/nach-jahren\/2013-2\">2013<\/a> I <a href=\"\/persoenlich\/mediathek\/tv\/nach-jahren\/2012-2\">2012<\/a> I <a href=\"\/persoenlich\/mediathek\/tv\/nach-jahren\/2011-2\">2011<\/a> I <strong>2010<\/strong> I <a href=\"\/persoenlich\/mediathek\/tv\/nach-jahren\/2009-2\">2009<\/a> I <a href=\"\/persoenlich\/mediathek\/tv\/nach-jahren\/2008-2\">2008<\/a> I <a href=\"\/persoenlich\/mediathek\/tv\/nach-jahren\/2007-2006\">2007-2006<\/a><\/p>\r\n\n<table id=\"tablepress-13\" class=\"tablepress tablepress-id-13\">\n<thead>\n<tr class=\"row-1\">\n\t<th class=\"column-1\">Datum<\/th><th class=\"column-2\">Sender<\/th><th class=\"column-3\">Sendung<\/th><th class=\"column-4\">Thema<\/th>\n<\/tr>\n<\/thead>\n<tbody class=\"row-striping row-hover\">\n<tr class=\"row-2\">\n\t<td class=\"column-1\">15.12.2010<\/td><td class=\"column-2\">rbb<\/td><td class=\"column-3\">rbb PRAXIS<\/td><td class=\"column-4\">Tsch\u00fcss Quivive und herzlich Willkommen zur rbb PRAXIS<\/td>\n<\/tr>\n<tr class=\"row-3\">\n\t<td class=\"column-1\">27.11.2010<\/td><td class=\"column-2\">ZDF<\/td><td class=\"column-3\">Garen &amp; Genie\u00dfen<\/td><td class=\"column-4\"><a href=\"http:\/\/www.youtube.com\/watch?v=IH8gX7T_dsg\" target=\"_blank\">Mythen rund ums Brot<\/a><\/td>\n<\/tr>\n<tr class=\"row-4\">\n\t<td class=\"column-1\">18.10.2010<\/td><td class=\"column-2\">RTL<\/td><td class=\"column-3\">Explosiv<\/td><td class=\"column-4\">Wochenserie: \"Ein Block nimmt ab\"<\/td>\n<\/tr>\n<tr class=\"row-5\">\n\t<td class=\"column-1\">11.10.2010<\/td><td class=\"column-2\">RTL<\/td><td class=\"column-3\">Punkt 12<\/td><td class=\"column-4\">Wochenserie: \"Ein Block nimmt ab\"<\/td>\n<\/tr>\n<tr class=\"row-6\">\n\t<td class=\"column-1\">06.10.2010<\/td><td class=\"column-2\">ZDF<\/td><td class=\"column-3\">Drehscheibe Deutschland<\/td><td class=\"column-4\"><a href=\"http:\/\/www.youtube.com\/watch?v=IH8gX7T_dsg\" target=\"_blank\">Mythen rund ums Brot<\/a><\/td>\n<\/tr>\n<tr class=\"row-7\">\n\t<td class=\"column-1\">30.09.2010<\/td><td class=\"column-2\">RTL<\/td><td class=\"column-3\">Punkt 9<\/td><td class=\"column-4\">Vorsorge bei M\u00e4nnern<\/td>\n<\/tr>\n<tr class=\"row-8\">\n\t<td class=\"column-1\">30.09.2010<\/td><td class=\"column-2\">RTL<\/td><td class=\"column-3\">Punkt 6<\/td><td class=\"column-4\">Vorsorge bei M\u00e4nnern<\/td>\n<\/tr>\n<tr class=\"row-9\">\n\t<td class=\"column-1\">29.09.2010<\/td><td class=\"column-2\">RTL<\/td><td class=\"column-3\">Punkt 9<\/td><td class=\"column-4\">Vorsorge bei Frauen<\/td>\n<\/tr>\n<tr class=\"row-10\">\n\t<td class=\"column-1\">29.09.2010<\/td><td class=\"column-2\">RTL<\/td><td class=\"column-3\">Punkt 6<\/td><td class=\"column-4\">Vorsorge bei Frauen<\/td>\n<\/tr>\n<tr class=\"row-11\">\n\t<td class=\"column-1\">29.09.2010<\/td><td class=\"column-2\">WDR<\/td><td class=\"column-3\">NRW Duell<\/td><td class=\"column-4\">Mix: Dr. Thomas Kurscheid, Bettina Tietjen, Thorsten Schr\u00f6der, Ben<\/td>\n<\/tr>\n<tr class=\"row-12\">\n\t<td class=\"column-1\">25.06.2010<\/td><td class=\"column-2\">WDR<\/td><td class=\"column-3\">Servicezeit<\/td><td class=\"column-4\"><a href=\"http:\/\/www.youtube.com\/watch?v=C8Cnw0jMAUM\" target=\"_blank\">Fast Food verboten! Wieso? Weshalb? Warum? (3)<\/a><\/td>\n<\/tr>\n<tr class=\"row-13\">\n\t<td class=\"column-1\">18.06.2010<\/td><td class=\"column-2\">WDR<\/td><td class=\"column-3\">Servicezeit<\/td><td class=\"column-4\"><a href=\"http:\/\/www.youtube.com\/watch?v=QkKIY5rnUJY\" target=\"_blank\">Fast Food verboten! Wieso? Weshalb? Warum? (2)<br \/>\n<\/a><\/td>\n<\/tr>\n<tr class=\"row-14\">\n\t<td class=\"column-1\">09.06.2010<\/td><td class=\"column-2\">RTL<\/td><td class=\"column-3\">Punkt 12<\/td><td class=\"column-4\">The Heart Attack Grill<\/td>\n<\/tr>\n<tr class=\"row-15\">\n\t<td class=\"column-1\">28.05.2010<\/td><td class=\"column-2\">WDR<\/td><td class=\"column-3\">Servicezeit<\/td><td class=\"column-4\"><a href=\"http:\/\/www.youtube.com\/watch?v=BaGuyRHcnqo\" target=\"_blank\">Fast Food verboten! Wieso? Weshalb? Warum? (1)<\/a><\/td>\n<\/tr>\n<tr class=\"row-16\">\n\t<td class=\"column-1\">05.05.2010<\/td><td class=\"column-2\">ZDF<\/td><td class=\"column-3\">Drehscheibe Deutschland <\/td><td class=\"column-4\"><a href=\"http:\/\/www.youtube.com\/watch?v=v2CPeZrc7dI\" target=\"_blank\">Wie viel Dreck ist gesund?<\/a><\/td>\n<\/tr>\n<tr class=\"row-17\">\n\t<td class=\"column-1\">13.04.2010<\/td><td class=\"column-2\">ZDF<\/td><td class=\"column-3\">Markus Lanz<\/td><td class=\"column-4\"><a href=\"https:\/\/www.youtube.com\/watch?v=kiPZdx8vyZU\" target=\"_blank\">Strandfigur, sofort!<\/a><\/td>\n<\/tr>\n<tr class=\"row-18\">\n\t<td class=\"column-1\">12.03.2010<\/td><td class=\"column-2\">SWR<\/td><td class=\"column-3\">Nachtcaf\u00e9<\/td><td class=\"column-4\"><a href=\"http:\/\/www.veoh.com\/watch\/v19928983ZDJ9egsb\" target=\"_blank\">Abschied vom Schlankheitswahn \u2013 der neue Mut zur Nat\u00fcrlichkeit<\/a><\/td>\n<\/tr>\n<tr class=\"row-19\">\n\t<td class=\"column-1\">21.02.2010<\/td><td class=\"column-2\">WDR<\/td><td class=\"column-3\">west.art am Sonntag<\/td><td class=\"column-4\">XXL - na und?<\/td>\n<\/tr>\n<tr class=\"row-20\">\n\t<td class=\"column-1\">17.02.2010<\/td><td class=\"column-2\">ZDF<\/td><td class=\"column-3\">Markus Lanz<\/td><td class=\"column-4\">Zu Gast mit Senta Berger und dem ZDF \"Die \u00c4rzte\"- Team<\/td>\n<\/tr>\n<tr class=\"row-21\">\n\t<td class=\"column-1\">07.01.2010<\/td><td class=\"column-2\">RTL<\/td><td class=\"column-3\">Punkt 6<\/td><td class=\"column-4\">Kuriose Di\u00e4t-Mittelchen<\/td>\n<\/tr>\n<tr class=\"row-22\">\n\t<td class=\"column-1\">06.01.2010<\/td><td class=\"column-2\">RTL<\/td><td class=\"column-3\">Punkt 6<\/td><td class=\"column-4\">Die Milch-Di&auml;t im Test<\/td>\n<\/tr>\n<tr class=\"row-23\">\n\t<td class=\"column-1\">2010<\/td><td class=\"column-2\">ZDF<\/td><td class=\"column-3\">Die \u00c4rzte - Der ZDF Medizintalk<\/td><td class=\"column-4\"><a href=\"https:\/\/www.youtube.com\/playlist?list=PL5E06E37C94299853\">Folgen von 2010-2011<\/a><\/td>\n<\/tr>\n<\/tbody>\n<\/table>\n<!-- #tablepress-13 from cache -->\r\n<\/div>","protected":false},"excerpt":{"rendered":"TV Beitr\u00e4ge 2010 Die Beitr\u00e4ge sind in chronologischer Reihenfolge aufgef\u00fchrt. F\u00fcr eine individuelle \u00dcbersicht, nutzen Sie die Sortierfunktion im Tabellenkopf 2024 I 2023 I 2022 I 2021 I 2020 I 2019 I 2018 I 2017 I 2016 I 2015 I 2014 I 2013 I 2012 I 2011 I 2010 I 2009 I 2008 I 2007-2006","protected":false},"author":2,"featured_media":0,"parent":1047,"menu_order":38,"comment_status":"closed","ping_status":"closed","template":"page-left-sidebar-child.php","meta":{"_acf_changed":false,"footnotes":""},"categories":[],"tags":[],"class_list":["post-1214","page","type-page","status-publish","hentry"],"translation":{"provider":"WPGlobus","version":"3.0.2","language":"en","enabled_languages":["de","en"],"languages":{"de":{"title":true,"content":true,"excerpt":false},"en":{"title":false,"content":false,"excerpt":false}}},"acf":[],"_links":{"self":[{"href":"https:\/\/www.dr-kurscheid.de\/persoenlich\/en\/wp-json\/wp\/v2\/pages\/1214","targetHints":{"allow":["GET"]}}],"collection":[{"href":"https:\/\/www.dr-kurscheid.de\/persoenlich\/en\/wp-json\/wp\/v2\/pages"}],"about":[{"href":"https:\/\/www.dr-kurscheid.de\/persoenlich\/en\/wp-json\/wp\/v2\/types\/page"}],"author":[{"embeddable":true,"href":"https:\/\/www.dr-kurscheid.de\/persoenlich\/en\/wp-json\/wp\/v2\/users\/2"}],"replies":[{"embeddable":true,"href":"https:\/\/www.dr-kurscheid.de\/persoenlich\/en\/wp-json\/wp\/v2\/comments?post=1214"}],"version-history":[{"count":20,"href":"https:\/\/www.dr-kurscheid.de\/persoenlich\/en\/wp-json\/wp\/v2\/pages\/1214\/revisions"}],"predecessor-version":[{"id":2781,"href":"https:\/\/www.dr-kurscheid.de\/persoenlich\/en\/wp-json\/wp\/v2\/pages\/1214\/revisions\/2781"}],"up":[{"embeddable":true,"href":"https:\/\/www.dr-kurscheid.de\/persoenlich\/en\/wp-json\/wp\/v2\/pages\/1047"}],"wp:attachment":[{"href":"https:\/\/www.dr-kurscheid.de\/persoenlich\/en\/wp-json\/wp\/v2\/media?parent=1214"}],"wp:term":[{"taxonomy":"category","embeddable":true,"href":"https:\/\/www.dr-kurscheid.de\/persoenlich\/en\/wp-json\/wp\/v2\/categories?post=1214"},{"taxonomy":"post_tag","embeddable":true,"href":"https:\/\/www.dr-kurscheid.de\/persoenlich\/en\/wp-json\/wp\/v2\/tags?post=1214"}],"curies":[{"name":"wp","href":"https:\/\/api.w.org\/{rel}","templated":true}]}}