{"id":1216,"date":"2014-06-15T13:45:57","date_gmt":"2014-06-15T11:45:57","guid":{"rendered":"http:\/\/www.dr-kurscheid.de\/persoenlich\/?page_id=1216"},"modified":"2024-01-26T12:36:22","modified_gmt":"2024-01-26T11:36:22","slug":"2009-2","status":"publish","type":"page","link":"https:\/\/www.dr-kurscheid.de\/persoenlich\/en\/mediathek\/tv\/nach-jahren\/2009-2","title":{"rendered":"2009"},"content":{"rendered":"<div class=\"columns large-12 medium-12 small-12\">\r\n  <h3>TV Beitr\u00e4ge 2009<\/h3>\r\n<p>Die Beitr\u00e4ge sind in chronologischer Reihenfolge aufgef\u00fchrt. F\u00fcr eine individuelle \u00dcbersicht, nutzen Sie die Sortierfunktion im Tabellenkopf<\/p>\r\n<p><a href=\"\/persoenlich\/mediathek\/tv\/nach-jahren\/2024-2\">2024<\/a> I <a href=\"\/persoenlich\/mediathek\/tv\/nach-jahren\/2023-2\">2023<\/a> I <a href=\"\/persoenlich\/mediathek\/tv\/nach-jahren\/2022-2\">2022<\/a> I <a href=\"\/persoenlich\/mediathek\/tv\/nach-jahren\/2021-2\">2021<\/a> I <a href=\"\/persoenlich\/mediathek\/tv\/nach-jahren\/2020-2\">2020<\/a> I <a href=\"\/persoenlich\/mediathek\/tv\/nach-jahren\/2019-2\">2019<\/a> I <a href=\"\/persoenlich\/mediathek\/tv\/nach-jahren\/2018-2\">2018<\/a> I <a href=\"\/persoenlich\/mediathek\/tv\/nach-jahren\/2017-2\">2017<\/a> I <a href=\"\/persoenlich\/mediathek\/tv\/nach-jahren\/2016-2\">2016<\/a> I <a href=\"\/persoenlich\/mediathek\/tv\/nach-jahren\/2015-2\">2015<\/a> I <a href=\"\/persoenlich\/mediathek\/tv\/nach-jahren\/2014-2\">2014<\/a> I <a href=\"\/persoenlich\/mediathek\/tv\/nach-jahren\/2013-2\">2013<\/a> I <a href=\"\/persoenlich\/mediathek\/tv\/nach-jahren\/2012-2\">2012<\/a> I <a href=\"\/persoenlich\/mediathek\/tv\/nach-jahren\/2011-2\">2011<\/a> I <a href=\"\/persoenlich\/mediathek\/tv\/nach-jahren\/2010-2\">2010<\/a> I <strong>2009<\/strong> I <a href=\"\/persoenlich\/mediathek\/tv\/nach-jahren\/2008-2\">2008<\/a> I <a href=\"\/persoenlich\/mediathek\/tv\/nach-jahren\/2007-2006\">2007-2006<\/a><\/p>\r\n\n<table id=\"tablepress-14\" class=\"tablepress tablepress-id-14\">\n<thead>\n<tr class=\"row-1\">\n\t<th class=\"column-1\">Datum<\/th><th class=\"column-2\">Sender<\/th><th class=\"column-3\">Sendung<\/th><th class=\"column-4\">Thema<\/th>\n<\/tr>\n<\/thead>\n<tbody class=\"row-striping row-hover\">\n<tr class=\"row-2\">\n\t<td class=\"column-1\">30.11.2009<\/td><td class=\"column-2\">ZDF<\/td><td class=\"column-3\">Die \u00c4rzte -<br \/>\nDer Medizintalk im ZDF<\/td><td class=\"column-4\">Alle Sendungen ab dem 05.10.2009<\/td>\n<\/tr>\n<tr class=\"row-3\">\n\t<td class=\"column-1\">19.11.2009<\/td><td class=\"column-2\">RTL<\/td><td class=\"column-3\">Punkt 6<\/td><td class=\"column-4\">Manches Gem\u00fcse ist besser als Medizin<\/td>\n<\/tr>\n<tr class=\"row-4\">\n\t<td class=\"column-1\">11.11.2009<\/td><td class=\"column-2\">RTL<\/td><td class=\"column-3\">Punkt 6<\/td><td class=\"column-4\">Di\u00e4t-Mythen<\/td>\n<\/tr>\n<tr class=\"row-5\">\n\t<td class=\"column-1\">10.11.2009<\/td><td class=\"column-2\">ARD<\/td><td class=\"column-3\">Morgenmagazin<\/td><td class=\"column-4\"><a href=\"http:\/\/www.youtube.com\/watch?v=lT1xFf_jdl8\" target=\"_blank\">Schlafst&ouml;rungen<\/a><\/td>\n<\/tr>\n<tr class=\"row-6\">\n\t<td class=\"column-1\">27.10.2009<\/td><td class=\"column-2\">ZDF<\/td><td class=\"column-3\">Drehscheibe Deutschland<\/td><td class=\"column-4\"><a href=\"http:\/\/www.youtube.com\/watch?v=TUwWxwan4N8\" target=\"_blank\">Omas Hausmittel<\/a><\/td>\n<\/tr>\n<tr class=\"row-7\">\n\t<td class=\"column-1\">29.09.2009<\/td><td class=\"column-2\">ARD<\/td><td class=\"column-3\">Morgenmagazin<\/td><td class=\"column-4\"><a href=\"https:\/\/www.youtube.com\/watch?v=2PTlFJEaSkA\" target=\"_blank\">Herzschw&auml;che<\/a><\/td>\n<\/tr>\n<tr class=\"row-8\">\n\t<td class=\"column-1\">27.08.2009<\/td><td class=\"column-2\">ZDF<\/td><td class=\"column-3\">Drehscheibe Deutschland<\/td><td class=\"column-4\"><a href=\"http:\/\/www.youtube.com\/watch?v=ZC0Nms30SJg\" target=\"_blank\">Von Muskelkater bis Fettverbrennung: Die gr&ouml;&szlig;ten Sport-Irrt&uuml;mer<\/a><\/td>\n<\/tr>\n<tr class=\"row-9\">\n\t<td class=\"column-1\">12.08.2009<\/td><td class=\"column-2\">ZDF<\/td><td class=\"column-3\">Drehscheibe Deutschland<\/td><td class=\"column-4\"><a href=\"http:\/\/www.youtube.com\/watch?v=K-MuqxVafTo\" target=\"_blank\">Schimmel: Wegschneiden oder wegwerfen?<\/a><\/td>\n<\/tr>\n<tr class=\"row-10\">\n\t<td class=\"column-1\">12.08.2009<\/td><td class=\"column-2\">ZDF<\/td><td class=\"column-3\">Markus Lanz<\/td><td class=\"column-4\"><a href=\"http:\/\/www.youtube.com\/watch?v=5UeP6_vpCIk\" target=\"_blank\">F&uuml;llig durch Lightprodukte - Dr. Kurscheid &amp; Alfons Schuhbeck<\/a><\/td>\n<\/tr>\n<tr class=\"row-11\">\n\t<td class=\"column-1\">06.08.2009<\/td><td class=\"column-2\">ZDF<\/td><td class=\"column-3\">Markus Lanz<\/td><td class=\"column-4\"><a href=\"http:\/\/www.youtube.com\/watch?v=UA-MeWyxy2o&amp;list=UUwqobMcjTLANQWFLo1YeXHA&amp;index=1&amp;feature=plcp\" target=\"_blank\">Die gro&szlig;e Sprechstunde<\/a><\/td>\n<\/tr>\n<tr class=\"row-12\">\n\t<td class=\"column-1\">03.08.2009<\/td><td class=\"column-2\">ARD<\/td><td class=\"column-3\">Morgenmagazin<\/td><td class=\"column-4\"><a href=\"http:\/\/www.youtube.com\/watch?v=TI6cegp0Io8\" target=\"_blank\">Schwitzen<\/a><\/td>\n<\/tr>\n<tr class=\"row-13\">\n\t<td class=\"column-1\">17.07.2009<\/td><td class=\"column-2\">ARD<\/td><td class=\"column-3\">Morgenmagazin<\/td><td class=\"column-4\">Gesund durch den Sommer<\/td>\n<\/tr>\n<tr class=\"row-14\">\n\t<td class=\"column-1\">08.07.2009<\/td><td class=\"column-2\">ARD<\/td><td class=\"column-3\">Morgenmagazin<\/td><td class=\"column-4\"><a href=\"http:\/\/www.youtube.com\/watch?v=EC2RjetZldU\" target=\"_blank\">Gelenkschmerzen<\/a><\/td>\n<\/tr>\n<tr class=\"row-15\">\n\t<td class=\"column-1\">08.06.2009<\/td><td class=\"column-2\">ARD<\/td><td class=\"column-3\">Morgenmagazin<\/td><td class=\"column-4\"><a href=\"http:\/\/www.youtube.com\/watch?v=-k8q91WrXtA\" target=\"_blank\">Gesund im Urlaub<\/a><\/td>\n<\/tr>\n<tr class=\"row-16\">\n\t<td class=\"column-1\">01.06.2009<\/td><td class=\"column-2\">ARD<\/td><td class=\"column-3\">Deutschland isst..mit Tim M\u00e4lzer<\/td><td class=\"column-4\">Teil 2: Billig oder teuer?<\/td>\n<\/tr>\n<tr class=\"row-17\">\n\t<td class=\"column-1\">31.05.2009<\/td><td class=\"column-2\">ARD<\/td><td class=\"column-3\">Deutschland isst..mit Tim M\u00e4lzer<\/td><td class=\"column-4\">Teil 1: Dick oder d&uuml;nn?<\/td>\n<\/tr>\n<tr class=\"row-18\">\n\t<td class=\"column-1\">11.05.2009<\/td><td class=\"column-2\">ARD<\/td><td class=\"column-3\">Morgenmagazin<\/td><td class=\"column-4\"><a href=\"http:\/\/www.youtube.com\/watch?v=qDzOEzyPtfU\" target=\"_blank\">Hohe Cholesterinwerte<\/a><\/td>\n<\/tr>\n<tr class=\"row-19\">\n\t<td class=\"column-1\">26.04.2009<\/td><td class=\"column-2\">RTL2<\/td><td class=\"column-3\">Schau dich schlau<\/td><td class=\"column-4\">Zucker<\/td>\n<\/tr>\n<tr class=\"row-20\">\n\t<td class=\"column-1\">06.04.2009<\/td><td class=\"column-2\">VOX<\/td><td class=\"column-3\">Wissenshunger<\/td><td class=\"column-4\">Die richtige Kombination beim Essen<\/td>\n<\/tr>\n<tr class=\"row-21\">\n\t<td class=\"column-1\">01.04.2009<\/td><td class=\"column-2\">ARD<\/td><td class=\"column-3\">Morgenmagazin<\/td><td class=\"column-4\"><a href=\"http:\/\/www.youtube.com\/watch?v=4_aP09apUA4\" target=\"_blank\">Das richtige Fr&uuml;hst&uuml;ck<\/a><\/td>\n<\/tr>\n<tr class=\"row-22\">\n\t<td class=\"column-1\">17.03.2009<\/td><td class=\"column-2\">ARD<\/td><td class=\"column-3\">Morgenmagazin<\/td><td class=\"column-4\"><a href=\"http:\/\/www.youtube.com\/watch?v=h2RkpIoGuwE\" target=\"_blank\">Heilfasten<\/a><\/td>\n<\/tr>\n<tr class=\"row-23\">\n\t<td class=\"column-1\">17.03.2009<\/td><td class=\"column-2\">RTL<\/td><td class=\"column-3\">Punkt 12<\/td><td class=\"column-4\"><a href=\"http:\/\/www.youtube.com\/watch?v=cpP3qVIuX6M\" target=\"_blank\">Vanessa Neigert will abnehmen<\/a><\/td>\n<\/tr>\n<tr class=\"row-24\">\n\t<td class=\"column-1\">14.03.2009<\/td><td class=\"column-2\">RTL<\/td><td class=\"column-3\">DSDS<\/td><td class=\"column-4\"><a href=\"http:\/\/www.youtube.com\/watch?v=cpP3qVIuX6M\" target=\"_blank\">2. Mottoshow - Einspieler: Vanessa Neigert<\/a><\/td>\n<\/tr>\n<tr class=\"row-25\">\n\t<td class=\"column-1\">13.03.2009<\/td><td class=\"column-2\">ZDF<\/td><td class=\"column-3\">Drehscheibe Deutschland<\/td><td class=\"column-4\"><a href=\"http:\/\/www.youtube.com\/watch?v=4beiA0_6rAM\" target=\"_blank\">Mythen rund um den Kaffee<\/a><\/td>\n<\/tr>\n<tr class=\"row-26\">\n\t<td class=\"column-1\">09.03.2009<\/td><td class=\"column-2\">MDR<\/td><td class=\"column-3\">FAKT ist...!<\/td><td class=\"column-4\">Sch\u00f6nheitswahn - Hungern bis der K\u00f6rper streikt?<\/td>\n<\/tr>\n<tr class=\"row-27\">\n\t<td class=\"column-1\">27.02.2009<\/td><td class=\"column-2\">ARD <\/td><td class=\"column-3\">in.puncto, einsplus<\/td><td class=\"column-4\">F\u00fcr immer jung<\/td>\n<\/tr>\n<tr class=\"row-28\">\n\t<td class=\"column-1\">18.02.2009<\/td><td class=\"column-2\">ARD<\/td><td class=\"column-3\">Morgenmagazin<\/td><td class=\"column-4\"><a href=\"http:\/\/www.youtube.com\/watch?v=BlvNavDK_Fw\" target=\"_blank\">Alkohol<\/a><\/td>\n<\/tr>\n<tr class=\"row-29\">\n\t<td class=\"column-1\">04.02.2009<\/td><td class=\"column-2\">ARD<\/td><td class=\"column-3\">Morgenmagazin<\/td><td class=\"column-4\"><a href=\"http:\/\/www.youtube.com\/watch?v=iHAqje0XnDY\" target=\"_blank\">Mundgeruch<\/a><\/td>\n<\/tr>\n<tr class=\"row-30\">\n\t<td class=\"column-1\">19.01.2009<\/td><td class=\"column-2\">RTL<\/td><td class=\"column-3\">Extra<\/td><td class=\"column-4\">Das Dschungel-Experiment<\/td>\n<\/tr>\n<tr class=\"row-31\">\n\t<td class=\"column-1\">07.01.2009<\/td><td class=\"column-2\">ARD<\/td><td class=\"column-3\">Morgenmagazin<\/td><td class=\"column-4\"><a href=\"http:\/\/www.youtube.com\/watch?v=SAhphF37jNw\" target=\"_blank\">Vorsicht Wechselwirkungen<\/a><\/td>\n<\/tr>\n<\/tbody>\n<\/table>\n<!-- #tablepress-14 from cache -->\r\n<\/div>","protected":false},"excerpt":{"rendered":"TV Beitr\u00e4ge 2009 Die Beitr\u00e4ge sind in chronologischer Reihenfolge aufgef\u00fchrt. F\u00fcr eine individuelle \u00dcbersicht, nutzen Sie die Sortierfunktion im Tabellenkopf 2024 I 2023 I 2022 I 2021 I 2020 I 2019 I 2018 I 2017 I 2016 I 2015 I 2014 I 2013 I 2012 I 2011 I 2010 I 2009 I 2008 I 2007-2006","protected":false},"author":2,"featured_media":0,"parent":1047,"menu_order":41,"comment_status":"closed","ping_status":"closed","template":"page-left-sidebar-child.php","meta":{"_acf_changed":false,"footnotes":""},"categories":[],"tags":[],"class_list":["post-1216","page","type-page","status-publish","hentry"],"translation":{"provider":"WPGlobus","version":"3.0.2","language":"en","enabled_languages":["de","en"],"languages":{"de":{"title":true,"content":true,"excerpt":false},"en":{"title":false,"content":false,"excerpt":false}}},"acf":[],"_links":{"self":[{"href":"https:\/\/www.dr-kurscheid.de\/persoenlich\/en\/wp-json\/wp\/v2\/pages\/1216","targetHints":{"allow":["GET"]}}],"collection":[{"href":"https:\/\/www.dr-kurscheid.de\/persoenlich\/en\/wp-json\/wp\/v2\/pages"}],"about":[{"href":"https:\/\/www.dr-kurscheid.de\/persoenlich\/en\/wp-json\/wp\/v2\/types\/page"}],"author":[{"embeddable":true,"href":"https:\/\/www.dr-kurscheid.de\/persoenlich\/en\/wp-json\/wp\/v2\/users\/2"}],"replies":[{"embeddable":true,"href":"https:\/\/www.dr-kurscheid.de\/persoenlich\/en\/wp-json\/wp\/v2\/comments?post=1216"}],"version-history":[{"count":19,"href":"https:\/\/www.dr-kurscheid.de\/persoenlich\/en\/wp-json\/wp\/v2\/pages\/1216\/revisions"}],"predecessor-version":[{"id":2783,"href":"https:\/\/www.dr-kurscheid.de\/persoenlich\/en\/wp-json\/wp\/v2\/pages\/1216\/revisions\/2783"}],"up":[{"embeddable":true,"href":"https:\/\/www.dr-kurscheid.de\/persoenlich\/en\/wp-json\/wp\/v2\/pages\/1047"}],"wp:attachment":[{"href":"https:\/\/www.dr-kurscheid.de\/persoenlich\/en\/wp-json\/wp\/v2\/media?parent=1216"}],"wp:term":[{"taxonomy":"category","embeddable":true,"href":"https:\/\/www.dr-kurscheid.de\/persoenlich\/en\/wp-json\/wp\/v2\/categories?post=1216"},{"taxonomy":"post_tag","embeddable":true,"href":"https:\/\/www.dr-kurscheid.de\/persoenlich\/en\/wp-json\/wp\/v2\/tags?post=1216"}],"curies":[{"name":"wp","href":"https:\/\/api.w.org\/{rel}","templated":true}]}}