{"id":1470,"date":"2014-06-18T13:39:41","date_gmt":"2014-06-18T11:39:41","guid":{"rendered":"http:\/\/www.dr-kurscheid.de\/persoenlich\/?page_id=1470"},"modified":"2025-01-15T11:59:16","modified_gmt":"2025-01-15T10:59:16","slug":"vortraege-showreel","status":"publish","type":"page","link":"https:\/\/www.dr-kurscheid.de\/persoenlich\/en\/fuer-unternehmen\/vortraege-showreel","title":{"rendered":"Vortr\u00e4ge &#8211; Showreel"},"content":{"rendered":"<div class=\"columns large-12 medium-12 small-12\">\r\n  <h3>Impulsvortr\u00e4ge zur Gesundheit im Rahmen des Betrieblichen Gesundheitsmanagements &#8211; f\u00fcr Mitarbeiter und Manager von Unternehmen<\/h3>\r\n  <p>\u201e\u2026da hat es \u201eklick\u201c gemacht \u2013 und ich habe endlich was ge\u00e4ndert\u2026\u201c\u00a0 &#8211; diese \u00c4u\u00dferung kennen Sie vielleicht von sich selbst, von Mitarbeitern oder Freunden. Ich helfe Ihnen und Ihrem Unternehmen gerne dabei, durch Impulsvortr\u00e4ge zum Verhalten, zur optimalen Burnout-Pr\u00e4vention und zum Umgang mit Stress, zur leistungssteigernden Ern\u00e4hrung und zum effektiven Training.<\/p>\r\n<h2 style=\"margin-bottom:25px\"><img decoding=\"async\" class=\"size-full wp-image-98\" alt=\"pfeil\" src=\"\/wp-content\/uploads\/2014\/03\/pfeil.png\">\u00a0Showreel<\/h2>\r\n<iframe loading=\"lazy\" title=\"Showreel Vortrag Dr. Thomas Kurscheid\" width=\"500\" height=\"281\" src=\"https:\/\/www.youtube.com\/embed\/F86KDzfNN-A?wmode=transparent&amp;rel=0&amp;feature=oembed\" frameborder=\"0\" allow=\"accelerometer; autoplay; clipboard-write; encrypted-media; gyroscope; picture-in-picture; web-share\" referrerpolicy=\"strict-origin-when-cross-origin\" allowfullscreen><\/iframe>\r\n<\/div>\r\n<div class=\"columns large-12 medium-12 small-12 end\">\r\n<br><br>\r\n<h2 style=\"margin-bottom:25px\"><img decoding=\"async\" class=\"size-full wp-image-98\" alt=\"pfeil\" src=\"\/wp-content\/uploads\/2014\/03\/pfeil.png\">\u00a0Vortr\u00e4ge \u00dcberblick<\/h2>\r\n<p style=\"margin-bottom:5px\">Eine Liste mit Beispielen aus meinen vergangenen Vortr\u00e4ge finden Sie unter<\/p> \r\n<span class=\"btn_intern\"><a href=\"\/persoenlich\/category\/news\/vortraege\">Vortr\u00e4ge<\/a><\/span>\r\n<br><br>\r\n<p style=\"margin-bottom:5px\">Beispiele aus mittlerweile \u00fcber 400 Auftritten als Moderator und Experte finden Sie in der Mediathek<\/p>  \r\n<span class=\"btn_intern\"><a href=\"\/persoenlich\/mediathek\/\">Mediathek<\/a><\/span>\r\n<\/div>","protected":false},"excerpt":{"rendered":"Impulsvortr\u00e4ge zur Gesundheit im Rahmen des Betrieblichen Gesundheitsmanagements &#8211; f\u00fcr Mitarbeiter und Manager von Unternehmen \u201e\u2026da hat es \u201eklick\u201c gemacht \u2013 und ich habe endlich was ge\u00e4ndert\u2026\u201c\u00a0 &#8211; diese \u00c4u\u00dferung kennen Sie vielleicht von sich selbst, von Mitarbeitern oder Freunden. Ich helfe Ihnen und Ihrem Unternehmen gerne dabei, durch Impulsvortr\u00e4ge zum Verhalten, zur optimalen Burnout-Pr\u00e4vention&#8230;  <a class=\"excerpt-read-more\" href=\"https:\/\/www.dr-kurscheid.de\/persoenlich\/en\/fuer-unternehmen\/vortraege-showreel\" title=\"ReadVortr\u00e4ge &#8211; Showreel\">Read more &raquo;<\/a>","protected":false},"author":2,"featured_media":0,"parent":732,"menu_order":0,"comment_status":"closed","ping_status":"closed","template":"page-left-sidebar.php","meta":{"_acf_changed":false,"footnotes":""},"categories":[],"tags":[],"class_list":["post-1470","page","type-page","status-publish","hentry"],"translation":{"provider":"WPGlobus","version":"3.0.2","language":"en","enabled_languages":["de","en"],"languages":{"de":{"title":true,"content":true,"excerpt":false},"en":{"title":false,"content":false,"excerpt":false}}},"acf":[],"_links":{"self":[{"href":"https:\/\/www.dr-kurscheid.de\/persoenlich\/en\/wp-json\/wp\/v2\/pages\/1470","targetHints":{"allow":["GET"]}}],"collection":[{"href":"https:\/\/www.dr-kurscheid.de\/persoenlich\/en\/wp-json\/wp\/v2\/pages"}],"about":[{"href":"https:\/\/www.dr-kurscheid.de\/persoenlich\/en\/wp-json\/wp\/v2\/types\/page"}],"author":[{"embeddable":true,"href":"https:\/\/www.dr-kurscheid.de\/persoenlich\/en\/wp-json\/wp\/v2\/users\/2"}],"replies":[{"embeddable":true,"href":"https:\/\/www.dr-kurscheid.de\/persoenlich\/en\/wp-json\/wp\/v2\/comments?post=1470"}],"version-history":[{"count":21,"href":"https:\/\/www.dr-kurscheid.de\/persoenlich\/en\/wp-json\/wp\/v2\/pages\/1470\/revisions"}],"predecessor-version":[{"id":2046,"href":"https:\/\/www.dr-kurscheid.de\/persoenlich\/en\/wp-json\/wp\/v2\/pages\/1470\/revisions\/2046"}],"up":[{"embeddable":true,"href":"https:\/\/www.dr-kurscheid.de\/persoenlich\/en\/wp-json\/wp\/v2\/pages\/732"}],"wp:attachment":[{"href":"https:\/\/www.dr-kurscheid.de\/persoenlich\/en\/wp-json\/wp\/v2\/media?parent=1470"}],"wp:term":[{"taxonomy":"category","embeddable":true,"href":"https:\/\/www.dr-kurscheid.de\/persoenlich\/en\/wp-json\/wp\/v2\/categories?post=1470"},{"taxonomy":"post_tag","embeddable":true,"href":"https:\/\/www.dr-kurscheid.de\/persoenlich\/en\/wp-json\/wp\/v2\/tags?post=1470"}],"curies":[{"name":"wp","href":"https:\/\/api.w.org\/{rel}","templated":true}]}}