{"id":1562,"date":"2014-07-25T20:47:46","date_gmt":"2014-07-25T18:47:46","guid":{"rendered":"http:\/\/www.dr-kurscheid.de\/persoenlich\/?page_id=1562"},"modified":"2015-07-08T18:30:46","modified_gmt":"2015-07-08T16:30:46","slug":"publikationen-buecher","status":"publish","type":"page","link":"https:\/\/www.dr-kurscheid.de\/persoenlich\/en\/profil\/publikationen-buecher","title":{"rendered":"Wissenschaftliche Publikationen"},"content":{"rendered":"<div class=\"columns large-12\">\r\n<h4 class=\"table-headline\">\u00dcberblick<\/h4>\r\n\n<table id=\"tablepress-5\" class=\"tablepress tablepress-id-5\">\n<tbody class=\"row-striping\">\n<tr class=\"row-1\">\n\t<td class=\"column-1\">Kurscheid T. Die Necrotisierende Enterocolitis. Dissertation. Universit\u00e4t K\u00f6ln. K\u00f6ln 1992.<\/td>\n<\/tr>\n<tr class=\"row-2\">\n\t<td class=\"column-1\">Kurscheid T, Holschneider AM. Necrotizing enterocolitis (NEC)-mortality and long-term results. Eur J Pediatr Surg. 1993 Jun;3(3):139-43. <a href=\"https:\/\/www.ncbi.nlm.nih.gov\/pubmed\/8353114\" rel=\"noopener\" target=\"_blank\">zum Artikel<\/a><\/td>\n<\/tr>\n<tr class=\"row-3\">\n\t<td class=\"column-1\">Kurscheid T: Der Kassen\u00e4rztliche Notdienst. Magisterarbeit. D\u00fcsseldorf 1996.<\/td>\n<\/tr>\n<tr class=\"row-4\">\n\t<td class=\"column-1\">Kurscheid T. Der vertrags\u00e4rztliche Notdienst am Beispiel einer Notfallpraxis im K\u00f6lner Stadtgebiet. In: RETTUNGSDIENST 1997;20: 6-15.<\/td>\n<\/tr>\n<tr class=\"row-5\">\n\t<td class=\"column-1\">Kurscheid T, Lauterbach K. The cost implications of obesity for health care and society. Int J Obes Relat Metab Disord. 1998 Aug;22 Suppl 1:S3-5; discussion S6. <a href=\"https:\/\/www.ncbi.nlm.nih.gov\/pubmed\/9758237\" rel=\"noopener\" target=\"_blank\">zum Artikel<\/a><\/td>\n<\/tr>\n<tr class=\"row-6\">\n\t<td class=\"column-1\">Hauner H., Westenh\u00f6fer J., Wirth A., Lauterbach K., Fuchs C., Gandjour A., Hunsche E., Kautz-Segadlo U., Kurscheid T., Maringer R., Mayer M., Steiner S.: Adipositas. Leitlinie. Evidenz-basierte Leitlinie zur Behandlung der Adipositas in Deutschland. Expertenversion. 1998. ISBN 3-933740-01-0.<\/td>\n<\/tr>\n<tr class=\"row-7\">\n\t<td class=\"column-1\">Hauner H., Westenh\u00f6fer J., Wirth A., Lauterbach K., Fuchs C., Gandjour A., Hunsche E., Kautz-Segadlo U., Kurscheid T., Maringer R., Mayer M., Steiner S.: Adipositas Leitlinie f\u00fcr den behandelnden Arzt. Anwenderversion der Evidenz- basierten Leitlinie zur Behandlung der Adipositas in Deutschland. Anwenderversion. 1998, ISBN 3-933740-02-9.<\/td>\n<\/tr>\n<tr class=\"row-8\">\n\t<td class=\"column-1\">Hauner H., Westenh\u00f6fer J., Wirth A., Lauterbach K., Fuchs C., Gandjour A., Hunsche E., Kautz-Segadlo U., Kurscheid T., Maringer R., Mayer M., Steiner S.: \u00dcbergewicht. Mit Leib und Seele in der Balance. Anleitung f\u00fcr Patienten zur Behandlung von \u00dcbergewicht. Patientenversion. 1998, ISBN 3-933740-03-7.<\/td>\n<\/tr>\n<tr class=\"row-9\">\n\t<td class=\"column-1\">Berndt K, Hinzpeter B, Kurscheid T, Lauterbach KW. Conception and conversion of medical technology assessment\u2014an international comparison. Z Arztl Fortbild Qualitatssich. 1998 May;92(4):255-62. <a href=\"https:\/\/www.ncbi.nlm.nih.gov\/pubmed\/9675828\" rel=\"noopener\" target=\"_blank\">zum Artikel<\/a><\/td>\n<\/tr>\n<tr class=\"row-10\">\n\t<td class=\"column-1\">Lauterbach KW, Kurscheid T, Hunsche E, Wendland G. Preliminary Quality of Life Evaluation of the German SAT-Trial: Comparision of SF-36, EUROQOL, Time Trade-Off Method and Willingness to Pay Method, Value in Health (USA) 1999:12.<\/td>\n<\/tr>\n<tr class=\"row-11\">\n\t<td class=\"column-1\">Kurscheid T, Brucksch M, Hinzpeter B, Koch P, Herschel M, Lauterbach KW. Proze\u00dfkostenanalyse der PTCA. Gesundheits\u00f6konomisches Qualit\u00e4tsmanagement 4, Georg Thieme Verlag Stuttgart 1999:74-84.<\/td>\n<\/tr>\n<tr class=\"row-12\">\n\t<td class=\"column-1\">Hauner H, Meier M, Wendland G, Kurscheid T, Lauterbach K, Study Group SA. Weight reduction by sibutramine in obese subjects in primary care medicine: the S. A. T. Study.Exp Clin Endocrinol Diabetes. 2004 Apr;112(4):201-.7 <a href=\"https:\/\/www.thieme-connect.com\/products\/ejournals\/abstract\/10.1055\/s-2004-817934\" rel=\"noopener\" target=\"_blank\">zum Artikel<\/a><\/td>\n<\/tr>\n<tr class=\"row-13\">\n\t<td class=\"column-1\">* Kurscheid T. und Loewe L. (2013) Vergleichsstudie: Effektivit\u00e4t der nutrigenetischen Analyse \u201eCoGAP MetaCheck\u00ae\u201c zur Gewichtsreduktion, AdipositasSpektrum, 13(2); 10 - 16.<\/td>\n<\/tr>\n<tr class=\"row-14\">\n\t<td class=\"column-1\">Kurscheid T., Leistenschneider P. (2016): Wie Schlaf, Ern\u00e4hrung und \u00dcbergewicht zusammenh\u00e4ngen, Schlaf 2\/2016: 73-77, Schattauer Verlag<\/td>\n<\/tr>\n<tr class=\"row-15\">\n\t<td class=\"column-1\">Kurscheid T., Reda\u00e9lli M., Heinen A., Hahmann P., Behle K., Frob\u00f6se I. (2019): App-gesteuerte Feedbackger\u00e4te unterst\u00fctzen Nachhaltigkeit einer Gewichtsreduktion: Multizentrische QUANT-Studie belegt zus\u00e4tzliche Gewichtsreduktion und Lebensqualit\u00e4tsverbesserung durch mehrere Feedbackger\u00e4te im OPTIMED\u00ae52 (ehemals OPTIFAST)-Programm, Zeitschrift f\u00fcr Psychosomatische Medizin und Psychotherapie 65 (3\/2019): 224-238, Z Psychosom Med Psychother <a href=\"\/persoenlich\/wp-content\/uploads\/2025\/01\/Studie_Kurscheid_ZeitschriftfuerPsychosomatischeMedizin_2019-03.pdf\" rel=\"noopener\" target=\"_blank\">zum Artikel<\/a> \/ <a href=\"\/persoenlich\/wp-content\/uploads\/2019\/09\/Studie_Kurscheid_Zeitschriftf\u00fcrPsychosomatischeMedizin_Anlage_2019-03.pdf\" rel=\"noopener\" target=\"_blank\">Zusatzmaterial<\/a> <\/td>\n<\/tr>\n<\/tbody>\n<\/table>\n<!-- #tablepress-5 from cache -->\r\n<p> <br>\r\n<strong><small>Rechtlicher Hinweis<\/strong><br>\r\n* Die Ergebnisse der Studie m\u00fcssen in weiteren wissenschaftlichen Studien validiert werden.<br>\r\n<\/small><\/p>\r\n<\/div>","protected":false},"excerpt":{"rendered":"\u00dcberblick Rechtlicher Hinweis * Die Ergebnisse der Studie m\u00fcssen in weiteren wissenschaftlichen Studien validiert werden.","protected":false},"author":2,"featured_media":0,"parent":712,"menu_order":9,"comment_status":"closed","ping_status":"closed","template":"page-left-sidebar.php","meta":{"_acf_changed":false,"footnotes":""},"categories":[],"tags":[],"class_list":["post-1562","page","type-page","status-publish","hentry"],"translation":{"provider":"WPGlobus","version":"3.0.2","language":"en","enabled_languages":["de","en"],"languages":{"de":{"title":true,"content":true,"excerpt":false},"en":{"title":false,"content":false,"excerpt":false}}},"acf":[],"_links":{"self":[{"href":"https:\/\/www.dr-kurscheid.de\/persoenlich\/en\/wp-json\/wp\/v2\/pages\/1562","targetHints":{"allow":["GET"]}}],"collection":[{"href":"https:\/\/www.dr-kurscheid.de\/persoenlich\/en\/wp-json\/wp\/v2\/pages"}],"about":[{"href":"https:\/\/www.dr-kurscheid.de\/persoenlich\/en\/wp-json\/wp\/v2\/types\/page"}],"author":[{"embeddable":true,"href":"https:\/\/www.dr-kurscheid.de\/persoenlich\/en\/wp-json\/wp\/v2\/users\/2"}],"replies":[{"embeddable":true,"href":"https:\/\/www.dr-kurscheid.de\/persoenlich\/en\/wp-json\/wp\/v2\/comments?post=1562"}],"version-history":[{"count":8,"href":"https:\/\/www.dr-kurscheid.de\/persoenlich\/en\/wp-json\/wp\/v2\/pages\/1562\/revisions"}],"predecessor-version":[{"id":1874,"href":"https:\/\/www.dr-kurscheid.de\/persoenlich\/en\/wp-json\/wp\/v2\/pages\/1562\/revisions\/1874"}],"up":[{"embeddable":true,"href":"https:\/\/www.dr-kurscheid.de\/persoenlich\/en\/wp-json\/wp\/v2\/pages\/712"}],"wp:attachment":[{"href":"https:\/\/www.dr-kurscheid.de\/persoenlich\/en\/wp-json\/wp\/v2\/media?parent=1562"}],"wp:term":[{"taxonomy":"category","embeddable":true,"href":"https:\/\/www.dr-kurscheid.de\/persoenlich\/en\/wp-json\/wp\/v2\/categories?post=1562"},{"taxonomy":"post_tag","embeddable":true,"href":"https:\/\/www.dr-kurscheid.de\/persoenlich\/en\/wp-json\/wp\/v2\/tags?post=1562"}],"curies":[{"name":"wp","href":"https:\/\/api.w.org\/{rel}","templated":true}]}}