{"id":2988,"date":"2018-09-13T12:58:40","date_gmt":"2018-09-13T10:58:40","guid":{"rendered":"http:\/\/www.dr-kurscheid.de\/persoenlich\/?page_id=2988"},"modified":"2025-01-14T18:55:34","modified_gmt":"2025-01-14T17:55:34","slug":"low-carb-neuester-stand","status":"publish","type":"page","link":"https:\/\/www.dr-kurscheid.de\/persoenlich\/en\/buecher\/low-carb-neuester-stand","title":{"rendered":"Low Carb \u2013 Neuester Stand"},"content":{"rendered":"<div class=\"columns large-12 medium-12 small-12\">\r\n  <h3>Mit Low Carb HiFi ballaststoffreich und gesund abnehmen<\/h3><p><strong>Die 28-Tage-Di\u00e4t mit dem Keto-Booster \u2013 Low Carb \u2013 High Fiber &#8211; Mit \u00fcber 60 gesunden Rezepten<\/strong><br><\/p>\r\n<\/div>\r\n<div class=\"columns large-6 medium-6 small-12\">\r\n  <ul class=\"ernaehrung\">\r\n    <li>Paperback, Klappenbroschur, ca. 200 Seiten,  ca. 80 Fotos<\/li>\r\n<li>Erscheinungsdatum: 11.12.2018<\/li>\r\n            <li>Verlag: <a href=\"https:\/\/bjvv.de\/\" target=\"_blank\" rel=\"noopener noreferrer\">Becker Joest Volk Verlag<\/a><\/li>\r\n  <\/ul>\r\n\r\n     <p><strong>Einfach nur Low Carb war gestern<\/strong><br><br>\r\nLow Carb ist seit vielen Jahren buchst\u00e4blich in aller Munde. Seither hat die Ausrichtung eine durchaus bedeutende \u00c4nderung erfahren. W\u00e4hrend anf\u00e4nglich noch Low Carb &#8211; Low Fat gepredigt wurde, sahen die Ern\u00e4hrungsexperten weltweit bald Low Carb &#8211; High Fat als bedeutend ges\u00fcnder an. Es ist an der Zeit, hier wieder eine neue solide, aktuelle wissenschaftliche Basis zu schaffen, auf dem neuesten Stand der Wissenschaft. Mit Low Carb &#8211; High Fiber, also mit erh\u00f6htem Ballaststoffanteil, ist die Low-Carb-Ern\u00e4hrung noch einmal ges\u00fcnder und s\u00e4ttigender geworden. Wer schneller abnehmen m\u00f6chte, nutzt zus\u00e4tzlich den Keto-Booster.<\/p>\r\n\r\n<\/div><div class=\"columns large-6 medium-6 small-12 column-offset\">\r\n<img decoding=\"async\" src=\"\/persoenlich\/wp-content\/uploads\/2025\/01\/lowcarb_drkurscheid.jpg\" alt=\"\" width=\"280\" class=\"alignnone size-medium wp-image-3640\" srcset=\"https:\/\/www.dr-kurscheid.de\/persoenlich\/wp-content\/uploads\/2025\/01\/lowcarb_drkurscheid.jpg 696w, https:\/\/www.dr-kurscheid.de\/persoenlich\/wp-content\/uploads\/2025\/01\/lowcarb_drkurscheid-245x300.jpg 245w\" sizes=\"(max-width: 696px) 100vw, 696px\" \/><\/div>\r\n\r\n<div class=\"columns large-12 medium-12 small-12\">\r\n<p>Dr. Thomas Kurscheid ist einer der bekanntesten deutschen Ern\u00e4hrungsmediziner. Er ist nicht nur Initiator der ersten Adipositas-Weiterbildung f\u00fcr \u00c4rzte (und andere Gesundheitsberufe), sondern in den Medien oft zitierter Spezialist f\u00fcr Ern\u00e4hrungs- und Pr\u00e4ventivmedizin. F\u00fcr die praktische Umsetzung bietet dieses Buch einen konkreten Fahrplan f\u00fcr 28 Tage, inklusive wirklich alltagstauglicher Rezepte, welche die Pfunde schnell, aber gesund purzeln lassen. Wie kein Zweiter steht Dr. Kurscheid selbst f\u00fcr eine einfache, frische K\u00fcche. T\u00e4glich kocht er selbst mittags in seiner Praxis einfach auf zwei Herdplatten. Die Rezepte entstanden in der K\u00fcche von Low-Carb- und Keto-Expertin und Buchautorin Bettina Matthaei.<br><br><strong>Immerhin haben wir 70 Prozent unserer Gesundheit selbst in der Hand.<\/strong><br><br><\/p>\r\n\r\n\r\n<\/div>\r\n\r\n<\/div>","protected":false},"excerpt":{"rendered":"Mit Low Carb HiFi ballaststoffreich und gesund abnehmenDie 28-Tage-Di\u00e4t mit dem Keto-Booster \u2013 Low Carb \u2013 High Fiber &#8211; Mit \u00fcber 60 gesunden Rezepten Paperback, Klappenbroschur, ca. 200 Seiten, ca. 80 Fotos Erscheinungsdatum: 11.12.2018 Verlag: Becker Joest Volk Verlag Einfach nur Low Carb war gestern Low Carb ist seit vielen Jahren buchst\u00e4blich in aller Munde&#8230;.  <a class=\"excerpt-read-more\" href=\"https:\/\/www.dr-kurscheid.de\/persoenlich\/en\/buecher\/low-carb-neuester-stand\" title=\"ReadLow Carb \u2013 Neuester Stand\">Read more &raquo;<\/a>","protected":false},"author":3,"featured_media":0,"parent":724,"menu_order":6,"comment_status":"closed","ping_status":"closed","template":"page-left-sidebar.php","meta":{"_acf_changed":false,"footnotes":""},"categories":[],"tags":[30,27,29,26,31],"class_list":["post-2988","page","type-page","status-publish","hentry","tag-abnehmen","tag-dr-kurscheid","tag-high-fiber","tag-low-carb","tag-gesunde-ernaehrung"],"translation":{"provider":"WPGlobus","version":"3.0.2","language":"en","enabled_languages":["de","en"],"languages":{"de":{"title":true,"content":true,"excerpt":false},"en":{"title":false,"content":false,"excerpt":false}}},"acf":[],"_links":{"self":[{"href":"https:\/\/www.dr-kurscheid.de\/persoenlich\/en\/wp-json\/wp\/v2\/pages\/2988","targetHints":{"allow":["GET"]}}],"collection":[{"href":"https:\/\/www.dr-kurscheid.de\/persoenlich\/en\/wp-json\/wp\/v2\/pages"}],"about":[{"href":"https:\/\/www.dr-kurscheid.de\/persoenlich\/en\/wp-json\/wp\/v2\/types\/page"}],"author":[{"embeddable":true,"href":"https:\/\/www.dr-kurscheid.de\/persoenlich\/en\/wp-json\/wp\/v2\/users\/3"}],"replies":[{"embeddable":true,"href":"https:\/\/www.dr-kurscheid.de\/persoenlich\/en\/wp-json\/wp\/v2\/comments?post=2988"}],"version-history":[{"count":46,"href":"https:\/\/www.dr-kurscheid.de\/persoenlich\/en\/wp-json\/wp\/v2\/pages\/2988\/revisions"}],"predecessor-version":[{"id":3130,"href":"https:\/\/www.dr-kurscheid.de\/persoenlich\/en\/wp-json\/wp\/v2\/pages\/2988\/revisions\/3130"}],"up":[{"embeddable":true,"href":"https:\/\/www.dr-kurscheid.de\/persoenlich\/en\/wp-json\/wp\/v2\/pages\/724"}],"wp:attachment":[{"href":"https:\/\/www.dr-kurscheid.de\/persoenlich\/en\/wp-json\/wp\/v2\/media?parent=2988"}],"wp:term":[{"taxonomy":"category","embeddable":true,"href":"https:\/\/www.dr-kurscheid.de\/persoenlich\/en\/wp-json\/wp\/v2\/categories?post=2988"},{"taxonomy":"post_tag","embeddable":true,"href":"https:\/\/www.dr-kurscheid.de\/persoenlich\/en\/wp-json\/wp\/v2\/tags?post=2988"}],"curies":[{"name":"wp","href":"https:\/\/api.w.org\/{rel}","templated":true}]}}