{"id":756,"date":"2014-05-28T22:55:33","date_gmt":"2014-05-28T20:55:33","guid":{"rendered":"http:\/\/dr-kurscheid.feinnetz.de\/?page_id=756"},"modified":"2025-01-15T18:27:12","modified_gmt":"2025-01-15T17:27:12","slug":"willkommen","status":"publish","type":"page","link":"https:\/\/www.dr-kurscheid.de\/persoenlich\/en\/","title":{"rendered":"Willkommen"},"content":{"rendered":"<div class=\"columns large-12 medium-12 small-12\">\r\n <div class=\"columns large-3 medium-3 small-12 ct_box\">\r\n    <h2 class=\"ct\"><img decoding=\"async\" class=\"size-full wp-image-98\" alt=\"pfeil\" src=\"\/persoenlich\/wp-content\/uploads\/2014\/03\/pfeil.png\">\u00a0Buchtipp<\/h2>\r\n    <div class=\"inner_ct_box\"> <span class=\"ct_books-img\"> \r\n<a href=\"\/persoenlich\/buecher\/schlank-mit-low-carb-high-fibre\"><img decoding=\"async\" class=\"alignnone size-full border\" alt=\"Leistungen\" src=\"\/persoenlich\/wp-content\/uploads\/2020\/01\/Schlank_mit_LowCarb-HighFibre_klein.jpg\" height=\"163\"><\/a><\/span> <\/div>\r\n    <div class=\"outer_ct_box\"> <span class=\"ct_books\">Schlank mit Low Carb \u2013 High Fibre: Hochwirksam gegen \u00dcbergewicht und Fettleber<\/span> <span class=\"btn_intern\"><a href=\"\/persoenlich\/buecher\/schlank-mit-low-carb-high-fibre\">\u00a0B\u00fccher<\/a><\/span> <\/div>\r\n  <\/div>\r\n <div class=\"columns large-3 medium-3 small-12 ct_box\">\r\n    <h2 class=\"ct\"><img decoding=\"async\" class=\"size-full wp-image-98\" alt=\"pfeil\" src=\"\/persoenlich\/wp-content\/uploads\/2014\/03\/pfeil.png\">\u00a0Vortr\u00e4ge<\/h2>\r\n    <div class=\"inner_ct_box\"> <span class=\"ct_lecture-img\"> <a href=\"\/persoenlich\/fuer-unternehmen\/vortraege-showreel\"><img decoding=\"async\" class=\"alignnone size-full border\" alt=\"Leistungen\" src=\"\/persoenlich\/wp-content\/uploads\/2014\/06\/vortraege.jpg\"><\/a> <\/span> <\/div>\r\n    <div class=\"outer_ct_box\"> <span class=\"ct_lecture\">Impulsvortr\u00e4ge zur Gesundheit f\u00fcr Mitarbeiter und Manager von Unternehmen&#8230;<\/span> <span class=\"btn_intern\"><a href=\"\/persoenlich\/fuer-unternehmen\/vortraege-showreel\">\u00a0Vortr\u00e4ge<\/a><\/span> <\/div>\r\n  <\/div>\r\n <div class=\"columns large-3 medium-3 small-12 ct_box\">\r\n    <h2 class=\"ct\"><img decoding=\"async\" class=\"size-full wp-image-98\" alt=\"pfeil\" src=\"\/persoenlich\/wp-content\/uploads\/2014\/03\/pfeil.png\">\u00a0TV-Auftritte<\/h2>\r\n    <div class=\"inner_ct_box\"> <span class=\"ct_tv-img\"> <a href=\"\/persoenlich\/mediathek\/tv\"><img decoding=\"async\" class=\"alignnone size-full\" alt=\"Leistungen\" src=\"\/persoenlich\/wp-content\/uploads\/2014\/05\/aktuelle_videos.png\"><\/a> <\/span> <\/div>\r\n    <div class=\"outer_ct_box\"> <span class=\"ct_tv\">Seit 2006 ist Dr. Thomas Kurscheid regelm\u00e4\u00dfig als Experte und Moderator im Fernsehen pr\u00e4sent.<\/span> <span class=\"btn_intern\"><a href=\"\/persoenlich\/mediathek\/tv\">\u00a0Mediathek TV<\/a><\/span> <\/div>\r\n  <\/div>\r\n <div class=\"columns large-3 medium-3 small-12 ct_box end\">\r\n    <h2 class=\"ct\"><img decoding=\"async\" class=\"size-full wp-image-98\" alt=\"pfeil\" src=\"\/persoenlich\/wp-content\/uploads\/2014\/03\/pfeil.png\">\u00a0Praxis Dr. Kurscheid<\/h2>\r\n    <div class=\"inner_ct_box\"> <span class=\"ct_praxis-img\"> <a href=\"\/\"><img decoding=\"async\" class=\"alignnone size-full border\" alt=\"Leistungen\" src=\"\/persoenlich\/wp-content\/uploads\/2014\/06\/praxis.jpg\"><\/a> <\/span> <\/div>\r\n    <div class=\"outer_ct_box\"> <span class=\"ct_praxis\">Besuchen Sie meine Praxis und erfahren Sie alles \u00fcber  Leistungen, neue Programme und Schwerpunkte.<\/span> <span class=\"btn_extern\"><a href=\"\/\">Praxis Dr. Kurscheid<\/a><\/span> <\/div>\r\n  <\/div>\r\n<\/div>","protected":false},"excerpt":{"rendered":"\u00a0Buchtipp Schlank mit Low Carb \u2013 High Fibre: Hochwirksam gegen \u00dcbergewicht und Fettleber \u00a0B\u00fccher \u00a0Vortr\u00e4ge Impulsvortr\u00e4ge zur Gesundheit f\u00fcr Mitarbeiter und Manager von Unternehmen&#8230; \u00a0Vortr\u00e4ge \u00a0TV-Auftritte Seit 2006 ist Dr. Thomas Kurscheid regelm\u00e4\u00dfig als Experte und Moderator im Fernsehen pr\u00e4sent. \u00a0Mediathek TV \u00a0Praxis Dr. Kurscheid Besuchen Sie meine Praxis und erfahren Sie alles \u00fcber Leistungen,&#8230;  <a class=\"excerpt-read-more\" href=\"https:\/\/www.dr-kurscheid.de\/persoenlich\/en\/\" title=\"ReadWillkommen\">Read more &raquo;<\/a>","protected":false},"author":6,"featured_media":0,"parent":0,"menu_order":11,"comment_status":"open","ping_status":"closed","template":"page-full-width-home.php","meta":{"_acf_changed":false,"footnotes":""},"categories":[],"tags":[],"class_list":["post-756","page","type-page","status-publish","hentry"],"translation":{"provider":"WPGlobus","version":"3.0.2","language":"en","enabled_languages":["de","en"],"languages":{"de":{"title":true,"content":true,"excerpt":false},"en":{"title":false,"content":false,"excerpt":false}}},"acf":[],"_links":{"self":[{"href":"https:\/\/www.dr-kurscheid.de\/persoenlich\/en\/wp-json\/wp\/v2\/pages\/756","targetHints":{"allow":["GET"]}}],"collection":[{"href":"https:\/\/www.dr-kurscheid.de\/persoenlich\/en\/wp-json\/wp\/v2\/pages"}],"about":[{"href":"https:\/\/www.dr-kurscheid.de\/persoenlich\/en\/wp-json\/wp\/v2\/types\/page"}],"author":[{"embeddable":true,"href":"https:\/\/www.dr-kurscheid.de\/persoenlich\/en\/wp-json\/wp\/v2\/users\/6"}],"replies":[{"embeddable":true,"href":"https:\/\/www.dr-kurscheid.de\/persoenlich\/en\/wp-json\/wp\/v2\/comments?post=756"}],"version-history":[{"count":40,"href":"https:\/\/www.dr-kurscheid.de\/persoenlich\/en\/wp-json\/wp\/v2\/pages\/756\/revisions"}],"predecessor-version":[{"id":2210,"href":"https:\/\/www.dr-kurscheid.de\/persoenlich\/en\/wp-json\/wp\/v2\/pages\/756\/revisions\/2210"}],"wp:attachment":[{"href":"https:\/\/www.dr-kurscheid.de\/persoenlich\/en\/wp-json\/wp\/v2\/media?parent=756"}],"wp:term":[{"taxonomy":"category","embeddable":true,"href":"https:\/\/www.dr-kurscheid.de\/persoenlich\/en\/wp-json\/wp\/v2\/categories?post=756"},{"taxonomy":"post_tag","embeddable":true,"href":"https:\/\/www.dr-kurscheid.de\/persoenlich\/en\/wp-json\/wp\/v2\/tags?post=756"}],"curies":[{"name":"wp","href":"https:\/\/api.w.org\/{rel}","templated":true}]}}