{"id":816,"date":"2014-06-07T01:28:33","date_gmt":"2014-06-06T23:28:33","guid":{"rendered":"http:\/\/www.dr-kurscheid.de\/persoenlich\/?page_id=816"},"modified":"2014-09-20T16:37:06","modified_gmt":"2014-09-20T14:37:06","slug":"musse","status":"publish","type":"page","link":"https:\/\/www.dr-kurscheid.de\/persoenlich\/en\/gesundheit-ist-balance\/musse","title":{"rendered":"Mu\u00dfe"},"content":{"rendered":"<div class=\"columns large-12 medium-12 small-12\">\r\n<h3>N\u00e4hren Sie Ihren Geist<\/h3>\r\n<\/div>\r\n<div class=\"columns large-6 medium-6 small-12\">\r\n  <p>&#8222;Den Griechen ist die Mu\u00dfe unendlich kostbar. Sie ist der Ort f\u00fcr das Erlebnis von Gl\u00fcck, Heil und Sinn des Lebens schlechthin. \u2026.Die Mu\u00dfe ist zwecklos, aber h\u00f6chst sinnvoll verbrachte Zeit. Es ist die Zeit, in der wir wir selbst sein k\u00f6nnen, wo wir keine Rolle spielen m\u00fcssen, nichts Produktives herstellen m\u00fcssen und die unwiederholbare Zeit unseres Lebens intensiv erleben k\u00f6nnen. &#8230;Mu\u00dfe ist keine einfach nur passive Zeit. Vielmehr sind alle Sinne wach und gelassen, aufnahmebereit f\u00fcr das Sch\u00f6ne der Welt. Die Gedanken schweifen erfinderisch, aber lustvoll ziellos dahin. \u2026Solche Mu\u00dfezeit hat gewiss auch Ergebnisse, aber absichtslose und dadurch vielleicht kreativere. Mu\u00dfe ist die Zeit von Erkenntnis, ohne Interesse. In solchen Momenten kann es geschehen, so sagten die Alten, dass das G\u00f6ttliche den Menschen ber\u00fchrt. Und vor nichts und niemandem muss man sich daf\u00fcr rechtfertigen, wie man diese Zeit verbracht hat.&#8220;<br>\r\n    <small>(Aus &#8222;Lebenslust&#8220; von dem Theologen, Psychologen und Arzt Manfred L\u00fctz)<\/small><\/p>\r\n<\/div>\r\n<div class=\"columns large-6 medium-6 small-12\">\r\n  <p><strong>Zeit f\u00fcr Mu\u00dfe m\u00fcssen Sie sich schaffen. Stellen Sie sich die Frage:<\/strong><\/p>\r\n  <p><strong>Was ist Ihnen wirklich wichtig?<\/strong><br>\r\n    Konzentrieren Sie sich auf die Dinge, die Sie wirklich weiterbringen. Setzen Sie Priorit\u00e4ten.<\/p>\r\n  <p><strong>Wichtig oder Dringend?<\/strong><br>\r\n    Wichtigkeit bedeutet Ziel und Erfolg. Dringlichkeit nur Zeit und Termin.<br>\r\n    Wichtigkeit geht vor Dringlichkeit! Nicht alles was eilig ist, muss auch getan werden. Manche Dinge k\u00f6nnen Sie auch delegieren, andere sogar ganz sein lassen. Nur so schaffen Sie es, sich dem Diktat der Dringlichkeit nicht weiter zu beugen.<\/p>\r\n  <p>Der Terminplan ist dazu da, keine Pflicht zu vergessen, zur richtigen Zeit das Dringende zu tun. Gl\u00fcck steht meist nicht drin.<\/p>\r\n<\/div>\r\n<div class=\"columns large-12 medium-12 small-12 end\"> <img decoding=\"async\" src=\"\/wp-content\/uploads\/2014\/04\/musse.jpg\" alt=\"musse\" class=\"alignnone size-full wp-image-804\"> <\/div>\r\n","protected":false},"excerpt":{"rendered":"N\u00e4hren Sie Ihren Geist &#8222;Den Griechen ist die Mu\u00dfe unendlich kostbar. Sie ist der Ort f\u00fcr das Erlebnis von Gl\u00fcck, Heil und Sinn des Lebens schlechthin. \u2026.Die Mu\u00dfe ist zwecklos, aber h\u00f6chst sinnvoll verbrachte Zeit. Es ist die Zeit, in der wir wir selbst sein k\u00f6nnen, wo wir keine Rolle spielen m\u00fcssen, nichts Produktives herstellen&#8230;  <a class=\"excerpt-read-more\" href=\"https:\/\/www.dr-kurscheid.de\/persoenlich\/en\/gesundheit-ist-balance\/musse\" title=\"ReadMu\u00dfe\">Read more &raquo;<\/a>","protected":false},"author":6,"featured_media":0,"parent":713,"menu_order":26,"comment_status":"closed","ping_status":"closed","template":"page-left-sidebar.php","meta":{"_acf_changed":false,"footnotes":""},"categories":[],"tags":[],"class_list":["post-816","page","type-page","status-publish","hentry"],"translation":{"provider":"WPGlobus","version":"3.0.2","language":"en","enabled_languages":["de","en"],"languages":{"de":{"title":true,"content":true,"excerpt":false},"en":{"title":false,"content":false,"excerpt":false}}},"acf":[],"_links":{"self":[{"href":"https:\/\/www.dr-kurscheid.de\/persoenlich\/en\/wp-json\/wp\/v2\/pages\/816","targetHints":{"allow":["GET"]}}],"collection":[{"href":"https:\/\/www.dr-kurscheid.de\/persoenlich\/en\/wp-json\/wp\/v2\/pages"}],"about":[{"href":"https:\/\/www.dr-kurscheid.de\/persoenlich\/en\/wp-json\/wp\/v2\/types\/page"}],"author":[{"embeddable":true,"href":"https:\/\/www.dr-kurscheid.de\/persoenlich\/en\/wp-json\/wp\/v2\/users\/6"}],"replies":[{"embeddable":true,"href":"https:\/\/www.dr-kurscheid.de\/persoenlich\/en\/wp-json\/wp\/v2\/comments?post=816"}],"version-history":[{"count":3,"href":"https:\/\/www.dr-kurscheid.de\/persoenlich\/en\/wp-json\/wp\/v2\/pages\/816\/revisions"}],"predecessor-version":[{"id":1641,"href":"https:\/\/www.dr-kurscheid.de\/persoenlich\/en\/wp-json\/wp\/v2\/pages\/816\/revisions\/1641"}],"up":[{"embeddable":true,"href":"https:\/\/www.dr-kurscheid.de\/persoenlich\/en\/wp-json\/wp\/v2\/pages\/713"}],"wp:attachment":[{"href":"https:\/\/www.dr-kurscheid.de\/persoenlich\/en\/wp-json\/wp\/v2\/media?parent=816"}],"wp:term":[{"taxonomy":"category","embeddable":true,"href":"https:\/\/www.dr-kurscheid.de\/persoenlich\/en\/wp-json\/wp\/v2\/categories?post=816"},{"taxonomy":"post_tag","embeddable":true,"href":"https:\/\/www.dr-kurscheid.de\/persoenlich\/en\/wp-json\/wp\/v2\/tags?post=816"}],"curies":[{"name":"wp","href":"https:\/\/api.w.org\/{rel}","templated":true}]}}