{"id":859,"date":"2014-06-07T03:29:35","date_gmt":"2014-06-07T01:29:35","guid":{"rendered":"http:\/\/www.dr-kurscheid.de\/persoenlich\/?page_id=859"},"modified":"2025-01-11T15:26:03","modified_gmt":"2025-01-11T14:26:03","slug":"impressum","status":"publish","type":"page","link":"https:\/\/www.dr-kurscheid.de\/persoenlich\/en\/impressum","title":{"rendered":"Impressum"},"content":{"rendered":"<div class=\"columns large-12 medium-12 small-12\">\r\n<br><p>Angaben gem\u00e4\u00df \u00a7 5 TMG<\/p> <p>Dr. med. Thomas Kurscheid<br> Goethestr. 29a<br> 50968 K\u00f6ln<br> Tel: 0221-8004320<br> Fax: 0221-80043222<br> <a href=\"mailto:praxis@dr-kurscheid.de\">praxis@dr-kurscheid.de<\/a> <\/p><p> Berufsbezeichnung: Arzt, Facharzt f\u00fcr Allgemeinmedizin (Berufsbezeichnungen verliehen in der BRD)\r\nGesundheitswissenschaftler, Spezialist f\u00fcr Sport- und Ern\u00e4hrungsmedizin <br> Berufsbezeichnung verliehen in: Deutschland<br> <br><strong>Soweit Dr. Kurscheid als Arzt auftritt und insbesondere \u00e4rztlichen Rat oder Auskunft erteilt: <br><br>Zust\u00e4ndige Kammer:<\/strong><br> \u00c4rztekammer Nordrhein<br> Tersteegenstra\u00dfe 9<br> 40474 D\u00fcsseldorf<br> Tel: 0211\/4302-0<br> Fax: 0211\/4302-2009<br> Email: <a href=\"mailto:aerztekammer@aekno.de\">aerztekammer@aekno.de<\/a><br> Link: <a target=\"_blank\" href=\"http:\/\/www.aekno.de\/\">http:\/\/www.aekno.de<\/a><br> <br><strong>Berufsrechtliche Regelungen:<\/strong><br> Bundes\u00e4rzteordnung (B\u00c4O)<br> Approbationsordnung (\u00c4ApprO 2002)<br> Geb\u00fchrenordnung f\u00fcr \u00c4rzte (GO\u00c4)<br> Berufsordnung f\u00fcr die nordrheinischen \u00c4rztinnen und \u00c4rzte<br> Heilberufsgesetz NRW (HeilBerG NW)<br> <br>Die berufsrechtlichen Regelungen k\u00f6nnen Sie <a target=\"_blank\" href=\"http:\/\/www.aekno.de\/page.asp?pageID=11\">hier<\/a> einsehen.<br> <br> <\/p> <h3>Wichtiger Hinweis<\/h3> <p>Der Inhalt dieser Seiten darf und kann nicht f\u00fcr die Erstellung eigenst\u00e4ndiger Diagnosen oder f\u00fcr die Auswahl von Untersuchungsmethoden verwendet werden.<br> Die im Text enthaltenen Informationen, Erkl\u00e4rungen und Beschreibungen sind in keiner Weise Ersatz f\u00fcr professionelle Beratungen oder Untersuchungen durch ausgebildete und anerkannte \u00c4rzte f\u00fcr Innere Medizin und Diabetologie. Sie erheben au\u00dferdem keinen Anspruch auf Vollst\u00e4ndigkeit, sondern beziehen sich lediglich auf typische Untersuchungsmethoden. Dieses gilt f\u00fcr alle Seiten.<\/p> <p><strong>Verantwortlich f\u00fcr den journalistisch-redaktionellen Inhalt gem., \u00a7 55 RStV:<br> <br>Dr. med. Thomas Kurscheid<br> Goethestr. 29a<br> 50968 K\u00f6ln<br> <\/p><br> <h3>Disclaimer \u2013 rechtliche Hinweise<\/h3> <p><strong>Auskunfts- und Widerrufsrecht<\/strong><\/p> <p>Sie haben jederzeit das Recht, sich unentgeltlich und unverz\u00fcglich \u00fcber die zu Ihrer Person erhobenen Daten zu erkundigen. Ebenfalls k\u00f6nnen Sie Ihre Zustimmung zur Verwendung Ihrer angegebenen pers\u00f6nlichen Daten mit Wirkung f\u00fcr die Zukunft widerrufen. Hierf\u00fcr wenden Sie sich bitte an den im Impressum angegebenen Diensteanbieter.<\/p> <p><strong>Disclaimer (Haftungsausschluss)<\/strong><\/p> <p><strong>1. Haftung f\u00fcr Inhalte<\/strong><\/p> <p>Als Diensteanbieter sind wir gem\u00e4\u00df \u00a7 7 Abs. 1 TMG f\u00fcr eigene Inhalte auf diesen Seiten nach den allgemeinen Gesetzen verantwortlich. Nach \u00a7\u00a7 8 bis 10 TMG sind wir als Diensteanbieter jedoch nicht verpflichtet, \u00fcbermittelte oder gespeicherte fremde Informationen zu \u00fcberwachen oder nach Umst\u00e4nden zu forschen, die auf eine rechtswidrige T\u00e4tigkeit hinweisen. Verpflichtungen zur Entfernung oder Sperrung der Nutzung von Informationen nach den allgemeinen Gesetzen bleiben hiervon unber\u00fchrt. Eine diesbez\u00fcgliche Haftung ist jedoch erst ab dem Zeitpunkt der Kenntnis einer konkreten Rechtsverletzung m\u00f6glich. Bei Bekanntwerden von entsprechenden Rechtsverletzungen werden wir diese Inhalte umgehend entfernen.<\/p> <p><strong>2. Haftung f\u00fcr Links<\/strong><\/p> <p>Diese Website enth\u00e4lt Links zu externen Webseiten Dritter, auf deren Inhalte kein Einfluss genommen werden kann. Deshalb kann f\u00fcr diese fremden Inhalte auch keine Gew\u00e4hr \u00fcbernommen werden. F\u00fcr die Inhalte der verlinkten Seiten ist stets der jeweilige Anbieter oder Betreiber der Seiten verantwortlich. Die verlinkten Seiten wurden zum Zeitpunkt der Verlinkung auf m\u00f6gliche Rechtsverst\u00f6\u00dfe \u00fcberpr\u00fcft. Rechtswidrige Inhalte waren zum Zeitpunkt der Verlinkung nicht erkennbar. Eine permanente inhaltliche Kontrolle der verlinkten Seiten ist jedoch ohne konkrete Anhaltspunkte einer Rechtsverletzung nicht zumutbar. Bei Bekanntwerden von Rechtsverletzungen werden derartige Links umgehend von dieser Website auf die rechtsverletzende Site entfernen.<\/p> <p><strong>3. Urheberrecht<\/strong><\/p> <p>Die durch die Diensteanbieter, deren Mitarbeiter und beauftragte Dritte erstellten Inhalte und Werke auf diesen Seiten unterliegen dem deutschen Urheberrecht. Die Vervielf\u00e4ltigung, Bearbeitung, Verbreitung und jede Art der Verwertung au\u00dferhalb der Grenzen des Urheberrechtes bed\u00fcrfen der vorherigen schriftlichen Zustimmung des jeweiligen Autors bzw. Erstellers. Downloads und Kopien dieser Seite sind nur f\u00fcr den privaten, nicht kommerziellen Gebrauch gestattet. Soweit die Inhalte auf dieser Seite nicht vom Betreiber erstellt wurden, werden die Urheberrechte Dritter beachtet. Insbesondere werden Inhalte Dritter als solche gekennzeichnet. Sollten Sie trotzdem auf eine Urheberrechtsverletzung aufmerksam werden, bitten wir um einen entsprechenden Hinweis. Bei Bekanntwerden von Rechtsverletzungen werden derartige Inhalte umgehend entfernen.<\/p> <p>Dieses Impressum wurde mit Hilfe des <a target=\"_blank\" href=\"http:\/\/www.hensche.de\/impressum-generator.html\">Impressum-Generators<\/a> von <a target=\"_blank\" href=\"http:\/\/www.hensche.de\/Rechtsanwalt_Arbeitsrecht_Koeln.html\">HENSCHE Rechtsanw\u00e4lte<\/a> erstellt.<\/p><\/div>","protected":false},"excerpt":{"rendered":"Angaben gem\u00e4\u00df \u00a7 5 TMG Dr. med. Thomas Kurscheid Goethestr. 29a 50968 K\u00f6ln Tel: 0221-8004320 Fax: 0221-80043222 praxis@dr-kurscheid.de Berufsbezeichnung: Arzt, Facharzt f\u00fcr Allgemeinmedizin (Berufsbezeichnungen verliehen in der BRD) Gesundheitswissenschaftler, Spezialist f\u00fcr Sport- und Ern\u00e4hrungsmedizin Berufsbezeichnung verliehen in: Deutschland Soweit Dr. Kurscheid als Arzt auftritt und insbesondere \u00e4rztlichen Rat oder Auskunft erteilt: Zust\u00e4ndige Kammer: \u00c4rztekammer Nordrhein&#8230;  <a class=\"excerpt-read-more\" href=\"https:\/\/www.dr-kurscheid.de\/persoenlich\/en\/impressum\" title=\"ReadImpressum\">Read more &raquo;<\/a>","protected":false},"author":6,"featured_media":0,"parent":0,"menu_order":13,"comment_status":"closed","ping_status":"closed","template":"page-full-width.php","meta":{"_acf_changed":false,"footnotes":""},"categories":[],"tags":[],"class_list":["post-859","page","type-page","status-publish","hentry"],"translation":{"provider":"WPGlobus","version":"3.0.2","language":"en","enabled_languages":["de","en"],"languages":{"de":{"title":true,"content":true,"excerpt":false},"en":{"title":false,"content":false,"excerpt":false}}},"acf":[],"_links":{"self":[{"href":"https:\/\/www.dr-kurscheid.de\/persoenlich\/en\/wp-json\/wp\/v2\/pages\/859","targetHints":{"allow":["GET"]}}],"collection":[{"href":"https:\/\/www.dr-kurscheid.de\/persoenlich\/en\/wp-json\/wp\/v2\/pages"}],"about":[{"href":"https:\/\/www.dr-kurscheid.de\/persoenlich\/en\/wp-json\/wp\/v2\/types\/page"}],"author":[{"embeddable":true,"href":"https:\/\/www.dr-kurscheid.de\/persoenlich\/en\/wp-json\/wp\/v2\/users\/6"}],"replies":[{"embeddable":true,"href":"https:\/\/www.dr-kurscheid.de\/persoenlich\/en\/wp-json\/wp\/v2\/comments?post=859"}],"version-history":[{"count":13,"href":"https:\/\/www.dr-kurscheid.de\/persoenlich\/en\/wp-json\/wp\/v2\/pages\/859\/revisions"}],"predecessor-version":[{"id":2654,"href":"https:\/\/www.dr-kurscheid.de\/persoenlich\/en\/wp-json\/wp\/v2\/pages\/859\/revisions\/2654"}],"wp:attachment":[{"href":"https:\/\/www.dr-kurscheid.de\/persoenlich\/en\/wp-json\/wp\/v2\/media?parent=859"}],"wp:term":[{"taxonomy":"category","embeddable":true,"href":"https:\/\/www.dr-kurscheid.de\/persoenlich\/en\/wp-json\/wp\/v2\/categories?post=859"},{"taxonomy":"post_tag","embeddable":true,"href":"https:\/\/www.dr-kurscheid.de\/persoenlich\/en\/wp-json\/wp\/v2\/tags?post=859"}],"curies":[{"name":"wp","href":"https:\/\/api.w.org\/{rel}","templated":true}]}}