{"id":874,"date":"2014-06-10T15:12:03","date_gmt":"2014-06-10T13:12:03","guid":{"rendered":"http:\/\/www.dr-kurscheid.de\/persoenlich\/?page_id=874"},"modified":"2025-01-14T18:58:23","modified_gmt":"2025-01-14T17:58:23","slug":"dein-koerper-beluegt-dich","status":"publish","type":"page","link":"https:\/\/www.dr-kurscheid.de\/persoenlich\/en\/buecher\/dein-koerper-beluegt-dich","title":{"rendered":"Dein K\u00f6rper bel\u00fcgt Dich!"},"content":{"rendered":"<div class=\"columns large-12 medium-12 small-12\">\r\n  <h3>Wie Du seine Tricks durchschaust und l\u00e4nger lebst<\/h3>\r\n<\/div>\r\n<div class=\"columns large-6 medium-6 small-12\">\r\n  <ul class=\"ernaehrung\">\r\n    <li>Paperback, Klappenbroschur, 208 Seiten,  ca. 65 Fotos und 15 Illustrationen<\/li>\r\n      <li>ISBN-10: 3517088986<\/li>\r\n      <li>ISBN-13: 9783517088983<\/li>\r\n      <li>\u20ac 16,99 [D] | \u20ac 17,50 [A] | CHF 24,50<\/li>\r\n      <li>Verlag: <a href=\"\/\/www.randomhouse.de\/index.rhd\" target=\"_blank\">S\u00fcdwest<\/a> (28. Mai 2013)<\/li>\r\n  <\/ul>\r\n\r\n     <p>&#8220;Auf den K\u00f6rper zu h\u00f6ren, ist bei den meisten Erkrankungen und deren Vorstufen gef\u00e4hrlich, sogar lebensgef\u00e4hrlich&#8221;, so meine Erfahrung. Denn oft kann uns unser K\u00f6rper gar nicht warnen. Und wenn er es tut, dann interpretieren wir die Warnungen falsch oder schlagen sie in den Wind. Selbst bei Schmerzen. Deshalb erkl\u00e4re ich in diesem Buch, wie man die Signale des K\u00f6rpers richtig deutet, gebe aber auch Empfehlungen, was man besser beim Arzt untersuchen lassen sollte. Zudem zeige ich auf der Basis aktueller wissenschaftlicher Erkenntnisse die Faktoren im Lebensstil auf, die unsere Gesundheit am meisten beeinflussen und die jeder \u00e4ndern kann.  <strong>Immerhin haben wir 70 Prozent unserer Gesundheit selbst in der Hand.<\/strong><br><br>\r\n<em>\u00bbEin bemerkenswertes Buch, in dem wir viel \u00fcber uns selbst erfahren. Eine klare Leseempfehlung!\u00ab<\/em><br>\r\n    <small>Prof. Dr. Ingo Frob\u00f6se <br>\r\n(Leiter des Zentrums f\u00fcr Gesundheit der Deutschen Sporthochschule K\u00f6ln)<\/small>\r\n<\/div>\r\n\r\n<div class=\"columns large-6 medium-6 small-12 column-offset\">\r\n<img decoding=\"async\" src=\"\/persoenlich\/wp-content\/uploads\/2014\/06\/buch_deinKoerperbeluegtdich.jpg\" alt=\"Dein K\u00f6rper bel\u00fcgt Dich\" class=\"alignnone size-full wp-image-607 border\">\r\n<\/h4>\r\n    \r\n<\/div>\r\n<div class=\"columns large-12 medium-12 small-12 end\">\r\n\r\n<h2 style=\"margin-top:15px;margin-bottom:25px\"><img decoding=\"async\" class=\"size-full wp-image-98\" alt=\"pfeil\" src=\"\/wp-content\/uploads\/2014\/03\/pfeil.png\">\u00a0Videos zum Buch<\/h2>\r\n\r\n<iframe loading=\"lazy\" title=\"Dr. med. Thomas Kurscheid \u00bbDein K\u00f6rper bel\u00fcgt dich\u00ab S\u00fcdwest Verlag\" width=\"500\" height=\"281\" src=\"https:\/\/www.youtube.com\/embed\/QZ4vpYsQPOc?wmode=transparent&amp;rel=0&amp;feature=oembed\" frameborder=\"0\" allow=\"accelerometer; autoplay; clipboard-write; encrypted-media; gyroscope; picture-in-picture; web-share\" referrerpolicy=\"strict-origin-when-cross-origin\" allowfullscreen><\/iframe>\r\n\r\n<\/div>","protected":false},"excerpt":{"rendered":"Wie Du seine Tricks durchschaust und l\u00e4nger lebst Paperback, Klappenbroschur, 208 Seiten, ca. 65 Fotos und 15 Illustrationen ISBN-10: 3517088986 ISBN-13: 9783517088983 \u20ac 16,99 [D] | \u20ac 17,50 [A] | CHF 24,50 Verlag: S\u00fcdwest (28. Mai 2013) &#8220;Auf den K\u00f6rper zu h\u00f6ren, ist bei den meisten Erkrankungen und deren Vorstufen gef\u00e4hrlich, sogar lebensgef\u00e4hrlich&#8221;, so meine&#8230;  <a class=\"excerpt-read-more\" href=\"https:\/\/www.dr-kurscheid.de\/persoenlich\/en\/buecher\/dein-koerper-beluegt-dich\" title=\"ReadDein K\u00f6rper bel\u00fcgt Dich!\">Read more &raquo;<\/a>","protected":false},"author":2,"featured_media":0,"parent":724,"menu_order":9,"comment_status":"closed","ping_status":"closed","template":"page-left-sidebar.php","meta":{"_acf_changed":false,"footnotes":""},"categories":[],"tags":[],"class_list":["post-874","page","type-page","status-publish","hentry"],"translation":{"provider":"WPGlobus","version":"3.0.2","language":"en","enabled_languages":["de","en"],"languages":{"de":{"title":true,"content":true,"excerpt":false},"en":{"title":false,"content":false,"excerpt":false}}},"acf":[],"_links":{"self":[{"href":"https:\/\/www.dr-kurscheid.de\/persoenlich\/en\/wp-json\/wp\/v2\/pages\/874","targetHints":{"allow":["GET"]}}],"collection":[{"href":"https:\/\/www.dr-kurscheid.de\/persoenlich\/en\/wp-json\/wp\/v2\/pages"}],"about":[{"href":"https:\/\/www.dr-kurscheid.de\/persoenlich\/en\/wp-json\/wp\/v2\/types\/page"}],"author":[{"embeddable":true,"href":"https:\/\/www.dr-kurscheid.de\/persoenlich\/en\/wp-json\/wp\/v2\/users\/2"}],"replies":[{"embeddable":true,"href":"https:\/\/www.dr-kurscheid.de\/persoenlich\/en\/wp-json\/wp\/v2\/comments?post=874"}],"version-history":[{"count":50,"href":"https:\/\/www.dr-kurscheid.de\/persoenlich\/en\/wp-json\/wp\/v2\/pages\/874\/revisions"}],"predecessor-version":[{"id":1731,"href":"https:\/\/www.dr-kurscheid.de\/persoenlich\/en\/wp-json\/wp\/v2\/pages\/874\/revisions\/1731"}],"up":[{"embeddable":true,"href":"https:\/\/www.dr-kurscheid.de\/persoenlich\/en\/wp-json\/wp\/v2\/pages\/724"}],"wp:attachment":[{"href":"https:\/\/www.dr-kurscheid.de\/persoenlich\/en\/wp-json\/wp\/v2\/media?parent=874"}],"wp:term":[{"taxonomy":"category","embeddable":true,"href":"https:\/\/www.dr-kurscheid.de\/persoenlich\/en\/wp-json\/wp\/v2\/categories?post=874"},{"taxonomy":"post_tag","embeddable":true,"href":"https:\/\/www.dr-kurscheid.de\/persoenlich\/en\/wp-json\/wp\/v2\/tags?post=874"}],"curies":[{"name":"wp","href":"https:\/\/api.w.org\/{rel}","templated":true}]}}