{"id":913,"date":"2014-06-10T18:16:01","date_gmt":"2014-06-10T16:16:01","guid":{"rendered":"http:\/\/www.dr-kurscheid.de\/persoenlich\/?page_id=913"},"modified":"2025-01-11T15:40:48","modified_gmt":"2025-01-11T14:40:48","slug":"radio","status":"publish","type":"page","link":"https:\/\/www.dr-kurscheid.de\/persoenlich\/en\/mediathek\/radio","title":{"rendered":"Radio"},"content":{"rendered":"<div class=\"columns large-12 medium-12 small-12\">\r\n  <h3>Beitr\u00e4ge mit Dr. Thomas Kurscheid<\/h3>\r\n\r\n\n<table id=\"tablepress-6\" class=\"tablepress tablepress-id-6\">\n<thead>\n<tr class=\"row-1\">\n\t<th class=\"column-1\">Datum <\/th><th class=\"column-2\">Sender<\/th><th class=\"column-3\">Thema<\/th>\n<\/tr>\n<\/thead>\n<tbody class=\"row-striping\">\n<tr class=\"row-2\">\n\t<td class=\"column-1\">02.01.2025<\/td><td class=\"column-2\">KStA Podcast -  Talk mit K<\/td><td class=\"column-3\"><a href=\"https:\/\/www.youtube.com\/watch?v=1nLVBvL2OqA\" target=\"_blank\" rel=\"noopener noreferrer\">Wie helfen Sie Menschen mit \u00dcbergewicht, Thomas Kurscheid? Der K\u00f6lner Arzt im Gespr\u00e4ch <\/td>\n<\/tr>\n<tr class=\"row-3\">\n\t<td class=\"column-1\">25.09.2024<\/td><td class=\"column-2\">WDR 5 - Tagesgespr\u00e4ch<\/td><td class=\"column-3\">Richten Sie sich nach Ern\u00e4hrungsempfehlungen?<\/td>\n<\/tr>\n<tr class=\"row-4\">\n\t<td class=\"column-1\">09.09.2022<\/td><td class=\"column-2\">WDR 2 - Das Morgenmagazin <\/td><td class=\"column-3\">Die WDR 2 Westen Wette<\/td>\n<\/tr>\n<tr class=\"row-5\">\n\t<td class=\"column-1\">13.11.2020<\/td><td class=\"column-2\">Bosbach &amp; Rach - Die Wochentester - Podcast (online) &nbsp; &nbsp; &nbsp; &nbsp; &nbsp; &nbsp; &nbsp; <\/td><td class=\"column-3\"><a href=\"https:\/\/diewochentester.podigee.io\/8-folge07-13112020\" target=\"_blank\" rel=\"noopener noreferrer\">Impfstoff-Hoffnung aus Deutschland: Wann k\u00f6nnen wir wieder so etwas wie \u201eAlltag\u201c leben?<\/a><\/td>\n<\/tr>\n<tr class=\"row-6\">\n\t<td class=\"column-1\">12.10.2019<\/td><td class=\"column-2\">Klassik Radio<\/td><td class=\"column-3\">Schlank mit Low Carb \u2013 High Fibre<\/td>\n<\/tr>\n<tr class=\"row-7\">\n\t<td class=\"column-1\">23.03.2019<\/td><td class=\"column-2\">hr1<\/td><td class=\"column-3\">Low Carb in der aktuellen Forschung<\/td>\n<\/tr>\n<tr class=\"row-8\">\n\t<td class=\"column-1\">03.03.2019<\/td><td class=\"column-2\">RPR1<\/td><td class=\"column-3\">Low Carb<\/td>\n<\/tr>\n<tr class=\"row-9\">\n\t<td class=\"column-1\">08.08.2015<\/td><td class=\"column-2\">WDR 2 am Samstag<\/td><td class=\"column-3\">Hitze<\/td>\n<\/tr>\n<tr class=\"row-10\">\n\t<td class=\"column-1\">31.01.2015<\/td><td class=\"column-2\">radioeins<\/td><td class=\"column-3\">Kaffee<\/td>\n<\/tr>\n<tr class=\"row-11\">\n\t<td class=\"column-1\">09.07.2014<\/td><td class=\"column-2\">1Live<\/td><td class=\"column-3\">Anabolika<\/td>\n<\/tr>\n<tr class=\"row-12\">\n\t<td class=\"column-1\">16.12.2013<\/td><td class=\"column-2\">hr4<\/td><td class=\"column-3\">Gesund durch die Winterzeit<\/td>\n<\/tr>\n<tr class=\"row-13\">\n\t<td class=\"column-1\">21.08.2013<\/td><td class=\"column-2\">hr4<\/td><td class=\"column-3\">Dein K\u00f6rper bel\u00fcgt Dich!<\/td>\n<\/tr>\n<tr class=\"row-14\">\n\t<td class=\"column-1\">04.03.2013<\/td><td class=\"column-2\">WDR 2 Mittagsmagazin<\/td><td class=\"column-3\">Endlich: Der Fr\u00fchling kommt - Die Sonne ist wichtig f\u00fcr unser Immunsystem<\/td>\n<\/tr>\n<tr class=\"row-15\">\n\t<td class=\"column-1\">14.12.2011<\/td><td class=\"column-2\">WDR 2 Westzeit<\/td><td class=\"column-3\">Was hilft gegen Erk\u00e4ltung?<\/td>\n<\/tr>\n<tr class=\"row-16\">\n\t<td class=\"column-1\">23.08.2011<\/td><td class=\"column-2\">WDR 2 Mittagsmagazin<\/td><td class=\"column-3\">Sommerhitze - Wieviel Trinken ist wirklich n\u00f6tig?<\/td>\n<\/tr>\n<tr class=\"row-17\">\n\t<td class=\"column-1\">11.01.2011<\/td><td class=\"column-2\">radioeins - Eins am Vormittag<\/td><td class=\"column-3\">Neue Sendung rbb Praxis<\/td>\n<\/tr>\n<tr class=\"row-18\">\n\t<td class=\"column-1\">18.10.2010<\/td><td class=\"column-2\">WDR 2 Westzeit<\/td><td class=\"column-3\">Vitaminpr\u00e4parate oder Obst?<\/td>\n<\/tr>\n<tr class=\"row-19\">\n\t<td class=\"column-1\">01.07.2010<\/td><td class=\"column-2\">WDR 2 Westzeit<\/td><td class=\"column-3\">Hitze: Was tun gegen Schwei\u00df?<\/td>\n<\/tr>\n<tr class=\"row-20\">\n\t<td class=\"column-1\">07.2010<\/td><td class=\"column-2\">1Live<\/td><td class=\"column-3\">Loveparade 2010 - Durchfeiern ohne Einzuknicken<\/td>\n<\/tr>\n<tr class=\"row-21\">\n\t<td class=\"column-1\">21.05.2010<\/td><td class=\"column-2\">WDR 2 Mittagsmagazin<\/td><td class=\"column-3\">Gesunde Fr\u00fchlingssonne?<\/td>\n<\/tr>\n<tr class=\"row-22\">\n\t<td class=\"column-1\">02.04.2010<\/td><td class=\"column-2\">WDR 2 Morgenmagazin<\/td><td class=\"column-3\">Ende der Fastenzeit - Vorsicht vor V\u00f6llerei<\/td>\n<\/tr>\n<tr class=\"row-23\">\n\t<td class=\"column-1\">17.02.2010<\/td><td class=\"column-2\">WDR 2 Morgenmagazin<\/td><td class=\"column-3\">40 Tage Verzicht - Wie funktioniert Fasten?<\/td>\n<\/tr>\n<tr class=\"row-24\">\n\t<td class=\"column-1\">05.01.2010  <\/td><td class=\"column-2\">WDR 2 Westzeit<\/td><td class=\"column-3\">Joggen bei K\u00e4lte<\/td>\n<\/tr>\n<tr class=\"row-25\">\n\t<td class=\"column-1\">11.11.2009<\/td><td class=\"column-2\">WDR 2 Westzeit<\/td><td class=\"column-3\">Schweinegrippe<\/td>\n<\/tr>\n<tr class=\"row-26\">\n\t<td class=\"column-1\">30.04.2009<\/td><td class=\"column-2\">WDR 2 Mittagsmagazin<\/td><td class=\"column-3\">Was tun bei Erk\u00e4ltungsgefahr?<\/td>\n<\/tr>\n<tr class=\"row-27\">\n\t<td class=\"column-1\">17.03.2009<\/td><td class=\"column-2\">WDR 2 Westzeit<\/td><td class=\"column-3\">Fitness im Job (Teil 1-4)<\/td>\n<\/tr>\n<tr class=\"row-28\">\n\t<td class=\"column-1\">19.12.2008<\/td><td class=\"column-2\">WDR 2 Mittagsmagazin<\/td><td class=\"column-3\">Dauerstress vor Weihnachten<\/td>\n<\/tr>\n<tr class=\"row-29\">\n\t<td class=\"column-1\">06.10.2008<\/td><td class=\"column-2\">WDR 2 Westzeit<\/td><td class=\"column-3\">Sport bei Erk\u00e4ltung<\/td>\n<\/tr>\n<tr class=\"row-30\">\n\t<td class=\"column-1\">07.02.2008<\/td><td class=\"column-2\">WDR 5 LebensArt<\/td><td class=\"column-3\">Schluss mit dem Schlemmen - Fasten<\/td>\n<\/tr>\n<\/tbody>\n<\/table>\n<!-- #tablepress-6 from cache -->\r\n<\/div>","protected":false},"excerpt":{"rendered":"Beitr\u00e4ge mit Dr. Thomas Kurscheid","protected":false},"author":6,"featured_media":0,"parent":726,"menu_order":21,"comment_status":"closed","ping_status":"closed","template":"page-left-sidebar.php","meta":{"_acf_changed":false,"footnotes":""},"categories":[],"tags":[],"class_list":["post-913","page","type-page","status-publish","hentry"],"translation":{"provider":"WPGlobus","version":"3.0.2","language":"en","enabled_languages":["de","en"],"languages":{"de":{"title":true,"content":true,"excerpt":false},"en":{"title":false,"content":false,"excerpt":false}}},"acf":[],"_links":{"self":[{"href":"https:\/\/www.dr-kurscheid.de\/persoenlich\/en\/wp-json\/wp\/v2\/pages\/913","targetHints":{"allow":["GET"]}}],"collection":[{"href":"https:\/\/www.dr-kurscheid.de\/persoenlich\/en\/wp-json\/wp\/v2\/pages"}],"about":[{"href":"https:\/\/www.dr-kurscheid.de\/persoenlich\/en\/wp-json\/wp\/v2\/types\/page"}],"author":[{"embeddable":true,"href":"https:\/\/www.dr-kurscheid.de\/persoenlich\/en\/wp-json\/wp\/v2\/users\/6"}],"replies":[{"embeddable":true,"href":"https:\/\/www.dr-kurscheid.de\/persoenlich\/en\/wp-json\/wp\/v2\/comments?post=913"}],"version-history":[{"count":10,"href":"https:\/\/www.dr-kurscheid.de\/persoenlich\/en\/wp-json\/wp\/v2\/pages\/913\/revisions"}],"predecessor-version":[{"id":3304,"href":"https:\/\/www.dr-kurscheid.de\/persoenlich\/en\/wp-json\/wp\/v2\/pages\/913\/revisions\/3304"}],"up":[{"embeddable":true,"href":"https:\/\/www.dr-kurscheid.de\/persoenlich\/en\/wp-json\/wp\/v2\/pages\/726"}],"wp:attachment":[{"href":"https:\/\/www.dr-kurscheid.de\/persoenlich\/en\/wp-json\/wp\/v2\/media?parent=913"}],"wp:term":[{"taxonomy":"category","embeddable":true,"href":"https:\/\/www.dr-kurscheid.de\/persoenlich\/en\/wp-json\/wp\/v2\/categories?post=913"},{"taxonomy":"post_tag","embeddable":true,"href":"https:\/\/www.dr-kurscheid.de\/persoenlich\/en\/wp-json\/wp\/v2\/tags?post=913"}],"curies":[{"name":"wp","href":"https:\/\/api.w.org\/{rel}","templated":true}]}}