{"id":915,"date":"2014-06-10T18:16:24","date_gmt":"2014-06-10T16:16:24","guid":{"rendered":"http:\/\/www.dr-kurscheid.de\/persoenlich\/?page_id=915"},"modified":"2025-01-11T15:41:06","modified_gmt":"2025-01-11T14:41:06","slug":"medilex","status":"publish","type":"page","link":"https:\/\/www.dr-kurscheid.de\/persoenlich\/en\/mediathek\/medilex","title":{"rendered":"Medilex"},"content":{"rendered":"<div class=\"columns large-12 medium-12 small-12\">\r\n  <h3>Das Medizin-Lexikon<\/h3>\r\n<p>Zum Nachschlagen mit Videos aus Sendungen mit Dr. Kurscheid<\/p>\r\n\n<table id=\"tablepress-18\" class=\"tablepress tablepress-id-18\">\n<thead>\n<tr class=\"row-1\">\n\t<th class=\"column-1\">Medilex - A-Z<\/th>\n<\/tr>\n<\/thead>\n<tbody class=\"row-striping row-hover\">\n<tr class=\"row-2\">\n\t<td class=\"column-1\"><strong>A<\/strong><\/td>\n<\/tr>\n<tr class=\"row-3\">\n\t<td class=\"column-1\"><a href=\"https:\/\/www.youtube.com\/watch?v=0w3UxehgulU\" target=\"_blank\">Abnehmen: Eiskalt abnehmen mit K\u00e4lte und Reizstrom  - Kryolipolyse\/Kryotherapie<\/a><\/td>\n<\/tr>\n<tr class=\"row-4\">\n\t<td class=\"column-1\"><a href=\"http:\/\/www.youtube.com\/watch?v=PiuuImiRd6A\" target=\"_blank\">Abnehmen: Gentest<\/a><\/td>\n<\/tr>\n<tr class=\"row-5\">\n\t<td class=\"column-1\"><a href=\"http:\/\/www.youtube.com\/watch?v=GtAKEUPK36g\" target=\"_blank\">Abnehmen: Langfristig abnehmen<\/a><\/td>\n<\/tr>\n<tr class=\"row-6\">\n\t<td class=\"column-1\"><a href=\"http:\/\/www.youtube.com\/watch?v=o0i2g79r-is\" target=\"_blank\">Abnehmen: Was tun f\u00fcr die Bikini-Figur?<\/a><\/td>\n<\/tr>\n<tr class=\"row-7\">\n\t<td class=\"column-1\"><a href=\"http:\/\/www.youtube.com\/watch?v=N4PR8is8Dew\" target=\"_blank\">Abnehm-Mythen<\/a><\/td>\n<\/tr>\n<tr class=\"row-8\">\n\t<td class=\"column-1\"><a href=\"http:\/\/www.youtube.com\/watch?v=BlvNavDK_Fw\" target=\"_blank\">Alkohol<\/a><\/td>\n<\/tr>\n<tr class=\"row-9\">\n\t<td class=\"column-1\"><a href=\"https:\/\/www.youtube.com\/watch?v=FjeWpYaxQQA\" target=\"_blank\">Alkohol-Fasten<\/a><\/td>\n<\/tr>\n<tr class=\"row-10\">\n\t<td class=\"column-1\"><a href=\"https:\/\/www.facebook.com\/GutenMorgenDeutschland\/videos\/1590820294279014\/\" target=\"_blank\">Antibiotika und deren Nebenwirkungen<\/a><\/td>\n<\/tr>\n<tr class=\"row-11\">\n\t<td class=\"column-1\"><a href=\"http:\/\/www.youtube.com\/watch?v=n0WMPAC7wXg\" target=\"_blank\">Aversion gegen Lebensmittel<\/a><\/td>\n<\/tr>\n<tr class=\"row-12\">\n\t<td class=\"column-1\"><strong>B<\/strong><\/td>\n<\/tr>\n<tr class=\"row-13\">\n\t<td class=\"column-1\"><a href=\"https:\/\/www.youtube.com\/watch?v=IC4bbkDQ668\" target=\"_blank\">Blasenentz\u00fcndung<\/a><\/td>\n<\/tr>\n<tr class=\"row-14\">\n\t<td class=\"column-1\"><a href=\"https:\/\/www.youtube.com\/watch?v=LYvDH6rWeFU\" target=\"_blank\">Bluthochdruck<\/a><\/td>\n<\/tr>\n<tr class=\"row-15\">\n\t<td class=\"column-1\"><a href=\"http:\/\/www.youtube.com\/watch?v=IH8gX7T_dsg\" target=\"_blank\">Brot-Mythen<\/a><\/td>\n<\/tr>\n<tr class=\"row-16\">\n\t<td class=\"column-1\"><strong>C<\/strong><\/td>\n<\/tr>\n<tr class=\"row-17\">\n\t<td class=\"column-1\"><a href=\"http:\/\/www.youtube.com\/watch?v=UjK0xOmgttM&amp;feature=plcp\" target=\"_blank\">Cellulite<\/a><\/td>\n<\/tr>\n<tr class=\"row-18\">\n\t<td class=\"column-1\"><a href=\"http:\/\/www.youtube.com\/watch?v=qDzOEzyPtfU\" target=\"_blank\">Cholesterin: Hohe Cholesterinwerte<\/a><\/td>\n<\/tr>\n<tr class=\"row-19\">\n\t<td class=\"column-1\"><a href=\"https:\/\/www.youtube.com\/watch?v=IC4bbkDQ668\" target=\"_blank\">Cystitis (Blasenentz\u00fcndung, Harnwegsinfekt)<\/a><\/td>\n<\/tr>\n<tr class=\"row-20\">\n\t<td class=\"column-1\"><strong>D<\/strong><\/td>\n<\/tr>\n<tr class=\"row-21\">\n\t<td class=\"column-1\"><a href=\"http:\/\/www.youtube.com\/watch?v=mOiZex9QDRU\" target=\"_blank\">Detox - Fasten mit S\u00e4ften<\/a><\/td>\n<\/tr>\n<tr class=\"row-22\">\n\t<td class=\"column-1\"><a href=\"http:\/\/www.youtube.com\/watch?v=OaoDvTR4_8Y\" target=\"_blank\">Diabetes<\/a><\/td>\n<\/tr>\n<tr class=\"row-23\">\n\t<td class=\"column-1\"><a href=\"http:\/\/www.planetopia.de\/magazin\/news-details\/datum\/2011\/05\/30\/krank-statt-schlank-die-fuenf-groessten-diaet-fallen.html\" target=\"_blank\">Di\u00e4tfallen, die 5 gr\u00f6\u00dften<\/a><\/td>\n<\/tr>\n<tr class=\"row-24\">\n\t<td class=\"column-1\"><strong>E<\/strong><\/td>\n<\/tr>\n<tr class=\"row-25\">\n\t<td class=\"column-1\">Eisenmangel<\/td>\n<\/tr>\n<tr class=\"row-26\">\n\t<td class=\"column-1\"><a href=\"http:\/\/www.youtube.com\/watch?v=DPUmIpq7wAI&amp;list=UUgHpTylNh7aT90Id0c9p_VQ&amp;index=1&amp;feature=plcp\" target=\"_blank\">Elektrosmog<\/a><\/td>\n<\/tr>\n<tr class=\"row-27\">\n\t<td class=\"column-1\"><a href=\"http:\/\/www.youtube.com\/watch?v=1_nbhhLm_OY\" target=\"_blank\">Entgiften und Entschlacken<\/a><\/td>\n<\/tr>\n<tr class=\"row-28\">\n\t<td class=\"column-1\"><a href=\"http:\/\/www.youtube.com\/watch?v=ulFjgx-Ep6U\" target=\"_blank\">Erk\u00e4ltungen los werden<\/a><\/td>\n<\/tr>\n<tr class=\"row-29\">\n\t<td class=\"column-1\"><a href=\"http:\/\/www.youtube.com\/watch?v=cPmsudVBxNA\" target=\"_blank\">Erk\u00e4ltungen vorbeugen<\/a><\/td>\n<\/tr>\n<tr class=\"row-30\">\n\t<td class=\"column-1\"><a href=\"http:\/\/www.youtube.com\/watch?v=nw1ZgvPRO98\" target=\"_blank\">Ern\u00e4hrung: Gesunde Ern\u00e4hrung - man kann es auch \u00fcbertreiben!<\/a><\/td>\n<\/tr>\n<tr class=\"row-31\">\n\t<td class=\"column-1\"><a href=\"http:\/\/www.youtube.com\/watch?v=0taXBf_depM\" target=\"_blank\">Erste Hilfe bei Verbrennungen<\/a><\/td>\n<\/tr>\n<tr class=\"row-32\">\n\t<td class=\"column-1\"><a href=\"https:\/\/www.youtube.com\/watch?v=5mEdNm3g3B8\" target=\"_blank\">Essen: Richtig Hinschmecken - Mehr Spa\u00df am Essen ohne dabei dick zu werden<\/a><\/td>\n<\/tr>\n<tr class=\"row-33\">\n\t<td class=\"column-1\"><strong>F<\/strong><\/td>\n<\/tr>\n<tr class=\"row-34\">\n\t<td class=\"column-1\"><a href=\"http:\/\/www.youtube.com\/watch?v=METyEr1MXxo\" target=\"_blank\">Fasten (SWR - Dr. Kurscheid zu Gast bei Frank Elstner)<\/a><\/td>\n<\/tr>\n<tr class=\"row-35\">\n\t<td class=\"column-1\"><a href=\"https:\/\/www.youtube.com\/watch?v=cEYiTVAW-_s\" target=\"_blank\">Fasten - Entschlacken und abnehmen? (WDR)<\/a><\/td>\n<\/tr>\n<tr class=\"row-36\">\n\t<td class=\"column-1\"><a href=\"http:\/\/www.youtube.com\/watch?v=h2RkpIoGuwE\" target=\"_blank\">Fasten (ARD)<\/a><\/td>\n<\/tr>\n<tr class=\"row-37\">\n\t<td class=\"column-1\"><a href=\"https:\/\/www.youtube.com\/watch?v=FjeWpYaxQQA\" target=\"_blank\">Fasten (Alkohol)<\/a><\/td>\n<\/tr>\n<tr class=\"row-38\">\n\t<td class=\"column-1\"><a href=\"http:\/\/www.youtube.com\/watch?v=_xozRpPg2XQ\" target=\"_blank\">Fett weg mit Muskeln<\/a><\/td>\n<\/tr>\n<tr class=\"row-39\">\n\t<td class=\"column-1\"><a href=\"https:\/\/www.youtube.com\/watch?v=uj4w4I0O4yM\" target=\"_blank\">Fit - So fit wirst Du in 30 Tagen!<\/a><\/td>\n<\/tr>\n<tr class=\"row-40\">\n\t<td class=\"column-1\"><a href=\"https:\/\/www.youtube.com\/watch?v=-BSO5dP64Hs\" target=\"_blank\">Fit in den Tag<\/a><\/td>\n<\/tr>\n<tr class=\"row-41\">\n\t<td class=\"column-1\"><a href=\"http:\/\/www.youtube.com\/watch?v=PLlLT_BOn9k\" target=\"_blank\">Fitnessklassiker<\/a><\/td>\n<\/tr>\n<tr class=\"row-42\">\n\t<td class=\"column-1\"><a href=\"http:\/\/www.youtube.com\/watch?v=4_aP09apUA4\" target=\"_blank\">Fr\u00fchst\u00fcck: Das richtige Fr\u00fchst\u00fcck<\/a><\/td>\n<\/tr>\n<tr class=\"row-43\">\n\t<td class=\"column-1\"><a href=\"https:\/\/www.youtube.com\/watch?v=BOluRisI3gQ&amp;feature=plcp\" target=\"_blank\">Fu\u00dfpflege &amp; Fu\u00dfmassage<\/a><\/td>\n<\/tr>\n<tr class=\"row-44\">\n\t<td class=\"column-1\"><strong>G<\/strong><\/td>\n<\/tr>\n<tr class=\"row-45\">\n\t<td class=\"column-1\"><a href=\"https:\/\/www.youtube.com\/watch?v=pD1QIjQkhMo\" target=\"_blank\">Gallensteine<\/a><\/td>\n<\/tr>\n<tr class=\"row-46\">\n\t<td class=\"column-1\"><a href=\"http:\/\/www.youtube.com\/watch?v=EC2RjetZldU\" target=\"_blank\">Gelenkschmerzen<\/a><\/td>\n<\/tr>\n<tr class=\"row-47\">\n\t<td class=\"column-1\"><a href=\"http:\/\/www.youtube.com\/watch?v=nw1ZgvPRO98\" target=\"_blank\">Gesunde Ern\u00e4hrung - man kann es auch \u00fcbertreiben!<\/a><\/td>\n<\/tr>\n<tr class=\"row-48\">\n\t<td class=\"column-1\"><a href=\"https:\/\/www.youtube.com\/watch?v=UOMMX5KzbgE\" target=\"_blank\">Gesundes Braten<\/a><\/td>\n<\/tr>\n<tr class=\"row-49\">\n\t<td class=\"column-1\"><a href=\"http:\/\/www.rtl-west.de\/beitrag\/artikel\/wenn-essen-krank-macht\/\">Gluten-Unvertr\u00e4glichkeit<\/a><\/td>\n<\/tr>\n<tr class=\"row-50\">\n\t<td class=\"column-1\"><a href=\"https:\/\/www.youtube.com\/watch?v=vJCltaGAiyE\">Glyk\u00e4mischer Index<\/a><\/td>\n<\/tr>\n<tr class=\"row-51\">\n\t<td class=\"column-1\"><a href=\"http:\/\/www.youtube.com\/watch?v=bdAtRyKr1aE\">Grippeschutzimpfung<\/a>, siehe auch <a href=\"http:\/\/www.youtube.com\/watch?v=SpL8a-tZU-M\">Grippeschutzimpfung 2<\/a><\/td>\n<\/tr>\n<tr class=\"row-52\">\n\t<td class=\"column-1\"><strong>H<\/strong><\/td>\n<\/tr>\n<tr class=\"row-53\">\n\t<td class=\"column-1\"><a href=\"https:\/\/www.youtube.com\/watch?v=IC4bbkDQ668\" target=\"_blank\">Harnwegsinfektion<\/a><\/td>\n<\/tr>\n<tr class=\"row-54\">\n\t<td class=\"column-1\"><a href=\"http:\/\/www.youtube.com\/watch?v=TUwWxwan4N8\" target=\"_blank\">Hausmittel<\/a><\/td>\n<\/tr>\n<tr class=\"row-55\">\n\t<td class=\"column-1\"><a href=\"http:\/\/www.youtube.com\/watch?v=w7sCX4Ap-Fw\" target=\"_blank\">Hausmittel gegen Erk\u00e4ltung - Was hilft?<\/a><\/td>\n<\/tr>\n<tr class=\"row-56\">\n\t<td class=\"column-1\"><a href=\"http:\/\/www.youtube.com\/watch?v=h2RkpIoGuwE\" target=\"_blank\">Heilfasten<\/a>, siehe auch <a href=\"http:\/\/www.youtube.com\/watch?v=lykSG3mLQrk\">Heilfasten 1<\/a> - <a href=\"http:\/\/www.youtube.com\/watch?v=-5z0Ef8h9Eo\">Heilfasten 2<\/a><\/td>\n<\/tr>\n<tr class=\"row-57\">\n\t<td class=\"column-1\"><a href=\"http:\/\/www.youtube.com\/watch?v=LVX1HLA-9Ss\" target=\"_blank\">Heilkraft von Pflanzen<\/a><\/td>\n<\/tr>\n<tr class=\"row-58\">\n\t<td class=\"column-1\"><a href=\"http:\/\/www.rtl.de\/cms\/news\/punkt-12\/punkt-12-test\/heisshunger-bekaempfen-mit-chia-samen-und-yoga-3b7d6-b861-21-1912552.html\" target=\"_blank\">Hei\u00dfhunger bek\u00e4mpfen<\/a><\/td>\n<\/tr>\n<tr class=\"row-59\">\n\t<td class=\"column-1\"><a href=\"http:\/\/www.youtube.com\/watch?v=tGXvkeW6-lk\" target=\"_blank\">Heuschnupfen<\/a><\/td>\n<\/tr>\n<tr class=\"row-60\">\n\t<td class=\"column-1\"><a href=\"http:\/\/www.youtube.com\/watch?v=lRxenpK_qu8\" target=\"_blank\">Herzrhythmusst\u00f6rungen<\/a><\/td>\n<\/tr>\n<tr class=\"row-61\">\n\t<td class=\"column-1\"><a href=\"https:\/\/www.youtube.com\/watch?v=2PTlFJEaSkA\">Herzschw\u00e4che<\/a><\/td>\n<\/tr>\n<tr class=\"row-62\">\n\t<td class=\"column-1\"><a href=\"http:\/\/www.youtube.com\/watch?v=ifpqNq1IbZY\">Herzstolpern<\/a><\/td>\n<\/tr>\n<tr class=\"row-63\">\n\t<td class=\"column-1\"><a href=\"https:\/\/www.youtube.com\/watch?v=5mEdNm3g3B8\" target=\"_blank\">Hinschmecken<\/a><\/td>\n<\/tr>\n<tr class=\"row-64\">\n\t<td class=\"column-1\"><a href=\"http:\/\/www.youtube.com\/watch?v=tuS5jD0Zn3Y\" target=\"_blank\">Hitze - Fit f\u00fcr die Hitze<\/a><\/td>\n<\/tr>\n<tr class=\"row-65\">\n\t<td class=\"column-1\"><a href=\"http:\/\/www.youtube.com\/watch?v=BjU6m_P5oTg\" target=\"_blank\">Hitze - Tipps bei hei\u00dfen Tagen<\/a><\/td>\n<\/tr>\n<tr class=\"row-66\">\n\t<td class=\"column-1\"><strong>I<\/strong><\/td>\n<\/tr>\n<tr class=\"row-67\">\n\t<td class=\"column-1\"><a href=\"http:\/\/www.youtube.com\/watch?v=ODxGXZ2GEx4\" target=\"_blank\">Immunsystem st\u00e4rken<\/a><\/td>\n<\/tr>\n<tr class=\"row-68\">\n\t<td class=\"column-1\"><a href=\"http:\/\/www.youtube.com\/watch?v=gsO5VF4V7Bs\">Insektenstiche<\/a><\/td>\n<\/tr>\n<tr class=\"row-69\">\n\t<td class=\"column-1\"><strong>J<\/strong><\/td>\n<\/tr>\n<tr class=\"row-70\">\n\t<td class=\"column-1\"><strong>K<\/strong><\/td>\n<\/tr>\n<tr class=\"row-71\">\n\t<td class=\"column-1\"><a href=\"http:\/\/www.youtube.com\/watch?v=ov_cYGZ-OZE\" target=\"_blank\">Kaffee oder Tee?  <\/a><\/td>\n<\/tr>\n<tr class=\"row-72\">\n\t<td class=\"column-1\"><a href=\"http:\/\/www.youtube.com\/watch?v=4beiA0_6rAM\" target=\"_blank\">Kaffee-Mythen<\/a><\/td>\n<\/tr>\n<tr class=\"row-73\">\n\t<td class=\"column-1\"><a href=\"https:\/\/www.youtube.com\/watch?v=-C_P01oArM0\" target=\"_blank\">K\u00e4ltekammer<\/a><\/td>\n<\/tr>\n<tr class=\"row-74\">\n\t<td class=\"column-1\"><a href=\"http:\/\/www.youtube.com\/watch?v=915ZkxrkxIs\" target=\"_blank\">Kau dich gesund<\/a><\/td>\n<\/tr>\n<tr class=\"row-75\">\n\t<td class=\"column-1\"><a href=\"http:\/\/www.youtube.com\/watch?v=EVMNUy3jdtM&amp;feature=youtu.be&amp;t=3m49s\" target=\"_blank\">Kohlenhydrate<\/a><\/td>\n<\/tr>\n<tr class=\"row-76\">\n\t<td class=\"column-1\"><a href=\"http:\/\/www.youtube.com\/watch?v=zU4Z_DoH3OA\">Kopfschmerzen<\/a><\/td>\n<\/tr>\n<tr class=\"row-77\">\n\t<td class=\"column-1\"><a href=\"http:\/\/www.youtube.com\/watch?v=WNAoplyqUDU\" target=\"_blank\">Kryolipolyse-Behandlung<\/a><\/td>\n<\/tr>\n<tr class=\"row-78\">\n\t<td class=\"column-1\"><a href=\"https:\/\/www.youtube.com\/watch?v=0w3UxehgulU\" target=\"_blank\">Kryolipolyse\/Kryotherapie: Eiskalt abnehmen mit K\u00e4lte und Reizstrom<\/a><\/td>\n<\/tr>\n<tr class=\"row-79\">\n\t<td class=\"column-1\"><strong>L<\/strong><\/td>\n<\/tr>\n<tr class=\"row-80\">\n\t<td class=\"column-1\"><a href=\"http:\/\/www.youtube.com\/watch?v=n0WMPAC7wXg \" target=\"_blank\">Lebensmittelaversion<\/a><\/td>\n<\/tr>\n<tr class=\"row-81\">\n\t<td class=\"column-1\"><a href=\"http:\/\/www.youtube.com\/watch?v=5UeP6_vpCIk\" target=\"_blank\">Lightprodukte<br><\/a><\/td>\n<\/tr>\n<tr class=\"row-82\">\n\t<td class=\"column-1\"><strong>M<\/strong><\/td>\n<\/tr>\n<tr class=\"row-83\">\n\t<td class=\"column-1\"><a href=\"http:\/\/www.youtube.com\/watch?v=U-xT2EC3erE\" target=\"_blank\">Magersucht<\/a><\/td>\n<\/tr>\n<tr class=\"row-84\">\n\t<td class=\"column-1\"><a href=\"http:\/\/www.youtube.com\/watch?v=IxSOnyvw22k&amp;feature=plcp\" target=\"_blank\">Mandeln: Wann m\u00fcssen sie raus?<\/a><\/td>\n<\/tr>\n<tr class=\"row-85\">\n\t<td class=\"column-1\"><a href=\"http:\/\/www.youtube.com\/watch?v=kkSfFHk1l7s&amp;list=UUwqobMcjTLANQWFLo1YeXHA\" target=\"_blank\">Medizin-Mythen<\/a><\/td>\n<\/tr>\n<tr class=\"row-86\">\n\t<td class=\"column-1\"><a href=\"http:\/\/www.youtube.com\/watch?v=iHAqje0XnDY\">Mundgeruch (ARD)<br><\/a><\/td>\n<\/tr>\n<tr class=\"row-87\">\n\t<td class=\"column-1\"><a href=\"http:\/\/www.youtube.com\/watch?v=4-uoTqCm1fs\" target=\"_blank\">Mundgeruch (ZDF)<\/a><\/td>\n<\/tr>\n<tr class=\"row-88\">\n\t<td class=\"column-1\"><a href=\"http:\/\/www.youtube.com\/watch?v=N4PR8is8Dew\" target=\"_blank\">Mythen zum Thema Abnehmen<\/a><\/td>\n<\/tr>\n<tr class=\"row-89\">\n\t<td class=\"column-1\"><a href=\"http:\/\/www.youtube.com\/watch?v=IH8gX7T_dsg\">Mythen zum Thema Brot<\/a><\/td>\n<\/tr>\n<tr class=\"row-90\">\n\t<td class=\"column-1\"><a href=\"http:\/\/www.youtube.com\/watch?v=4beiA0_6rAM\">Mythen zum Thema Kaffee<\/a><\/td>\n<\/tr>\n<tr class=\"row-91\">\n\t<td class=\"column-1\"><a href=\"http:\/\/www.youtube.com\/watch?v=ZC0Nms30SJg\">Mythen zum Thema Sport<\/a><\/td>\n<\/tr>\n<tr class=\"row-92\">\n\t<td class=\"column-1\"><strong>N<\/strong><\/td>\n<\/tr>\n<tr class=\"row-93\">\n\t<td class=\"column-1\"><a href=\"http:\/\/www.youtube.com\/watch?v=z1TmwDApRdU\" target=\"_blank\">Nahrungsmittelunvertr\u00e4glichkeit<\/a><\/td>\n<\/tr>\n<tr class=\"row-94\">\n\t<td class=\"column-1\"><strong>O<\/strong><\/td>\n<\/tr>\n<tr class=\"row-95\">\n\t<td class=\"column-1\"><a href=\"http:\/\/www.youtube.com\/watch?v=TUwWxwan4N8\">Omas Hausmittel<\/a><\/td>\n<\/tr>\n<tr class=\"row-96\">\n\t<td class=\"column-1\"><strong>P<\/strong><\/td>\n<\/tr>\n<tr class=\"row-97\">\n\t<td class=\"column-1\"><a href=\"http:\/\/www.youtube.com\/watch?v=LVX1HLA-9Ss\" target=\"_blank\">Pflanzen: Heilkraft<\/a><\/td>\n<\/tr>\n<tr class=\"row-98\">\n\t<td class=\"column-1\"><a href=\"http:\/\/www.youtube.com\/watch?v=govwUqA7lck&amp;list=UUgHpTylNh7aT90Id0c9p_VQ\" target=\"_blank\">Placebos &amp; Co<\/a> <\/td>\n<\/tr>\n<tr class=\"row-99\">\n\t<td class=\"column-1\"><strong>Q<\/strong><\/td>\n<\/tr>\n<tr class=\"row-100\">\n\t<td class=\"column-1\"><strong>R<\/strong><\/td>\n<\/tr>\n<tr class=\"row-101\">\n\t<td class=\"column-1\"><a href=\"http:\/\/www.youtube.com\/watch?v=-k8q91WrXtA\">Reisen: Gesund im Urlaub<\/a><\/td>\n<\/tr>\n<tr class=\"row-102\">\n\t<td class=\"column-1\"><a href=\"https:\/\/www.youtube.com\/watch?v=5mEdNm3g3B8\" target=\"_blank\">Richtig Hinschmecken<\/a><\/td>\n<\/tr>\n<tr class=\"row-103\">\n\t<td class=\"column-1\"><a href=\"https:\/\/www.youtube.com\/watch?v=raqXcSV-9cA\" target=\"_blank\">Rohkost f\u00fcr Salathasser<\/a><\/td>\n<\/tr>\n<tr class=\"row-104\">\n\t<td class=\"column-1\"><a href=\"http:\/\/www.youtube.com\/watch?v=xuIi4yh_Sp0\" target=\"_blank\">Rotes Fleisch: Wie gef\u00e4hrlich ist es?<\/a><\/td>\n<\/tr>\n<tr class=\"row-105\">\n\t<td class=\"column-1\"><strong>S<\/strong><\/td>\n<\/tr>\n<tr class=\"row-106\">\n\t<td class=\"column-1\"><a href=\"https:\/\/www.youtube.com\/watch?v=-2qq9m2z808\" target=\"_blank\">Salz - Die Gefahren von zu viel Salz (Studiogespr\u00e4ch)<\/a><\/td>\n<\/tr>\n<tr class=\"row-107\">\n\t<td class=\"column-1\"><a href=\"https:\/\/www.youtube.com\/watch?v=4UObSCU2rjs\" target=\"_blank\">Salzkonsum<\/a><\/td>\n<\/tr>\n<tr class=\"row-108\">\n\t<td class=\"column-1\"><a href=\"http:\/\/www.youtube.com\/watch?v=K-MuqxVafTo\" target=\"_blank\">Schimmel<\/a><\/td>\n<\/tr>\n<tr class=\"row-109\">\n\t<td class=\"column-1\"><a href=\"http:\/\/www.youtube.com\/watch?v=HS15zNZcDgE\">Schlafst\u00f6rungen<\/a><\/td>\n<\/tr>\n<tr class=\"row-110\">\n\t<td class=\"column-1\"><a href=\"http:\/\/www.youtube.com\/watch?v=lT1xFf_jdl8\">Schlechter Schlaf<\/a><\/td>\n<\/tr>\n<tr class=\"row-111\">\n\t<td class=\"column-1\"><a href=\"http:\/\/www.youtube.com\/watch?v=Es1EX63aQmc\" target=\"_blank\">Schuppen<\/a><\/td>\n<\/tr>\n<tr class=\"row-112\">\n\t<td class=\"column-1\"><a href=\"http:\/\/www.youtube.com\/watch?v=Zc49uUyfYR8\" target=\"_blank\">Schwindel<\/a><\/td>\n<\/tr>\n<tr class=\"row-113\">\n\t<td class=\"column-1\"><a href=\"http:\/\/www.youtube.com\/watch?v=TI6cegp0Io8\">Schwitzen<\/a><\/td>\n<\/tr>\n<tr class=\"row-114\">\n\t<td class=\"column-1\"><a href=\"http:\/\/www.youtube.com\/watch?v=yD2-rRACxHU\" target=\"_blank\">Sodbrennen<\/a><\/td>\n<\/tr>\n<tr class=\"row-115\">\n\t<td class=\"column-1\"><a href=\"http:\/\/www.youtube.com\/watch?v=VsRgsOJkbQE\" target=\"_blank\">Sonnenschutz<\/a><\/td>\n<\/tr>\n<tr class=\"row-116\">\n\t<td class=\"column-1\"><a href=\"http:\/\/www.youtube.com\/watch?v=ZC0Nms30SJg\">Sport-Mythen<\/a><\/td>\n<\/tr>\n<tr class=\"row-117\">\n\t<td class=\"column-1\"><a href=\"https:\/\/www.youtube.com\/watch?v=LURiJkv1wYQ\">Stress: Schluss mit dem Stress<\/a><\/td>\n<\/tr>\n<tr class=\"row-118\">\n\t<td class=\"column-1\"><strong>T<\/strong><\/td>\n<\/tr>\n<tr class=\"row-119\">\n\t<td class=\"column-1\"><a href=\"https:\/\/www.youtube.com\/watch?v=xYd1dkFH1-s\" target=\"_blank\">Trigeminusneuralgie<\/a><\/td>\n<\/tr>\n<tr class=\"row-120\">\n\t<td class=\"column-1\"><strong>U<\/strong><\/td>\n<\/tr>\n<tr class=\"row-121\">\n\t<td class=\"column-1\"><strong>V<\/strong><\/td>\n<\/tr>\n<tr class=\"row-122\">\n\t<td class=\"column-1\"><a href=\"www1.wdr.de\/av\/einsfestival\/video-esstrend-vegan-108.html\" target=\"_blank\">Vegane Ern\u00e4hrung<\/a><\/td>\n<\/tr>\n<tr class=\"row-123\">\n\t<td class=\"column-1\"><a href=\"http:\/\/www.youtube.com\/watch?v=0taXBf_depM\" target=\"_blank\">Verbrennungen: Erste Hilfe<\/a><\/td>\n<\/tr>\n<tr class=\"row-124\">\n\t<td class=\"column-1\"><strong>W<\/strong><\/td>\n<\/tr>\n<tr class=\"row-125\">\n\t<td class=\"column-1\"><a href=\"http:\/\/www.youtube.com\/watch?v=SAhphF37jNw\">Wechselwirkung<\/a><\/td>\n<\/tr>\n<tr class=\"row-126\">\n\t<td class=\"column-1\"><strong>X<\/strong><\/td>\n<\/tr>\n<tr class=\"row-127\">\n\t<td class=\"column-1\"><strong>Y<\/strong><\/td>\n<\/tr>\n<tr class=\"row-128\">\n\t<td class=\"column-1\"><strong>Z<\/strong><\/td>\n<\/tr>\n<tr class=\"row-129\">\n\t<td class=\"column-1\"><a href=\"http:\/\/www.youtube.com\/watch?v=QJM1QwtCtvo\">Zecken<\/a><\/td>\n<\/tr>\n<tr class=\"row-130\">\n\t<td class=\"column-1\"><a href=\"http:\/\/www.youtube.com\/watch?v=7xlFqorCppc\" target=\"_blank\">Die Zucker-Falle<\/a><\/td>\n<\/tr>\n<tr class=\"row-131\">\n\t<td class=\"column-1\"><a href=\"http:\/\/rtl-now.rtl.de\/rach-deckt-auf.php\" target=\"_blank\">Zuckerkonsum &amp; Fastfood<\/a><\/td>\n<\/tr>\n<\/tbody>\n<\/table>\n<!-- #tablepress-18 from cache -->\r\n<\/div>","protected":false},"excerpt":{"rendered":"Das Medizin-Lexikon Zum Nachschlagen mit Videos aus Sendungen mit Dr. Kurscheid","protected":false},"author":6,"featured_media":0,"parent":726,"menu_order":23,"comment_status":"closed","ping_status":"closed","template":"page-left-sidebar.php","meta":{"_acf_changed":false,"footnotes":""},"categories":[],"tags":[],"class_list":["post-915","page","type-page","status-publish","hentry"],"translation":{"provider":"WPGlobus","version":"3.0.2","language":"en","enabled_languages":["de","en"],"languages":{"de":{"title":true,"content":true,"excerpt":false},"en":{"title":false,"content":false,"excerpt":false}}},"acf":[],"_links":{"self":[{"href":"https:\/\/www.dr-kurscheid.de\/persoenlich\/en\/wp-json\/wp\/v2\/pages\/915","targetHints":{"allow":["GET"]}}],"collection":[{"href":"https:\/\/www.dr-kurscheid.de\/persoenlich\/en\/wp-json\/wp\/v2\/pages"}],"about":[{"href":"https:\/\/www.dr-kurscheid.de\/persoenlich\/en\/wp-json\/wp\/v2\/types\/page"}],"author":[{"embeddable":true,"href":"https:\/\/www.dr-kurscheid.de\/persoenlich\/en\/wp-json\/wp\/v2\/users\/6"}],"replies":[{"embeddable":true,"href":"https:\/\/www.dr-kurscheid.de\/persoenlich\/en\/wp-json\/wp\/v2\/comments?post=915"}],"version-history":[{"count":9,"href":"https:\/\/www.dr-kurscheid.de\/persoenlich\/en\/wp-json\/wp\/v2\/pages\/915\/revisions"}],"predecessor-version":[{"id":2743,"href":"https:\/\/www.dr-kurscheid.de\/persoenlich\/en\/wp-json\/wp\/v2\/pages\/915\/revisions\/2743"}],"up":[{"embeddable":true,"href":"https:\/\/www.dr-kurscheid.de\/persoenlich\/en\/wp-json\/wp\/v2\/pages\/726"}],"wp:attachment":[{"href":"https:\/\/www.dr-kurscheid.de\/persoenlich\/en\/wp-json\/wp\/v2\/media?parent=915"}],"wp:term":[{"taxonomy":"category","embeddable":true,"href":"https:\/\/www.dr-kurscheid.de\/persoenlich\/en\/wp-json\/wp\/v2\/categories?post=915"},{"taxonomy":"post_tag","embeddable":true,"href":"https:\/\/www.dr-kurscheid.de\/persoenlich\/en\/wp-json\/wp\/v2\/tags?post=915"}],"curies":[{"name":"wp","href":"https:\/\/api.w.org\/{rel}","templated":true}]}}