{"id":919,"date":"2014-06-10T18:16:58","date_gmt":"2014-06-10T16:16:58","guid":{"rendered":"http:\/\/www.dr-kurscheid.de\/persoenlich\/?page_id=919"},"modified":"2017-07-22T15:05:24","modified_gmt":"2017-07-22T13:05:24","slug":"referenzen","status":"publish","type":"page","link":"https:\/\/www.dr-kurscheid.de\/persoenlich\/en\/fuer-unternehmen\/referenzen","title":{"rendered":"Referenzen"},"content":{"rendered":"<div class=\"columns large-12 medium-12 small-12\">\r\n  <h3>Auszug einiger Referenzen (Vortr\u00e4ge in Unternehmen)<\/h3>\r\n<\/div>\r\n<div class=\"columns large-12 medium-12 small-12 column-offset\">\r\n  <div class=\"columns large-4 medium-4 small-12\"> <a href=\"\/\/www.henkel.de\/index.htm\" target=\"_blank\"><img decoding=\"async\" src=\"\/persoenlich\/wp-content\/uploads\/2014\/06\/ref_henkel.png\" alt=\"Henkel\" class=\"size-full wp-image-243 pa\" style=\"margin-bottom:5px\"><\/a>\r\n    <div class=\"partner\"> <a href=\"http:\/\/www.henkel.de\/index.htm\" target=\"_blank\"><img decoding=\"async\" src=\"\/wp-content\/uploads\/2014\/04\/koop_btn_trans.png\" alt=\"koop_btn\" class=\"size-full wp-image-244 btn_referenzen\"><\/a>\r\n      <p><strong>Henkel AG  &#038; Co. KGaA<\/strong><br>\r\n        D\u00fcsseldorf<br>\r\n      <\/p>\r\n    <\/div>\r\n  <\/div>\r\n <div class=\"columns large-4 medium-4 small-12\"> <a href=\"\/\/www.dkv.com\/\" target=\"_blank\"><img decoding=\"async\" src=\"\/persoenlich\/wp-content\/uploads\/2014\/06\/ref_dkv.png\" alt=\"DKV\" class=\"size-full wp-image-247 pa\" style=\"margin-bottom:5px\"><\/a>\r\n    <div class=\"partner\"> <a href=\"\/\/www.dkv.com\/\" target=\"_blank\"><img decoding=\"async\" src=\"\/wp-content\/uploads\/2014\/04\/koop_btn_trans.png\" alt=\"koop_btn\" class=\"size-full wp-image-244 btn_referenzen\"><\/a>\r\n      <p><strong>DKV AG<\/strong><br>\r\n        K\u00f6ln<br>\r\n      <\/p>\r\n    <\/div>\r\n  <\/div>\r\n <div class=\"columns large-4 medium-4 small-12\"> <a href=\"\/\/www.abbott.de\/content\/index_de.html\" target=\"_blank\"><img decoding=\"async\" src=\"\/persoenlich\/wp-content\/uploads\/2014\/06\/ref_abbot.png\" alt=\"Knoll Abbott\" class=\"size-full wp-image-248 pa\" style=\"margin-bottom:5px\"><\/a>\r\n    <div class=\"partner\"> <a href=\"\/\/www.abbott.de\/content\/index_de.html\" target=\"_blank\"><img decoding=\"async\" src=\"\/wp-content\/uploads\/2014\/04\/koop_btn_trans.png\" alt=\"koop_btn\" class=\"size-full wp-image-244 btn_referenzen\"><\/a>\r\n      <p><strong>Knoll AG\/Abbott<\/strong><br>\r\n        Ludwigshafen<\/p>\r\n    <\/div>\r\n  <\/div>\r\n<\/div>\r\n<div class=\"columns large-12 medium-12 small-12 column-offset\">\r\n  <div class=\"columns large-4 medium-4 small-12\"> <a href=\"\/\/www.aok.de\/bundesweit\/index.php\" target=\"_blank\"><img decoding=\"async\" src=\"\/persoenlich\/wp-content\/uploads\/2014\/06\/ref_aok.png\" alt=\"AOK\" class=\"size-full wp-image-249 pa\" style=\"margin-bottom:5px\"><\/a>\r\n    <div class=\"partner\"> <a href=\"\/\/www.aok.de\/bundesweit\/index.php\" target=\"_blank\"><img decoding=\"async\" src=\"\/wp-content\/uploads\/2014\/04\/koop_btn_trans.png\" alt=\"koop_btn\" class=\"size-full wp-image-244 btn_referenzen\"><\/a>\r\n      <p><strong>AOK<\/strong><strong><\/strong><br>\r\n        die Gesundheitskasse<\/p>\r\n    <\/div>\r\n  <\/div>\r\n<div class=\"columns large-4 medium-4 small-12\"> <a href=\"\/\/www.barmer-gek.de\/barmer\/web\/Portale\/Versicherte\/Rundum-gutversichert\/Startseite\/Startseite.html\" target=\"_blank\"><img decoding=\"async\" src=\"\/persoenlich\/wp-content\/uploads\/2014\/06\/ref_barmer.png\" alt=\"Barmer\" class=\"size-full wp-image-247 pa\" style=\"margin-bottom:5px\"><\/a>\r\n    <div class=\"partner\"> <a href=\"\/\/www.barmer-gek.de\/barmer\/web\/Portale\/Versicherte\/Rundum-gutversichert\/Startseite\/Startseite.html\" target=\"_blank\"><img decoding=\"async\" src=\"\/wp-content\/uploads\/2014\/04\/koop_btn_trans.png\" alt=\"koop_btn\" class=\"size-full wp-image-244 btn_referenzen\"><\/a>\r\n      <p><strong>Barmer GEK<\/strong><br>\r\n        Die gesundexperten<br>\r\n      <\/p>\r\n    <\/div>\r\n  <\/div>\r\n  \r\n <div class=\"columns large-4 medium-4 small-12\"> <a href=\"\/\/www.amway.de\/\" target=\"_blank\"><img decoding=\"async\" src=\"\/persoenlich\/wp-content\/uploads\/2014\/06\/ref_amway.png\" alt=\"Amway\"  class=\"size-full wp-image-251 pa\" style=\"margin-bottom:5px\"><\/a>\r\n    <div class=\"partner\"> <a href=\"\/\/www.amway.de\/\" target=\"_blank\"><img decoding=\"async\" src=\"\/wp-content\/uploads\/2014\/04\/koop_btn_trans.png\" alt=\"koop_btn\" class=\"size-full wp-image-244 btn_referenzen\"><\/a>\r\n      <p><strong>Amway<\/strong><br>\r\n        USA &#038; M\u00fcnchen<\/p>\r\n    <\/div>\r\n  <\/div>\r\n<\/div>\r\n<div class=\"columns large-12 medium-12 small-12 column-offset\">\r\n  <div class=\"columns large-4 medium-4 small-12\"> <a href=\"\/\/www.sparkasse.de\/index.html?WST=WAG\" target=\"_blank\"><img decoding=\"async\" src=\"\/persoenlich\/wp-content\/uploads\/2014\/06\/ref_sparkassen.png\" alt=\"Die Sparkassen\" class=\"size-full wp-image-252 pa\" style=\"margin-bottom:5px\"><\/a>\r\n    <div class=\"partner\"> <a href=\"\/\/www.sparkasse.de\/index.html?WST=WAG\" target=\"_blank\"><img decoding=\"async\" src=\"\/wp-content\/uploads\/2014\/04\/koop_btn_trans.png\" alt=\"koop_btn\" class=\"size-full wp-image-244 btn_referenzen\"><\/a>\r\n      <p><strong>Die Sparkassen<\/strong><br>\r\n      <\/p>\r\n    <\/div>\r\n  <\/div>\r\n<div class=\"columns large-4 medium-4 small-12 end\"> <a href=\"\/\/central.de\/\" target=\"_blank\"><img decoding=\"async\" src=\"\/persoenlich\/wp-content\/uploads\/2015\/10\/ref_central.png\" alt=\"Central\"  style=\"margin-bottom:5px\"><\/a>\r\n    <div class=\"partner\"> <a href=\"\/\/www.central.de\/\" target=\"_blank\"><img decoding=\"async\" src=\"\/wp-content\/uploads\/2014\/04\/koop_btn_trans.png\" alt=\"koop_btn\" class=\"size-full wp-image-244 btn_referenzen\"><\/a>\r\n      <p><strong>Central<\/strong><br>\r\nKrankenversicherung\r\n<\/p>\r\n    <\/div>","protected":false},"excerpt":{"rendered":"Auszug einiger Referenzen (Vortr\u00e4ge in Unternehmen) Henkel AG &#038; Co. KGaA D\u00fcsseldorf DKV AG K\u00f6ln Knoll AG\/Abbott Ludwigshafen AOK die Gesundheitskasse Barmer GEK Die gesundexperten Amway USA &#038; M\u00fcnchen Die Sparkassen Central Krankenversicherung","protected":false},"author":6,"featured_media":0,"parent":732,"menu_order":9,"comment_status":"closed","ping_status":"closed","template":"page-left-sidebar.php","meta":{"_acf_changed":false,"footnotes":""},"categories":[],"tags":[],"class_list":["post-919","page","type-page","status-publish","hentry"],"translation":{"provider":"WPGlobus","version":"3.0.2","language":"en","enabled_languages":["de","en"],"languages":{"de":{"title":true,"content":true,"excerpt":false},"en":{"title":false,"content":false,"excerpt":false}}},"acf":[],"_links":{"self":[{"href":"https:\/\/www.dr-kurscheid.de\/persoenlich\/en\/wp-json\/wp\/v2\/pages\/919","targetHints":{"allow":["GET"]}}],"collection":[{"href":"https:\/\/www.dr-kurscheid.de\/persoenlich\/en\/wp-json\/wp\/v2\/pages"}],"about":[{"href":"https:\/\/www.dr-kurscheid.de\/persoenlich\/en\/wp-json\/wp\/v2\/types\/page"}],"author":[{"embeddable":true,"href":"https:\/\/www.dr-kurscheid.de\/persoenlich\/en\/wp-json\/wp\/v2\/users\/6"}],"replies":[{"embeddable":true,"href":"https:\/\/www.dr-kurscheid.de\/persoenlich\/en\/wp-json\/wp\/v2\/comments?post=919"}],"version-history":[{"count":18,"href":"https:\/\/www.dr-kurscheid.de\/persoenlich\/en\/wp-json\/wp\/v2\/pages\/919\/revisions"}],"predecessor-version":[{"id":1970,"href":"https:\/\/www.dr-kurscheid.de\/persoenlich\/en\/wp-json\/wp\/v2\/pages\/919\/revisions\/1970"}],"up":[{"embeddable":true,"href":"https:\/\/www.dr-kurscheid.de\/persoenlich\/en\/wp-json\/wp\/v2\/pages\/732"}],"wp:attachment":[{"href":"https:\/\/www.dr-kurscheid.de\/persoenlich\/en\/wp-json\/wp\/v2\/media?parent=919"}],"wp:term":[{"taxonomy":"category","embeddable":true,"href":"https:\/\/www.dr-kurscheid.de\/persoenlich\/en\/wp-json\/wp\/v2\/categories?post=919"},{"taxonomy":"post_tag","embeddable":true,"href":"https:\/\/www.dr-kurscheid.de\/persoenlich\/en\/wp-json\/wp\/v2\/tags?post=919"}],"curies":[{"name":"wp","href":"https:\/\/api.w.org\/{rel}","templated":true}]}}