{"id":1217,"date":"2014-06-15T13:46:25","date_gmt":"2014-06-15T11:46:25","guid":{"rendered":"http:\/\/www.dr-kurscheid.de\/persoenlich\/?page_id=1217"},"modified":"2024-01-26T12:36:37","modified_gmt":"2024-01-26T11:36:37","slug":"2008-2","status":"publish","type":"page","link":"https:\/\/www.dr-kurscheid.de\/persoenlich\/mediathek\/tv\/nach-jahren\/2008-2","title":{"rendered":"2008"},"content":{"rendered":"<div class=\"columns large-12 medium-12 small-12\">\r\n  <h3>TV Beitr\u00e4ge 2008<\/h3>\r\n<p>Die Beitr\u00e4ge sind in chronologischer Reihenfolge aufgef\u00fchrt. F\u00fcr eine individuelle \u00dcbersicht, nutzen Sie die Sortierfunktion im Tabellenkopf<\/p>\r\n<p><a href=\"\/persoenlich\/mediathek\/tv\/nach-jahren\/2024-2\">2024<\/a> I <a href=\"\/persoenlich\/mediathek\/tv\/nach-jahren\/2023-2\">2023<\/a> I <a href=\"\/persoenlich\/mediathek\/tv\/nach-jahren\/2022-2\">2022<\/a> I <a href=\"\/persoenlich\/mediathek\/tv\/nach-jahren\/2021-2\">2021<\/a> I <a href=\"\/persoenlich\/mediathek\/tv\/nach-jahren\/2020-2\">2020<\/a> I <a href=\"\/persoenlich\/mediathek\/tv\/nach-jahren\/2019-2\">2019<\/a> I <a href=\"\/persoenlich\/mediathek\/tv\/nach-jahren\/2018-2\">2018<\/a> I <a href=\"\/persoenlich\/mediathek\/tv\/nach-jahren\/2017-2\">2017<\/a> I <a href=\"\/persoenlich\/mediathek\/tv\/nach-jahren\/2016-2\">2016<\/a> I <a href=\"\/persoenlich\/mediathek\/tv\/nach-jahren\/2015-2\">2015<\/a> I <a href=\"\/persoenlich\/mediathek\/tv\/nach-jahren\/2014-2\">2014<\/a> I <a href=\"\/persoenlich\/mediathek\/tv\/nach-jahren\/2013-2\">2013<\/a> I <a href=\"\/persoenlich\/mediathek\/tv\/nach-jahren\/2012-2\">2012<\/a> I <a href=\"\/persoenlich\/mediathek\/tv\/nach-jahren\/2011-2\">2011<\/a> I <a href=\"\/persoenlich\/mediathek\/tv\/nach-jahren\/2010-2\">2010<\/a> I <a href=\"\/persoenlich\/mediathek\/tv\/nach-jahren\/2009-2\">2009<\/a> I <strong>2008<\/strong> I <a href=\"\/persoenlich\/mediathek\/tv\/nach-jahren\/2007-2006\">2007-2006<\/a><\/p>\r\n\n<table id=\"tablepress-15\" class=\"tablepress tablepress-id-15\">\n<thead>\n<tr class=\"row-1\">\n\t<th class=\"column-1\">Datum<\/th><th class=\"column-2\">Sender<\/th><th class=\"column-3\">Sendung<\/th><th class=\"column-4\">Thema<\/th>\n<\/tr>\n<\/thead>\n<tbody class=\"row-striping row-hover\">\n<tr class=\"row-2\">\n\t<td class=\"column-1\">26.11.2008<\/td><td class=\"column-2\">ARD<\/td><td class=\"column-3\">Morgenmagazin<\/td><td class=\"column-4\"><a href=\"http:\/\/www.youtube.com\/watch?v=HS15zNZcDgE\" target=\"_blank\">Schlafst&ouml;rungen<\/a><\/td>\n<\/tr>\n<tr class=\"row-3\">\n\t<td class=\"column-1\">14.11.2008<\/td><td class=\"column-2\">ARD<\/td><td class=\"column-3\">Morgenmagazin<\/td><td class=\"column-4\"><a href=\"http:\/\/www.youtube.com\/watch?v=OaoDvTR4_8Y\" target=\"_blank\">Diabetes<\/a><\/td>\n<\/tr>\n<tr class=\"row-4\">\n\t<td class=\"column-1\">08.11.2008<\/td><td class=\"column-2\">RTL<\/td><td class=\"column-3\">Explosiv Weekend<\/td><td class=\"column-4\">Domino Day<\/td>\n<\/tr>\n<tr class=\"row-5\">\n\t<td class=\"column-1\">03.11.2008<\/td><td class=\"column-2\">RTL<\/td><td class=\"column-3\">Punkt 12<\/td><td class=\"column-4\">Di\u00e4tenvergleich<\/td>\n<\/tr>\n<tr class=\"row-6\">\n\t<td class=\"column-1\">27.10.2008<\/td><td class=\"column-2\">ARD<\/td><td class=\"column-3\">Morgenmagazin<\/td><td class=\"column-4\"><a href=\"http:\/\/www.youtube.com\/watch?v=ifpqNq1IbZY\" target=\"_blank\">Herzstolpern<\/a><\/td>\n<\/tr>\n<tr class=\"row-7\">\n\t<td class=\"column-1\">26.10.2008<\/td><td class=\"column-2\">SAT 1<\/td><td class=\"column-3\">Weck Up<\/td><td class=\"column-4\">Wohlf\u00fchlen im Herbst<\/td>\n<\/tr>\n<tr class=\"row-8\">\n\t<td class=\"column-1\">21.10.2008<\/td><td class=\"column-2\">MDR<\/td><td class=\"column-3\">hier ab vier<\/td><td class=\"column-4\">Osteoporose<\/td>\n<\/tr>\n<tr class=\"row-9\">\n\t<td class=\"column-1\">20.01.2008<\/td><td class=\"column-2\">ZDF<\/td><td class=\"column-3\">Volle Kanne<\/td><td class=\"column-4\">Gesund\u00a0mit Hund<\/td>\n<\/tr>\n<tr class=\"row-10\">\n\t<td class=\"column-1\">15.10.2008<\/td><td class=\"column-2\">ARD<\/td><td class=\"column-3\">Morgenmagazin<\/td><td class=\"column-4\"><a href=\"http:\/\/www.youtube.com\/watch?v=bdAtRyKr1aE\" target=\"_blank\">Grippeschutzimpfung<\/a><\/td>\n<\/tr>\n<tr class=\"row-11\">\n\t<td class=\"column-1\">23.09.2008<\/td><td class=\"column-2\">MDR<\/td><td class=\"column-3\">hier ab vier<\/td><td class=\"column-4\">Das kindliche Immunsystem<\/td>\n<\/tr>\n<tr class=\"row-12\">\n\t<td class=\"column-1\">15.09.2008<\/td><td class=\"column-2\">WDR<\/td><td class=\"column-3\">Servicezeit<\/td><td class=\"column-4\">Teufelskreis Fettfalle - Wenn Essen zur Qual wird<\/td>\n<\/tr>\n<tr class=\"row-13\">\n\t<td class=\"column-1\">05.09.2008<\/td><td class=\"column-2\">ARD<\/td><td class=\"column-3\">Morgenmagazin<\/td><td class=\"column-4\"><a href=\"http:\/\/www.youtube.com\/watch?v=zU4Z_DoH3OA\" target=\"_blank\">Kopfschmerzen<\/a><\/td>\n<\/tr>\n<tr class=\"row-14\">\n\t<td class=\"column-1\">25.08.2008<\/td><td class=\"column-2\">RTL<\/td><td class=\"column-3\">Punkt 12<\/td><td class=\"column-4\">Bekloppte Di\u00e4ten<\/td>\n<\/tr>\n<tr class=\"row-15\">\n\t<td class=\"column-1\">18.08.2008<\/td><td class=\"column-2\">ARD<\/td><td class=\"column-3\">Morgenmagazin<\/td><td class=\"column-4\"><a href=\"http:\/\/www.youtube.com\/watch?v=Zc49uUyfYR8\" target=\"_blank\">Schwindel<\/a><\/td>\n<\/tr>\n<tr class=\"row-16\">\n\t<td class=\"column-1\">11.08.2008<\/td><td class=\"column-2\">ZDF<\/td><td class=\"column-3\">Hallo Deutschland<\/td><td class=\"column-4\">25-j\u00e4hrige wiegt fast 200 Kilogramm<\/td>\n<\/tr>\n<tr class=\"row-17\">\n\t<td class=\"column-1\">22.07.2008<\/td><td class=\"column-2\">ARD<\/td><td class=\"column-3\">Morgenmagazin<\/td><td class=\"column-4\"><a href=\"http:\/\/www.youtube.com\/watch?v=U-xT2EC3erE\" target=\"_blank\">Magersucht<\/a><\/td>\n<\/tr>\n<tr class=\"row-18\">\n\t<td class=\"column-1\">26.07.2008<\/td><td class=\"column-2\">WDR<\/td><td class=\"column-3\">Aktuelle Stunde<\/td><td class=\"column-4\">Dr. Kurscheid zum Thema Fette<\/td>\n<\/tr>\n<tr class=\"row-19\">\n\t<td class=\"column-1\">15.06.2008<\/td><td class=\"column-2\">SAT 1<\/td><td class=\"column-3\">Weck Up<\/td><td class=\"column-4\">Gesund und fit durch den Sommer<\/td>\n<\/tr>\n<tr class=\"row-20\">\n\t<td class=\"column-1\">12.06.2008<\/td><td class=\"column-2\">RTL<\/td><td class=\"column-3\">Explosiv<\/td><td class=\"column-4\">Taugen neue Fitness-Ger&auml;te?<\/td>\n<\/tr>\n<tr class=\"row-21\">\n\t<td class=\"column-1\">19.05.2008<\/td><td class=\"column-2\">WDR<\/td><td class=\"column-3\">Servicezeit<\/td><td class=\"column-4\">Aversion gegen Lebensmittel<\/td>\n<\/tr>\n<tr class=\"row-22\">\n\t<td class=\"column-1\">16.05.2008<\/td><td class=\"column-2\">RTL<\/td><td class=\"column-3\">Explosiv<\/td><td class=\"column-4\">Karriere auf Kosten der Gesundheit?<\/td>\n<\/tr>\n<tr class=\"row-23\">\n\t<td class=\"column-1\">11.03.2008<\/td><td class=\"column-2\">WDR<\/td><td class=\"column-3\">Aktuelle Stunde<\/td><td class=\"column-4\">Wie klappt's mit dem Fasten?<\/td>\n<\/tr>\n<tr class=\"row-24\">\n\t<td class=\"column-1\">10.02.2008<\/td><td class=\"column-2\">SAT 1<\/td><td class=\"column-3\">Weck Up<\/td><td class=\"column-4\">Gewinn durch Verzicht? Fastenzeit als Chance<\/td>\n<\/tr>\n<tr class=\"row-25\">\n\t<td class=\"column-1\">28.01.2008<\/td><td class=\"column-2\">WDR<\/td><td class=\"column-3\">Der gro\u00dfe Gesundheitscheck<\/td><td class=\"column-4\">Familie Coster aus Dortmund<\/td>\n<\/tr>\n<tr class=\"row-26\">\n\t<td class=\"column-1\">21.01.2008<\/td><td class=\"column-2\">WDR<\/td><td class=\"column-3\">Der gro\u00dfe Gesundheitscheck<\/td><td class=\"column-4\">Familie Metz aus Essen<\/td>\n<\/tr>\n<tr class=\"row-27\">\n\t<td class=\"column-1\">21.01.2008<\/td><td class=\"column-2\">ARD<\/td><td class=\"column-3\">Morgenmagazin<\/td><td class=\"column-4\"><a href=\"http:\/\/www.youtube.com\/watch?v=_xozRpPg2XQ\" target=\"_blank\">Fett weg mit Muskeln<\/a><\/td>\n<\/tr>\n<tr class=\"row-28\">\n\t<td class=\"column-1\">14.01.2008<\/td><td class=\"column-2\">WDR<\/td><td class=\"column-3\">Der gro\u00dfe Gesundheitscheck<\/td><td class=\"column-4\">Familie Schmaul aus Euskirchen<\/td>\n<\/tr>\n<tr class=\"row-29\">\n\t<td class=\"column-1\">07.01.2008<\/td><td class=\"column-2\">WDR<\/td><td class=\"column-3\">Der gro\u00dfe Gesundheitscheck<\/td><td class=\"column-4\">Familie Ernst aus Duisburg<\/td>\n<\/tr>\n<\/tbody>\n<\/table>\n\r\n<\/div>","protected":false},"excerpt":{"rendered":"TV Beitr\u00e4ge 2008 Die Beitr\u00e4ge sind in chronologischer Reihenfolge aufgef\u00fchrt. F\u00fcr eine individuelle \u00dcbersicht, nutzen Sie die Sortierfunktion im Tabellenkopf 2024 I 2023 I 2022 I 2021 I 2020 I 2019 I 2018 I 2017 I 2016 I 2015 I 2014 I 2013 I 2012 I 2011 I 2010 I 2009 I 2008 I 2007-2006","protected":false},"author":2,"featured_media":0,"parent":1047,"menu_order":42,"comment_status":"closed","ping_status":"closed","template":"page-left-sidebar-child.php","meta":{"_acf_changed":false,"footnotes":""},"categories":[],"tags":[],"class_list":["post-1217","page","type-page","status-publish","hentry"],"translation":{"provider":"WPGlobus","version":"3.0.2","language":"de","enabled_languages":["de","en"],"languages":{"de":{"title":true,"content":true,"excerpt":false},"en":{"title":false,"content":false,"excerpt":false}}},"acf":[],"_links":{"self":[{"href":"https:\/\/www.dr-kurscheid.de\/persoenlich\/wp-json\/wp\/v2\/pages\/1217","targetHints":{"allow":["GET"]}}],"collection":[{"href":"https:\/\/www.dr-kurscheid.de\/persoenlich\/wp-json\/wp\/v2\/pages"}],"about":[{"href":"https:\/\/www.dr-kurscheid.de\/persoenlich\/wp-json\/wp\/v2\/types\/page"}],"author":[{"embeddable":true,"href":"https:\/\/www.dr-kurscheid.de\/persoenlich\/wp-json\/wp\/v2\/users\/2"}],"replies":[{"embeddable":true,"href":"https:\/\/www.dr-kurscheid.de\/persoenlich\/wp-json\/wp\/v2\/comments?post=1217"}],"version-history":[{"count":19,"href":"https:\/\/www.dr-kurscheid.de\/persoenlich\/wp-json\/wp\/v2\/pages\/1217\/revisions"}],"predecessor-version":[{"id":2785,"href":"https:\/\/www.dr-kurscheid.de\/persoenlich\/wp-json\/wp\/v2\/pages\/1217\/revisions\/2785"}],"up":[{"embeddable":true,"href":"https:\/\/www.dr-kurscheid.de\/persoenlich\/wp-json\/wp\/v2\/pages\/1047"}],"wp:attachment":[{"href":"https:\/\/www.dr-kurscheid.de\/persoenlich\/wp-json\/wp\/v2\/media?parent=1217"}],"wp:term":[{"taxonomy":"category","embeddable":true,"href":"https:\/\/www.dr-kurscheid.de\/persoenlich\/wp-json\/wp\/v2\/categories?post=1217"},{"taxonomy":"post_tag","embeddable":true,"href":"https:\/\/www.dr-kurscheid.de\/persoenlich\/wp-json\/wp\/v2\/tags?post=1217"}],"curies":[{"name":"wp","href":"https:\/\/api.w.org\/{rel}","templated":true}]}}