{"id":1398,"date":"2014-06-16T13:06:50","date_gmt":"2014-06-16T11:06:50","guid":{"rendered":"http:\/\/www.dr-kurscheid.de\/persoenlich\/?page_id=1398"},"modified":"2024-01-26T12:34:20","modified_gmt":"2024-01-26T11:34:20","slug":"2015-2","status":"publish","type":"page","link":"https:\/\/www.dr-kurscheid.de\/persoenlich\/mediathek\/tv\/nach-jahren\/2015-2","title":{"rendered":"2015"},"content":{"rendered":"<div class=\"columns large-12 medium-12 small-12\">\r\n  <h3>TV Beitr\u00e4ge 2015<\/h3>\r\n\r\n<p>Die Beitr\u00e4ge sind in chronologischer Reihenfolge aufgef\u00fchrt. F\u00fcr eine individuelle \u00dcbersicht, nutzen Sie die Sortierfunktion im Tabellenkopf<\/p>\r\n<p><a href=\"\/persoenlich\/mediathek\/tv\/nach-jahren\/2024-2\">2024<\/a> I <a href=\"\/persoenlich\/mediathek\/tv\/nach-jahren\/2023-2\">2023<\/a> I <a href=\"\/persoenlich\/mediathek\/tv\/nach-jahren\/2022-2\">2022<\/a> I <a href=\"\/persoenlich\/mediathek\/tv\/nach-jahren\/2021-2\">2021<\/a> I <a href=\"\/persoenlich\/mediathek\/tv\/nach-jahren\/2020-2\">2020<\/a> I <a href=\"\/persoenlich\/mediathek\/tv\/nach-jahren\/2019-2\">2019<\/a> I <a href=\"\/persoenlich\/mediathek\/tv\/nach-jahren\/2018-2\">2018<\/a> I <a href=\"\/persoenlich\/mediathek\/tv\/nach-jahren\/2017-2\">2017<\/a> I <a href=\"\/persoenlich\/mediathek\/tv\/nach-jahren\/2016-2\">2016<\/a> I <strong>2015<\/strong> I <a href=\"\/persoenlich\/mediathek\/tv\/nach-jahren\/2014-2\">2014<\/a> I <a href=\"\/persoenlich\/mediathek\/tv\/nach-jahren\/2013-2\">2013<\/a> I <a href=\"\/persoenlich\/mediathek\/tv\/nach-jahren\/2012-2\">2012<\/a> I <a href=\"\/persoenlich\/mediathek\/tv\/nach-jahren\/2011-2\">2011<\/a> I <a href=\"\/persoenlich\/mediathek\/tv\/nach-jahren\/2010-2\">2010<\/a> I <a href=\"\/persoenlich\/mediathek\/tv\/nach-jahren\/2009-2\">2009<\/a> I <a href=\"\/persoenlich\/mediathek\/tv\/nach-jahren\/2008-2\">2008<\/a> I <a href=\"\/persoenlich\/mediathek\/tv\/nach-jahren\/2007-2006\">2007-2006<\/a><\/p>\r\n\n<table id=\"tablepress-29\" class=\"tablepress tablepress-id-29\">\n<thead>\n<tr class=\"row-1\">\n\t<th class=\"column-1\">Datum <\/th><th class=\"column-2\">Sender<\/th><th class=\"column-3\">Sendung<\/th><th class=\"column-4\">Thema<\/th>\n<\/tr>\n<\/thead>\n<tbody class=\"row-striping row-hover\">\n<tr class=\"row-2\">\n\t<td class=\"column-1\">03.12.2015<\/td><td class=\"column-2\">RTL<\/td><td class=\"column-3\">Punkt 12<\/td><td class=\"column-4\"><a href=\"http:\/\/www.youtube.com\/watch?v=NPxRZzGee0I\" target=\"_blank\">Fitnesstracker im Test<\/a><\/td>\n<\/tr>\n<tr class=\"row-3\">\n\t<td class=\"column-1\">19.11.2015<\/td><td class=\"column-2\">ARD<\/td><td class=\"column-3\">Mittagsmagazin<\/td><td class=\"column-4\"><a href=\"https:\/\/www.youtube.com\/watch?v=BOSbF7RJRHI\" target=\"_blank\">Gesundheits-Apps<\/a><\/td>\n<\/tr>\n<tr class=\"row-4\">\n\t<td class=\"column-1\">30.10.2015<\/td><td class=\"column-2\">SWR<\/td><td class=\"column-3\">Nachtcaf\u00e9 \u2013 Das Beste  <\/td><td class=\"column-4\"><a href=\"http:\/\/www.veoh.com\/watch\/v19928983ZDJ9egsb\" target=\"_blank\">Abschied vom Schlankheitswahn \u2013 der neue Mut zur Nat\u00fcrlichkeit<\/a><\/td>\n<\/tr>\n<tr class=\"row-5\">\n\t<td class=\"column-1\">12.10.2015<\/td><td class=\"column-2\">RTL2<\/td><td class=\"column-3\">RTL2 News<\/td><td class=\"column-4\">Machen Korsetts schlank und wie wirkt sich das gesundheitlich auf den K\u00f6rper aus?<\/td>\n<\/tr>\n<tr class=\"row-6\">\n\t<td class=\"column-1\">28.09.2015<\/td><td class=\"column-2\">ARD<\/td><td class=\"column-3\">Markencheck<\/td><td class=\"column-4\"><a href=\"http:\/\/www.daserste.de\/information\/ratgeber-service\/markencheck\/markencheck\/der-nestle-check-2-folge-3-102.html\" target=\"_blank\">Der Nestl\u00e9-Check (Teil 2)<\/a><\/td>\n<\/tr>\n<tr class=\"row-7\">\n\t<td class=\"column-1\">25.09.2015<\/td><td class=\"column-2\">N24<\/td><td class=\"column-3\">N24 Nachrichten<\/td><td class=\"column-4\"><a href=\"http:\/\/www.n24.de\/n24\/Mediathek\/videos\/d\/7355192\/gesundes-essen-aus-dem-automaten-.html\" target=\"_blank\">Gesundes Essen aus dem Automaten?<\/a><\/td>\n<\/tr>\n<tr class=\"row-8\">\n\t<td class=\"column-1\">21.09.2015<\/td><td class=\"column-2\">ARD<\/td><td class=\"column-3\">Markencheck<\/td><td class=\"column-4\"><a href=\"http:\/\/www.daserste.de\/information\/ratgeber-service\/markencheck\/markencheck\/nestle-maggi-nespresso-lebensmittel-check100.html\" target=\"_blank\">Der Nestl\u00e9-Check (Teil 1)<\/a><\/td>\n<\/tr>\n<tr class=\"row-9\">\n\t<td class=\"column-1\">14.09.2015<\/td><td class=\"column-2\">RTL<\/td><td class=\"column-3\">RTL West <br> Nachrichten aus NRW<\/td><td class=\"column-4\"><a href=\"http:\/\/www.rtl-west.de\/beitrag\/artikel\/wenn-essen-krank-macht\/\" target=\"_blank\">Gluten-Unvertr\u00e4glichkeit<\/a><\/td>\n<\/tr>\n<tr class=\"row-10\">\n\t<td class=\"column-1\">05.09.2015<\/td><td class=\"column-2\">RTL<\/td><td class=\"column-3\">Explosiv-Weekend<\/td><td class=\"column-4\">Spritze soll Fett zum Schmelzen bringen<\/td>\n<\/tr>\n<tr class=\"row-11\">\n\t<td class=\"column-1\">01.08.2015<\/td><td class=\"column-2\">RTL<\/td><td class=\"column-3\">RTL aktuell<\/td><td class=\"column-4\">Bierbauch<\/td>\n<\/tr>\n<tr class=\"row-12\">\n\t<td class=\"column-1\">29.07.2015<\/td><td class=\"column-2\">RTL<\/td><td class=\"column-3\">Punkt 12<\/td><td class=\"column-4\"><a href=\"http:\/\/www.rtl.de\/cms\/us-studie-vermisst-das-biologische-alter-schon-frueh-massive-unterschiede-2392993.html?c=9851&amp;i=15\" target=\"_blank\">Biologisches Alter<\/a><\/td>\n<\/tr>\n<tr class=\"row-13\">\n\t<td class=\"column-1\">29.07.2015<\/td><td class=\"column-2\">RTL<\/td><td class=\"column-3\">Nachtjournal<\/td><td class=\"column-4\"><a href=\"http:\/\/www.rtl.de\/cms\/us-studie-vermisst-das-biologische-alter-schon-frueh-massive-unterschiede-2392993.html?c=c8bb&amp;i=18\" target=\"_blank\">Biologisches Alter<\/a><\/td>\n<\/tr>\n<tr class=\"row-14\">\n\t<td class=\"column-1\">23.07.2015<\/td><td class=\"column-2\">ZDF<\/td><td class=\"column-3\">Donnerstalk<\/td><td class=\"column-4\">Therapiehunde<\/td>\n<\/tr>\n<tr class=\"row-15\">\n\t<td class=\"column-1\">12.07.2015<\/td><td class=\"column-2\">ZDF<\/td><td class=\"column-3\">Peter Hahne<\/td><td class=\"column-4\"><a href=\"https:\/\/www.youtube.com\/watch?v=b0fBaPhdYhQ\" target=\"_blank\">Zu Gast in der Sendung <br> Thema: Spielt das Wetter jetzt verr\u00fcckt? <br>Unwetter, Temperaturrekorde und Hitzetote<\/a><\/td>\n<\/tr>\n<tr class=\"row-16\">\n\t<td class=\"column-1\">01.07.2015<\/td><td class=\"column-2\">WDR<\/td><td class=\"column-3\">Servicezeit<\/td><td class=\"column-4\"><a href=\"https:\/\/www.youtube.com\/watch?v=BjU6m_P5oTg\" target=\"_blank\">Hitzewelle? Kein Problem!<\/a><\/td>\n<\/tr>\n<tr class=\"row-17\">\n\t<td class=\"column-1\">14.04.2015<\/td><td class=\"column-2\">WDR<\/td><td class=\"column-3\">Quarks &amp; Co.<\/td><td class=\"column-4\">Die Haut als Vitamin D-Fabrik<\/td>\n<\/tr>\n<tr class=\"row-18\">\n\t<td class=\"column-1\">10.04.2015<\/td><td class=\"column-2\">RTL<\/td><td class=\"column-3\">RTL West <br> Nachrichten aus NRW<\/td><td class=\"column-4\"><a href=\"http:\/\/www.rtl-west.de\/beitrag\/artikel\/hack-nach-unten\/\" target=\"_blank\">K\u00fchlschrankhygiene<\/a><\/td>\n<\/tr>\n<tr class=\"row-19\">\n\t<td class=\"column-1\">21.02.2015<\/td><td class=\"column-2\">SWR<\/td><td class=\"column-3\">Menschen der Woche<\/td><td class=\"column-4\"><a href=\"http:\/\/www.youtube.com\/watch?v=METyEr1MXxo\" target=\"_blank\">Dr. Kurscheid zu Gast in der Sendung, u.a. zum Thema Fasten<\/a><\/td>\n<\/tr>\n<tr class=\"row-20\">\n\t<td class=\"column-1\">19.01.2015<\/td><td class=\"column-2\">WDR<\/td><td class=\"column-3\">markt<\/td><td class=\"column-4\"><a href=\"https:\/\/www.youtube.com\/watch?v=cEYiTVAW-_s\" target=\"_blank\">Fasten- Entschlacken und abnehmen?<\/a><\/td>\n<\/tr>\n<\/tbody>\n<\/table>\n<!-- #tablepress-29 from cache -->\r\n<\/div>","protected":false},"excerpt":{"rendered":"TV Beitr\u00e4ge 2015 Die Beitr\u00e4ge sind in chronologischer Reihenfolge aufgef\u00fchrt. F\u00fcr eine individuelle \u00dcbersicht, nutzen Sie die Sortierfunktion im Tabellenkopf 2024 I 2023 I 2022 I 2021 I 2020 I 2019 I 2018 I 2017 I 2016 I 2015 I 2014 I 2013 I 2012 I 2011 I 2010 I 2009 I 2008 I 2007-2006","protected":false},"author":6,"featured_media":0,"parent":1047,"menu_order":17,"comment_status":"closed","ping_status":"closed","template":"page-left-sidebar-child.php","meta":{"_acf_changed":false,"footnotes":""},"categories":[],"tags":[],"class_list":["post-1398","page","type-page","status-publish","hentry"],"translation":{"provider":"WPGlobus","version":"3.0.2","language":"de","enabled_languages":["de","en"],"languages":{"de":{"title":true,"content":true,"excerpt":false},"en":{"title":false,"content":false,"excerpt":false}}},"acf":[],"_links":{"self":[{"href":"https:\/\/www.dr-kurscheid.de\/persoenlich\/wp-json\/wp\/v2\/pages\/1398","targetHints":{"allow":["GET"]}}],"collection":[{"href":"https:\/\/www.dr-kurscheid.de\/persoenlich\/wp-json\/wp\/v2\/pages"}],"about":[{"href":"https:\/\/www.dr-kurscheid.de\/persoenlich\/wp-json\/wp\/v2\/types\/page"}],"author":[{"embeddable":true,"href":"https:\/\/www.dr-kurscheid.de\/persoenlich\/wp-json\/wp\/v2\/users\/6"}],"replies":[{"embeddable":true,"href":"https:\/\/www.dr-kurscheid.de\/persoenlich\/wp-json\/wp\/v2\/comments?post=1398"}],"version-history":[{"count":64,"href":"https:\/\/www.dr-kurscheid.de\/persoenlich\/wp-json\/wp\/v2\/pages\/1398\/revisions"}],"predecessor-version":[{"id":1713,"href":"https:\/\/www.dr-kurscheid.de\/persoenlich\/wp-json\/wp\/v2\/pages\/1398\/revisions\/1713"}],"up":[{"embeddable":true,"href":"https:\/\/www.dr-kurscheid.de\/persoenlich\/wp-json\/wp\/v2\/pages\/1047"}],"wp:attachment":[{"href":"https:\/\/www.dr-kurscheid.de\/persoenlich\/wp-json\/wp\/v2\/media?parent=1398"}],"wp:term":[{"taxonomy":"category","embeddable":true,"href":"https:\/\/www.dr-kurscheid.de\/persoenlich\/wp-json\/wp\/v2\/categories?post=1398"},{"taxonomy":"post_tag","embeddable":true,"href":"https:\/\/www.dr-kurscheid.de\/persoenlich\/wp-json\/wp\/v2\/tags?post=1398"}],"curies":[{"name":"wp","href":"https:\/\/api.w.org\/{rel}","templated":true}]}}