{"id":1744,"date":"2015-01-30T19:22:57","date_gmt":"2015-01-30T18:22:57","guid":{"rendered":"http:\/\/www.dr-kurscheid.de\/persoenlich\/?page_id=1744"},"modified":"2024-01-26T12:34:33","modified_gmt":"2024-01-26T11:34:33","slug":"2014-2","status":"publish","type":"page","link":"https:\/\/www.dr-kurscheid.de\/persoenlich\/mediathek\/tv\/nach-jahren\/2014-2","title":{"rendered":"2014"},"content":{"rendered":"<div class=\"columns large-12 medium-12 small-12\">\r\n  <h3>TV Beitr\u00e4ge 2014<\/h3>\r\n<p>Die Beitr\u00e4ge sind in chronologischer Reihenfolge aufgef\u00fchrt. F\u00fcr eine individuelle \u00dcbersicht, nutzen Sie die Sortierfunktion im Tabellenkopf<\/p>\r\n<p><a href=\"\/persoenlich\/mediathek\/tv\/nach-jahren\/2024-2\">2024<\/a> I <a href=\"\/persoenlich\/mediathek\/tv\/nach-jahren\/2023-2\">2023<\/a> I <a href=\"\/persoenlich\/mediathek\/tv\/nach-jahren\/2022-2\">2022<\/a> I <a href=\"\/persoenlich\/mediathek\/tv\/nach-jahren\/2021-2\">2021<\/a> I <a href=\"\/persoenlich\/mediathek\/tv\/nach-jahren\/2020-2\">2020<\/a> I <a href=\"\/persoenlich\/mediathek\/tv\/nach-jahren\/2019-2\">2019<\/a> I <a href=\"\/persoenlich\/mediathek\/tv\/nach-jahren\/2018-2\">2018<\/a> I <a href=\"\/persoenlich\/mediathek\/tv\/nach-jahren\/2017-2\">2017<\/a> I <a href=\"\/persoenlich\/mediathek\/tv\/nach-jahren\/2016-2\">2016<\/a> I <a href=\"\/persoenlich\/mediathek\/tv\/nach-jahren\/2015-2\">2015<\/a> I <strong>2014<\/strong> I <a href=\"\/persoenlich\/mediathek\/tv\/nach-jahren\/2013-2\">2013<\/a> I <a href=\"\/persoenlich\/mediathek\/tv\/nach-jahren\/2012-2\">2012<\/a> I <a href=\"\/persoenlich\/mediathek\/tv\/nach-jahren\/2011-2\">2011<\/a> I <a href=\"\/persoenlich\/mediathek\/tv\/nach-jahren\/2010-2\">2010<\/a> I <a href=\"\/persoenlich\/mediathek\/tv\/nach-jahren\/2009-2\">2009<\/a> I <a href=\"\/persoenlich\/mediathek\/tv\/nach-jahren\/2008-2\">2008<\/a> I <a href=\"\/persoenlich\/mediathek\/tv\/nach-jahren\/2007-2006\">2007-2006<\/a><\/p>\r\n\n<table id=\"tablepress-7\" class=\"tablepress tablepress-id-7\">\n<thead>\n<tr class=\"row-1\">\n\t<th class=\"column-1\">Datum <\/th><th class=\"column-2\">Sender<\/th><th class=\"column-3\">Sendung<\/th><th class=\"column-4\">Thema<\/th>\n<\/tr>\n<\/thead>\n<tbody class=\"row-striping row-hover\">\n<tr class=\"row-2\">\n\t<td class=\"column-1\">24.10.2014<\/td><td class=\"column-2\">WDR<\/td><td class=\"column-3\">Daheim &amp; unterwegs<\/td><td class=\"column-4\"><a href=\"https:\/\/www.youtube.com\/watch?v=kkSfFHk1l7s&amp;list=UUwqobMcjTLANQWFLo1YeXHA\" target=\"_blank\">Medizin-Mythen \u2013 Dr. Kurscheid zu Gast bei daheim &amp; unterwegs<\/a><\/td>\n<\/tr>\n<tr class=\"row-3\">\n\t<td class=\"column-1\">14.10.2014<\/td><td class=\"column-2\">RTL 2<\/td><td class=\"column-3\">Family Stories<\/td><td class=\"column-4\"><a href=\"http:\/\/www.rtl2.de\/sendung\/family-stories\/folge\/folge-217-ein-block-nimmt-ab-5\" target=\"_blank\">Teil 5: Ein Block nimmt ab<\/a><\/td>\n<\/tr>\n<tr class=\"row-4\">\n\t<td class=\"column-1\">07.10.2014<\/td><td class=\"column-2\">RTL 2<\/td><td class=\"column-3\">Family Stories<\/td><td class=\"column-4\">Teil 4: Ein Block nimmt ab<\/td>\n<\/tr>\n<tr class=\"row-5\">\n\t<td class=\"column-1\">30.09.2014<\/td><td class=\"column-2\">RTL 2<\/td><td class=\"column-3\">Family Stories<\/td><td class=\"column-4\">Teil 3: Ein Block nimmt ab<\/td>\n<\/tr>\n<tr class=\"row-6\">\n\t<td class=\"column-1\">23.09.2014<\/td><td class=\"column-2\">RTL 2<\/td><td class=\"column-3\">Family Stories<\/td><td class=\"column-4\">Teil 2: Ein Block nimmt ab<\/td>\n<\/tr>\n<tr class=\"row-7\">\n\t<td class=\"column-1\">21.09.2014<\/td><td class=\"column-2\">RTL<\/td><td class=\"column-3\">Exclusiv-Weekend <\/td><td class=\"column-4\"><a href=\"http:\/\/www.youtube.com\/watch?v=WNAoplyqUDU\" target=\"_blank\">Elefantenbeine (Teil des Beitrags handelt von der Kryolipolyse-Behandlung)<\/a><\/td>\n<\/tr>\n<tr class=\"row-8\">\n\t<td class=\"column-1\">16.09.2014<\/td><td class=\"column-2\">RTL 2<\/td><td class=\"column-3\">Family Stories<\/td><td class=\"column-4\">Teil 1: Ein Block nimmt ab<\/td>\n<\/tr>\n<tr class=\"row-9\">\n\t<td class=\"column-1\">07.09.2014<\/td><td class=\"column-2\">Sat.1 <\/td><td class=\"column-3\"> Weck Up<\/td><td class=\"column-4\"><a href=\"http:\/\/www.youtube.com\/watch?v=gWhEii_q9x4&amp;list=UUwqobMcjTLANQWFLo1YeXHA\" target=\"_blank\">Unser K\u00f6rper: Was Menschen alles schaffen <\/a><\/td>\n<\/tr>\n<tr class=\"row-10\">\n\t<td class=\"column-1\">23.08.2014<\/td><td class=\"column-2\">RTL<\/td><td class=\"column-3\">Explosiv-Weekend <\/td><td class=\"column-4\"><a href=\"http:\/\/www.rtl.de\/cms\/ratgeber\/korsett-tragen-wie-eng-muss-eine-korsage-sein-um-eine-wespentaille-zu-bekommen-3f06d-bbb5-51-2019192.html\" target=\"_blank\">Korsett tragen: Sch\u00f6n oder eine Qual? Eine Reporterin macht den Selbstversuch.<\/a><\/td>\n<\/tr>\n<tr class=\"row-11\">\n\t<td class=\"column-1\">15.08.2014<\/td><td class=\"column-2\">WDR<\/td><td class=\"column-3\">Servicezeit Reportage<\/td><td class=\"column-4\">Esstrend vegan \u2013 Zwischen Kult, Kritik und Vorurteilen<\/td>\n<\/tr>\n<tr class=\"row-12\">\n\t<td class=\"column-1\">22.07.2014<\/td><td class=\"column-2\">RTL<\/td><td class=\"column-3\">Explosiv<\/td><td class=\"column-4\"><a href=\"http:\/\/www.youtube.com\/watch?v=Jn0cECWV9Rc\" target=\"_blank\">Das Hitze-Experiment: Der Selbstversuch - Bei Hitze im Auto ausharren<\/a><\/td>\n<\/tr>\n<tr class=\"row-13\">\n\t<td class=\"column-1\">19.07.2014<\/td><td class=\"column-2\">RTL<\/td><td class=\"column-3\">Explosiv-Weekend <\/td><td class=\"column-4\"><a href=\"http:\/\/www.rtl.de\/cms\/news\/explosiv\/selbstversuch-so-heftig-schlaucht-uns-die-hitze-3de74-a93b-15-1983420.html\" target=\"_blank\">Selbstversuch - So schlaucht uns die Hitze und was hilft dagegen?<\/a><\/td>\n<\/tr>\n<tr class=\"row-14\">\n\t<td class=\"column-1\">16.07.2014<\/td><td class=\"column-2\">WDR<\/td><td class=\"column-3\">Aktuelle Stunde<\/td><td class=\"column-4\">Das Leben nach der WM \u2013 Essverhalten<\/td>\n<\/tr>\n<tr class=\"row-15\">\n\t<td class=\"column-1\">08.06.2014<\/td><td class=\"column-2\">WDR<\/td><td class=\"column-3\">Servicezeit Reportage<\/td><td class=\"column-4\"><a href=\"https:\/\/www.youtube.com\/watch?v=0W9ZmwZJ2qY&amp;list=UUwqobMcjTLANQWFLo1YeXHA\" target=\"_blank\">Fit mit K\u00f6nnes \u2013 die WM ruft!<\/a><\/td>\n<\/tr>\n<tr class=\"row-16\">\n\t<td class=\"column-1\">19.05.2014<\/td><td class=\"column-2\">RTL<\/td><td class=\"column-3\">Punkt 12<\/td><td class=\"column-4\"><a href=\"http:\/\/www.rtl.de\/cms\/news\/punkt-12\/punkt-12-test\/heisshunger-bekaempfen-mit-chia-samen-und-yoga-3b7d6-b861-21-1912552.html\" target=\"_blank\">Hei&szlig;hunger bek&auml;mpfen<\/a><\/td>\n<\/tr>\n<tr class=\"row-17\">\n\t<td class=\"column-1\">06.05.2014<\/td><td class=\"column-2\">N24<\/td><td class=\"column-3\">Nachrichten<\/td><td class=\"column-4\"><a href=\"http:\/\/www.n24.de\/n24\/Mediathek\/videos\/d\/4700222\/schlanksein-ist-nicht-alles.html\" target=\"_blank\">Anti-Di\u00e4t-Tag: Schlanksein ist nicht alles<\/a><\/td>\n<\/tr>\n<tr class=\"row-18\">\n\t<td class=\"column-1\">03.04.2014<\/td><td class=\"column-2\">ZDFneo<\/td><td class=\"column-3\">Da wird mir \u00fcbel<\/td><td class=\"column-4\"><a href=\"https:\/\/youtu.be\/EnfkRfoHdSY?t=25m58s\" target=\"_blank\">Vegetarisch<\/a><\/td>\n<\/tr>\n<tr class=\"row-19\">\n\t<td class=\"column-1\">25.03.-27.03.2014<\/td><td class=\"column-2\">WDR<\/td><td class=\"column-3\">Servicezeit<\/td><td class=\"column-4\">Fit mit K\u00f6nnes - Folgen 1-3<\/td>\n<\/tr>\n<tr class=\"row-20\">\n\t<td class=\"column-1\">17.03.2014<\/td><td class=\"column-2\">Sat.1<\/td><td class=\"column-3\">Sat.1 Fr\u00fchst\u00fccksfernsehen<\/td><td class=\"column-4\">Fr\u00fchlings-Mythen<\/td>\n<\/tr>\n<tr class=\"row-21\">\n\t<td class=\"column-1\">06.03.2014<\/td><td class=\"column-2\">ZDFneo<\/td><td class=\"column-3\">Wie werd ich... (Sendereihe)<\/td><td class=\"column-4\">Wie werd' ich Weltrekordler?<\/td>\n<\/tr>\n<tr class=\"row-22\">\n\t<td class=\"column-1\">09.02.2014<\/td><td class=\"column-2\">RTL<\/td><td class=\"column-3\">Rach deckt auf!<\/td><td class=\"column-4\"><a href=\"http:\/\/rtl-now.rtl.de\/rach-deckt-auf\/fast-food-deutschland.php?container_id=127167&amp;player=1&amp;season=1\" target=\"_blank\">Fastfood Deutschland &amp; Zuckerkonsum (Wh. von 2013) <\/a><\/td>\n<\/tr>\n<tr class=\"row-23\">\n\t<td class=\"column-1\">07.02.2014<\/td><td class=\"column-2\">RTL<\/td><td class=\"column-3\">RTL Aktuell<\/td><td class=\"column-4\">Hungernde Kinder in Syrien<\/td>\n<\/tr>\n<tr class=\"row-24\">\n\t<td class=\"column-1\">29.01.2014<\/td><td class=\"column-2\">RTL<\/td><td class=\"column-3\">Punkt 12<br \/>\n(gek\u00fcrzter Extra- Beitrag)<\/td><td class=\"column-4\"><a href=\"http:\/\/www.rtl.de\/cms\/news\/dschungel-diaet-wie-man-mit-70-gramm-bohnen-und-70-gramm-reis-durch-den-tag-kommt-37033-ada1-50-1782105.html\" target=\"_blank\">Hungern wie im Dschungelcamp - Die Dschungeldi&auml;t: Der Selbstversuch<\/a><\/td>\n<\/tr>\n<tr class=\"row-25\">\n\t<td class=\"column-1\">27.01.2014<\/td><td class=\"column-2\">RTL<\/td><td class=\"column-3\">Extra - Das Magazin<\/td><td class=\"column-4\"><a href=\"http:\/\/www.rtl.de\/cms\/news\/dschungel-diaet-wie-man-mit-70-gramm-bohnen-und-70-gramm-reis-durch-den-tag-kommt-37033-ada1-50-1782105.html\" target=\"_blank\">Hungern wie im Dschungelcamp - Die Dschungeldi&auml;t: Der Selbstversuch<\/a><\/td>\n<\/tr>\n<tr class=\"row-26\">\n\t<td class=\"column-1\">16.01.2014<\/td><td class=\"column-2\">WDR<\/td><td class=\"column-3\">Servicezeit<\/td><td class=\"column-4\">Die 24-Stunden-Di&auml;t - Teil 2<\/td>\n<\/tr>\n<tr class=\"row-27\">\n\t<td class=\"column-1\">15.01.2014<\/td><td class=\"column-2\">WDR<\/td><td class=\"column-3\">Servicezeit<\/td><td class=\"column-4\">Die 24-Stunden-Di&auml;t - Teil 1<\/td>\n<\/tr>\n<tr class=\"row-28\">\n\t<td class=\"column-1\">14.01.2014<\/td><td class=\"column-2\">RTL<\/td><td class=\"column-3\">Punkt 12<\/td><td class=\"column-4\">Aromastoffe in Lebensmitteln<\/td>\n<\/tr>\n<tr class=\"row-29\">\n\t<td class=\"column-1\">09.01.2014<\/td><td class=\"column-2\">WDR<\/td><td class=\"column-3\">Lokalzeit aus K\u00f6ln<\/td><td class=\"column-4\"><a href=\"https:\/\/www.youtube.com\/watch?v=0w3UxehgulU\" target=\"_blank\">Kryolipolyse - Eiskalt abnehmen mit K&auml;lte und Reizstrom<\/a><\/td>\n<\/tr>\n<tr class=\"row-30\">\n\t<td class=\"column-1\">08.01.2014<\/td><td class=\"column-2\">RTL<\/td><td class=\"column-3\">Punkt 12<\/td><td class=\"column-4\">Wochenserie \u00fcber adip\u00f6se Kinder - Teil 2<\/td>\n<\/tr>\n<tr class=\"row-31\">\n\t<td class=\"column-1\">07.01.2014<\/td><td class=\"column-2\">RTL<\/td><td class=\"column-3\">Punkt 12<\/td><td class=\"column-4\">Wochenserie \u00fcber adip\u00f6se Kinder - Teil 1<\/td>\n<\/tr>\n<tr class=\"row-32\">\n\t<td class=\"column-1\">05.01.2014<\/td><td class=\"column-2\">SAT 1<\/td><td class=\"column-3\">Weck up<\/td><td class=\"column-4\"><a href=\"https:\/\/www.youtube.com\/watch?v=2B0zb2VrDec\" target=\"_blank\">2014! - das wird mein Jahr<\/a><\/td>\n<\/tr>\n<\/tbody>\n<\/table>\n<!-- #tablepress-7 from cache -->\r\n<\/div>","protected":false},"excerpt":{"rendered":"TV Beitr\u00e4ge 2014 Die Beitr\u00e4ge sind in chronologischer Reihenfolge aufgef\u00fchrt. F\u00fcr eine individuelle \u00dcbersicht, nutzen Sie die Sortierfunktion im Tabellenkopf 2024 I 2023 I 2022 I 2021 I 2020 I 2019 I 2018 I 2017 I 2016 I 2015 I 2014 I 2013 I 2012 I 2011 I 2010 I 2009 I 2008 I 2007-2006","protected":false},"author":3,"featured_media":0,"parent":1047,"menu_order":23,"comment_status":"closed","ping_status":"closed","template":"page-left-sidebar-child.php","meta":{"_acf_changed":false,"footnotes":""},"categories":[],"tags":[],"class_list":["post-1744","page","type-page","status-publish","hentry"],"translation":{"provider":"WPGlobus","version":"3.0.2","language":"de","enabled_languages":["de","en"],"languages":{"de":{"title":true,"content":true,"excerpt":false},"en":{"title":false,"content":false,"excerpt":false}}},"acf":[],"_links":{"self":[{"href":"https:\/\/www.dr-kurscheid.de\/persoenlich\/wp-json\/wp\/v2\/pages\/1744","targetHints":{"allow":["GET"]}}],"collection":[{"href":"https:\/\/www.dr-kurscheid.de\/persoenlich\/wp-json\/wp\/v2\/pages"}],"about":[{"href":"https:\/\/www.dr-kurscheid.de\/persoenlich\/wp-json\/wp\/v2\/types\/page"}],"author":[{"embeddable":true,"href":"https:\/\/www.dr-kurscheid.de\/persoenlich\/wp-json\/wp\/v2\/users\/3"}],"replies":[{"embeddable":true,"href":"https:\/\/www.dr-kurscheid.de\/persoenlich\/wp-json\/wp\/v2\/comments?post=1744"}],"version-history":[{"count":33,"href":"https:\/\/www.dr-kurscheid.de\/persoenlich\/wp-json\/wp\/v2\/pages\/1744\/revisions"}],"predecessor-version":[{"id":1750,"href":"https:\/\/www.dr-kurscheid.de\/persoenlich\/wp-json\/wp\/v2\/pages\/1744\/revisions\/1750"}],"up":[{"embeddable":true,"href":"https:\/\/www.dr-kurscheid.de\/persoenlich\/wp-json\/wp\/v2\/pages\/1047"}],"wp:attachment":[{"href":"https:\/\/www.dr-kurscheid.de\/persoenlich\/wp-json\/wp\/v2\/media?parent=1744"}],"wp:term":[{"taxonomy":"category","embeddable":true,"href":"https:\/\/www.dr-kurscheid.de\/persoenlich\/wp-json\/wp\/v2\/categories?post=1744"},{"taxonomy":"post_tag","embeddable":true,"href":"https:\/\/www.dr-kurscheid.de\/persoenlich\/wp-json\/wp\/v2\/tags?post=1744"}],"curies":[{"name":"wp","href":"https:\/\/api.w.org\/{rel}","templated":true}]}}