{"id":2174,"date":"2016-01-13T12:03:07","date_gmt":"2016-01-13T11:03:07","guid":{"rendered":"http:\/\/www.dr-kurscheid.de\/persoenlich\/?page_id=2174"},"modified":"2024-01-26T12:34:06","modified_gmt":"2024-01-26T11:34:06","slug":"2016-2","status":"publish","type":"page","link":"https:\/\/www.dr-kurscheid.de\/persoenlich\/mediathek\/tv\/nach-jahren\/2016-2","title":{"rendered":"2016"},"content":{"rendered":"<div class=\"columns large-12 medium-12 small-12\">\r\n  <h3>TV Beitr\u00e4ge 2016<\/h3>\r\n\r\n<p><br>Die Beitr\u00e4ge sind in chronologischer Reihenfolge aufgef\u00fchrt. F\u00fcr eine individuelle \u00dcbersicht, nutzen Sie die Sortierfunktion im Tabellenkopf<\/p>\r\n<p><a href=\"\/persoenlich\/mediathek\/tv\/nach-jahren\/2024-2\">2024<\/a> I <a href=\"\/persoenlich\/mediathek\/tv\/nach-jahren\/2023-2\">2023<\/a> I <a href=\"\/persoenlich\/mediathek\/tv\/nach-jahren\/2022-2\">2022<\/a> I <a href=\"\/persoenlich\/mediathek\/tv\/nach-jahren\/2021-2\">2021<\/a> I <a href=\"\/persoenlich\/mediathek\/tv\/nach-jahren\/2020-2\">2020<\/a> I <a href=\"\/persoenlich\/mediathek\/tv\/nach-jahren\/2019-2\">2019<\/a> I <a href=\"\/persoenlich\/mediathek\/tv\/nach-jahren\/2018-2\">2018<\/a> I <a href=\"\/persoenlich\/mediathek\/tv\/nach-jahren\/2017-2\">2017<\/a> I <strong>2016<\/strong> I <a href=\"\/persoenlich\/mediathek\/tv\/nach-jahren\/2015-2\">2015<\/a> I <a href=\"\/persoenlich\/mediathek\/tv\/nach-jahren\/2014-2\">2014<\/a> I <a href=\"\/persoenlich\/mediathek\/tv\/nach-jahren\/2013-2\">2013<\/a> I <a href=\"\/persoenlich\/mediathek\/tv\/nach-jahren\/2012-2\">2012<\/a> I <a href=\"\/persoenlich\/mediathek\/tv\/nach-jahren\/2011-2\">2011<\/a> I <a href=\"\/persoenlich\/mediathek\/tv\/nach-jahren\/2010-2\">2010<\/a> I <a href=\"\/persoenlich\/mediathek\/tv\/nach-jahren\/2009-2\">2009<\/a> I <a href=\"\/persoenlich\/mediathek\/tv\/nach-jahren\/2008-2\">2008<\/a> I <a href=\"\/persoenlich\/mediathek\/tv\/nach-jahren\/2007-2006\">2007-2006<\/a><\/p>\r\n\n<table id=\"tablepress-34\" class=\"tablepress tablepress-id-34\">\n<thead>\n<tr class=\"row-1\">\n\t<th class=\"column-1\">Datum <\/th><th class=\"column-2\">Sender<\/th><th class=\"column-3\">Sendung<\/th><th class=\"column-4\">Thema<\/th>\n<\/tr>\n<\/thead>\n<tbody class=\"row-striping row-hover\">\n<tr class=\"row-2\">\n\t<td class=\"column-1\">29.10.2016<\/td><td class=\"column-2\">WDR<\/td><td class=\"column-3\">Aktuelle Stunde<\/td><td class=\"column-4\"><a href=\"http:\/\/www1.wdr.de\/fernsehen\/aktuelle-stunde\/zeit-umstellung-tipps-100.html\" target=\"_blank\">Zeitumstellung<\/a><\/td>\n<\/tr>\n<tr class=\"row-3\">\n\t<td class=\"column-1\">22.10.2016<\/td><td class=\"column-2\">RTL<\/td><td class=\"column-3\">Explosiv-Weekend<\/td><td class=\"column-4\"><a href=\"http:\/\/rtlnext.rtl.de\/cms\/100-schichten-klamotten-challenge-so-gefaehrlich-ist-der-neue-social-media-trend-4023861.html\" target=\"_blank\">100-Schichten-Klamotten-Challenge: So gef\u00e4hrlich ist der neue Social-Media-Trend<\/a><\/td>\n<\/tr>\n<tr class=\"row-4\">\n\t<td class=\"column-1\">20.10.2016<\/td><td class=\"column-2\">RTL<\/td><td class=\"column-3\">Explosiv<\/td><td class=\"column-4\"><a href=\"https:\/\/www.youtube.com\/watch?v=xvLsPSHvETU\" target=\"_blank\">100-Schichten-Klamotten-Challenge: So gef\u00e4hrlich ist der neue Social-Media-Trend<\/a><\/td>\n<\/tr>\n<tr class=\"row-5\">\n\t<td class=\"column-1\">30.09.2016<\/td><td class=\"column-2\">n-tv<\/td><td class=\"column-3\">News Spezial<\/td><td class=\"column-4\">LIVE zu Gast im Studio zum aktuellen Thema: Klinik in Flammen<\/td>\n<\/tr>\n<tr class=\"row-6\">\n\t<td class=\"column-1\">29.09.2016<\/td><td class=\"column-2\">RTL<\/td><td class=\"column-3\">Explosiv<\/td><td class=\"column-4\">Promi-Aussage: Mit 70 Kilo zu fett!<\/td>\n<\/tr>\n<tr class=\"row-7\">\n\t<td class=\"column-1\">27.09.2016<\/td><td class=\"column-2\">n-tv<\/td><td class=\"column-3\">n-tv Nachrichten<\/td><td class=\"column-4\"><a href=\"https:\/\/www.youtube.com\/watch?v=Aq6bMuRh240\" target=\"_blank\">LIVE zu Gast im Studio zum Thema: Auswirkungen der Digitalisierung auf die Gesundheit von Berufst\u00e4tigen <\/a><\/td>\n<\/tr>\n<tr class=\"row-8\">\n\t<td class=\"column-1\">26.09.2016<\/td><td class=\"column-2\">RTL<\/td><td class=\"column-3\">Das Jenke-Experiment<\/td><td class=\"column-4\"><a href=\"http:\/\/www.rtl.de\/cms\/das-jenke-experiment-jenke-von-wilmsdorff-hungert-und-verfaellt-der-anorexie-4013344.html\" target=\"_blank\">Essst\u00f6rung<\/a><\/td>\n<\/tr>\n<tr class=\"row-9\">\n\t<td class=\"column-1\">15.09.2016<\/td><td class=\"column-2\">RTL<\/td><td class=\"column-3\">Guten Morgen Deutschland<\/td><td class=\"column-4\"><a href=\"http:\/\/rtlnext.rtl.de\/cms\/wetterumschwung-trotz-temperaturschwankungen-gesund-und-gut-gelaunt-bleiben-1400045.html?c=d0ba\" target=\"_blank\">Jojo-Wetter macht viele krank - So beugen Sie vor!<\/a><\/td>\n<\/tr>\n<tr class=\"row-10\">\n\t<td class=\"column-1\">01.09.2016<\/td><td class=\"column-2\">RTL<\/td><td class=\"column-3\">Explosiv<\/td><td class=\"column-4\">Junge verschluckt Ger\u00e4uschebox vom Hundespielzeug<\/td>\n<\/tr>\n<tr class=\"row-11\">\n\t<td class=\"column-1\">08.08.2016<\/td><td class=\"column-2\">ZDF<\/td><td class=\"column-3\">WISO-Konsumagenten<\/td><td class=\"column-4\"><a href=\"http:\/\/www.youtube.com\/watch?v=7xlFqorCppc\" target=\"_blank\">Die Zucker-Falle<\/a><\/td>\n<\/tr>\n<tr class=\"row-12\">\n\t<td class=\"column-1\">20.07.2016<\/td><td class=\"column-2\">RTL<\/td><td class=\"column-3\">Explosiv<\/td><td class=\"column-4\">Hitze-Experiment im Auto &amp; Kinderwagen<\/td>\n<\/tr>\n<tr class=\"row-13\">\n\t<td class=\"column-1\">03.07.2016<\/td><td class=\"column-2\">WDR<\/td><td class=\"column-3\">Servicezeit-Reportage<\/td><td class=\"column-4\"><a href=\"http:\/\/www1.wdr.de\/av\/einsfestival\/video-esstrend-vegan-108.html\" target=\"_blank\">Esstrend vegan<\/a><\/td>\n<\/tr>\n<tr class=\"row-14\">\n\t<td class=\"column-1\">08.06.2016<\/td><td class=\"column-2\">WDR<\/td><td class=\"column-3\">Servicezeit<\/td><td class=\"column-4\"><a href=\"https:\/\/www.youtube.com\/watch?v=KasO9aZpl3A\" target=\"_blank\">Eiwei\u00df-Shakes<\/a><\/td>\n<\/tr>\n<tr class=\"row-15\">\n\t<td class=\"column-1\">01.04.2016<\/td><td class=\"column-2\">RTL<\/td><td class=\"column-3\">Guten Morgen Deutschland<\/td><td class=\"column-4\"><a href=\"http:\/\/www.frauenzimmer.de\/cms\/din-a4-body-challenge-stoesst-auf-gegenwind-gegenkampagne-notpaperthin-2812831.html\" target=\"_blank\">DIN A4 - Body Challenge st\u00f6\u00dft auf Gegenwind<\/a><\/td>\n<\/tr>\n<tr class=\"row-16\">\n\t<td class=\"column-1\">11.03.2016<\/td><td class=\"column-2\">MDR<\/td><td class=\"column-3\">Unter uns<\/td><td class=\"column-4\"><a href=\"https:\/\/www.youtube.com\/watch?v=SghKYdwDSe8\" target=\"_blank\">Zu Gast in der Talkshow<\/a><\/td>\n<\/tr>\n<tr class=\"row-17\">\n\t<td class=\"column-1\">16.02.2016<\/td><td class=\"column-2\">WDR<\/td><td class=\"column-3\">Quarks &amp; Caspers<\/td><td class=\"column-4\"><a href=\"http:\/\/www1.wdr.de\/fernsehen\/wissen\/quarks\/sendungen\/fasten-fuenf-zu-zwei-diaet-100.html\" target=\"_blank\">5:2 Di\u00e4t<\/a><\/td>\n<\/tr>\n<tr class=\"row-18\">\n\t<td class=\"column-1\">13.01.2016<\/td><td class=\"column-2\">RTL<\/td><td class=\"column-3\">RTL West - Nachrichten aus NRW<\/td><td class=\"column-4\"><a href=\"http:\/\/www.rtl-west.de\/beitrag\/artikel\/speck-schnell-weg\/\" target=\"_blank\">Fett weg mit Laser<\/a><\/td>\n<\/tr>\n<tr class=\"row-19\">\n\t<td class=\"column-1\">06.01.2016<\/td><td class=\"column-2\">WDR<\/td><td class=\"column-3\">Servicezeit<\/td><td class=\"column-4\"><a href=\"https:\/\/www.youtube.com\/watch?v=vJCltaGAiyE\" target=\"_blank\">Glyk\u00e4mischer Index<\/a><\/td>\n<\/tr>\n<\/tbody>\n<\/table>\n\r\n<\/div>","protected":false},"excerpt":{"rendered":"TV Beitr\u00e4ge 2016 Die Beitr\u00e4ge sind in chronologischer Reihenfolge aufgef\u00fchrt. F\u00fcr eine individuelle \u00dcbersicht, nutzen Sie die Sortierfunktion im Tabellenkopf 2024 I 2023 I 2022 I 2021 I 2020 I 2019 I 2018 I 2017 I 2016 I 2015 I 2014 I 2013 I 2012 I 2011 I 2010 I 2009 I 2008 I 2007-2006","protected":false},"author":3,"featured_media":0,"parent":1047,"menu_order":12,"comment_status":"closed","ping_status":"closed","template":"page-left-sidebar-child.php","meta":{"_acf_changed":false,"footnotes":""},"categories":[],"tags":[],"class_list":["post-2174","page","type-page","status-publish","hentry"],"translation":{"provider":"WPGlobus","version":"3.0.2","language":"de","enabled_languages":["de","en"],"languages":{"de":{"title":true,"content":true,"excerpt":false},"en":{"title":false,"content":false,"excerpt":false}}},"acf":[],"_links":{"self":[{"href":"https:\/\/www.dr-kurscheid.de\/persoenlich\/wp-json\/wp\/v2\/pages\/2174","targetHints":{"allow":["GET"]}}],"collection":[{"href":"https:\/\/www.dr-kurscheid.de\/persoenlich\/wp-json\/wp\/v2\/pages"}],"about":[{"href":"https:\/\/www.dr-kurscheid.de\/persoenlich\/wp-json\/wp\/v2\/types\/page"}],"author":[{"embeddable":true,"href":"https:\/\/www.dr-kurscheid.de\/persoenlich\/wp-json\/wp\/v2\/users\/3"}],"replies":[{"embeddable":true,"href":"https:\/\/www.dr-kurscheid.de\/persoenlich\/wp-json\/wp\/v2\/comments?post=2174"}],"version-history":[{"count":55,"href":"https:\/\/www.dr-kurscheid.de\/persoenlich\/wp-json\/wp\/v2\/pages\/2174\/revisions"}],"predecessor-version":[{"id":2234,"href":"https:\/\/www.dr-kurscheid.de\/persoenlich\/wp-json\/wp\/v2\/pages\/2174\/revisions\/2234"}],"up":[{"embeddable":true,"href":"https:\/\/www.dr-kurscheid.de\/persoenlich\/wp-json\/wp\/v2\/pages\/1047"}],"wp:attachment":[{"href":"https:\/\/www.dr-kurscheid.de\/persoenlich\/wp-json\/wp\/v2\/media?parent=2174"}],"wp:term":[{"taxonomy":"category","embeddable":true,"href":"https:\/\/www.dr-kurscheid.de\/persoenlich\/wp-json\/wp\/v2\/categories?post=2174"},{"taxonomy":"post_tag","embeddable":true,"href":"https:\/\/www.dr-kurscheid.de\/persoenlich\/wp-json\/wp\/v2\/tags?post=2174"}],"curies":[{"name":"wp","href":"https:\/\/api.w.org\/{rel}","templated":true}]}}