{"id":2493,"date":"2017-01-24T13:46:41","date_gmt":"2017-01-24T12:46:41","guid":{"rendered":"http:\/\/www.dr-kurscheid.de\/persoenlich\/?page_id=2493"},"modified":"2024-01-26T12:33:53","modified_gmt":"2024-01-26T11:33:53","slug":"2017-2","status":"publish","type":"page","link":"https:\/\/www.dr-kurscheid.de\/persoenlich\/mediathek\/tv\/nach-jahren\/2017-2","title":{"rendered":"2017"},"content":{"rendered":"<div class=\"columns large-12 medium-12 small-12\">\r\n  <h3>TV Beitr\u00e4ge 2017<\/h3>\r\n\r\n<p><br>Die Beitr\u00e4ge sind in chronologischer Reihenfolge aufgef\u00fchrt. F\u00fcr eine individuelle \u00dcbersicht, nutzen Sie die Sortierfunktion im Tabellenkopf<\/p>\r\n<p><a href=\"\/persoenlich\/mediathek\/tv\/nach-jahren\/2024-2\">2024<\/a> I <a href=\"\/persoenlich\/mediathek\/tv\/nach-jahren\/2023-2\">2023<\/a> I <a href=\"\/persoenlich\/mediathek\/tv\/nach-jahren\/2022-2\">2022<\/a> I <a href=\"\/persoenlich\/mediathek\/tv\/nach-jahren\/2021-2\">2021<\/a> I <a href=\"\/persoenlich\/mediathek\/tv\/nach-jahren\/2020-2\">2020<\/a> I <a href=\"\/persoenlich\/mediathek\/tv\/nach-jahren\/2019-2\">2019<\/a> I <a href=\"\/persoenlich\/mediathek\/tv\/nach-jahren\/2018-2\">2018<\/a> I <strong>2017<\/strong> I <a href=\"\/persoenlich\/mediathek\/tv\/nach-jahren\/2016-2\">2016<\/a> I <a href=\"\/persoenlich\/mediathek\/tv\/nach-jahren\/2015-2\">2015<\/a> I <a href=\"\/persoenlich\/mediathek\/tv\/nach-jahren\/2014-2\">2014<\/a> I <a href=\"\/persoenlich\/mediathek\/tv\/nach-jahren\/2013-2\">2013<\/a> I <a href=\"\/persoenlich\/mediathek\/tv\/nach-jahren\/2012-2\">2012<\/a> I <a href=\"\/persoenlich\/mediathek\/tv\/nach-jahren\/2011-2\">2011<\/a> I <a href=\"\/persoenlich\/mediathek\/tv\/nach-jahren\/2010-2\">2010<\/a> I <a href=\"\/persoenlich\/mediathek\/tv\/nach-jahren\/2009-2\">2009<\/a> I <a href=\"\/persoenlich\/mediathek\/tv\/nach-jahren\/2008-2\">2008<\/a> I <a href=\"\/persoenlich\/mediathek\/tv\/nach-jahren\/2007-2006\">2007-2006<\/a><\/p>\r\n\n<table id=\"tablepress-35\" class=\"tablepress tablepress-id-35\">\n<thead>\n<tr class=\"row-1\">\n\t<th class=\"column-1\">Datum <\/th><th class=\"column-2\">Sender<\/th><th class=\"column-3\">Sendung<\/th><th class=\"column-4\">Thema<\/th>\n<\/tr>\n<\/thead>\n<tbody class=\"row-striping row-hover\">\n<tr class=\"row-2\">\n\t<td class=\"column-1\">18.12.2017<\/td><td class=\"column-2\">Sat.1<\/td><td class=\"column-3\">Total gesund!<\/td><td class=\"column-4\"><a href=\"https:\/\/www.sat1.de\/tv\/total-gesund-mit-britt-und-dr-kurscheid\/video\/15-die-erkaeltungsmythen-was-hilft-wirklich-ganze-folge\" target=\"_blank\">Themen: Erk\u00e4ltungsmythen: Was hilft wirklich gegen Erk\u00e4ltung?, Anti-Schnarch-Tipps, Hei\u00dfe Schere f\u00fcr gesundes Haar, Gesundheitstipp: Schenken<\/a><\/td>\n<\/tr>\n<tr class=\"row-3\">\n\t<td class=\"column-1\">11.12.2017<\/td><td class=\"column-2\">Sat.1<\/td><td class=\"column-3\">Total gesund!<\/td><td class=\"column-4\"><a href=\"https:\/\/www.sat1.de\/tv\/total-gesund-mit-britt-und-dr-kurscheid\/video\/14-kaloriencheck-wie-viel-sind-200-kalorien-ganze-folge\" target=\"_blank\">Themen:  Augenkiller Handy: Kurzsichtigkeit, Kalorien-Check: Wie viel sind eigentlich 200 Kalorien?, Sch\u00f6nheitsmasken im Test, Gesundheitstipp: Schokolade naschen<\/a><\/td>\n<\/tr>\n<tr class=\"row-4\">\n\t<td class=\"column-1\">04.12.2017<\/td><td class=\"column-2\">Sat.1<\/td><td class=\"column-3\">Total gesund!<\/td><td class=\"column-4\"><a href=\"https:\/\/www.sat1.de\/tv\/total-gesund-mit-britt-und-dr-kurscheid\/video\/13-drogerie-vs-apotheke-gibt-es-einen-unterschied-ganze-folge\" target=\"_blank\">Themen:  Ama Koji und weitere Zuckerersatzm\u00f6glichkeiten, wie sie Ihre Kinder von gesundem Essen \u00fcberzeugen k\u00f6nnen, Drogerie vs. Apotheke, Gesundheitstipp: \u00d6l ziehen<\/a><\/td>\n<\/tr>\n<tr class=\"row-5\">\n\t<td class=\"column-1\">27.11.2017<\/td><td class=\"column-2\">Sat.1<\/td><td class=\"column-3\">Total gesund!<\/td><td class=\"column-4\"><a href=\"https:\/\/www.sat1.de\/tv\/total-gesund-mit-britt-und-dr-kurscheid\/video\/12-matratzen-im-test-worauf-man-achten-sollte-ganze-folge\" target=\"_blank\">Themen: Matratzen im Test, wieso Fett am Po schlau macht, Vera Int-Veen im Selbstversuch: 2 Wochen ohne Zucker (Woche 2), Gesundheitstipp: Gr\u00fcnkohl<\/a><\/td>\n<\/tr>\n<tr class=\"row-6\">\n\t<td class=\"column-1\">20.11.2017<\/td><td class=\"column-2\">WDR<\/td><td class=\"column-3\">Lokalzeit aus K\u00f6ln<\/td><td class=\"column-4\"><a href=\"https:\/\/www1.wdr.de\/mediathek\/video\/sendungen\/lokalzeit-koeln\/video-veggienale--100.html\" target=\"_blank\">Thema: Veggienale - Vegane Ern\u00e4hrung<\/a><\/td>\n<\/tr>\n<tr class=\"row-7\">\n\t<td class=\"column-1\">20.11.2017<\/td><td class=\"column-2\">Sat.1<\/td><td class=\"column-3\">Total gesund!<\/td><td class=\"column-4\"><a href=\"https:\/\/www.sat1.de\/tv\/total-gesund-mit-britt-und-dr-kurscheid\/video\/11-vera-int-veen-hat-zuckerfreie-ernaehrung-getestet-ganze-folge\" target=\"_blank\">Themen: Gef\u00e4hrlicher Prosecco, <br \/>\nHair-Repair-Kuren-Test, wie Katzen gl\u00fccklicher machen und <br \/>\nVera Int-Veen: 2 Wochen ohne Zucker<\/a><\/td>\n<\/tr>\n<tr class=\"row-8\">\n\t<td class=\"column-1\">20.11.2017<\/td><td class=\"column-2\">Sat.1<\/td><td class=\"column-3\">Fr\u00fchst\u00fccksfernsehen<\/td><td class=\"column-4\"><a href=\"https:\/\/www.sat1.de\/tv\/fruehstuecksfernsehen\/video\/1-total-gesund-so-wird-die-neue-show-mit-britt-clip\" target=\"_blank\">Zu Gast im Studio - Thema: Neue Sendung \"Total gesund!\"<\/a><\/td>\n<\/tr>\n<tr class=\"row-9\">\n\t<td class=\"column-1\">16.11.2017<\/td><td class=\"column-2\">Sat.1 Gold<\/td><td class=\"column-3\">Diagnose unbekannt - Letzte Hoffnung Dr. Kurscheid<\/td><td class=\"column-4\"><a href=\"https:\/\/www.sat1gold.de\/tv\/diagnose-unbekannt-letzte-hoffnung-dr-kurscheid\/video\/14-esther-hofft-auf-dr-kurscheid-ganze-folge\" target=\"_blank\">Folge 4: Esther<\/a><\/td>\n<\/tr>\n<tr class=\"row-10\">\n\t<td class=\"column-1\">09.11.2017<\/td><td class=\"column-2\">Sat.1 Gold<\/td><td class=\"column-3\">Diagnose unbekannt - Letzte Hoffnung Dr. Kurscheid<\/td><td class=\"column-4\"><a href=\"https:\/\/www.sat1gold.de\/tv\/diagnose-unbekannt-letzte-hoffnung-dr-kurscheid\/video\/13-rositta-setzt-all-ihre-hoffnungen-in-dr-kurscheid-ganze-folge\" target=\"_blank\">Folge 3: Rositta<\/a><\/td>\n<\/tr>\n<tr class=\"row-11\">\n\t<td class=\"column-1\">02.11.2017<\/td><td class=\"column-2\">Sat.1 Gold<\/td><td class=\"column-3\">Diagnose unbekannt - Letzte Hoffnung Dr. Kurscheid<\/td><td class=\"column-4\"><a href=\"https:\/\/www.sat1gold.de\/tv\/diagnose-unbekannt-letzte-hoffnung-dr-kurscheid\/video\/12-vivien-hofft-auf-eine-diagnose-von-dr-kurscheid-ganze-folge\" target=\"_blank\">Folge 2: Vivien<\/a><\/td>\n<\/tr>\n<tr class=\"row-12\">\n\t<td class=\"column-1\">26.10.2017<\/td><td class=\"column-2\">Sat.1 Gold<\/td><td class=\"column-3\">Diagnose unbekannt - Letzte Hoffnung Dr. Kurscheid<\/td><td class=\"column-4\"><a href=\"https:\/\/www.sat1gold.de\/tv\/diagnose-unbekannt-letzte-hoffnung-dr-kurscheid\/video\/11-dr-kurscheid-ist-carolins-letzte-hoffnung-ganze-folge\" target=\"_blank\">Folge 1: Carolin<\/a><\/td>\n<\/tr>\n<tr class=\"row-13\">\n\t<td class=\"column-1\">26.10.2017<\/td><td class=\"column-2\">Sat.1<\/td><td class=\"column-3\">Fr\u00fchst\u00fccksfernsehen<\/td><td class=\"column-4\"><a href=\"https:\/\/www.sat1.de\/tv\/fruehstuecksfernsehen\/video\/1-diagnose-unbekannt-dr-kurscheid-hilft-wenn-die-hoffnung-aufgegeben-wird-clip\" target=\"_blank\">Zu Gast im Studio - Thema: Neue Sendung \"Diagnose unbekannt\"<\/a><\/td>\n<\/tr>\n<tr class=\"row-14\">\n\t<td class=\"column-1\">15.08.2017<\/td><td class=\"column-2\">WDR<\/td><td class=\"column-3\">daheim+unterwegs<\/td><td class=\"column-4\"><a href=\"https:\/\/www.youtube.com\/watch?v=LYvDH6rWeFU\" target=\"_blank\">Zu Gast im Studio zum Thema Bluthochdruck<\/a><\/td>\n<\/tr>\n<tr class=\"row-15\">\n\t<td class=\"column-1\">August 2017<\/td><td class=\"column-2\">health TV<\/td><td class=\"column-3\">Gesund Lesen<\/td><td class=\"column-4\"><a href=\"http:\/\/www.healthtv.de\/#!\/c_eur\/de\/show\/gesund-lesen\/dein-koerper-beluegt-dich_608026660\/video\" target=\"_blank\">Zu Gast im Studio: Buchvorstellung \"Dein K\u00f6rper bel\u00fcgt Dich\" <\/a><\/td>\n<\/tr>\n<tr class=\"row-16\">\n\t<td class=\"column-1\">09.08.2017<\/td><td class=\"column-2\">RTL<\/td><td class=\"column-3\">Explosiv<\/td><td class=\"column-4\">Saure Sahne Di\u00e4t<\/td>\n<\/tr>\n<tr class=\"row-17\">\n\t<td class=\"column-1\">30.05.2017<\/td><td class=\"column-2\">RTL<\/td><td class=\"column-3\">Guten Morgen Deutschland<\/td><td class=\"column-4\"><a href=\"http:\/\/www.frauenzimmer.de\/cms\/haltbarkeit-von-sonnencreme-co-das-sollten-sie-wissen-4115340.html\" target=\"_blank\">Sonnencreme: Haltbarkeit &amp; Tipps zum sicheren Hautschutz<\/a><\/td>\n<\/tr>\n<tr class=\"row-18\">\n\t<td class=\"column-1\">17.05.2017<\/td><td class=\"column-2\">RTL<\/td><td class=\"column-3\">Explosiv<\/td><td class=\"column-4\">Tod eines Jugendlichen durch zu viel Koffein<\/td>\n<\/tr>\n<tr class=\"row-19\">\n\t<td class=\"column-1\">06.05.2017<\/td><td class=\"column-2\">RTL<\/td><td class=\"column-3\">Explosiv Weekend<\/td><td class=\"column-4\">Alkohol-Experiment: Mit Alkohol besser Fremdsprachen sprechen?<br \/>\nMacht Alkohol schlauer oder denkt man das nur, wenn man betrunken ist?<\/td>\n<\/tr>\n<tr class=\"row-20\">\n\t<td class=\"column-1\">06.05.2017<\/td><td class=\"column-2\">WDR<\/td><td class=\"column-3\">Aktuelle Stunde<\/td><td class=\"column-4\">Breaking2 \u2013 Knapp gescheitert. Marathon in 2 Stunden \u2013 Was bedeutet das f\u00fcr unseren K\u00f6rper?<\/td>\n<\/tr>\n<tr class=\"row-21\">\n\t<td class=\"column-1\">10.04.2017<\/td><td class=\"column-2\">RTL<\/td><td class=\"column-3\">Extra<\/td><td class=\"column-4\">Rund ums Ei &amp; Selbstexperiment \"Eier-Di\u00e4t\": 1 Woche lang nur Eier essen<\/td>\n<\/tr>\n<tr class=\"row-22\">\n\t<td class=\"column-1\">21.03.2017<\/td><td class=\"column-2\">RTL<\/td><td class=\"column-3\">Explosiv<\/td><td class=\"column-4\">16-J\u00e4hrige isst angeblich t\u00e4glich ein Glas Nutella!<\/td>\n<\/tr>\n<tr class=\"row-23\">\n\t<td class=\"column-1\">14.03.2017<\/td><td class=\"column-2\">RTL II<\/td><td class=\"column-3\">Meine Eltern, ihre Kilos und ich<\/td><td class=\"column-4\"><a href=\"http:\/\/www.rtl2.de\/sendung\/meine-eltern-ihre-kilos-und-ich\" target=\"_blank\">Folge 3<\/a><\/td>\n<\/tr>\n<tr class=\"row-24\">\n\t<td class=\"column-1\">09.03.2017<\/td><td class=\"column-2\">WDR<\/td><td class=\"column-3\">daheim + unterwegs - Live im Studio<\/td><td class=\"column-4\"><a href=\"https:\/\/www.youtube.com\/watch?v=-2qq9m2z808\" target=\"_blank\">Die Gefahren von zu viel Salz<\/a><\/td>\n<\/tr>\n<tr class=\"row-25\">\n\t<td class=\"column-1\">07.03.2017<\/td><td class=\"column-2\">RTL II<\/td><td class=\"column-3\">Meine Eltern, ihre Kilos und ich<\/td><td class=\"column-4\"><a href=\"http:\/\/www.rtl2.de\/sendung\/meine-eltern-ihre-kilos-und-ich\" target=\"_blank\">Folge 2<\/a><\/td>\n<\/tr>\n<tr class=\"row-26\">\n\t<td class=\"column-1\">01.03.2017<\/td><td class=\"column-2\">WDR<\/td><td class=\"column-3\">Lokalzeit<\/td><td class=\"column-4\">Hypnose und Abnehmen<\/td>\n<\/tr>\n<tr class=\"row-27\">\n\t<td class=\"column-1\">28.02.2017<\/td><td class=\"column-2\">RTL II<\/td><td class=\"column-3\">Meine Eltern, ihre Kilos und ich<\/td><td class=\"column-4\"><a href=\"http:\/\/www.rtl2.de\/sendung\/meine-eltern-ihre-kilos-und-ich\" target=\"_blank\">Folge 1<\/a><\/td>\n<\/tr>\n<tr class=\"row-28\">\n\t<td class=\"column-1\">20.02.2017<\/td><td class=\"column-2\">RTL<\/td><td class=\"column-3\">Extra<\/td><td class=\"column-4\">Vier Wochen nur Fertiggerichte \u2013 Der Selbstversuch (Teil 2)<\/td>\n<\/tr>\n<tr class=\"row-29\">\n\t<td class=\"column-1\">20.02.2017<\/td><td class=\"column-2\">RTL<\/td><td class=\"column-3\">Guten Morgen Deutschland<\/td><td class=\"column-4\">Antibiotika und deren Nebenwirkungen (LIVE als Experte im Studio)<br> Weitere Zuschauerfragen nach der Sendung auf Facebook beantwortet: <br><a href=\"\/\/de-de.facebook.com\/GutenMorgenDeutschland\/videos\/1590820294279014\/\" target=\"_blank\">Zum Facebook Live-Video <\/a><\/td>\n<\/tr>\n<tr class=\"row-30\">\n\t<td class=\"column-1\">13.02.2017<\/td><td class=\"column-2\">RTL<\/td><td class=\"column-3\">Extra<\/td><td class=\"column-4\">Vier Wochen nur Fertiggerichte - Der Selbstversuch Teil 1<\/td>\n<\/tr>\n<tr class=\"row-31\">\n\t<td class=\"column-1\">30.01.2017<\/td><td class=\"column-2\">SAT.1 NRW &nbsp;&nbsp;&nbsp;&nbsp;     <\/td><td class=\"column-3\">SAT.1 NRW Nachrichten<\/td><td class=\"column-4\"><a href=\"https:\/\/www.sat1nrw.de\/aktuell\/gesundes-naschen-auf-suesswarenmesse-166773\/\" target=\"_blank\">Gesundes Naschen auf der S\u00fc\u00dfwarenmesse<\/a><\/td>\n<\/tr>\n<tr class=\"row-32\">\n\t<td class=\"column-1\">23.01.2017<\/td><td class=\"column-2\">RTL<\/td><td class=\"column-3\">Explosiv<\/td><td class=\"column-4\">Verr\u00fcckte K\u00e4ltetipps aus dem Internet<\/td>\n<\/tr>\n<tr class=\"row-33\">\n\t<td class=\"column-1\">09.01.2017<\/td><td class=\"column-2\">WDR<\/td><td class=\"column-3\">Servicezeit<\/td><td class=\"column-4\"><a href=\"http:\/\/www1.wdr.de\/verbraucher\/ernaehrung\/individuelle-ernaehrungstipps-100.html\" target=\"_blank\">Glyk\u00e4mischer Index<\/a><\/td>\n<\/tr>\n<tr class=\"row-34\">\n\t<td class=\"column-1\">07.01.2017<\/td><td class=\"column-2\">RTL<\/td><td class=\"column-3\">Explosiv-Weekend<\/td><td class=\"column-4\"><a href=\"https:\/\/www.youtube.com\/watch?v=P9mQbDyOi4k\" target=\"_blank\">Wer vertr\u00e4gt mehr Alkohol - M\u00e4nner oder Frauen?<\/a><\/td>\n<\/tr>\n<tr class=\"row-35\">\n\t<td class=\"column-1\">07.01.2017<\/td><td class=\"column-2\">RTL<\/td><td class=\"column-3\">Die Fakten-Checker<\/td><td class=\"column-4\">Ern\u00e4hrung<\/td>\n<\/tr>\n<tr class=\"row-36\">\n\t<td class=\"column-1\">06.01.2017<\/td><td class=\"column-2\">YouTube<br \/>\n<\/td><td class=\"column-3\">von YouTuber tomatolix<\/td><td class=\"column-4\"><a href=\"https:\/\/www.youtube.com\/watch?v=uj4w4I0O4yM\" target=\"_blank\">So fit wirst Du in 30 Tagen! - Selbstexperiment<\/a><\/td>\n<\/tr>\n<\/tbody>\n<\/table>\n<!-- #tablepress-35 from cache -->\r\n<\/div>","protected":false},"excerpt":{"rendered":"TV Beitr\u00e4ge 2017 Die Beitr\u00e4ge sind in chronologischer Reihenfolge aufgef\u00fchrt. F\u00fcr eine individuelle \u00dcbersicht, nutzen Sie die Sortierfunktion im Tabellenkopf 2024 I 2023 I 2022 I 2021 I 2020 I 2019 I 2018 I 2017 I 2016 I 2015 I 2014 I 2013 I 2012 I 2011 I 2010 I 2009 I 2008 I 2007-2006","protected":false},"author":3,"featured_media":0,"parent":1047,"menu_order":9,"comment_status":"closed","ping_status":"closed","template":"page-left-sidebar-child.php","meta":{"_acf_changed":false,"footnotes":""},"categories":[],"tags":[],"class_list":["post-2493","page","type-page","status-publish","hentry"],"translation":{"provider":"WPGlobus","version":"3.0.2","language":"de","enabled_languages":["de","en"],"languages":{"de":{"title":true,"content":true,"excerpt":false},"en":{"title":false,"content":false,"excerpt":false}}},"acf":[],"_links":{"self":[{"href":"https:\/\/www.dr-kurscheid.de\/persoenlich\/wp-json\/wp\/v2\/pages\/2493","targetHints":{"allow":["GET"]}}],"collection":[{"href":"https:\/\/www.dr-kurscheid.de\/persoenlich\/wp-json\/wp\/v2\/pages"}],"about":[{"href":"https:\/\/www.dr-kurscheid.de\/persoenlich\/wp-json\/wp\/v2\/types\/page"}],"author":[{"embeddable":true,"href":"https:\/\/www.dr-kurscheid.de\/persoenlich\/wp-json\/wp\/v2\/users\/3"}],"replies":[{"embeddable":true,"href":"https:\/\/www.dr-kurscheid.de\/persoenlich\/wp-json\/wp\/v2\/comments?post=2493"}],"version-history":[{"count":42,"href":"https:\/\/www.dr-kurscheid.de\/persoenlich\/wp-json\/wp\/v2\/pages\/2493\/revisions"}],"predecessor-version":[{"id":2510,"href":"https:\/\/www.dr-kurscheid.de\/persoenlich\/wp-json\/wp\/v2\/pages\/2493\/revisions\/2510"}],"up":[{"embeddable":true,"href":"https:\/\/www.dr-kurscheid.de\/persoenlich\/wp-json\/wp\/v2\/pages\/1047"}],"wp:attachment":[{"href":"https:\/\/www.dr-kurscheid.de\/persoenlich\/wp-json\/wp\/v2\/media?parent=2493"}],"wp:term":[{"taxonomy":"category","embeddable":true,"href":"https:\/\/www.dr-kurscheid.de\/persoenlich\/wp-json\/wp\/v2\/categories?post=2493"},{"taxonomy":"post_tag","embeddable":true,"href":"https:\/\/www.dr-kurscheid.de\/persoenlich\/wp-json\/wp\/v2\/tags?post=2493"}],"curies":[{"name":"wp","href":"https:\/\/api.w.org\/{rel}","templated":true}]}}