{"id":3088,"date":"2019-01-23T13:57:49","date_gmt":"2019-01-23T12:57:49","guid":{"rendered":"http:\/\/www.dr-kurscheid.de\/persoenlich\/?page_id=3088"},"modified":"2024-01-26T12:33:25","modified_gmt":"2024-01-26T11:33:25","slug":"2019-2","status":"publish","type":"page","link":"https:\/\/www.dr-kurscheid.de\/persoenlich\/mediathek\/tv\/nach-jahren\/2019-2","title":{"rendered":"2019"},"content":{"rendered":"<div class=\"columns large-12 medium-12 small-12\">\r\n  <h3>TV Beitr\u00e4ge 2019<\/h3>\r\n\r\n<p><br>Die Beitr\u00e4ge sind in chronologischer Reihenfolge aufgef\u00fchrt. F\u00fcr eine individuelle \u00dcbersicht, nutzen Sie die Sortierfunktion im Tabellenkopf<\/p>\r\n<p><a href=\"\/persoenlich\/mediathek\/tv\/nach-jahren\/2024-2\">2024<\/a> I <a href=\"\/persoenlich\/mediathek\/tv\/nach-jahren\/2023-2\">2023<\/a> I <a href=\"\/persoenlich\/mediathek\/tv\/nach-jahren\/2022-2\">2022<\/a> I <a href=\"\/persoenlich\/mediathek\/tv\/nach-jahren\/2021-2\">2021<\/a> I <a href=\"\/persoenlich\/mediathek\/tv\/nach-jahren\/2020-2\">2020<\/a> I <strong>2019<\/strong> I <a href=\"\/persoenlich\/mediathek\/tv\/nach-jahren\/2018-2\">2018<\/a> I <a href=\"\/persoenlich\/mediathek\/tv\/nach-jahren\/2017-2\">2017<\/a> I <a href=\"\/persoenlich\/mediathek\/tv\/nach-jahren\/2016-2\">2016<\/a> I <a href=\"\/persoenlich\/mediathek\/tv\/nach-jahren\/2015-2\">2015<\/a> I <a href=\"\/persoenlich\/mediathek\/tv\/nach-jahren\/2014-2\">2014<\/a> I <a href=\"\/persoenlich\/mediathek\/tv\/nach-jahren\/2013-2\">2013<\/a> I <a href=\"\/persoenlich\/mediathek\/tv\/nach-jahren\/2012-2\">2012<\/a> I <a href=\"\/persoenlich\/mediathek\/tv\/nach-jahren\/2011-2\">2011<\/a> I <a href=\"\/persoenlich\/mediathek\/tv\/nach-jahren\/2010-2\">2010<\/a> I <a href=\"\/persoenlich\/mediathek\/tv\/nach-jahren\/2009-2\">2009<\/a> I <a href=\"\/persoenlich\/mediathek\/tv\/nach-jahren\/2008-2\">2008<\/a> I <a href=\"\/persoenlich\/mediathek\/tv\/nach-jahren\/2007-2006\">2007-2006<\/a><\/p>\r\n\r\n\n<table id=\"tablepress-40\" class=\"tablepress tablepress-id-40\">\n<thead>\n<tr class=\"row-1\">\n\t<th class=\"column-1\">Datum<\/th><th class=\"column-2\">Sender<\/th><th class=\"column-3\">Sendung<\/th><th class=\"column-4\">Thema<\/th>\n<\/tr>\n<\/thead>\n<tbody class=\"row-striping row-hover\">\n<tr class=\"row-2\">\n\t<td class=\"column-1\">05.11.2019<\/td><td class=\"column-2\">RTL<\/td><td class=\"column-3\">Punkt 12<\/td><td class=\"column-4\"><a href=\"https:\/\/www.rtl.de\/videos\/experiment-unsere-reporterin-trinkt-30-tage-lang-nur-wasser-5dc17391b3bb546dc24dc464.html\" rel=\"noopener\" target=\"_blank\">Thema: Das Wasser-Experiment \u2013 Reporterin trinkt 30 Tage lang nur Wasser<\/a><\/td>\n<\/tr>\n<tr class=\"row-3\">\n\t<td class=\"column-1\">02.11.2019<\/td><td class=\"column-2\">RTL<\/td><td class=\"column-3\">Life \u2013 Menschen, Momente, Geschichten<\/td><td class=\"column-4\"><a href=\"https:\/\/www.rtl.de\/videos\/vier-wochen-lang-nur-wasser-trinken-5dbd99d48e9658172b4b61a4.html\" rel=\"noopener\" target=\"_blank\">Thema: Das Wasser-Experiment \u2013 Reporterin trinkt 30 Tage lang nur Wasser<\/a><\/td>\n<\/tr>\n<tr class=\"row-4\">\n\t<td class=\"column-1\">16.09.2019<\/td><td class=\"column-2\">RTL<\/td><td class=\"column-3\">Ran an den Speck<br><br \/>\nFamilien nehmen ab mit Dr. Kurscheid<\/td><td class=\"column-4\"><a href=\"https:\/\/www.tvnow.de\/shows\/ran-an-den-speck-familien-nehmen-ab-17886\/staffel-1\" rel=\"noopener\" target=\"_blank\">Folge 16<\/a><\/td>\n<\/tr>\n<tr class=\"row-5\">\n\t<td class=\"column-1\">13.09.2019<\/td><td class=\"column-2\">RTL<\/td><td class=\"column-3\">Ran an den Speck<br><br \/>\nFamilien nehmen ab mit Dr. Kurscheid<\/td><td class=\"column-4\"><a href=\"https:\/\/www.tvnow.de\/shows\/ran-an-den-speck-familien-nehmen-ab-17886\/staffel-1\" rel=\"noopener\" target=\"_blank\">Folge 15<\/a><\/td>\n<\/tr>\n<tr class=\"row-6\">\n\t<td class=\"column-1\">12.09.2019<\/td><td class=\"column-2\">RTL<\/td><td class=\"column-3\">Ran an den Speck<br><br \/>\nFamilien nehmen ab mit Dr. Kurscheid<\/td><td class=\"column-4\"><a href=\"https:\/\/www.tvnow.de\/shows\/ran-an-den-speck-familien-nehmen-ab-17886\/staffel-1\" rel=\"noopener\" target=\"_blank\">Folge 14<\/a><\/td>\n<\/tr>\n<tr class=\"row-7\">\n\t<td class=\"column-1\">11.09.2019<\/td><td class=\"column-2\">RTL<\/td><td class=\"column-3\">Ran an den Speck<br><br \/>\nFamilien nehmen ab mit Dr. Kurscheid<\/td><td class=\"column-4\"><a href=\"https:\/\/www.tvnow.de\/shows\/ran-an-den-speck-familien-nehmen-ab-17886\/staffel-1\" rel=\"noopener\" target=\"_blank\">Folge 13<\/a><\/td>\n<\/tr>\n<tr class=\"row-8\">\n\t<td class=\"column-1\">10.09.2019<\/td><td class=\"column-2\">RTL<\/td><td class=\"column-3\">Ran an den Speck<br><br \/>\nFamilien nehmen ab mit Dr. Kurscheid<\/td><td class=\"column-4\"><a href=\"https:\/\/www.tvnow.de\/shows\/ran-an-den-speck-familien-nehmen-ab-17886\/staffel-1\" rel=\"noopener\" target=\"_blank\">Folge 12<\/a><\/td>\n<\/tr>\n<tr class=\"row-9\">\n\t<td class=\"column-1\">09.09.2019<\/td><td class=\"column-2\">RTL<\/td><td class=\"column-3\">Ran an den Speck<br><br \/>\nFamilien nehmen ab mit Dr. Kurscheid<\/td><td class=\"column-4\"><a href=\"https:\/\/www.tvnow.de\/shows\/ran-an-den-speck-familien-nehmen-ab-17886\/staffel-1\" rel=\"noopener\" target=\"_blank\">Folge 11<\/a><\/td>\n<\/tr>\n<tr class=\"row-10\">\n\t<td class=\"column-1\">06.09.2019<\/td><td class=\"column-2\">RTL<\/td><td class=\"column-3\">Ran an den Speck<br><br \/>\nFamilien nehmen ab mit Dr. Kurscheid<\/td><td class=\"column-4\"><a href=\"https:\/\/www.tvnow.de\/shows\/ran-an-den-speck-familien-nehmen-ab-17886\/staffel-1\" rel=\"noopener\" target=\"_blank\">Folge 10<\/a><\/td>\n<\/tr>\n<tr class=\"row-11\">\n\t<td class=\"column-1\">05.09.2019<\/td><td class=\"column-2\">RTL<\/td><td class=\"column-3\">Ran an den Speck<br><br \/>\nFamilien nehmen ab mit Dr. Kurscheid<\/td><td class=\"column-4\"><a href=\"https:\/\/www.tvnow.de\/shows\/ran-an-den-speck-familien-nehmen-ab-17886\/staffel-1\" rel=\"noopener\" target=\"_blank\">Folge 9<\/a><\/td>\n<\/tr>\n<tr class=\"row-12\">\n\t<td class=\"column-1\">04.09.2019<\/td><td class=\"column-2\">RTL II<\/td><td class=\"column-3\">Die Wollnys - Eine schrecklich gro\u00dfe Familie<\/td><td class=\"column-4\"><a href=\"https:\/\/www.tvnow.de\/shows\/die-wollnys-eine-schrecklich-grosse-familie-1708\/2019-09\/episode-151-silvia-will-zurueck-in-die-alte-heimat-neuss-1692126?utm_source=RTL2&amp;utm_medium=link&amp;utm_campaign=Format_Home&amp;utm_term=\" rel=\"noopener\" target=\"_blank\">Zum Video<\/a><\/td>\n<\/tr>\n<tr class=\"row-13\">\n\t<td class=\"column-1\">04.09.2019<\/td><td class=\"column-2\">RTL<\/td><td class=\"column-3\">Ran an den Speck<br><br \/>\nFamilien nehmen ab mit Dr. Kurscheid<\/td><td class=\"column-4\"><a href=\"https:\/\/www.tvnow.de\/shows\/ran-an-den-speck-familien-nehmen-ab-17886\/staffel-1\" rel=\"noopener\" target=\"_blank\">Folge 8<\/a><\/td>\n<\/tr>\n<tr class=\"row-14\">\n\t<td class=\"column-1\">03.09.2019<\/td><td class=\"column-2\">RTL<\/td><td class=\"column-3\">Ran an den Speck<br><br \/>\nFamilien nehmen ab mit Dr. Kurscheid<\/td><td class=\"column-4\"><a href=\"https:\/\/www.tvnow.de\/shows\/ran-an-den-speck-familien-nehmen-ab-17886\/staffel-1\" rel=\"noopener\" target=\"_blank\">Folge 7<\/a><\/td>\n<\/tr>\n<tr class=\"row-15\">\n\t<td class=\"column-1\">02.09.2019<\/td><td class=\"column-2\">RTL<\/td><td class=\"column-3\">Ran an den Speck<br><br \/>\nFamilien nehmen ab mit Dr. Kurscheid<\/td><td class=\"column-4\"><a href=\"https:\/\/www.tvnow.de\/shows\/ran-an-den-speck-familien-nehmen-ab-17886\/staffel-1\" rel=\"noopener\" target=\"_blank\">Folge 6<\/a><\/td>\n<\/tr>\n<tr class=\"row-16\">\n\t<td class=\"column-1\">30.08.2019<\/td><td class=\"column-2\">RTL<\/td><td class=\"column-3\">Ran an den Speck<br><br \/>\nFamilien nehmen ab mit Dr. Kurscheid<\/td><td class=\"column-4\"><a href=\"https:\/\/www.tvnow.de\/shows\/ran-an-den-speck-familien-nehmen-ab-17886\/staffel-1\" rel=\"noopener\" target=\"_blank\">Folge 5<\/a><\/td>\n<\/tr>\n<tr class=\"row-17\">\n\t<td class=\"column-1\">29.08.2019<\/td><td class=\"column-2\">RTL<\/td><td class=\"column-3\">Ran an den Speck<br><br \/>\nFamilien nehmen ab mit Dr. Kurscheid<\/td><td class=\"column-4\"><a href=\"https:\/\/www.tvnow.de\/shows\/ran-an-den-speck-familien-nehmen-ab-17886\/staffel-1\" rel=\"noopener\" target=\"_blank\">Folge 4<\/a><\/td>\n<\/tr>\n<tr class=\"row-18\">\n\t<td class=\"column-1\">28.08.2019<\/td><td class=\"column-2\">RTL<\/td><td class=\"column-3\">Ran an den Speck<br><br \/>\nFamilien nehmen ab mit Dr. Kurscheid<\/td><td class=\"column-4\"><a href=\"https:\/\/www.tvnow.de\/shows\/ran-an-den-speck-familien-nehmen-ab-17886\/staffel-1\" rel=\"noopener\" target=\"_blank\">Folge 3<\/a><\/td>\n<\/tr>\n<tr class=\"row-19\">\n\t<td class=\"column-1\">27.08.2019<\/td><td class=\"column-2\">RTL<\/td><td class=\"column-3\">Ran an den Speck<br><br \/>\nFamilien nehmen ab mit Dr. Kurscheid<\/td><td class=\"column-4\"><a href=\"https:\/\/www.tvnow.de\/shows\/ran-an-den-speck-familien-nehmen-ab-17886\/staffel-1\" rel=\"noopener\" target=\"_blank\">Folge 2<\/a><\/td>\n<\/tr>\n<tr class=\"row-20\">\n\t<td class=\"column-1\">26.08.2019<\/td><td class=\"column-2\">RTL<\/td><td class=\"column-3\">Explosiv<br \/>\n<\/td><td class=\"column-4\">Thema: Gamer &amp; Energy Drinks<\/td>\n<\/tr>\n<tr class=\"row-21\">\n\t<td class=\"column-1\">26.08.2019<\/td><td class=\"column-2\">RTL<\/td><td class=\"column-3\">Ran an den Speck<br><br \/>\nFamilien nehmen ab mit Dr. Kurscheid<\/td><td class=\"column-4\"><a href=\"https:\/\/www.tvnow.de\/shows\/ran-an-den-speck-familien-nehmen-ab-17886\/staffel-1\" rel=\"noopener\" target=\"_blank\">Folge 1<\/a><\/td>\n<\/tr>\n<tr class=\"row-22\">\n\t<td class=\"column-1\">25.06.2019<\/td><td class=\"column-2\">WDR<\/td><td class=\"column-3\">Hier und heute<\/td><td class=\"column-4\"><a href=\"https:\/\/www1.wdr.de\/mediathek\/video\/sendungen\/hier-und-heute\/video-tipps-was-hilft-bei-der-hitze-100.html\" target=\"_blank\">Studiogast zum Thema: Was hilft bei der Hitze?<\/td>\n<\/tr>\n<tr class=\"row-23\">\n\t<td class=\"column-1\">17.06.2019<\/td><td class=\"column-2\">RTL<\/td><td class=\"column-3\">Extra<\/td><td class=\"column-4\">Wie sch\u00e4dlich ist Fleisch wirklich? EXTRA-Experiment: 2 Wochen nur Fleisch essen. Was macht das mit dem K\u00f6rper? Ein Extrem-Experiment mit \u00fcberraschendem Ergebnis.<\/td>\n<\/tr>\n<tr class=\"row-24\">\n\t<td class=\"column-1\">11.06.2019<\/td><td class=\"column-2\">RTL<\/td><td class=\"column-3\">Guten Morgen Deutschland<\/td><td class=\"column-4\">Live im Studio zum Thema: Kaffee-Studie: 25 Tassen Kaffee am Tag sollen vollkommen unbedenklich sein<\/td>\n<\/tr>\n<tr class=\"row-25\">\n\t<td class=\"column-1\">15.05.2019<\/td><td class=\"column-2\">health TV<\/td><td class=\"column-3\">Gesund TV<\/td><td class=\"column-4\">     <a href=\"https:\/\/www.healthtv.de\/c_eur\/de\/sendungen\/gesundtv\/low-carb-ballaststoffe-neue-diaet-zum-abnehmen\" target=\"_blank\">Studiogast zum Thema: Low Carb + Ballaststoffe \u2013 neue Di\u00e4t zum Abnehmen?<\/a><\/td>\n<\/tr>\n<tr class=\"row-26\">\n\t<td class=\"column-1\">13.05.2019<\/td><td class=\"column-2\">RTL<\/td><td class=\"column-3\">Extra<\/td><td class=\"column-4\">     <a href=\"https:\/\/www.rtl.de\/cms\/abnehmen-mit-der-thonon-diaet-rtl-reporterin-linda-macht-den-veggie-selbstversuch-4334788.html\" target=\"_blank\">Abnehmen mit der Thonon-Di\u00e4t<\/a><\/td>\n<\/tr>\n<tr class=\"row-27\">\n\t<td class=\"column-1\">18.04.2019<\/td><td class=\"column-2\">Servus TV<\/td><td class=\"column-3\">Talk im Hangar 7<\/td><td class=\"column-4\">     <a href=\"https:\/\/www.servus.com\/tv\/videos\/aa-1xmr89zqw1w12\/\" target=\"_blank\">Zu Gast im Studio zum Thema: Mythos Milch: Gesund oder gef\u00e4hrlich?<\/a><\/td>\n<\/tr>\n<tr class=\"row-28\">\n\t<td class=\"column-1\">08.04.2019<\/td><td class=\"column-2\">RTL<\/td><td class=\"column-3\">Extra<\/td><td class=\"column-4\">Rund ums Ei &amp; Selbstexperiment \"Eier-Di\u00e4t\": 1 Woche lang nur Eier essen<\/td>\n<\/tr>\n<tr class=\"row-29\">\n\t<td class=\"column-1\">17.02.2019<\/td><td class=\"column-2\">NDR<\/td><td class=\"column-3\">DAS!<\/td><td class=\"column-4\">      <a href=\"https:\/\/www.ndr.de\/fernsehen\/sendungen\/das\/Norddeutschland-und-die-Welt,sendung872026.html\" target=\"_blank\">Studiogast auf dem roten Sofa zum Thema \"Low Carb\"<\/a><\/td>\n<\/tr>\n<tr class=\"row-30\">\n\t<td class=\"column-1\">12.02.2019<\/td><td class=\"column-2\">BR Fernsehen<\/td><td class=\"column-3\">Abendschau<\/td><td class=\"column-4\">Studiogast - Themen: Low Carb, so ern\u00e4hren Sie sich richtig<\/td>\n<\/tr>\n<tr class=\"row-31\">\n\t<td class=\"column-1\">21.01.2019                              <\/td><td class=\"column-2\">MDR                            <\/td><td class=\"column-3\">MDR um 4                                             <br \/>\nLeichter Leben&nbsp;&nbsp;&nbsp;                                                                                    <br \/>\n                                           &nbsp;&nbsp;&nbsp;&nbsp;&nbsp;&nbsp;&nbsp;&nbsp;&nbsp;&nbsp;&nbsp;&nbsp;&nbsp;                                  <br \/>\n                                                                                                                                          <\/td><td class=\"column-4\">      <a href=\"https:\/\/www.mdr.de\/mediathek\/fernsehen\/video-267732_zc-7748e51b_zs-1638fa4e.html\" target=\"_blank\">Studiogast - Themen: Low Carb \u2013 Abnehmen in 28 Tagen, Blick auf Zucker und Fett, was die meisten beim Abnehmen falsch machen und wie Gewichtsreduktion wirklich funktioniert<\/a><\/td>\n<\/tr>\n<\/tbody>\n<\/table>\n<!-- #tablepress-40 from cache -->\r\n<\/div>","protected":false},"excerpt":{"rendered":"TV Beitr\u00e4ge 2019 Die Beitr\u00e4ge sind in chronologischer Reihenfolge aufgef\u00fchrt. F\u00fcr eine individuelle \u00dcbersicht, nutzen Sie die Sortierfunktion im Tabellenkopf 2024 I 2023 I 2022 I 2021 I 2020 I 2019 I 2018 I 2017 I 2016 I 2015 I 2014 I 2013 I 2012 I 2011 I 2010 I 2009 I 2008 I 2007-2006","protected":false},"author":3,"featured_media":0,"parent":1047,"menu_order":6,"comment_status":"closed","ping_status":"closed","template":"page-left-sidebar-child.php","meta":{"_acf_changed":false,"footnotes":""},"categories":[],"tags":[],"class_list":["post-3088","page","type-page","status-publish","hentry"],"translation":{"provider":"WPGlobus","version":"3.0.2","language":"de","enabled_languages":["de","en"],"languages":{"de":{"title":true,"content":true,"excerpt":false},"en":{"title":false,"content":false,"excerpt":false}}},"acf":[],"_links":{"self":[{"href":"https:\/\/www.dr-kurscheid.de\/persoenlich\/wp-json\/wp\/v2\/pages\/3088","targetHints":{"allow":["GET"]}}],"collection":[{"href":"https:\/\/www.dr-kurscheid.de\/persoenlich\/wp-json\/wp\/v2\/pages"}],"about":[{"href":"https:\/\/www.dr-kurscheid.de\/persoenlich\/wp-json\/wp\/v2\/types\/page"}],"author":[{"embeddable":true,"href":"https:\/\/www.dr-kurscheid.de\/persoenlich\/wp-json\/wp\/v2\/users\/3"}],"replies":[{"embeddable":true,"href":"https:\/\/www.dr-kurscheid.de\/persoenlich\/wp-json\/wp\/v2\/comments?post=3088"}],"version-history":[{"count":17,"href":"https:\/\/www.dr-kurscheid.de\/persoenlich\/wp-json\/wp\/v2\/pages\/3088\/revisions"}],"predecessor-version":[{"id":3105,"href":"https:\/\/www.dr-kurscheid.de\/persoenlich\/wp-json\/wp\/v2\/pages\/3088\/revisions\/3105"}],"up":[{"embeddable":true,"href":"https:\/\/www.dr-kurscheid.de\/persoenlich\/wp-json\/wp\/v2\/pages\/1047"}],"wp:attachment":[{"href":"https:\/\/www.dr-kurscheid.de\/persoenlich\/wp-json\/wp\/v2\/media?parent=3088"}],"wp:term":[{"taxonomy":"category","embeddable":true,"href":"https:\/\/www.dr-kurscheid.de\/persoenlich\/wp-json\/wp\/v2\/categories?post=3088"},{"taxonomy":"post_tag","embeddable":true,"href":"https:\/\/www.dr-kurscheid.de\/persoenlich\/wp-json\/wp\/v2\/tags?post=3088"}],"curies":[{"name":"wp","href":"https:\/\/api.w.org\/{rel}","templated":true}]}}