{"id":3310,"date":"2020-02-12T17:32:59","date_gmt":"2020-02-12T16:32:59","guid":{"rendered":"http:\/\/www.dr-kurscheid.de\/persoenlich\/?page_id=3310"},"modified":"2025-08-05T16:09:31","modified_gmt":"2025-08-05T14:09:31","slug":"2020-2","status":"publish","type":"page","link":"https:\/\/www.dr-kurscheid.de\/persoenlich\/mediathek\/tv\/nach-jahren\/2020-2","title":{"rendered":"2020"},"content":{"rendered":"<div class=\"columns large-12 medium-12 small-12\">\r\n  <h3>TV Beitr\u00e4ge 2020<\/h3>\r\n\r\n<p><br>Die Beitr\u00e4ge sind in chronologischer Reihenfolge aufgef\u00fchrt. F\u00fcr eine individuelle \u00dcbersicht, nutzen Sie die Sortierfunktion im Tabellenkopf<\/p>\r\n<p><a href=\"\/persoenlich\/mediathek\/tv\/nach-jahren\/2025-2\">2025<\/a> I <a href=\"\/persoenlich\/mediathek\/tv\/nach-jahren\/2024-2\">2024<\/a> I <a href=\"\/persoenlich\/mediathek\/tv\/nach-jahren\/2023-2\">2023<\/a> I <a href=\"\/persoenlich\/mediathek\/tv\/nach-jahren\/2022-2\">2022<\/a> I <a href=\"\/persoenlich\/mediathek\/tv\/nach-jahren\/2021-2\">2021<\/a> I <strong>2020<\/strong> I <a href=\"\/persoenlich\/mediathek\/tv\/nach-jahren\/2019-2\">2019<\/a> I <a href=\"\/persoenlich\/mediathek\/tv\/nach-jahren\/2018-2\">2018<\/a> I <a href=\"\/persoenlich\/mediathek\/tv\/nach-jahren\/2017-2\">2017<\/a> I <a href=\"\/persoenlich\/mediathek\/tv\/nach-jahren\/2016-2\">2016<\/a> I <a href=\"\/persoenlich\/mediathek\/tv\/nach-jahren\/2015-2\">2015<\/a> I <a href=\"\/persoenlich\/mediathek\/tv\/nach-jahren\/2014-2\">2014<\/a> I <a href=\"\/persoenlich\/mediathek\/tv\/nach-jahren\/2013-2\">2013<\/a> I <a href=\"\/persoenlich\/mediathek\/tv\/nach-jahren\/2012-2\">2012<\/a> I <a href=\"\/persoenlich\/mediathek\/tv\/nach-jahren\/2011-2\">2011<\/a> I <a href=\"\/persoenlich\/mediathek\/tv\/nach-jahren\/2010-2\">2010<\/a> I <a href=\"\/persoenlich\/mediathek\/tv\/nach-jahren\/2009-2\">2009<\/a> I <a href=\"\/persoenlich\/mediathek\/tv\/nach-jahren\/2008-2\">2008<\/a> I <a href=\"\/persoenlich\/mediathek\/tv\/nach-jahren\/2007-2006\">2007-2006<\/a><\/p>\r\n\r\n\n<table id=\"tablepress-42\" class=\"tablepress tablepress-id-42\">\n<thead>\n<tr class=\"row-1\">\n\t<th class=\"column-1\">Datum<\/th><th class=\"column-2\">Sender<\/th><th class=\"column-3\">Sendung<\/th><th class=\"column-4\">Thema<\/th>\n<\/tr>\n<\/thead>\n<tbody class=\"row-striping row-hover\">\n<tr class=\"row-2\">\n\t<td class=\"column-1\">17.11.2020<\/td><td class=\"column-2\">RTL&nbsp; &nbsp; &nbsp; &nbsp; &nbsp; &nbsp; &nbsp; &nbsp;&nbsp; &nbsp; <\/td><td class=\"column-3\">Explosiv<\/td><td class=\"column-4\">Thema: <br><a href=\"https:\/\/www.tvnow.de\/shows\/explosiv-75\/2020-11\/episode-224-sendung-vom-17-11-2020-3677842\" target=\"_blank\" rel=\"noopener noreferrer\">Ist scharfes Essen der Corona-Schnelltest f\u00fcr zuhause? (Beitrag ab Minute 07:48)<\/a><\/td>\n<\/tr>\n<tr class=\"row-3\">\n\t<td class=\"column-1\">09.11.2020<\/td><td class=\"column-2\">RTL&nbsp; &nbsp; &nbsp; &nbsp; &nbsp; &nbsp; &nbsp; &nbsp;&nbsp; &nbsp; <\/td><td class=\"column-3\"><\/td><td class=\"column-4\">Thema: <br><a href=\"https:\/\/www.rtl.de\/videos\/dr-thomas-kurscheid-von-corona-leugnern-bedroht-5fa92db0d7e39730e150427e.html\" target=\"_blank\" rel=\"noopener noreferrer\">Arzt wird von Corona-Leugnern bedroht<\/a><\/td>\n<\/tr>\n<tr class=\"row-4\">\n\t<td class=\"column-1\">09.11.2020<\/td><td class=\"column-2\">Sat. 1&nbsp; &nbsp; &nbsp; &nbsp; &nbsp; &nbsp; &nbsp; &nbsp;&nbsp; &nbsp; <\/td><td class=\"column-3\">Fr\u00fchst\u00fccksfernsehen<\/td><td class=\"column-4\">Thema: <br><a href=\"https:\/\/www.sat1.de\/tv\/fruehstuecksfernsehen\/video\/2020218-duerfen-aerzte-keine-kritik-aeussern-clip\" target=\"_blank\" rel=\"noopener noreferrer\">D\u00fcrfen \u00c4rzte keine Kritik \u00e4u\u00dfern?!<\/a><\/td>\n<\/tr>\n<tr class=\"row-5\">\n\t<td class=\"column-1\">05.11.2020<\/td><td class=\"column-2\">WDR&nbsp; &nbsp; &nbsp; &nbsp; &nbsp; &nbsp; &nbsp; &nbsp;&nbsp; &nbsp; <\/td><td class=\"column-3\">Aktuelle Stunde<\/td><td class=\"column-4\">Thema: <br><a href=\"https:\/\/www.youtube.com\/watch?v=qHFppgVWy5s\" target=\"_blank\" rel=\"noopener noreferrer\">K\u00f6lner Arzt wird von Corona-Leugnern bedroht<\/a><\/td>\n<\/tr>\n<tr class=\"row-6\">\n\t<td class=\"column-1\">28.09.2020<\/td><td class=\"column-2\">ZDF&nbsp; &nbsp; &nbsp; &nbsp; &nbsp; &nbsp; &nbsp; &nbsp;&nbsp; &nbsp; <\/td><td class=\"column-3\">Drehscheibe<\/td><td class=\"column-4\">Thema: Lunge st\u00e4rken<\/td>\n<\/tr>\n<tr class=\"row-7\">\n\t<td class=\"column-1\">12.08.2020<\/td><td class=\"column-2\">WDR&nbsp; &nbsp; &nbsp; &nbsp; &nbsp; &nbsp; &nbsp; &nbsp;&nbsp; &nbsp; <\/td><td class=\"column-3\">Aktuelle Stunde<\/td><td class=\"column-4\">Thema: <br><a href=\"https:\/\/www1.wdr.de\/mediathek\/video-trotz-heissem-sommer-noch-kein-ozon-alarm-100.html\" target=\"_blank\" rel=\"noopener noreferrer\">Trotz hei\u00dfem Sommer - Noch kein Ozon-Alarm<\/a><\/td>\n<\/tr>\n<tr class=\"row-8\">\n\t<td class=\"column-1\">26.05.2020<\/td><td class=\"column-2\">RTL&nbsp; &nbsp; &nbsp; &nbsp; &nbsp; &nbsp; &nbsp; &nbsp;&nbsp; &nbsp; <\/td><td class=\"column-3\">Marco Schreyl <br \/>\n(Folge 79)<\/td><td class=\"column-4\">Live als Studiogast zum Thema: <br><a href=\"https:\/\/www.tvnow.de\/shows\/marco-schreyl-18348\/2020-05\/episode-79-sendung-vom-26-05-2020-3165685\" target=\"_blank\" rel=\"noopener noreferrer\">Abh\u00e4ngigkeit\/Sucht<\/a><\/td>\n<\/tr>\n<tr class=\"row-9\">\n\t<td class=\"column-1\">19.05.2020<\/td><td class=\"column-2\">RTL&nbsp; &nbsp; &nbsp; &nbsp; &nbsp; &nbsp; &nbsp; &nbsp;&nbsp; &nbsp; <\/td><td class=\"column-3\">Marco Schreyl <br \/>\n(Folge 69)<\/td><td class=\"column-4\">Live als Studiogast zum Thema: <br><a href=\"https:\/\/www.tvnow.de\/shows\/marco-schreyl-18348\/2020-05\/episode-69-sendung-vom-19-05-2020-3154153\" target=\"_blank\" rel=\"noopener noreferrer\">Essst\u00f6rungen<\/a><\/td>\n<\/tr>\n<tr class=\"row-10\">\n\t<td class=\"column-1\">17.05.2020<\/td><td class=\"column-2\">RTL&nbsp; &nbsp; &nbsp; &nbsp; &nbsp; &nbsp; &nbsp; &nbsp;&nbsp; &nbsp; <\/td><td class=\"column-3\">Explosiv Weekend<\/td><td class=\"column-4\">Corona und Masken tragen<\/td>\n<\/tr>\n<tr class=\"row-11\">\n\t<td class=\"column-1\">06.05.2020<\/td><td class=\"column-2\">RTL&nbsp; &nbsp; &nbsp; &nbsp; &nbsp; &nbsp; &nbsp; &nbsp;&nbsp; &nbsp; <\/td><td class=\"column-3\">Marco Schreyl <br \/>\n(Folge 60)<\/td><td class=\"column-4\">Live als Studiogast zum Thema: <br><a href=\"https:\/\/www.tvnow.de\/shows\/marco-schreyl-18348\/2020-05\/episode-60-sendung-vom-06-05-2020-3139762\" target=\"_blank\" rel=\"noopener noreferrer\">Lip\u00f6dem, Bodyshaming<\/a><\/td>\n<\/tr>\n<tr class=\"row-12\">\n\t<td class=\"column-1\">15.04.2020<\/td><td class=\"column-2\">WDR&nbsp; &nbsp; &nbsp; &nbsp; &nbsp; &nbsp; &nbsp; &nbsp;&nbsp; &nbsp; <\/td><td class=\"column-3\">Lokalzeit<\/td><td class=\"column-4\">Hatte ich schon Corona? Gro\u00dfes Interesse an Antik\u00f6rpertest<\/td>\n<\/tr>\n<tr class=\"row-13\">\n\t<td class=\"column-1\">14.04.2020<\/td><td class=\"column-2\">RTL&nbsp; &nbsp; &nbsp; &nbsp; &nbsp; &nbsp; &nbsp; &nbsp;&nbsp; &nbsp; <\/td><td class=\"column-3\">Guten Morgen Deutschland<\/td><td class=\"column-4\">Live als Studiogast zum Thema: <br><a href=\"https:\/\/www.rtl.de\/cms\/heuschnupfen-trifft-auf-corona-was-wirklich-gegen-die-pollen-allergie-hilft-4522848.html\" target=\"_blank\" rel=\"noopener noreferrer\">Corona-Virus (Zum Artikel &amp; kurzes Info-Video)<\/a><\/td>\n<\/tr>\n<tr class=\"row-14\">\n\t<td class=\"column-1\">06.04.2020<\/td><td class=\"column-2\">RTL&nbsp; &nbsp; &nbsp; &nbsp; &nbsp; &nbsp; &nbsp; &nbsp;&nbsp; &nbsp; <\/td><td class=\"column-3\">Marco Schreyl <br \/>\n(Folge 41)<\/td><td class=\"column-4\">Live als Studiogast zum Thema: <br><a href=\"https:\/\/www.tvnow.de\/shows\/marco-schreyl-18348\/2020-04\/episode-41-schoenheit-extrem-wenn-der-blick-in-den-spiegel-angst-macht-3081930\" target=\"_blank\" rel=\"noopener noreferrer\">Sch\u00f6nheit extrem<\/a><\/td>\n<\/tr>\n<tr class=\"row-15\">\n\t<td class=\"column-1\">27.03.2020<\/td><td class=\"column-2\">RTL&nbsp; &nbsp; &nbsp; &nbsp; &nbsp; &nbsp; &nbsp; &nbsp;&nbsp; &nbsp; <\/td><td class=\"column-3\">Marco Schreyl <br \/>\n(Folge 35)<\/td><td class=\"column-4\">Live als Studiogast zum Thema: <br><a href=\"https:\/\/www.tvnow.de\/shows\/marco-schreyl-18348\/2020-03\/episode-35-gemeinsam-gegen-corona-2020-03-27-16-00-00-3063829\" target=\"_blank\" rel=\"noopener noreferrer\">Corona-Virus<\/a><\/td>\n<\/tr>\n<tr class=\"row-16\">\n\t<td class=\"column-1\">26.03.2020<\/td><td class=\"column-2\">RTL&nbsp; &nbsp; &nbsp; &nbsp; &nbsp; &nbsp; &nbsp; &nbsp;&nbsp; &nbsp; <\/td><td class=\"column-3\">Marco Schreyl <br \/>\n(Folge 34)<\/td><td class=\"column-4\">Live als Studiogast zum Thema: <br><a href=\"https:\/\/www.tvnow.de\/shows\/marco-schreyl-18348\/2020-03\/episode-34-gemeinsam-gegen-corona-2020-03-26-16-00-00-3062046\" target=\"_blank\" rel=\"noopener noreferrer\">Corona-Virus<\/a><\/td>\n<\/tr>\n<tr class=\"row-17\">\n\t<td class=\"column-1\">25.03.2020<\/td><td class=\"column-2\">RTL&nbsp; &nbsp; &nbsp; &nbsp; &nbsp; &nbsp; &nbsp; &nbsp;&nbsp; &nbsp; <\/td><td class=\"column-3\">Marco Schreyl <br \/>\n(Folge 33)<\/td><td class=\"column-4\"> Live als Studiogast zum Thema<br><a href=\"https:\/\/www.tvnow.de\/shows\/marco-schreyl-18348\/2020-03\/episode-33-gemeinsam-gegen-corona-2020-03-25-16-00-00-3060604\" target=\"_blank\" rel=\"noopener noreferrer\">Corona-Virus<\/a><\/td>\n<\/tr>\n<tr class=\"row-18\">\n\t<td class=\"column-1\">16.03.2020<\/td><td class=\"column-2\">ZDF&nbsp; &nbsp; &nbsp; &nbsp; &nbsp; &nbsp; &nbsp; &nbsp;&nbsp; &nbsp; <\/td><td class=\"column-3\">hallo Deutschland<\/td><td class=\"column-4\"> Live-Schalte zu den Themen: <a href=\"https:\/\/www.youtube.com\/watch?v=nVzomOqRBEM\" target=\"_blank\" rel=\"noopener noreferrer\">Corona-Parties, Immunit\u00e4t sowie Wiederansteckung<\/a><\/td>\n<\/tr>\n<tr class=\"row-19\">\n\t<td class=\"column-1\">16.03.2020<\/td><td class=\"column-2\">ZDF&nbsp; &nbsp; &nbsp; &nbsp; &nbsp; &nbsp; &nbsp; &nbsp;&nbsp; &nbsp; <\/td><td class=\"column-3\">Volle Kanne<\/td><td class=\"column-4\"><a href=\"https:\/\/www.youtube.com\/watch?v=XCa1Hp-UeJg&amp;feature=youtu.be\" target=\"_blank\" rel=\"noopener noreferrer\">Fake News: Corona-Mythen in Kettenbriefen<\/a><\/td>\n<\/tr>\n<tr class=\"row-20\">\n\t<td class=\"column-1\">13.03.2020<\/td><td class=\"column-2\">ZDF&nbsp; &nbsp; &nbsp; &nbsp; &nbsp; &nbsp; &nbsp; &nbsp;&nbsp; &nbsp; <\/td><td class=\"column-3\">hallo Deutschland<\/td><td class=\"column-4\"><a href=\"https:\/\/www.zdf.de\/nachrichten\/hallo-deutschland\/hallo-deutschland-vom-13-maerz-2020-100.html\" target=\"_blank\" rel=\"noopener noreferrer\">Faktencheck zum Coronavirus, Corona-Mythen in Kettenbriefen<\/a><\/td>\n<\/tr>\n<tr class=\"row-21\">\n\t<td class=\"column-1\">13.03.2020<\/td><td class=\"column-2\">ZDF&nbsp; &nbsp; &nbsp; &nbsp; &nbsp; &nbsp; &nbsp; &nbsp;&nbsp; &nbsp; <\/td><td class=\"column-3\">Drehscheibe<\/td><td class=\"column-4\"><a href=\"https:\/\/www.zdf.de\/nachrichten\/drehscheibe\/drehscheibe-vom-13-maerz-2020-100.html\" target=\"_blank\" rel=\"noopener noreferrer\">Faktencheck zum Coronavirus, Corona-Mythen in Kettenbriefen<\/a><\/td>\n<\/tr>\n<tr class=\"row-22\">\n\t<td class=\"column-1\">04.03.2020<\/td><td class=\"column-2\">RTL&nbsp; &nbsp; &nbsp; &nbsp; &nbsp; &nbsp; &nbsp; &nbsp;&nbsp; &nbsp; <\/td><td class=\"column-3\">Marco Schreyl <br \/>\n(Folge 18)<\/td><td class=\"column-4\">O-Ton in der Sendung:<br><a href=\"https:\/\/www.tvnow.de\/shows\/marco-schreyl-18348\/2020-03\/episode-18-corona-virus-die-unsichtbare-gefahr-3025386\" target=\"_blank\" rel=\"noopener noreferrer\">Corona-Virus - Die unsichtbare Gefahr?<\/a><\/td>\n<\/tr>\n<tr class=\"row-23\">\n\t<td class=\"column-1\">02.03.2020<\/td><td class=\"column-2\">RTL<\/td><td class=\"column-3\">Extra<\/td><td class=\"column-4\">Der gro\u00dfe Lebensmitteltest<\/td>\n<\/tr>\n<tr class=\"row-24\">\n\t<td class=\"column-1\">21.02.2020<\/td><td class=\"column-2\">RTL&nbsp; &nbsp; &nbsp; &nbsp; &nbsp; &nbsp; &nbsp; &nbsp;&nbsp; &nbsp; <\/td><td class=\"column-3\">Marco Schreyl <br \/>\n(Folge 10)<\/td><td class=\"column-4\">Studiogast zum Thema:<br><a href=\"https:\/\/www.tvnow.de\/shows\/marco-schreyl-18348\/2020-02\/episode-10-dating-apps-impfpflicht-lebensrettend-oder-koerperverletzung-grossfamilie-deluxe-gegen-das-klischee-2986030\" target=\"_blank\" rel=\"noopener noreferrer\">Impfpflicht - Lebensrettend oder K\u00f6rperverletzung?<\/a><\/td>\n<\/tr>\n<tr class=\"row-25\">\n\t<td class=\"column-1\">17.02.2020<\/td><td class=\"column-2\">RTL<\/td><td class=\"column-3\">Marco Schreyl<br \/>\n(Folge 6)<\/td><td class=\"column-4\">Studiogast zum Thema:<br><a href=\"https:\/\/www.tvnow.de\/shows\/marco-schreyl-18348\/2020-02\/episode-6-ein-glaeschen-in-ehren-volksdroge-alkohol-altersunterschied-wenn-liebe-keine-grenzen-kennt-2978827\" target=\"_blank\" rel=\"noopener noreferrer\">Gl\u00e4schen in Ehren - Volksdroge Alkohol<\/a><\/td>\n<\/tr>\n<tr class=\"row-26\">\n\t<td class=\"column-1\">12.02.2020<\/td><td class=\"column-2\">RTL<\/td><td class=\"column-3\">Marco Schreyl<br \/>\n(Folge 2)<\/td><td class=\"column-4\">Studiogast zum Thema:<br><a href=\"https:\/\/www.tvnow.de\/shows\/marco-schreyl-18348\/2020-02\/episode-2-wieviel-sex-ist-normal-tabuthema-wechseljahre-vegane-ernaehrung-2964698\" target=\"_blank\" rel=\"noopener noreferrer\">Vegane Ern\u00e4hrung (Thema ab Kapitel 3 und Minute 07:33)<\/a><\/td>\n<\/tr>\n<tr class=\"row-27\">\n\t<td class=\"column-1\">05.02.2020<\/td><td class=\"column-2\">WDR<\/td><td class=\"column-3\">Markt<\/td><td class=\"column-4\"><a href=\"https:\/\/www1.wdr.de\/fernsehen\/markt\/sendungen\/uebersichtsseite-markt-326.html\" target=\"_blank\" rel=\"noopener noreferrer\">Unterschiede bei Aufback-Croissants (Beitrag ab 00:16:00)<\/a><\/td>\n<\/tr>\n<tr class=\"row-28\">\n\t<td class=\"column-1\">29.01.2020<\/td><td class=\"column-2\">RTL<\/td><td class=\"column-3\">Punkt 12<\/td><td class=\"column-4\">Anti-Fleisch-Pflaster<\/td>\n<\/tr>\n<\/tbody>\n<\/table>\n<!-- #tablepress-42 from cache -->\r\n<\/div>","protected":false},"excerpt":{"rendered":"TV Beitr\u00e4ge 2020 Die Beitr\u00e4ge sind in chronologischer Reihenfolge aufgef\u00fchrt. F\u00fcr eine individuelle \u00dcbersicht, nutzen Sie die Sortierfunktion im Tabellenkopf 2025 I 2024 I 2023 I 2022 I 2021 I 2020 I 2019 I 2018 I 2017 I 2016 I 2015 I 2014 I 2013 I 2012 I 2011 I 2010 I 2009 I 2008&#8230;  <a class=\"excerpt-read-more\" href=\"https:\/\/www.dr-kurscheid.de\/persoenlich\/mediathek\/tv\/nach-jahren\/2020-2\" title=\"Read2020\">Read more &raquo;<\/a>","protected":false},"author":3,"featured_media":0,"parent":1047,"menu_order":5,"comment_status":"closed","ping_status":"closed","template":"page-left-sidebar-child.php","meta":{"_acf_changed":false,"footnotes":""},"categories":[],"tags":[],"class_list":["post-3310","page","type-page","status-publish","hentry"],"translation":{"provider":"WPGlobus","version":"3.0.2","language":"de","enabled_languages":["de","en"],"languages":{"de":{"title":true,"content":true,"excerpt":false},"en":{"title":false,"content":false,"excerpt":false}}},"acf":[],"_links":{"self":[{"href":"https:\/\/www.dr-kurscheid.de\/persoenlich\/wp-json\/wp\/v2\/pages\/3310","targetHints":{"allow":["GET"]}}],"collection":[{"href":"https:\/\/www.dr-kurscheid.de\/persoenlich\/wp-json\/wp\/v2\/pages"}],"about":[{"href":"https:\/\/www.dr-kurscheid.de\/persoenlich\/wp-json\/wp\/v2\/types\/page"}],"author":[{"embeddable":true,"href":"https:\/\/www.dr-kurscheid.de\/persoenlich\/wp-json\/wp\/v2\/users\/3"}],"replies":[{"embeddable":true,"href":"https:\/\/www.dr-kurscheid.de\/persoenlich\/wp-json\/wp\/v2\/comments?post=3310"}],"version-history":[{"count":13,"href":"https:\/\/www.dr-kurscheid.de\/persoenlich\/wp-json\/wp\/v2\/pages\/3310\/revisions"}],"predecessor-version":[{"id":3314,"href":"https:\/\/www.dr-kurscheid.de\/persoenlich\/wp-json\/wp\/v2\/pages\/3310\/revisions\/3314"}],"up":[{"embeddable":true,"href":"https:\/\/www.dr-kurscheid.de\/persoenlich\/wp-json\/wp\/v2\/pages\/1047"}],"wp:attachment":[{"href":"https:\/\/www.dr-kurscheid.de\/persoenlich\/wp-json\/wp\/v2\/media?parent=3310"}],"wp:term":[{"taxonomy":"category","embeddable":true,"href":"https:\/\/www.dr-kurscheid.de\/persoenlich\/wp-json\/wp\/v2\/categories?post=3310"},{"taxonomy":"post_tag","embeddable":true,"href":"https:\/\/www.dr-kurscheid.de\/persoenlich\/wp-json\/wp\/v2\/tags?post=3310"}],"curies":[{"name":"wp","href":"https:\/\/api.w.org\/{rel}","templated":true}]}}