{"id":3412,"date":"2021-02-12T16:02:01","date_gmt":"2021-02-12T15:02:01","guid":{"rendered":"http:\/\/www.dr-kurscheid.de\/persoenlich\/?page_id=3412"},"modified":"2025-08-05T16:09:20","modified_gmt":"2025-08-05T14:09:20","slug":"2021-2","status":"publish","type":"page","link":"https:\/\/www.dr-kurscheid.de\/persoenlich\/mediathek\/tv\/nach-jahren\/2021-2","title":{"rendered":"2021"},"content":{"rendered":"<div class=\"columns large-12 medium-12 small-12\">\r\n  <h3>TV Beitr\u00e4ge 2021<\/h3>\r\n\r\n<p><br>Die Beitr\u00e4ge sind in chronologischer Reihenfolge aufgef\u00fchrt. F\u00fcr eine individuelle \u00dcbersicht, nutzen Sie die Sortierfunktion im Tabellenkopf<\/p>\r\n<p><a href=\"\/persoenlich\/mediathek\/tv\/nach-jahren\/2025-2\">2025<\/a> I <a href=\"\/persoenlich\/mediathek\/tv\/nach-jahren\/2024-2\">2024<\/a> I <a href=\"\/persoenlich\/mediathek\/tv\/nach-jahren\/2023-2\">2023<\/a> I <a href=\"\/persoenlich\/mediathek\/tv\/nach-jahren\/2022-2\">2022<\/a> I <strong>2021<\/strong> I <a href=\"\/persoenlich\/mediathek\/tv\/nach-jahren\/2020-2\">2020<\/a> I <a href=\"\/persoenlich\/mediathek\/tv\/nach-jahren\/2019-2\">2019<\/a> I <a href=\"\/persoenlich\/mediathek\/tv\/nach-jahren\/2018-2\">2018<\/a> I <a href=\"\/persoenlich\/mediathek\/tv\/nach-jahren\/2017-2\">2017<\/a> I <a href=\"\/persoenlich\/mediathek\/tv\/nach-jahren\/2016-2\">2016<\/a> I <a href=\"\/persoenlich\/mediathek\/tv\/nach-jahren\/2015-2\">2015<\/a> I <a href=\"\/persoenlich\/mediathek\/tv\/nach-jahren\/2014-2\">2014<\/a> I <a href=\"\/persoenlich\/mediathek\/tv\/nach-jahren\/2013-2\">2013<\/a> I <a href=\"\/persoenlich\/mediathek\/tv\/nach-jahren\/2012-2\">2012<\/a> I <a href=\"\/persoenlich\/mediathek\/tv\/nach-jahren\/2011-2\">2011<\/a> I <a href=\"\/persoenlich\/mediathek\/tv\/nach-jahren\/2010-2\">2010<\/a> I <a href=\"\/persoenlich\/mediathek\/tv\/nach-jahren\/2009-2\">2009<\/a> I <a href=\"\/persoenlich\/mediathek\/tv\/nach-jahren\/2008-2\">2008<\/a> I <a href=\"\/persoenlich\/mediathek\/tv\/nach-jahren\/2007-2006\">2007-2006<\/a><\/p>\r\n\r\n\n<table id=\"tablepress-43\" class=\"tablepress tablepress-id-43\">\n<thead>\n<tr class=\"row-1\">\n\t<th class=\"column-1\">Datum<\/th><th class=\"column-2\">Sender<\/th><th class=\"column-3\">Sendung<\/th><th class=\"column-4\">Thema<\/th>\n<\/tr>\n<\/thead>\n<tbody class=\"row-striping row-hover\">\n<tr class=\"row-2\">\n\t<td class=\"column-1\">04.12.2021<\/td><td class=\"column-2\">RTL<\/td><td class=\"column-3\">Life<\/td><td class=\"column-4\">Thema: Das gro\u00dfe Impf-Experiment: K\u00f6nnen \u00c4rzte Ungeimpften ihre Bedenken nehmen und sie von einer Impfung \u00fcberzeugen?<br><a href=\"https:\/\/www.rtl.de\/cms\/rtl-experiment-wie-kann-man-impfgegner-ueberzeugen-befuerworter-treffen-skeptiker-4878317.html\" target=\"_blank\" rel=\"noopener noreferrer\">zum Video<\/a><\/td>\n<\/tr>\n<tr class=\"row-3\">\n\t<td class=\"column-1\">15.07.2021<\/td><td class=\"column-2\">RTL<\/td><td class=\"column-3\"><\/td><td class=\"column-4\">Thema: Das gro\u00dfe Abnehm-Experiment: Welcher Di\u00e4t-Shake bringt wirklich was?<br><a href=\"https:\/\/www.rtl.de\/cms\/das-grosse-diaet-experiment-welcher-abnehm-shake-hilft-tatsaechlich-4794854.html\" target=\"_blank\" rel=\"noopener noreferrer\">zum Video<\/a><\/td>\n<\/tr>\n<tr class=\"row-4\">\n\t<td class=\"column-1\">28.06.2021<\/td><td class=\"column-2\">ARD<\/td><td class=\"column-3\">Live nach Neun<\/td><td class=\"column-4\">Weg mit dem Corona Speck<br><a href=\"https:\/\/www.daserste.de\/information\/ratgeber-service\/live-nach-neun\/videos\/weg-mit-dem-corona-speck-live-nach-neun-video-100.html\" target=\"_blank\" rel=\"noopener noreferrer\">zum Video<\/a><\/td>\n<\/tr>\n<tr class=\"row-5\">\n\t<td class=\"column-1\">31.05.2021<\/td><td class=\"column-2\">RTL<\/td><td class=\"column-3\">Spiegel TV<\/td><td class=\"column-4\">Hass im Internet gegen Corona-Warner<br> <a href=\"https:\/\/www.youtube.com\/watch?v=kINUyiN3xH4\" target=\"_blank\" rel=\"noopener noreferrer\">zum Video<\/a><\/td>\n<\/tr>\n<tr class=\"row-6\">\n\t<td class=\"column-1\">23.05.2021<\/td><td class=\"column-2\">RTL<\/td><td class=\"column-3\">Punkt 12<\/td><td class=\"column-4\">Corona-Antik\u00f6rpertest<\/td>\n<\/tr>\n<tr class=\"row-7\">\n\t<td class=\"column-1\">23.05.2021<\/td><td class=\"column-2\">RTL<\/td><td class=\"column-3\">RTL aktuell<\/td><td class=\"column-4\">Corona-Antik\u00f6rpertest<\/td>\n<\/tr>\n<tr class=\"row-8\">\n\t<td class=\"column-1\">23.05.2021<\/td><td class=\"column-2\">RTL<\/td><td class=\"column-3\">Nachtjournal<\/td><td class=\"column-4\">Corona-Antik\u00f6rpertest<\/td>\n<\/tr>\n<tr class=\"row-9\">\n\t<td class=\"column-1\">29.03.2021<\/td><td class=\"column-2\">ZDF<\/td><td class=\"column-3\">WISO<\/td><td class=\"column-4\">Corona-Abzocke im Internet \u2013 Vermeintlicher Impfstoff im Angebot<br \/>\n<a href=\"https:\/\/www.zdf.de\/verbraucher\/wiso\/wiso-vom-29-maerz-2021-100.html\" target=\"_blank\" rel=\"noopener noreferrer\">zum Video<\/a><\/td>\n<\/tr>\n<tr class=\"row-10\">\n\t<td class=\"column-1\">20.02.2021<\/td><td class=\"column-2\">RTL<\/td><td class=\"column-3\">Best of...!<\/td><td class=\"column-4\">Kohlenhydrate reduzieren \u2013 Resistente St\u00e4rke \u2013 Ein Zwillingsexperiment<br \/>\n<a href=\"https:\/\/www.rtl.de\/videos\/zwillinge-testen-wunder-strategie-60281a8abcb8bf341c0fcef2.html\" target=\"_blank\" rel=\"noopener noreferrer\">zum Video<\/a><\/td>\n<\/tr>\n<tr class=\"row-11\">\n\t<td class=\"column-1\">13.02.2021<\/td><td class=\"column-2\">RTL<\/td><td class=\"column-3\">Life<\/td><td class=\"column-4\">Kohlenhydrate reduzieren \u2013 Resistente St\u00e4rke \u2013 Ein Zwillingsexperiment<br \/>\n<a href=\"https:\/\/www.rtl.de\/videos\/zwillinge-testen-wunder-strategie-60281a8abcb8bf341c0fcef2.html\" target=\"_blank\" rel=\"noopener noreferrer\">zum Video<\/a><\/td>\n<\/tr>\n<tr class=\"row-12\">\n\t<td class=\"column-1\">20.01.2021<\/td><td class=\"column-2\">WDR&nbsp; &nbsp; &nbsp; &nbsp; &nbsp; &nbsp; &nbsp; &nbsp;&nbsp; &nbsp; <\/td><td class=\"column-3\">Planet Wissen<\/td><td class=\"column-4\">Salz \u2013 Geliebt und verteufelt <br><a href=\"https:\/\/www.planet-wissen.de\/video-salz--geliebt-und-verteufelt-102.html\" target=\"_blank\" rel=\"noopener noreferrer\">zum Video<\/a><\/td>\n<\/tr>\n<tr class=\"row-13\">\n\t<td class=\"column-1\">19.01.2021<\/td><td class=\"column-2\">RTL<\/td><td class=\"column-3\"><\/td><td class=\"column-4\">Wie immun bin ich zwei Wochen nach Corona-Infektion?<br \/>\n<a href=\"https:\/\/www.rtl.de\/cms\/2-wochen-nach-corona-infektion-wie-immun-bin-ich-der-reporter-selbstversuch-4685418.html\" target=\"_blank\" rel=\"noopener noreferrer\">zum Video<\/a><\/td>\n<\/tr>\n<\/tbody>\n<\/table>\n<!-- #tablepress-43 from cache -->\r\n<\/div>","protected":false},"excerpt":{"rendered":"TV Beitr\u00e4ge 2021 Die Beitr\u00e4ge sind in chronologischer Reihenfolge aufgef\u00fchrt. F\u00fcr eine individuelle \u00dcbersicht, nutzen Sie die Sortierfunktion im Tabellenkopf 2025 I 2024 I 2023 I 2022 I 2021 I 2020 I 2019 I 2018 I 2017 I 2016 I 2015 I 2014 I 2013 I 2012 I 2011 I 2010 I 2009 I 2008&#8230;  <a class=\"excerpt-read-more\" href=\"https:\/\/www.dr-kurscheid.de\/persoenlich\/mediathek\/tv\/nach-jahren\/2021-2\" title=\"Read2021\">Read more &raquo;<\/a>","protected":false},"author":3,"featured_media":0,"parent":1047,"menu_order":4,"comment_status":"closed","ping_status":"closed","template":"page-left-sidebar-child.php","meta":{"_acf_changed":false,"footnotes":""},"categories":[],"tags":[],"class_list":["post-3412","page","type-page","status-publish","hentry"],"translation":{"provider":"WPGlobus","version":"3.0.2","language":"de","enabled_languages":["de","en"],"languages":{"de":{"title":true,"content":true,"excerpt":false},"en":{"title":false,"content":false,"excerpt":false}}},"acf":[],"_links":{"self":[{"href":"https:\/\/www.dr-kurscheid.de\/persoenlich\/wp-json\/wp\/v2\/pages\/3412","targetHints":{"allow":["GET"]}}],"collection":[{"href":"https:\/\/www.dr-kurscheid.de\/persoenlich\/wp-json\/wp\/v2\/pages"}],"about":[{"href":"https:\/\/www.dr-kurscheid.de\/persoenlich\/wp-json\/wp\/v2\/types\/page"}],"author":[{"embeddable":true,"href":"https:\/\/www.dr-kurscheid.de\/persoenlich\/wp-json\/wp\/v2\/users\/3"}],"replies":[{"embeddable":true,"href":"https:\/\/www.dr-kurscheid.de\/persoenlich\/wp-json\/wp\/v2\/comments?post=3412"}],"version-history":[{"count":7,"href":"https:\/\/www.dr-kurscheid.de\/persoenlich\/wp-json\/wp\/v2\/pages\/3412\/revisions"}],"predecessor-version":[{"id":3417,"href":"https:\/\/www.dr-kurscheid.de\/persoenlich\/wp-json\/wp\/v2\/pages\/3412\/revisions\/3417"}],"up":[{"embeddable":true,"href":"https:\/\/www.dr-kurscheid.de\/persoenlich\/wp-json\/wp\/v2\/pages\/1047"}],"wp:attachment":[{"href":"https:\/\/www.dr-kurscheid.de\/persoenlich\/wp-json\/wp\/v2\/media?parent=3412"}],"wp:term":[{"taxonomy":"category","embeddable":true,"href":"https:\/\/www.dr-kurscheid.de\/persoenlich\/wp-json\/wp\/v2\/categories?post=3412"},{"taxonomy":"post_tag","embeddable":true,"href":"https:\/\/www.dr-kurscheid.de\/persoenlich\/wp-json\/wp\/v2\/tags?post=3412"}],"curies":[{"name":"wp","href":"https:\/\/api.w.org\/{rel}","templated":true}]}}