{"id":3475,"date":"2022-06-08T09:51:41","date_gmt":"2022-06-08T07:51:41","guid":{"rendered":"https:\/\/www.dr-kurscheid.de\/persoenlich\/?page_id=3475"},"modified":"2025-08-05T16:09:07","modified_gmt":"2025-08-05T14:09:07","slug":"2022-2","status":"publish","type":"page","link":"https:\/\/www.dr-kurscheid.de\/persoenlich\/mediathek\/tv\/nach-jahren\/2022-2","title":{"rendered":"2022"},"content":{"rendered":"<div class=\"columns large-12 medium-12 small-12\">\r\n  <h3>TV Beitr\u00e4ge 2022<\/h3>\r\n\r\n<p><br>Die Beitr\u00e4ge sind in chronologischer Reihenfolge aufgef\u00fchrt. F\u00fcr eine individuelle \u00dcbersicht, nutzen Sie die Sortierfunktion im Tabellenkopf<\/p>\r\n<p><a href=\"\/persoenlich\/mediathek\/tv\/nach-jahren\/2025-2\">2025<\/a> I <a href=\"\/persoenlich\/mediathek\/tv\/nach-jahren\/2024-2\">2024<\/a> I <a href=\"\/persoenlich\/mediathek\/tv\/nach-jahren\/2023-2\">2023<\/a> I <strong>2022<\/strong> I <a href=\"\/persoenlich\/mediathek\/tv\/nach-jahren\/2021-2\">2021<\/a> I <a href=\"\/persoenlich\/mediathek\/tv\/nach-jahren\/2020-2\">2020<\/a> I <a href=\"\/persoenlich\/mediathek\/tv\/nach-jahren\/2019-2\">2019<\/a> I <a href=\"\/persoenlich\/mediathek\/tv\/nach-jahren\/2018-2\">2018<\/a> I <a href=\"\/persoenlich\/mediathek\/tv\/nach-jahren\/2017-2\">2017<\/a> I <a href=\"\/persoenlich\/mediathek\/tv\/nach-jahren\/2016-2\">2016<\/a> I <a href=\"\/persoenlich\/mediathek\/tv\/nach-jahren\/2015-2\">2015<\/a> I <a href=\"\/persoenlich\/mediathek\/tv\/nach-jahren\/2014-2\">2014<\/a> I <a href=\"\/persoenlich\/mediathek\/tv\/nach-jahren\/2013-2\">2013<\/a> I <a href=\"\/persoenlich\/mediathek\/tv\/nach-jahren\/2012-2\">2012<\/a> I <a href=\"\/persoenlich\/mediathek\/tv\/nach-jahren\/2011-2\">2011<\/a> I <a href=\"\/persoenlich\/mediathek\/tv\/nach-jahren\/2010-2\">2010<\/a> I <a href=\"\/persoenlich\/mediathek\/tv\/nach-jahren\/2009-2\">2009<\/a> I <a href=\"\/persoenlich\/mediathek\/tv\/nach-jahren\/2008-2\">2008<\/a> I <a href=\"\/persoenlich\/mediathek\/tv\/nach-jahren\/2007-2006\">2007-2006<\/a><\/p>\r\n\r\n\n<table id=\"tablepress-44\" class=\"tablepress tablepress-id-44\">\n<thead>\n<tr class=\"row-1\">\n\t<th class=\"column-1\">Datum<\/th><th class=\"column-2\">Sender<\/th><th class=\"column-3\">Sendung<\/th><th class=\"column-4\">Thema<\/th>\n<\/tr>\n<\/thead>\n<tbody class=\"row-striping row-hover\">\n<tr class=\"row-2\">\n\t<td class=\"column-1\">07.12.2022<\/td><td class=\"column-2\">WDR<\/td><td class=\"column-3\">Hier und heute<\/td><td class=\"column-4\">Studiogast zum Thema: Was tun gegen G\u00fcrtelrose?<br><a href=\"https:\/\/www.youtube.com\/watch?v=nnO-B1Ba_T8\" target=\"_blank\" rel=\"noopener noreferrer\">zum Video<\/a><\/td>\n<\/tr>\n<tr class=\"row-3\">\n\t<td class=\"column-1\">21.11.2022<\/td><td class=\"column-2\">WDR<\/td><td class=\"column-3\">Hier und heute<\/td><td class=\"column-4\">Studiogast zum Thema: Warum empfinden wir K\u00e4lte unterschiedlich? Warum frieren Frauen schneller?<br><a href=\"https:\/\/www.youtube.com\/watch?v=rLJDY7ZLGWA\" target=\"_blank\" rel=\"noopener noreferrer\">zum Video<\/a><\/td>\n<\/tr>\n<tr class=\"row-4\">\n\t<td class=\"column-1\">04.11.2022<\/td><td class=\"column-2\">WDR<\/td><td class=\"column-3\">Hier und heute<\/td><td class=\"column-4\">Studiogast zum Thema: Was taugen medizinische Selbsttests?<br><a href=\"https:\/\/www.youtube.com\/watch?v=PxvtDWor1zs\" target=\"_blank\" rel=\"noopener noreferrer\">zum Video<\/a><\/td>\n<\/tr>\n<tr class=\"row-5\">\n\t<td class=\"column-1\">26.10.2022<\/td><td class=\"column-2\">Pro7<\/td><td class=\"column-3\">TV total<\/td><td class=\"column-4\">Sebastian Pufpaff beim WOK-WM Gesundheitscheck und in der Ganzk\u00f6rper-K\u00e4ltekammer<br><a href=\"https:\/\/www.youtube.com\/watch?v=gXYDzDSG3ec\" target=\"_blank\" rel=\"noopener noreferrer\">zum Video<\/a><\/td>\n<\/tr>\n<tr class=\"row-6\">\n\t<td class=\"column-1\">28.09.2022<\/td><td class=\"column-2\">RTL<\/td><td class=\"column-3\">Punkt 12<\/td><td class=\"column-4\">Studiogast zum Thema: Hungergef\u00fchl<br><a href=\"https:\/\/www.tvnow.de\/shows\/punkt-12-1509\/2022-09\/episode-189-teil-2-2-sendung-vom-28-09-2022-5210213\" target=\"_blank\" rel=\"noopener noreferrer\">zum Video<\/a><\/td>\n<\/tr>\n<tr class=\"row-7\">\n\t<td class=\"column-1\">21.09.2022<\/td><td class=\"column-2\">ZDF<\/td><td class=\"column-3\">Drehscheibe<\/td><td class=\"column-4\">Der Fitness-Check<br><a href=\"https:\/\/www.zdf.de\/nachrichten\/drehscheibe\/drehscheibe-vom-21-september-2022-100.html\" target=\"_blank\" rel=\"noopener noreferrer\">zum Video (ab Min. 22:33)<\/a><\/td>\n<\/tr>\n<tr class=\"row-8\">\n\t<td class=\"column-1\">12.09.2022<\/td><td class=\"column-2\">RTL<\/td><td class=\"column-3\">Extra<\/td><td class=\"column-4\">Das Gro\u00dfe K\u00e4lteexperiment \u2013 Wie lange l\u00e4sst es sich in einer kalten Wohnung aushalten?<br><a href=\"https:\/\/www.rtl.de\/videos\/wie-lange-laesst-es-sich-in-einer-kalten-wohnung-aushalten-631fafc00a12f301be034622.html\" target=\"_blank\" rel=\"noopener noreferrer\">zum Video<\/a><\/td>\n<\/tr>\n<tr class=\"row-9\">\n\t<td class=\"column-1\">27.07.2022<\/td><td class=\"column-2\">ARD<\/td><td class=\"column-3\">Live nach Neun<\/td><td class=\"column-4\">Studiogast zum Thema: Salz<br><a href=\"https:\/\/www.ardmediathek.de\/video\/live-nach-neun\/wenn-wissenschaft-uns-gesund-und-gluecklich-macht\/das-erste\/Y3JpZDovL2Rhc2Vyc3RlLmRlL2xpdmUgbmFjaCBuZXVuL2NmZGI2MDQxLWY1OWEtNGZiNS05MzRlLWU2NjhmMmVjOGM0Nw\" target=\"_blank\" rel=\"noopener noreferrer\">zum Video<\/a><\/td>\n<\/tr>\n<tr class=\"row-10\">\n\t<td class=\"column-1\">11.07.2022<\/td><td class=\"column-2\">WDR<\/td><td class=\"column-3\">Hier und heute<\/td><td class=\"column-4\">Studiogast zum Thema: Bluthochdruck<br><a href=\"https:\/\/www.youtube.com\/watch?v=arpADaKLXks\" target=\"_blank\" rel=\"noopener noreferrer\">zum Video<\/a><\/td>\n<\/tr>\n<tr class=\"row-11\">\n\t<td class=\"column-1\">23.05.2022<\/td><td class=\"column-2\">WDR<\/td><td class=\"column-3\">Hier und heute<\/td><td class=\"column-4\">Studiogast zum Thema: Eiwei\u00df-Shakes<br><a href=\"https:\/\/www.youtube.com\/watch?v=0bYC39akCvc\" target=\"_blank\" rel=\"noopener noreferrer\">zum Video<\/a><\/td>\n<\/tr>\n<tr class=\"row-12\">\n\t<td class=\"column-1\">13.05.2022<\/td><td class=\"column-2\">WDR<\/td><td class=\"column-3\">Hier und heute<\/td><td class=\"column-4\">Studiogast zum Thema: Arthrose<br><a href=\"https:\/\/www.youtube.com\/watch?v=vTqBjodqRdI\" target=\"_blank\" rel=\"noopener noreferrer\">zum Video<\/a><\/td>\n<\/tr>\n<tr class=\"row-13\">\n\t<td class=\"column-1\">31.03.2022<\/td><td class=\"column-2\">WDR<\/td><td class=\"column-3\">Hier und heute<\/td><td class=\"column-4\">Studiogast zum Thema: Bruce Willis hat Aphasie<br><a href=\"https:\/\/www.youtube.com\/watch?v=j6ERsap2geU\" target=\"_blank\" rel=\"noopener noreferrer\">zum Video<\/a><\/td>\n<\/tr>\n<tr class=\"row-14\">\n\t<td class=\"column-1\">23.03.2022<\/td><td class=\"column-2\">WDR<\/td><td class=\"column-3\">Hier und heute<\/td><td class=\"column-4\">Studiogast zum Thema: Zink<br><a href=\"https:\/\/www.youtube.com\/watch?v=MlJIU0cCfJQ\" target=\"_blank\" rel=\"noopener noreferrer\">zum Video<\/a><\/td>\n<\/tr>\n<tr class=\"row-15\">\n\t<td class=\"column-1\">10.03.2022<\/td><td class=\"column-2\">WDR<\/td><td class=\"column-3\">Hier und heute<\/td><td class=\"column-4\">Studiogast zum Thema: Intervallfasten<br><a href=\"https:\/\/www.youtube.com\/watch?v=mhX6NDpRfY0\" target=\"_blank\" rel=\"noopener noreferrer\">zum Video<\/a><\/td>\n<\/tr>\n<\/tbody>\n<\/table>\n<!-- #tablepress-44 from cache -->\r\n<\/div>","protected":false},"excerpt":{"rendered":"TV Beitr\u00e4ge 2022 Die Beitr\u00e4ge sind in chronologischer Reihenfolge aufgef\u00fchrt. F\u00fcr eine individuelle \u00dcbersicht, nutzen Sie die Sortierfunktion im Tabellenkopf 2025 I 2024 I 2023 I 2022 I 2021 I 2020 I 2019 I 2018 I 2017 I 2016 I 2015 I 2014 I 2013 I 2012 I 2011 I 2010 I 2009 I 2008&#8230;  <a class=\"excerpt-read-more\" href=\"https:\/\/www.dr-kurscheid.de\/persoenlich\/mediathek\/tv\/nach-jahren\/2022-2\" title=\"Read2022\">Read more &raquo;<\/a>","protected":false},"author":3,"featured_media":0,"parent":1047,"menu_order":3,"comment_status":"closed","ping_status":"closed","template":"page-left-sidebar-child.php","meta":{"_acf_changed":false,"footnotes":""},"categories":[],"tags":[],"class_list":["post-3475","page","type-page","status-publish","hentry"],"translation":{"provider":"WPGlobus","version":"3.0.2","language":"de","enabled_languages":["de","en"],"languages":{"de":{"title":true,"content":true,"excerpt":false},"en":{"title":false,"content":false,"excerpt":false}}},"acf":[],"_links":{"self":[{"href":"https:\/\/www.dr-kurscheid.de\/persoenlich\/wp-json\/wp\/v2\/pages\/3475","targetHints":{"allow":["GET"]}}],"collection":[{"href":"https:\/\/www.dr-kurscheid.de\/persoenlich\/wp-json\/wp\/v2\/pages"}],"about":[{"href":"https:\/\/www.dr-kurscheid.de\/persoenlich\/wp-json\/wp\/v2\/types\/page"}],"author":[{"embeddable":true,"href":"https:\/\/www.dr-kurscheid.de\/persoenlich\/wp-json\/wp\/v2\/users\/3"}],"replies":[{"embeddable":true,"href":"https:\/\/www.dr-kurscheid.de\/persoenlich\/wp-json\/wp\/v2\/comments?post=3475"}],"version-history":[{"count":5,"href":"https:\/\/www.dr-kurscheid.de\/persoenlich\/wp-json\/wp\/v2\/pages\/3475\/revisions"}],"predecessor-version":[{"id":3478,"href":"https:\/\/www.dr-kurscheid.de\/persoenlich\/wp-json\/wp\/v2\/pages\/3475\/revisions\/3478"}],"up":[{"embeddable":true,"href":"https:\/\/www.dr-kurscheid.de\/persoenlich\/wp-json\/wp\/v2\/pages\/1047"}],"wp:attachment":[{"href":"https:\/\/www.dr-kurscheid.de\/persoenlich\/wp-json\/wp\/v2\/media?parent=3475"}],"wp:term":[{"taxonomy":"category","embeddable":true,"href":"https:\/\/www.dr-kurscheid.de\/persoenlich\/wp-json\/wp\/v2\/categories?post=3475"},{"taxonomy":"post_tag","embeddable":true,"href":"https:\/\/www.dr-kurscheid.de\/persoenlich\/wp-json\/wp\/v2\/tags?post=3475"}],"curies":[{"name":"wp","href":"https:\/\/api.w.org\/{rel}","templated":true}]}}