{"id":3523,"date":"2023-05-15T11:11:13","date_gmt":"2023-05-15T09:11:13","guid":{"rendered":"https:\/\/www.dr-kurscheid.de\/persoenlich\/?page_id=3523"},"modified":"2025-08-05T16:08:55","modified_gmt":"2025-08-05T14:08:55","slug":"2023-2","status":"publish","type":"page","link":"https:\/\/www.dr-kurscheid.de\/persoenlich\/mediathek\/tv\/nach-jahren\/2023-2","title":{"rendered":"2023"},"content":{"rendered":"<div class=\"columns large-12 medium-12 small-12\">\r\n  <h3>TV Beitr\u00e4ge 2023<\/h3>\r\n\r\n<p><br>Die Beitr\u00e4ge sind in chronologischer Reihenfolge aufgef\u00fchrt. F\u00fcr eine individuelle \u00dcbersicht, nutzen Sie die Sortierfunktion im Tabellenkopf<\/p>\r\n<p><a href=\"\/persoenlich\/mediathek\/tv\/nach-jahren\/2025-2\">2025<\/a> I <a href=\"\/persoenlich\/mediathek\/tv\/nach-jahren\/2024-2\">2024<\/a> I <strong>2023<\/strong> I <a href=\"\/persoenlich\/mediathek\/tv\/nach-jahren\/2022-2\">2022<\/a> I <a href=\"\/persoenlich\/mediathek\/tv\/nach-jahren\/2021-2\">2021<\/a> I <a href=\"\/persoenlich\/mediathek\/tv\/nach-jahren\/2020-2\">2020<\/a> I <a href=\"\/persoenlich\/mediathek\/tv\/nach-jahren\/2019-2\">2019<\/a> I <a href=\"\/persoenlich\/mediathek\/tv\/nach-jahren\/2018-2\">2018<\/a> I <a href=\"\/persoenlich\/mediathek\/tv\/nach-jahren\/2017-2\">2017<\/a> I <a href=\"\/persoenlich\/mediathek\/tv\/nach-jahren\/2016-2\">2016<\/a> I <a href=\"\/persoenlich\/mediathek\/tv\/nach-jahren\/2015-2\">2015<\/a> I <a href=\"\/persoenlich\/mediathek\/tv\/nach-jahren\/2014-2\">2014<\/a> I <a href=\"\/persoenlich\/mediathek\/tv\/nach-jahren\/2013-2\">2013<\/a> I <a href=\"\/persoenlich\/mediathek\/tv\/nach-jahren\/2012-2\">2012<\/a> I <a href=\"\/persoenlich\/mediathek\/tv\/nach-jahren\/2011-2\">2011<\/a> I <a href=\"\/persoenlich\/mediathek\/tv\/nach-jahren\/2010-2\">2010<\/a> I <a href=\"\/persoenlich\/mediathek\/tv\/nach-jahren\/2009-2\">2009<\/a> I <a href=\"\/persoenlich\/mediathek\/tv\/nach-jahren\/2008-2\">2008<\/a> I <a href=\"\/persoenlich\/mediathek\/tv\/nach-jahren\/2007-2006\">2007-2006<\/a><\/p>\r\n\r\n\n<table id=\"tablepress-45\" class=\"tablepress tablepress-id-45\">\n<thead>\n<tr class=\"row-1\">\n\t<th class=\"column-1\">Datum<\/th><th class=\"column-2\">Sender<\/th><th class=\"column-3\">Sendung<\/th><th class=\"column-4\">Thema<\/th>\n<\/tr>\n<\/thead>\n<tbody class=\"row-striping row-hover\">\n<tr class=\"row-2\">\n\t<td class=\"column-1\">27.11.2023<\/td><td class=\"column-2\">ProSieben<\/td><td class=\"column-3\">JENKE. Das Zucker-Experiment<\/td><td class=\"column-4\">Wie krank macht Zucker?<br \/>\n<a href=\"https:\/\/www.joyn.de\/serien\/jenke\/6-1-das-zucker-experiment-wie-krank-macht-zucker\" target=\"_blank\" rel=\"noopener noreferrer\">zum Video<\/a><\/td>\n<\/tr>\n<tr class=\"row-3\">\n\t<td class=\"column-1\">20.11.2023<\/td><td class=\"column-2\">WDR<\/td><td class=\"column-3\">Hier und heute<\/td><td class=\"column-4\">Live im Studio zum Thema: Gesunde Leber<br \/>\n<a href=\"https:\/\/www.youtube.com\/watch?v=sU9hOfv0fqc\" target=\"_blank\" rel=\"noopener noreferrer\">zum Video<\/a><\/td>\n<\/tr>\n<tr class=\"row-4\">\n\t<td class=\"column-1\">29.09.2023<\/td><td class=\"column-2\">RTL<\/td><td class=\"column-3\">Punkt 12<\/td><td class=\"column-4\">Beitrag und live im Studio zum Thema: HPU \u2013 Krankheit oder Geldmacherei?<br \/>\n<a href=\"https:\/\/www.rtl.de\/cms\/krankheit-oder-geldmacherei-rtl-reporterin-geht-pseudo-krankheit-hpu-auf-den-grund-5061220.html\" target=\"_blank\" rel=\"noopener noreferrer\">zum Video<\/a><\/td>\n<\/tr>\n<tr class=\"row-5\">\n\t<td class=\"column-1\">12.09.2023<\/td><td class=\"column-2\">RTL<\/td><td class=\"column-3\">Explosiv<\/td><td class=\"column-4\">Gef\u00e4hrliche Hot-Chip-Challenge \u2013 Reporterin im Selbstversuch<br \/>\n<a href=\"https:\/\/www.rtl.de\/videos\/rtl-reporterin-probiert-schaerfsten-chip-der-welt-65008aba7606209930074572.html\" target=\"_blank\" rel=\"noopener noreferrer\">zum Video<\/a><\/td>\n<\/tr>\n<tr class=\"row-6\">\n\t<td class=\"column-1\">27.08.2023<\/td><td class=\"column-2\">RTL<\/td><td class=\"column-3\">Stern TV am Sonntag<\/td><td class=\"column-4\">Live zu Gast im Studio zum Thema: Stern TV am Sonntag Abnehm-Experiment \u2013 Das Finale: Abnehmspritze vs. ABC-Methode<br \/>\n<a href=\"https:\/\/plus.rtl.de\/video-tv\/shows\/stern-tv-am-sonntag-907483\/2023-8-979566\/episode-26-sendung-vom-27082023-925590\" target=\"_blank\" rel=\"noopener noreferrer\">zum Video (ab Min. 49:40)<\/a><\/td>\n<\/tr>\n<tr class=\"row-7\">\n\t<td class=\"column-1\">13.07.2023<\/td><td class=\"column-2\">WDR<\/td><td class=\"column-3\">Hier und heute<\/td><td class=\"column-4\">Live im Studio zum Thema: Unser Lieblingsgetr\u00e4nk: Kaffee \u2013 Warum Kaffee so beliebt ist und was er im K\u00f6rper bewirkt<br \/>\n<a href=\"https:\/\/youtu.be\/bmWwqp4-fmk\" target=\"_blank\" rel=\"noopener noreferrer\">zum Video<\/a><\/td>\n<\/tr>\n<tr class=\"row-8\">\n\t<td class=\"column-1\">25.06.2023<\/td><td class=\"column-2\">RTL<\/td><td class=\"column-3\">Stern TV am Sonntag<\/td><td class=\"column-4\">Live im Studio zum Thema: Abnehmen, und das Stern TV am Sonntag Abspeck-Experiment Zwischenstand: Abnehmspritze vs. ABC-Methode<br><a href=\"https:\/\/www.tvnow.de\/shows\/stern-tv-sonntag-20335\/2023-06\/episode-17-sendung-vom-25-06-2023-5464367\" target=\"_blank\" rel=\"noopener noreferrer\">zum Video (ab Kapitel 2 und 9. Minute)<\/a><\/td>\n<\/tr>\n<tr class=\"row-9\">\n\t<td class=\"column-1\">21.05.2023<\/td><td class=\"column-2\">RTL<\/td><td class=\"column-3\">Stern TV am Sonntag<\/td><td class=\"column-4\">Live im Studio zum Thema: Abnehmen, Abnehmspritze und das Stern TV am Sonntag Abspeck-Experiment: Die ABC-Methode<br><a href=\"https:\/\/www.youtube.com\/watch?v=hTjZ2-tWE5A\" target=\"_blank\" rel=\"noopener noreferrer\">zum Video<\/a><\/td>\n<\/tr>\n<tr class=\"row-10\">\n\t<td class=\"column-1\">14.05.2023<\/td><td class=\"column-2\">RTL<\/td><td class=\"column-3\">Stern TV am Sonntag<\/td><td class=\"column-4\">Live im Studio zum Thema: Abnehmspritze<br><a href=\"https:\/\/www.youtube.com\/watch?v=X5AA2l7MKGs\" target=\"_blank\" rel=\"noopener noreferrer\">zum Video<\/a><\/td>\n<\/tr>\n<tr class=\"row-11\">\n\t<td class=\"column-1\">10.01.2023<\/td><td class=\"column-2\">WDR<\/td><td class=\"column-3\">Hier und heute<\/td><td class=\"column-4\">Studiogast zum Thema: Stress<br><a href=\"https:\/\/www.youtube.com\/watch?v=iooWUm15Ams\" target=\"_blank\" rel=\"noopener noreferrer\">zum Video<\/a><\/td>\n<\/tr>\n<\/tbody>\n<\/table>\n<!-- #tablepress-45 from cache -->\r\n<\/div>","protected":false},"excerpt":{"rendered":"TV Beitr\u00e4ge 2023 Die Beitr\u00e4ge sind in chronologischer Reihenfolge aufgef\u00fchrt. F\u00fcr eine individuelle \u00dcbersicht, nutzen Sie die Sortierfunktion im Tabellenkopf 2025 I 2024 I 2023 I 2022 I 2021 I 2020 I 2019 I 2018 I 2017 I 2016 I 2015 I 2014 I 2013 I 2012 I 2011 I 2010 I 2009 I 2008&#8230;  <a class=\"excerpt-read-more\" href=\"https:\/\/www.dr-kurscheid.de\/persoenlich\/mediathek\/tv\/nach-jahren\/2023-2\" title=\"Read2023\">Read more &raquo;<\/a>","protected":false},"author":3,"featured_media":0,"parent":1047,"menu_order":2,"comment_status":"closed","ping_status":"closed","template":"page-left-sidebar-child.php","meta":{"_acf_changed":false,"footnotes":""},"categories":[],"tags":[],"class_list":["post-3523","page","type-page","status-publish","hentry"],"translation":{"provider":"WPGlobus","version":"3.0.2","language":"de","enabled_languages":["de","en"],"languages":{"de":{"title":true,"content":true,"excerpt":false},"en":{"title":false,"content":false,"excerpt":false}}},"acf":[],"_links":{"self":[{"href":"https:\/\/www.dr-kurscheid.de\/persoenlich\/wp-json\/wp\/v2\/pages\/3523","targetHints":{"allow":["GET"]}}],"collection":[{"href":"https:\/\/www.dr-kurscheid.de\/persoenlich\/wp-json\/wp\/v2\/pages"}],"about":[{"href":"https:\/\/www.dr-kurscheid.de\/persoenlich\/wp-json\/wp\/v2\/types\/page"}],"author":[{"embeddable":true,"href":"https:\/\/www.dr-kurscheid.de\/persoenlich\/wp-json\/wp\/v2\/users\/3"}],"replies":[{"embeddable":true,"href":"https:\/\/www.dr-kurscheid.de\/persoenlich\/wp-json\/wp\/v2\/comments?post=3523"}],"version-history":[{"count":4,"href":"https:\/\/www.dr-kurscheid.de\/persoenlich\/wp-json\/wp\/v2\/pages\/3523\/revisions"}],"predecessor-version":[{"id":3525,"href":"https:\/\/www.dr-kurscheid.de\/persoenlich\/wp-json\/wp\/v2\/pages\/3523\/revisions\/3525"}],"up":[{"embeddable":true,"href":"https:\/\/www.dr-kurscheid.de\/persoenlich\/wp-json\/wp\/v2\/pages\/1047"}],"wp:attachment":[{"href":"https:\/\/www.dr-kurscheid.de\/persoenlich\/wp-json\/wp\/v2\/media?parent=3523"}],"wp:term":[{"taxonomy":"category","embeddable":true,"href":"https:\/\/www.dr-kurscheid.de\/persoenlich\/wp-json\/wp\/v2\/categories?post=3523"},{"taxonomy":"post_tag","embeddable":true,"href":"https:\/\/www.dr-kurscheid.de\/persoenlich\/wp-json\/wp\/v2\/tags?post=3523"}],"curies":[{"name":"wp","href":"https:\/\/api.w.org\/{rel}","templated":true}]}}