{"id":3702,"date":"2025-08-05T16:06:41","date_gmt":"2025-08-05T14:06:41","guid":{"rendered":"https:\/\/www.dr-kurscheid.de\/persoenlich\/?page_id=3702"},"modified":"2025-10-07T20:34:17","modified_gmt":"2025-10-07T18:34:17","slug":"2025-2","status":"publish","type":"page","link":"https:\/\/www.dr-kurscheid.de\/persoenlich\/mediathek\/tv\/nach-jahren\/2025-2","title":{"rendered":"2025"},"content":{"rendered":"<div class=\"columns large-12 medium-12 small-12\">\r\n  <h3>TV Beitr\u00e4ge 2025<\/h3>\r\n\r\n<p><br>Die Beitr\u00e4ge sind in chronologischer Reihenfolge aufgef\u00fchrt. F\u00fcr eine individuelle \u00dcbersicht, nutzen Sie die Sortierfunktion im Tabellenkopf<\/p>\r\n<p><strong>2025<\/strong> I <a href=\"\/persoenlich\/mediathek\/tv\/nach-jahren\/2024-2\">2024<\/a> I <a href=\"\/persoenlich\/mediathek\/tv\/nach-jahren\/2023-2\">2023<\/a> I <a href=\"\/persoenlich\/mediathek\/tv\/nach-jahren\/2022-2\">2022<\/a> I <a href=\"\/persoenlich\/mediathek\/tv\/nach-jahren\/2021-2\">2021<\/a> I <a href=\"\/persoenlich\/mediathek\/tv\/nach-jahren\/2020-2\">2020<\/a> I <a href=\"\/persoenlich\/mediathek\/tv\/nach-jahren\/2019-2\">2019<\/a> I <a href=\"\/persoenlich\/mediathek\/tv\/nach-jahren\/2018-2\">2018<\/a> I <a href=\"\/persoenlich\/mediathek\/tv\/nach-jahren\/2017-2\">2017<\/a> I <a href=\"\/persoenlich\/mediathek\/tv\/nach-jahren\/2016-2\">2016<\/a> I <a href=\"\/persoenlich\/mediathek\/tv\/nach-jahren\/2015-2\">2015<\/a> I <a href=\"\/persoenlich\/mediathek\/tv\/nach-jahren\/2014-2\">2014<\/a> I <a href=\"\/persoenlich\/mediathek\/tv\/nach-jahren\/2013-2\">2013<\/a> I <a href=\"\/persoenlich\/mediathek\/tv\/nach-jahren\/2012-2\">2012<\/a> I <a href=\"\/persoenlich\/mediathek\/tv\/nach-jahren\/2011-2\">2011<\/a> I <a href=\"\/persoenlich\/mediathek\/tv\/nach-jahren\/2010-2\">2010<\/a> I <a href=\"\/persoenlich\/mediathek\/tv\/nach-jahren\/2009-2\">2009<\/a> I <a href=\"\/persoenlich\/mediathek\/tv\/nach-jahren\/2008-2\">2008<\/a> I <a href=\"\/persoenlich\/mediathek\/tv\/nach-jahren\/2007-2006\">2007-2006<\/a><\/p>\r\n\r\n\n<table id=\"tablepress-47\" class=\"tablepress tablepress-id-47\">\n<thead>\n<tr class=\"row-1\">\n\t<th class=\"column-1\">Datum<\/th><th class=\"column-2\">Sender<\/th><th class=\"column-3\">Sendung<\/th><th class=\"column-4\">Thema<\/th>\n<\/tr>\n<\/thead>\n<tbody class=\"row-striping row-hover\">\n<tr class=\"row-2\">\n\t<td class=\"column-1\">15.09.2025<\/td><td class=\"column-2\">RTL<\/td><td class=\"column-3\">Punkt 12<\/td><td class=\"column-4\">Erste Erk\u00e4ltungswelle rollt! Mit diesen Immunboostern bleibt Ihr gesund<a href=\"https:\/\/www.rtl.de\/ratgeber\/gesundheit\/echte-immunbooster-diese-lebensmittel-beugen-erkaeltungen-vor-id1948947.html\" target=\"_blank\" rel=\"noopener noreferrer\"> zum Video <\/a><\/td>\n<\/tr>\n<tr class=\"row-3\">\n\t<td class=\"column-1\">21.08.2025<\/td><td class=\"column-2\">RTL<\/td><td class=\"column-3\">Punkt 12<\/td><td class=\"column-4\">Zu Gast im Studio zum Thema: Chronische Erkrankungen wie \u00dcbergewicht und Folgeerkrankungen<\/td>\n<\/tr>\n<tr class=\"row-4\">\n\t<td class=\"column-1\">12.08.2025<\/td><td class=\"column-2\">RTL<\/td><td class=\"column-3\">Extra<\/td><td class=\"column-4\">Die Bauchweg-Challenge: 3 Methoden im Test - Was bringen sie und welche Methode ist am Besten?  <a href=\"https:\/\/www.rtl.de\/ratgeber\/gesundheit\/abnehmen\/bauchfett-loswerden-drei-bauch-weg-methoden-im-test-das-wirkt-schnell-und-effektiv-id6579269.html\" target=\"_blank\" rel=\"noopener noreferrer\">zum Video <\/a><\/td>\n<\/tr>\n<tr class=\"row-5\">\n\t<td class=\"column-1\">29.07.2025<\/td><td class=\"column-2\">RTL<\/td><td class=\"column-3\">Punkt 12<\/td><td class=\"column-4\"> Zu Gast im Studio zum Thema: Longevity: Nahrungserg\u00e4nzungsmittel <a href=\"https:\/\/www.youtube.com\/watch?v=a7eh2UdKT3k\" target=\"_blank\" rel=\"noopener noreferrer\">zum Video <\/a><\/td>\n<\/tr>\n<tr class=\"row-6\">\n\t<td class=\"column-1\">10.07.2025<\/td><td class=\"column-2\">RTL<\/td><td class=\"column-3\">Punkt 8<\/td><td class=\"column-4\">Live-Schalte in die Praxis zum Thema: Reanimation<a href=\"https:\/\/www.instagram.com\/reel\/DL7bw9vNIs-\/?igsh=MWNhbTZweTAxMGQyNw==\" target=\"_blank\" rel=\"noopener noreferrer\"> zum Video <\/a><\/td>\n<\/tr>\n<tr class=\"row-7\">\n\t<td class=\"column-1\">01.07.2025<\/td><td class=\"column-2\">RTL<\/td><td class=\"column-3\">Punkt 12<\/td><td class=\"column-4\">Hitze<\/td>\n<\/tr>\n<tr class=\"row-8\">\n\t<td class=\"column-1\">01.07.2025<\/td><td class=\"column-2\">RTL<\/td><td class=\"column-3\">Punkt 12<\/td><td class=\"column-4\">Sarah Kern erleidet Stromschlag: Wie gef\u00e4hrlich ist das?<\/td>\n<\/tr>\n<tr class=\"row-9\">\n\t<td class=\"column-1\">27.05.2025<\/td><td class=\"column-2\">RTL<\/td><td class=\"column-3\">Extra<\/td><td class=\"column-4\">Der gro\u00dfe Alkohol-Report <a href=\"https:\/\/plus.rtl.de\/video-tv\/shows\/extra-179009\/2025-5-1026135\/episode-18-sendung-vom-27052025-997481\" target=\"_blank\" rel=\"noopener noreferrer\">zum Video (ab Minute 42)<\/a><\/td>\n<\/tr>\n<tr class=\"row-10\">\n\t<td class=\"column-1\">13.05.2025<\/td><td class=\"column-2\">RTL<\/td><td class=\"column-3\">Extra<\/td><td class=\"column-4\">Das K.O.-Tropfen-Selbstexperiment: Wie k\u00f6nnen wir uns sch\u00fctzen?  <a href=\"https:\/\/www.youtube.com\/watch?v=IOn8WIns9sQ\" target=\"_blank\" rel=\"noopener noreferrer\">zum Video<\/a><\/td>\n<\/tr>\n<tr class=\"row-11\">\n\t<td class=\"column-1\">20.02.2025<\/td><td class=\"column-2\">WDR<\/td><td class=\"column-3\">Hier und heute<\/td><td class=\"column-4\">Zu Gast im Studio zum Thema: Grippe, Erk\u00e4ltung &amp; Co. <a href=\"https:\/\/www.instagram.com\/reel\/DGSvKXsMU7Z\/?igsh=MW40dnZicmp1cDU5cw==\" target=\"_blank\" rel=\"noopener noreferrer\">zum Video<\/a><\/td>\n<\/tr>\n<tr class=\"row-12\">\n\t<td class=\"column-1\">12.02.2025<\/td><td class=\"column-2\">RTL<\/td><td class=\"column-3\">RTL aktuell<\/td><td class=\"column-4\">Mehlwurmpulver im Essen? <a href=\"https:\/\/www.instagram.com\/reel\/DF8Mp_1Nv9R\/\" target=\"_blank\" rel=\"noopener noreferrer\">zum Video<\/a><\/td>\n<\/tr>\n<tr class=\"row-13\">\n\t<td class=\"column-1\">27.01.2025<\/td><td class=\"column-2\">RTL<\/td><td class=\"column-3\">Punkt 12<\/td><td class=\"column-4\"> Zu Gast im Studio zum Thema: Hydrogenwasser <a href=\"https:\/\/www.youtube.com\/watch?v=ildCe41TPOQ\" target=\"_blank\" rel=\"noopener noreferrer\">zum Video<\/a><\/td>\n<\/tr>\n<\/tbody>\n<\/table>\n<!-- #tablepress-47 from cache -->\r\n<\/div>","protected":false},"excerpt":{"rendered":"TV Beitr\u00e4ge 2025 Die Beitr\u00e4ge sind in chronologischer Reihenfolge aufgef\u00fchrt. F\u00fcr eine individuelle \u00dcbersicht, nutzen Sie die Sortierfunktion im Tabellenkopf 2025 I 2024 I 2023 I 2022 I 2021 I 2020 I 2019 I 2018 I 2017 I 2016 I 2015 I 2014 I 2013 I 2012 I 2011 I 2010 I 2009 I 2008&#8230;  <a class=\"excerpt-read-more\" href=\"https:\/\/www.dr-kurscheid.de\/persoenlich\/mediathek\/tv\/nach-jahren\/2025-2\" title=\"Read2025\">Read more &raquo;<\/a>","protected":false},"author":3,"featured_media":0,"parent":1047,"menu_order":0,"comment_status":"closed","ping_status":"closed","template":"page-left-sidebar-child.php","meta":{"_acf_changed":false,"footnotes":""},"categories":[],"tags":[],"class_list":["post-3702","page","type-page","status-publish","hentry"],"translation":{"provider":"WPGlobus","version":"3.0.2","language":"de","enabled_languages":["de","en"],"languages":{"de":{"title":true,"content":true,"excerpt":false},"en":{"title":false,"content":false,"excerpt":false}}},"acf":[],"_links":{"self":[{"href":"https:\/\/www.dr-kurscheid.de\/persoenlich\/wp-json\/wp\/v2\/pages\/3702","targetHints":{"allow":["GET"]}}],"collection":[{"href":"https:\/\/www.dr-kurscheid.de\/persoenlich\/wp-json\/wp\/v2\/pages"}],"about":[{"href":"https:\/\/www.dr-kurscheid.de\/persoenlich\/wp-json\/wp\/v2\/types\/page"}],"author":[{"embeddable":true,"href":"https:\/\/www.dr-kurscheid.de\/persoenlich\/wp-json\/wp\/v2\/users\/3"}],"replies":[{"embeddable":true,"href":"https:\/\/www.dr-kurscheid.de\/persoenlich\/wp-json\/wp\/v2\/comments?post=3702"}],"version-history":[{"count":4,"href":"https:\/\/www.dr-kurscheid.de\/persoenlich\/wp-json\/wp\/v2\/pages\/3702\/revisions"}],"predecessor-version":[{"id":3706,"href":"https:\/\/www.dr-kurscheid.de\/persoenlich\/wp-json\/wp\/v2\/pages\/3702\/revisions\/3706"}],"up":[{"embeddable":true,"href":"https:\/\/www.dr-kurscheid.de\/persoenlich\/wp-json\/wp\/v2\/pages\/1047"}],"wp:attachment":[{"href":"https:\/\/www.dr-kurscheid.de\/persoenlich\/wp-json\/wp\/v2\/media?parent=3702"}],"wp:term":[{"taxonomy":"category","embeddable":true,"href":"https:\/\/www.dr-kurscheid.de\/persoenlich\/wp-json\/wp\/v2\/categories?post=3702"},{"taxonomy":"post_tag","embeddable":true,"href":"https:\/\/www.dr-kurscheid.de\/persoenlich\/wp-json\/wp\/v2\/tags?post=3702"}],"curies":[{"name":"wp","href":"https:\/\/api.w.org\/{rel}","templated":true}]}}