{"id":814,"date":"2014-06-07T01:25:53","date_gmt":"2014-06-06T23:25:53","guid":{"rendered":"http:\/\/www.dr-kurscheid.de\/persoenlich\/?page_id=814"},"modified":"2014-09-20T16:36:58","modified_gmt":"2014-09-20T14:36:58","slug":"kraftuebungen","status":"publish","type":"page","link":"https:\/\/www.dr-kurscheid.de\/persoenlich\/gesundheit-ist-balance\/bewegung\/kraftuebungen","title":{"rendered":"Kraft\u00fcbungen"},"content":{"rendered":"<div class=\"columns large-12 medium-12 small-12\">\r\n<h3>Kraft\u00fcbungen<\/h3>\r\n<\/div>\r\n<div class=\"columns large-6 medium-6 small-12\">\r\n<p>Die Vorteile von Krafttraining:<\/p>\r\n<ul class=\"kraftuebungen\">\r\n<li>h\u00e4lt schlank, weil es die Muskelmasse erh\u00f6ht, denn Muskeln sind \r\n  die gr\u00f6\u00dften Energieverbraucher im K\u00f6rper<\/li>\r\n<li>senkt den Blutdruck, denn es bilden sich neue Blutgef\u00e4\u00dfe und die \r\n  bestehenden weiten sich<\/li>\r\n<li>strafft die Haut. Die Bildung von Kollagen wird angeregt<\/li>\r\n<li>richtet Sie auf. Nacken\u2010 und R\u00fcckenschmerzen nehmen ab<\/li>\r\n<li>macht gl\u00fccklich durch Aussch\u00fcttung k\u00f6rpereigener Gl\u00fcckshormone<\/li>\r\n<p><strong>Trainingsempfehlung f\u00fcr das Muskelband<\/strong><br>\r\n  (Theraband\/Gummiband\/Fitnessband):<br>\r\n  Damit Ihr Muskel w\u00e4chst, muss er an seine Belastungsgrenze gebracht werden, also gegen Ende jeder \u00dcbung etwas brennen.<\/p>\r\n<\/div>\r\n<div class=\"columns large-6 medium-6 small-12\">\r\n  <p>Dazu sollten Sie die Dehnung des Muskelbandes so w\u00e4hlen, dass Sie eine \u00dcbung nur 12\u2010mal ausf\u00fchren k\u00f6nnen, d.h. f\u00fcr ein 13.\u2010mal w\u00e4re der Muskel zu m\u00fcde. Danach sollte sich der Muskel 1 Minute erholen. In der Zeit k\u00f6nnen Sie den Gegenspieler trainieren, z. B. k\u00f6nnen Sie direkt nach der Ruder\u2010\u00dcbung die Butterfly\u2010\u00dcbung machen.<\/p>\r\n  <p>Danach ist wieder die Ruder\u00fcbung dran, so dass jeder Muskel insgesamt 3 mal 12 Wiederholungen ausf\u00fchrt. Am effektivsten, wenn in Zeitlupe ausgef\u00fchrt. Frauen verwenden meist ein gr\u00fcnes Band, M\u00e4nner zwei.<\/p>\r\n  <p><strong>Hinweis:<\/strong><br>\r\n    Vor Aufnahme von Kraft\u2010 oder Ausdauersport sollten Sie sich bei einem Sportmediziner durchchecken lassen. Das gilt insbesondere, wenn Sie \u00fcber 35 Jahre alt sind.<\/p>\r\n<\/div>\r\n<div class=\"columns large-12 medium-12 small-12 end\">\r\n    <div class=\"ss_desc\"><span>\u00dcbungen mit dem Muskelband<\/span><\/div>\r\n    \n\t\t\t<!-- START Kurscheid InContent 1 REVOLUTION SLIDER 6.7.12 --><p class=\"rs-p-wp-fix\"><\/p>\n\t\t\t<rs-module-wrap id=\"rev_slider_2_1_wrapper\" data-source=\"gallery\" data-aimg=\"\"  style=\"visibility:hidden;background:#ffffff;padding:0;margin:0px auto;margin-top:0;margin-bottom:0;\">\n\t\t\t\t<rs-module id=\"rev_slider_2_1\" style=\"\" data-version=\"6.7.12\">\n\t\t\t\t\t<rs-slides style=\"overflow: hidden; position: absolute;\">\n\t\t\t\t\t\t<rs-slide style=\"position: absolute;\" data-key=\"rs-6\" data-title=\"Slide1\" data-anim=\"adpr:false;\" data-in=\"o:0;\" data-out=\"a:false;\">\n\t\t\t\t\t\t\t<img decoding=\"async\" src=\"\/\/www.dr-kurscheid.de\/persoenlich\/wp-content\/plugins\/revslider\/sr6\/assets\/assets\/dummy.png\" alt=\"\" title=\"Kraft\u00fcbungen\" class=\"rev-slidebg tp-rs-img rs-lazyload\" data-lazyload=\"\/\/www.dr-kurscheid.de\/persoenlich\/wp-content\/uploads\/revslider\/kraftuebungen\/slides_muskelband1.jpg\" data-bg=\"p:center top;f:contain;\" data-no-retina>\n<!---->\t\t\t\t\t<\/rs-slide>\n\t\t\t\t\t\t<rs-slide style=\"position: absolute;\" data-key=\"rs-7\" data-title=\"Slide2\" data-anim=\"adpr:false;\" data-in=\"o:0;\" data-out=\"a:false;\">\n\t\t\t\t\t\t\t<img decoding=\"async\" src=\"\/\/www.dr-kurscheid.de\/persoenlich\/wp-content\/plugins\/revslider\/sr6\/assets\/assets\/dummy.png\" alt=\"\" title=\"Kraft\u00fcbungen\" class=\"rev-slidebg tp-rs-img rs-lazyload\" data-lazyload=\"\/\/www.dr-kurscheid.de\/persoenlich\/wp-content\/uploads\/revslider\/kraftuebungen\/slides_muskelband2.jpg\" data-bg=\"p:center top;f:contain;\" data-no-retina>\n<!---->\t\t\t\t\t<\/rs-slide>\n\t\t\t\t\t\t<rs-slide style=\"position: absolute;\" data-key=\"rs-8\" data-title=\"Slide3\" data-anim=\"adpr:false;\" data-in=\"o:0;\" data-out=\"a:false;\">\n\t\t\t\t\t\t\t<img decoding=\"async\" src=\"\/\/www.dr-kurscheid.de\/persoenlich\/wp-content\/plugins\/revslider\/sr6\/assets\/assets\/dummy.png\" alt=\"\" title=\"Kraft\u00fcbungen\" class=\"rev-slidebg tp-rs-img rs-lazyload\" data-lazyload=\"\/\/www.dr-kurscheid.de\/persoenlich\/wp-content\/uploads\/revslider\/kraftuebungen\/slides_muskelband3.jpg\" data-bg=\"p:center top;f:contain;\" data-no-retina>\n<!---->\t\t\t\t\t<\/rs-slide>\n\t\t\t\t\t\t<rs-slide style=\"position: absolute;\" data-key=\"rs-9\" data-title=\"Slide4\" data-anim=\"adpr:false;\" data-in=\"o:0;\" data-out=\"a:false;\">\n\t\t\t\t\t\t\t<img decoding=\"async\" src=\"\/\/www.dr-kurscheid.de\/persoenlich\/wp-content\/plugins\/revslider\/sr6\/assets\/assets\/dummy.png\" alt=\"\" title=\"Kraft\u00fcbungen\" class=\"rev-slidebg tp-rs-img rs-lazyload\" data-lazyload=\"\/\/www.dr-kurscheid.de\/persoenlich\/wp-content\/uploads\/revslider\/kraftuebungen\/slides_muskelband4.jpg\" data-bg=\"p:center top;f:contain;\" data-no-retina>\n<!---->\t\t\t\t\t<\/rs-slide>\n\t\t\t\t\t\t<rs-slide style=\"position: absolute;\" data-key=\"rs-10\" data-title=\"Slide5\" data-anim=\"adpr:false;\" data-in=\"o:0;\" data-out=\"a:false;\">\n\t\t\t\t\t\t\t<img decoding=\"async\" src=\"\/\/www.dr-kurscheid.de\/persoenlich\/wp-content\/plugins\/revslider\/sr6\/assets\/assets\/dummy.png\" alt=\"\" title=\"Kraft\u00fcbungen\" class=\"rev-slidebg tp-rs-img rs-lazyload\" data-lazyload=\"\/\/www.dr-kurscheid.de\/persoenlich\/wp-content\/uploads\/revslider\/kraftuebungen\/slides_muskelband5.jpg\" data-bg=\"p:center top;f:contain;\" data-no-retina>\n<!---->\t\t\t\t\t<\/rs-slide>\n\t\t\t\t\t\t<rs-slide style=\"position: absolute;\" data-key=\"rs-11\" data-title=\"Slide6\" data-anim=\"adpr:false;\" data-in=\"o:0;\" data-out=\"a:false;\">\n\t\t\t\t\t\t\t<img decoding=\"async\" src=\"\/\/www.dr-kurscheid.de\/persoenlich\/wp-content\/plugins\/revslider\/sr6\/assets\/assets\/dummy.png\" alt=\"\" title=\"Kraft\u00fcbungen\" class=\"rev-slidebg tp-rs-img rs-lazyload\" data-lazyload=\"\/\/www.dr-kurscheid.de\/persoenlich\/wp-content\/uploads\/revslider\/kraftuebungen\/slides_muskelband6.jpg\" data-bg=\"p:center top;f:contain;\" data-no-retina>\n<!---->\t\t\t\t\t<\/rs-slide>\n\t\t\t\t\t\t<rs-slide style=\"position: absolute;\" data-key=\"rs-12\" data-title=\"Slide7\" data-anim=\"adpr:false;\" data-in=\"o:0;\" data-out=\"a:false;\">\n\t\t\t\t\t\t\t<img decoding=\"async\" src=\"\/\/www.dr-kurscheid.de\/persoenlich\/wp-content\/plugins\/revslider\/sr6\/assets\/assets\/dummy.png\" alt=\"\" title=\"Kraft\u00fcbungen\" class=\"rev-slidebg tp-rs-img rs-lazyload\" data-lazyload=\"\/\/www.dr-kurscheid.de\/persoenlich\/wp-content\/uploads\/revslider\/kraftuebungen\/slides_muskelband7.jpg\" data-bg=\"p:center top;f:contain;\" data-no-retina>\n<!---->\t\t\t\t\t<\/rs-slide>\n\t\t\t\t\t\t<rs-slide style=\"position: absolute;\" data-key=\"rs-13\" data-title=\"Slide8\" data-anim=\"adpr:false;\">\n\t\t\t\t\t\t\t<img decoding=\"async\" src=\"\/\/www.dr-kurscheid.de\/persoenlich\/wp-content\/plugins\/revslider\/sr6\/assets\/assets\/dummy.png\" alt=\"\" title=\"Kraft\u00fcbungen\" class=\"rev-slidebg tp-rs-img rs-lazyload\" data-lazyload=\"\/\/www.dr-kurscheid.de\/persoenlich\/wp-content\/uploads\/revslider\/kraftuebungen\/slides_muskelband8.jpg\" data-bg=\"p:center top;\" data-no-retina>\n<!---->\t\t\t\t\t<\/rs-slide>\n\t\t\t\t\t<\/rs-slides>\n\t\t\t\t<\/rs-module>\n\t\t\t\t<script>\n\t\t\t\t\tsetREVStartSize({c: 'rev_slider_2_1',rl:[1240,1024,778,480],el:[409],gw:[885],gh:[409],type:'standard',justify:'',layout:'fullwidth',mh:\"0\"});if (window.RS_MODULES!==undefined && window.RS_MODULES.modules!==undefined && window.RS_MODULES.modules[\"revslider21\"]!==undefined) {window.RS_MODULES.modules[\"revslider21\"].once = false;window.revapi2 = undefined;if (window.RS_MODULES.checkMinimal!==undefined) window.RS_MODULES.checkMinimal()}\n\t\t\t\t<\/script>\n\t\t\t<\/rs-module-wrap>\n\t\t\t<!-- END REVOLUTION SLIDER -->\n\r\n<\/div>\r\n","protected":false},"excerpt":{"rendered":"Kraft\u00fcbungen Die Vorteile von Krafttraining: h\u00e4lt schlank, weil es die Muskelmasse erh\u00f6ht, denn Muskeln sind die gr\u00f6\u00dften Energieverbraucher im K\u00f6rper senkt den Blutdruck, denn es bilden sich neue Blutgef\u00e4\u00dfe und die bestehenden weiten sich strafft die Haut. Die Bildung von Kollagen wird angeregt richtet Sie auf. Nacken\u2010 und R\u00fcckenschmerzen nehmen ab macht gl\u00fccklich durch Aussch\u00fcttung&#8230;  <a class=\"excerpt-read-more\" href=\"https:\/\/www.dr-kurscheid.de\/persoenlich\/gesundheit-ist-balance\/bewegung\/kraftuebungen\" title=\"ReadKraft\u00fcbungen\">Read more &raquo;<\/a>","protected":false},"author":6,"featured_media":0,"parent":812,"menu_order":0,"comment_status":"closed","ping_status":"closed","template":"page-left-sidebar-child.php","meta":{"_acf_changed":false,"footnotes":""},"categories":[],"tags":[],"class_list":["post-814","page","type-page","status-publish","hentry"],"translation":{"provider":"WPGlobus","version":"3.0.2","language":"de","enabled_languages":["de","en"],"languages":{"de":{"title":true,"content":true,"excerpt":false},"en":{"title":false,"content":false,"excerpt":false}}},"acf":[],"_links":{"self":[{"href":"https:\/\/www.dr-kurscheid.de\/persoenlich\/wp-json\/wp\/v2\/pages\/814","targetHints":{"allow":["GET"]}}],"collection":[{"href":"https:\/\/www.dr-kurscheid.de\/persoenlich\/wp-json\/wp\/v2\/pages"}],"about":[{"href":"https:\/\/www.dr-kurscheid.de\/persoenlich\/wp-json\/wp\/v2\/types\/page"}],"author":[{"embeddable":true,"href":"https:\/\/www.dr-kurscheid.de\/persoenlich\/wp-json\/wp\/v2\/users\/6"}],"replies":[{"embeddable":true,"href":"https:\/\/www.dr-kurscheid.de\/persoenlich\/wp-json\/wp\/v2\/comments?post=814"}],"version-history":[{"count":4,"href":"https:\/\/www.dr-kurscheid.de\/persoenlich\/wp-json\/wp\/v2\/pages\/814\/revisions"}],"predecessor-version":[{"id":1640,"href":"https:\/\/www.dr-kurscheid.de\/persoenlich\/wp-json\/wp\/v2\/pages\/814\/revisions\/1640"}],"up":[{"embeddable":true,"href":"https:\/\/www.dr-kurscheid.de\/persoenlich\/wp-json\/wp\/v2\/pages\/812"}],"wp:attachment":[{"href":"https:\/\/www.dr-kurscheid.de\/persoenlich\/wp-json\/wp\/v2\/media?parent=814"}],"wp:term":[{"taxonomy":"category","embeddable":true,"href":"https:\/\/www.dr-kurscheid.de\/persoenlich\/wp-json\/wp\/v2\/categories?post=814"},{"taxonomy":"post_tag","embeddable":true,"href":"https:\/\/www.dr-kurscheid.de\/persoenlich\/wp-json\/wp\/v2\/tags?post=814"}],"curies":[{"name":"wp","href":"https:\/\/api.w.org\/{rel}","templated":true}]}}