{"id":820,"date":"2014-06-07T01:29:20","date_gmt":"2014-06-06T23:29:20","guid":{"rendered":"http:\/\/www.dr-kurscheid.de\/persoenlich\/?page_id=820"},"modified":"2014-09-20T16:37:26","modified_gmt":"2014-09-20T14:37:26","slug":"balance","status":"publish","type":"page","link":"https:\/\/www.dr-kurscheid.de\/persoenlich\/gesundheit-ist-balance\/balance","title":{"rendered":"Balance"},"content":{"rendered":"<div class=\"columns large-12 medium-12 small-12\">\r\n<h3>Im Einklang sein<\/h3>\r\n<\/div>\r\n<div class=\"columns large-6 medium-6 small-12\">\r\n  <p>Sie f\u00fchlen sich in Balance, wenn Sie die vier Bereiche K\u00f6rper und Gesundheit, Arbeit und Leistung, Familie und Kontakte, sowie Sinn und Kultur jeweils angemessen Zeit haben. Sind Ihre 4 Lebensbereiche in Balance?<br>\r\n    Nehmen Sie ein Blatt Papier, teilen Sie es in vier Felder und \u00fcberlegen Sie sich, in welchem der Bereiche Ihnen ein wenig mehr Mu\u00dfe gut tun k\u00f6nnte und in welcher Form sich diese einbauen lie\u00dfe.<\/p>\r\n  <ul class=\"balance\">\r\n    <li>Mein K\u00f6rper, meine Gesundheit: Ich lerne endlich eine \t\r\n      Entspannungstechnik.<\/li>\r\n    <li>Meine Familie, meine Kontakte: Ich erkl\u00e4re den Donnerstag zum \r\n      Spieleabend.<\/li>\r\n    <li>Meine Arbeit, meine Leistung: Ich h\u00f6r k\u00fcnftig nach acht Stunden \r\n      Arbeit auf.<\/li>\r\n    <li>Meine Antwort auf die Sinnfrage, meine Kultur: Ich lese k\u00fcnftig t\u00e4glich \r\n      10 Minuten in einem guten Buch.<\/li>\r\n  <\/ul>\r\n<\/div>\r\n<div class=\"columns large-6 medium-6 small-12 end\"><img decoding=\"async\" src=\"\/wp-content\/uploads\/2014\/04\/balance.jpg\" alt=\"balance\" class=\"alignnone size-full wp-image-814 border\"><\/div>\r\n","protected":false},"excerpt":{"rendered":"Im Einklang sein Sie f\u00fchlen sich in Balance, wenn Sie die vier Bereiche K\u00f6rper und Gesundheit, Arbeit und Leistung, Familie und Kontakte, sowie Sinn und Kultur jeweils angemessen Zeit haben. Sind Ihre 4 Lebensbereiche in Balance? Nehmen Sie ein Blatt Papier, teilen Sie es in vier Felder und \u00fcberlegen Sie sich, in welchem der Bereiche&#8230;  <a class=\"excerpt-read-more\" href=\"https:\/\/www.dr-kurscheid.de\/persoenlich\/gesundheit-ist-balance\/balance\" title=\"ReadBalance\">Read more &raquo;<\/a>","protected":false},"author":6,"featured_media":0,"parent":713,"menu_order":31,"comment_status":"closed","ping_status":"closed","template":"page-left-sidebar.php","meta":{"_acf_changed":false,"footnotes":""},"categories":[],"tags":[],"class_list":["post-820","page","type-page","status-publish","hentry"],"translation":{"provider":"WPGlobus","version":"3.0.2","language":"de","enabled_languages":["de","en"],"languages":{"de":{"title":true,"content":true,"excerpt":false},"en":{"title":false,"content":false,"excerpt":false}}},"acf":[],"_links":{"self":[{"href":"https:\/\/www.dr-kurscheid.de\/persoenlich\/wp-json\/wp\/v2\/pages\/820","targetHints":{"allow":["GET"]}}],"collection":[{"href":"https:\/\/www.dr-kurscheid.de\/persoenlich\/wp-json\/wp\/v2\/pages"}],"about":[{"href":"https:\/\/www.dr-kurscheid.de\/persoenlich\/wp-json\/wp\/v2\/types\/page"}],"author":[{"embeddable":true,"href":"https:\/\/www.dr-kurscheid.de\/persoenlich\/wp-json\/wp\/v2\/users\/6"}],"replies":[{"embeddable":true,"href":"https:\/\/www.dr-kurscheid.de\/persoenlich\/wp-json\/wp\/v2\/comments?post=820"}],"version-history":[{"count":3,"href":"https:\/\/www.dr-kurscheid.de\/persoenlich\/wp-json\/wp\/v2\/pages\/820\/revisions"}],"predecessor-version":[{"id":1643,"href":"https:\/\/www.dr-kurscheid.de\/persoenlich\/wp-json\/wp\/v2\/pages\/820\/revisions\/1643"}],"up":[{"embeddable":true,"href":"https:\/\/www.dr-kurscheid.de\/persoenlich\/wp-json\/wp\/v2\/pages\/713"}],"wp:attachment":[{"href":"https:\/\/www.dr-kurscheid.de\/persoenlich\/wp-json\/wp\/v2\/media?parent=820"}],"wp:term":[{"taxonomy":"category","embeddable":true,"href":"https:\/\/www.dr-kurscheid.de\/persoenlich\/wp-json\/wp\/v2\/categories?post=820"},{"taxonomy":"post_tag","embeddable":true,"href":"https:\/\/www.dr-kurscheid.de\/persoenlich\/wp-json\/wp\/v2\/tags?post=820"}],"curies":[{"name":"wp","href":"https:\/\/api.w.org\/{rel}","templated":true}]}}