{"id":855,"date":"2014-06-07T03:03:47","date_gmt":"2014-06-07T01:03:47","guid":{"rendered":"http:\/\/www.dr-kurscheid.de\/persoenlich\/?page_id=855"},"modified":"2025-10-07T20:32:44","modified_gmt":"2025-10-07T18:32:44","slug":"tv","status":"publish","type":"page","link":"https:\/\/www.dr-kurscheid.de\/persoenlich\/mediathek\/tv","title":{"rendered":"TV"},"content":{"rendered":"<div class=\"columns large-12 medium-12 small-12\">\r\n  <h3>TV Beitr\u00e4ge 2025<\/h3>\r\n\r\n<p><br>Die Beitr\u00e4ge sind in chronologischer Reihenfolge aufgef\u00fchrt. F\u00fcr eine individuelle \u00dcbersicht, nutzen Sie die Sortierfunktion im Tabellenkopf<\/p>\r\n<p><strong>2025<\/strong> I <a href=\"\/persoenlich\/mediathek\/tv\/nach-jahren\/2024-2\">2024<\/a> I <a href=\"\/persoenlich\/mediathek\/tv\/nach-jahren\/2023-2\">2023<\/a> I <a href=\"\/persoenlich\/mediathek\/tv\/nach-jahren\/2022-2\">2022<\/a> I <a href=\"\/persoenlich\/mediathek\/tv\/nach-jahren\/2021-2\">2021<\/a> I <a href=\"\/persoenlich\/mediathek\/tv\/nach-jahren\/2020-2\">2020<\/a> I <a href=\"\/persoenlich\/mediathek\/tv\/nach-jahren\/2019-2\">2019<\/a> I <a href=\"\/persoenlich\/mediathek\/tv\/nach-jahren\/2018-2\">2018<\/a> I <a href=\"\/persoenlich\/mediathek\/tv\/nach-jahren\/2017-2\">2017<\/a> I <a href=\"\/persoenlich\/mediathek\/tv\/nach-jahren\/2016-2\">2016<\/a> I <a href=\"\/persoenlich\/mediathek\/tv\/nach-jahren\/2015-2\">2015<\/a> I <a href=\"\/persoenlich\/mediathek\/tv\/nach-jahren\/2014-2\">2014<\/a> I <a href=\"\/persoenlich\/mediathek\/tv\/nach-jahren\/2013-2\">2013<\/a> I <a href=\"\/persoenlich\/mediathek\/tv\/nach-jahren\/2012-2\">2012<\/a> I <a href=\"\/persoenlich\/mediathek\/tv\/nach-jahren\/2011-2\">2011<\/a> I <a href=\"\/persoenlich\/mediathek\/tv\/nach-jahren\/2010-2\">2010<\/a> I <a href=\"\/persoenlich\/mediathek\/tv\/nach-jahren\/2009-2\">2009<\/a> I <a href=\"\/persoenlich\/mediathek\/tv\/nach-jahren\/2008-2\">2008<\/a> I <a href=\"\/persoenlich\/mediathek\/tv\/nach-jahren\/2007-2006\">2007-2006<\/a><\/p>\r\n\r\n\n<table id=\"tablepress-46\" class=\"tablepress tablepress-id-46\">\n<thead>\n<tr class=\"row-1\">\n\t<th class=\"column-1\">Datum<\/th><th class=\"column-2\">Sender<\/th><th class=\"column-3\">Sendung<\/th><th class=\"column-4\">Thema<\/th>\n<\/tr>\n<\/thead>\n<tbody class=\"row-striping row-hover\">\n<tr class=\"row-2\">\n\t<td class=\"column-1\">05.12.2024<\/td><td class=\"column-2\">RTL<\/td><td class=\"column-3\">Stern TV Spezial<\/td><td class=\"column-4\">Zu Gast im Studio zum Thema:  Weihnachten richtig genie\u00dfen! Der gro\u00dfe Test zum Fest<a href=\"https:\/\/plus.rtl.de\/video-tv\/shows\/stern-tv-spezial-932350\/2024-12-1013721\/episode-8-stern-tv-spezial-weihnachten-richtig-geniessen-der-grosse-test-zum-fest-973579\" target=\"_blank\" rel=\"noopener noreferrer\"> zum Video (ab Min. 38:35)<\/a><\/td>\n<\/tr>\n<tr class=\"row-3\">\n\t<td class=\"column-1\">25.11.2024<\/td><td class=\"column-2\">RTL<\/td><td class=\"column-3\">Punkt 12<\/td><td class=\"column-4\">Zu Gast im Studio zum Thema:  Adipositas &amp; Leptin-Resistenz<a href=\"https:\/\/plus.rtl.de\/video-tv\/shows\/punkt-12-das-rtl-mittagsjournal-176028\/2024-11-1012710\/episode-229-sendung-vom-25112024-967576\" target=\"_blank\" rel=\"noopener noreferrer\"> zum Video (ab 01:43:06)<\/a><\/td>\n<\/tr>\n<tr class=\"row-4\">\n\t<td class=\"column-1\">12.11.2024<\/td><td class=\"column-2\">RTL<\/td><td class=\"column-3\">Extra<\/td><td class=\"column-4\">Megatrend \"Longevity\" - funktioniert die Idee mit der Langlebigkeit wirklich? <a href=\"https:\/\/plus.rtl.de\/video-tv\/shows\/rtl-aktuell-177221\/2024-7-1006195\/episode-212-sendung-vom-30072024-968576\" target=\"_blank\" rel=\"noopener noreferrer\">zum Video<\/a><\/td>\n<\/tr>\n<tr class=\"row-5\">\n\t<td class=\"column-1\">14.09.2024<\/td><td class=\"column-2\">ARD<\/td><td class=\"column-3\">Brisant<\/td><td class=\"column-4\">Wegen Ozempic! Model Lottie Moss im Krankenhaus<a href=\"https:\/\/www.ardmediathek.de\/video\/brisant\/wegen-ozempic-model-lottie-moss-im-krankenhaus\/das-erste\/Y3JpZDovL21kci5kZS9iZWl0cmFnL2Ntcy81OGE4YTQyYS00NzFjLTRkZGYtYWM3YS1iMzg1NWQ0MDY3N2I\" target=\"_blank\" rel=\"noopener noreferrer\"> zum Video<\/a><\/td>\n<\/tr>\n<tr class=\"row-6\">\n\t<td class=\"column-1\">03.08.2024<\/td><td class=\"column-2\">WDR<\/td><td class=\"column-3\">Aktuelle Stunde<\/td><td class=\"column-4\">Eisbaden<a href=\"https:\/\/www.ardmediathek.de\/video\/aktuelle-stunde\/aktuelle-stunde-oder-03-08-2024\/wdr\/Y3JpZDovL3dkci5kZS9CZWl0cmFnLXNvcGhvcmEtZjdjOGRjOWItNTMxOC00MTI3LWE2YmItOWNlNDE4ZGEzYjkz\" target=\"_blank\" rel=\"noopener noreferrer\">zum Video (ab 24:19)<\/a><\/td>\n<\/tr>\n<tr class=\"row-7\">\n\t<td class=\"column-1\">30.07.2024<\/td><td class=\"column-2\">RTL<\/td><td class=\"column-3\">RTL aktuell<\/td><td class=\"column-4\">Olympische Spiele in Paris: Wasserqualit\u00e4t der Seine <a href=\"https:\/\/plus.rtl.de\/video-tv\/shows\/rtl-aktuell-177221\/2024-7-1006195\/episode-212-sendung-vom-30072024-968576\" target=\"_blank\" rel=\"noopener noreferrer\"> zum Video (ab 15:25)<\/a><\/td>\n<\/tr>\n<tr class=\"row-8\">\n\t<td class=\"column-1\">26.07.2024<\/td><td class=\"column-2\">RTL<\/td><td class=\"column-3\">Punkt 12<\/td><td class=\"column-4\">Zu Gast im Studio zum Thema: Dicke Beine \/ Wassereinlagerungen <\/td>\n<\/tr>\n<tr class=\"row-9\">\n\t<td class=\"column-1\">23.07.2024<\/td><td class=\"column-2\">RTL<\/td><td class=\"column-3\">RTL WEST<\/td><td class=\"column-4\">Giftpflanze Riesenb\u00e4renklau verletzt 17 Wanderer<a href=\"https:\/\/www.rtl.de\/cms\/giftpflanze-baerenklau-verletzt-17-wanderer-5092152.html\" target=\"_blank\" rel=\"noopener noreferrer\"> zum Video<\/a><\/td>\n<\/tr>\n<tr class=\"row-10\">\n\t<td class=\"column-1\">23.07.2024<\/td><td class=\"column-2\">RTL<\/td><td class=\"column-3\">Punkt 12<\/td><td class=\"column-4\">Lisa M\u00fcllers Bikinibild sorgt f\u00fcr Wirbel: Welcher BMI-Wert gilt als gesund? <a href=\"https:\/\/www.rtl.de\/videos\/welcher-bmi-wert-gilt-als-gesund-experte-klaert-auf-669fa476d4f90470570d3f62.html\" target=\"_blank\" rel=\"noopener noreferrer\">zum Video<\/a><\/td>\n<\/tr>\n<tr class=\"row-11\">\n\t<td class=\"column-1\">23.06.2024<\/td><td class=\"column-2\">RTL<\/td><td class=\"column-3\">Stern TV Spezial<\/td><td class=\"column-4\">Zu Gast im Studio zum Thema: Schnell zur Sommerfigur \u2013 Neue Abnehmtrends im Test<a href=\"https:\/\/plus.rtl.de\/video-tv\/shows\/stern-tv-am-sonntag-907483\/2024-6-1003055\/episode-17-stern-tv-spezial-schnell-zur-sommerfigur-neue-abnehmtrends-im-test-973609\" target=\"_blank\" rel=\"noopener noreferrer\"> zum Video<\/a><\/td>\n<\/tr>\n<tr class=\"row-12\">\n\t<td class=\"column-1\">28.05.2024<\/td><td class=\"column-2\">ProSieben<\/td><td class=\"column-3\">JENKE. Das Zucker-Experiment<\/td><td class=\"column-4\">Wie krank macht Zucker? <br \/>\n<a href=\"https:\/\/www.joyn.de\/serien\/jenke\/6-1-das-zucker-experiment-wie-krank-macht-zucker\" target=\"_blank\" rel=\"noopener noreferrer\">zum Video<\/a><\/td>\n<\/tr>\n<tr class=\"row-13\">\n\t<td class=\"column-1\">21.05.2024<\/td><td class=\"column-2\">RTL<\/td><td class=\"column-3\">Extra<\/td><td class=\"column-4\">Die Bauchweg-Challenge: 3 Methoden im Test \u2013 Was bringen sie und welche Methode ist am Besten? <br \/>\n<a href=\"https:\/\/plus.rtl.de\/video-tv\/shows\/extra-179009\/2024-5-1000983\/episode-21-sendung-vom-21052024-970275\" target=\"_blank\" rel=\"noopener noreferrer\">zum Video (ab Min. 19:37)<\/a><\/td>\n<\/tr>\n<tr class=\"row-14\">\n\t<td class=\"column-1\">21.05.2024<\/td><td class=\"column-2\">RTL<\/td><td class=\"column-3\">Punkt 12<\/td><td class=\"column-4\">Live zu Gast im Studio zum Thema: Low Protein<br \/>\n<a href=\"https:\/\/plus.rtl.de\/video-tv\/shows\/punkt-12-das-rtl-mittagsjournal-176028\/2024-5-1000261\/episode-96-sendung-vom-21052024-967443\" target=\"_blank\" rel=\"noopener noreferrer\">zum Video (ab Stunde 01:26:26)<\/a><\/td>\n<\/tr>\n<tr class=\"row-15\">\n\t<td class=\"column-1\">13.03.2024<\/td><td class=\"column-2\">RTL<\/td><td class=\"column-3\">Punkt 12<\/td><td class=\"column-4\">Live zu Gast im Studio zum Thema: Gesund und sch\u00f6n durch Bewegung <br \/>\n<a href=\"https:\/\/plus.rtl.de\/video-tv\/shows\/punkt-12-das-rtl-mittagsjournal-176028\/2024-3-989839\/episode-52-sendung-vom-13032024-967399\" target=\"_blank\" rel=\"noopener noreferrer\">zum Video (ab Min. 09:23)<\/a><\/td>\n<\/tr>\n<tr class=\"row-16\">\n\t<td class=\"column-1\">05.03.2024<\/td><td class=\"column-2\">RTL<\/td><td class=\"column-3\">Extra<\/td><td class=\"column-4\">Das Zucker-Experiment<\/td>\n<\/tr>\n<tr class=\"row-17\">\n\t<td class=\"column-1\">03.03.2024<\/td><td class=\"column-2\">RTL<\/td><td class=\"column-3\">Stern TV am Sonntag<\/td><td class=\"column-4\"> Live zu Gast im Studio zu den Themen: \u201eCannabis im Stra\u00dfenverkehr\u201c (mit Live-Experiment am Autosimulator) und \u201eEinfach Zuckerfrei\u201c \u2013 Die Stern TV Zuckerfrei-Challenge \u2013 Der Zwischenstand <br \/>\n<a href=\"https:\/\/plus.rtl.de\/video-tv\/shows\/stern-tv-am-sonntag-907483\/2024-3-992532\/episode-3-sendung-vom-03032024-973595\" target=\"_blank\" rel=\"noopener noreferrer\">zum Video<\/a><\/td>\n<\/tr>\n<tr class=\"row-18\">\n\t<td class=\"column-1\">18.02.2024<\/td><td class=\"column-2\">RTL<\/td><td class=\"column-3\">Stern TV am Sonntag<\/td><td class=\"column-4\">Live zu Gast im Studio zum Thema:\u201eEinfach Zuckerfrei\u201c \u2013 Die Stern TV Zuckerfrei-Challenge <br \/>\n<a href=\"https:\/\/plus.rtl.de\/video-tv\/shows\/stern-tv-am-sonntag-907483\/2024-2-989591\/episode-1-sendung-vom-18022024-973593\" target=\"_blank\" rel=\"noopener noreferrer\">zum Video (ab Min. 24:00)<\/a><\/td>\n<\/tr>\n<tr class=\"row-19\">\n\t<td class=\"column-1\">10.01.2024<\/td><td class=\"column-2\">WDR<\/td><td class=\"column-3\">Servicezeit<\/td><td class=\"column-4\">Abnehm-Apps: Was taugen sie?<br \/>\n<a href=\"https:\/\/www.ardmediathek.de\/video\/servicezeit\/servicezeit-mittwoch-10-01-2024\/wdr\/Y3JpZDovL3dkci5kZS9CZWl0cmFnLXNvcGhvcmEtNjMwNDE1ODktZWE1OS00MjFiLTk5MjUtMjAyNjgxZWFiOGFi\" target=\"_blank\" rel=\"noopener noreferrer\">zum Video (ab Min. 09:15)<\/a><\/td>\n<\/tr>\n<tr class=\"row-20\">\n\t<td class=\"column-1\">09.01.2024<\/td><td class=\"column-2\">RTL<\/td><td class=\"column-3\">Extra<\/td><td class=\"column-4\">Der gro\u00dfe Extra-Di\u00e4tencheck: Welche Di\u00e4t hilft wirklich langfristig gegen den Winterspeck. <br \/>\n<a href=\"https:\/\/plus.rtl.de\/video-tv\/shows\/extra-179009\/2024-1-988191\/episode-2-sendung-vom-09012024-970256\" target=\"_blank\" rel=\"noopener noreferrer\">zum Video (ab Min. 36:45)<\/a><\/td>\n<\/tr>\n<\/tbody>\n<\/table>\n<!-- #tablepress-46 from cache -->\r\n<\/div>","protected":false},"excerpt":{"rendered":"TV Beitr\u00e4ge 2025 Die Beitr\u00e4ge sind in chronologischer Reihenfolge aufgef\u00fchrt. F\u00fcr eine individuelle \u00dcbersicht, nutzen Sie die Sortierfunktion im Tabellenkopf 2025 I 2024 I 2023 I 2022 I 2021 I 2020 I 2019 I 2018 I 2017 I 2016 I 2015 I 2014 I 2013 I 2012 I 2011 I 2010 I 2009 I 2008&#8230;  <a class=\"excerpt-read-more\" href=\"https:\/\/www.dr-kurscheid.de\/persoenlich\/mediathek\/tv\" title=\"ReadTV\">Read more &raquo;<\/a>","protected":false},"author":6,"featured_media":0,"parent":726,"menu_order":10,"comment_status":"closed","ping_status":"closed","template":"page-left-sidebar.php","meta":{"_acf_changed":false,"footnotes":""},"categories":[],"tags":[],"class_list":["post-855","page","type-page","status-publish","hentry"],"translation":{"provider":"WPGlobus","version":"3.0.2","language":"de","enabled_languages":["de","en"],"languages":{"de":{"title":true,"content":true,"excerpt":false},"en":{"title":false,"content":false,"excerpt":false}}},"acf":[],"_links":{"self":[{"href":"https:\/\/www.dr-kurscheid.de\/persoenlich\/wp-json\/wp\/v2\/pages\/855","targetHints":{"allow":["GET"]}}],"collection":[{"href":"https:\/\/www.dr-kurscheid.de\/persoenlich\/wp-json\/wp\/v2\/pages"}],"about":[{"href":"https:\/\/www.dr-kurscheid.de\/persoenlich\/wp-json\/wp\/v2\/types\/page"}],"author":[{"embeddable":true,"href":"https:\/\/www.dr-kurscheid.de\/persoenlich\/wp-json\/wp\/v2\/users\/6"}],"replies":[{"embeddable":true,"href":"https:\/\/www.dr-kurscheid.de\/persoenlich\/wp-json\/wp\/v2\/comments?post=855"}],"version-history":[{"count":5,"href":"https:\/\/www.dr-kurscheid.de\/persoenlich\/wp-json\/wp\/v2\/pages\/855\/revisions"}],"predecessor-version":[{"id":3599,"href":"https:\/\/www.dr-kurscheid.de\/persoenlich\/wp-json\/wp\/v2\/pages\/855\/revisions\/3599"}],"up":[{"embeddable":true,"href":"https:\/\/www.dr-kurscheid.de\/persoenlich\/wp-json\/wp\/v2\/pages\/726"}],"wp:attachment":[{"href":"https:\/\/www.dr-kurscheid.de\/persoenlich\/wp-json\/wp\/v2\/media?parent=855"}],"wp:term":[{"taxonomy":"category","embeddable":true,"href":"https:\/\/www.dr-kurscheid.de\/persoenlich\/wp-json\/wp\/v2\/categories?post=855"},{"taxonomy":"post_tag","embeddable":true,"href":"https:\/\/www.dr-kurscheid.de\/persoenlich\/wp-json\/wp\/v2\/tags?post=855"}],"curies":[{"name":"wp","href":"https:\/\/api.w.org\/{rel}","templated":true}]}}