{"id":937,"date":"2014-06-10T18:27:36","date_gmt":"2014-06-10T16:27:36","guid":{"rendered":"http:\/\/www.dr-kurscheid.de\/persoenlich\/?page_id=937"},"modified":"2025-01-11T15:36:13","modified_gmt":"2025-01-11T14:36:13","slug":"ueber-mich","status":"publish","type":"page","link":"https:\/\/www.dr-kurscheid.de\/persoenlich\/profil\/ueber-mich","title":{"rendered":"\u00dcber mich"},"content":{"rendered":"<div class=\"columns large-12\">\r\n<h3>In guten H\u00e4nden<\/h3>\r\n<\/div>\r\n<div class=\"columns large-4 medium-4 small-12\">\r\n<img decoding=\"async\" src=\"\/persoenlich\/wp-content\/uploads\/2014\/06\/dr_thomas_kurscheid_pers.jpg\" alt=\"Dr. Thomas Kurscheid\" class=\"alignnone size-full wp-image-1000 border\" style=\"margin-bottom:20px\"><\/div>\r\n\r\n\r\n<div class=\"columns large-8 medium-8 small-12\">\r\n<div class=\"team_headline\"><span>Dr. med. Thomas Kurscheid MPH<\/span><\/div>\r\n<p><strong>Facharzt f\u00fcr Allgemeinmedizin<\/strong><br>\r\nSport- und Ern\u00e4hrungsmedizin<br> Naturheilverfahren n.e.A<br>\r\nPr\u00e4ventivmediziner DAPM<br>\r\nMaster of Public Health<\/p><br>\r\n<p>Ausf\u00fchrliche Informationen zur Praxis<br> von Dr. Thomas Kurscheid finden Sie hier:<\/p>\r\n<span class=\"btn_intern\"><a href=\"http:\/\/www.dr-kurscheid.de\" title=\"Praxis Dr. Kurscheid\" target=\"_blank\">Praxis Dr. Kurscheid<\/a><\/span><\/div>\r\n\r\n<div class=\"columns large-12 medium-12 small-12\">\r\n<h4 class=\"table-headline\">Vita<\/h4>\r\n\n<table id=\"tablepress-1\" class=\"tablepress tablepress-id-1\">\n<tbody class=\"row-striping\">\n<tr class=\"row-1\">\n\t<td class=\"column-1\"><p>Dr. med. Thomas Kurscheid studierte Medizin in K\u00f6ln, Budapest und London. Aber auch sp\u00e4ter, w\u00e4hrend seiner Facharztausbildung, zog es ihn immer wieder ins Ausland und zu anderen Kulturen (Indien, Kolumbien), um seinen Behandlungshorizont zu erweitern.<br \/>\n1992 promovierte er \u00fcber die \u201eNekrotisierende Enterokolitis\u201c, eine Darmerkrankung bei S\u00e4uglingen, die mit einer falschen Ern\u00e4hrung zusammenh\u00e4ngt.<br \/>\n<br \/>\nDr. Kurscheid ist Facharzt f\u00fcr Allgemeinmedizin sowie Ern\u00e4hrungs- und Sportmediziner, au\u00dferdem Arzt f\u00fcr Naturheilverfahren. Durch seine T\u00e4tigkeit auf der onkologischen Station der Universit\u00e4tsklinik K\u00f6ln reifte in ihm der Wunsch, sich mehr der Pr\u00e4ventivmedizin zuzuwenden. Als einer der ersten studierte er daher den in Deutschland neu eingef\u00fchrten Postgraduierten-Studiengang Gesundheitswissenschaften (Public Health) und schloss als j\u00fcngster fach\u00e4rztlicher Absolvent das Studium mit dem Titel \u201eMaster of Public Health\u201c (MPH) 1996 ab.<br \/>\n<br \/>\nAnschlie\u00dfend arbeitete  Dr. Kurscheid drei Jahre wissenschaftlich am Institut f\u00fcr Gesundheits\u00f6konomie und klinische Epidemiologie (IGKE) der Universit\u00e4t zu K\u00f6ln, sowie f\u00fcr die internationale Gesundheits\u00f6konomie der BASF Pharma. Schwerpunkte seiner Arbeit waren die Adipositas und Herz-Kreislauf-Erkrankungen, sowie deren Vorbeugung. Im Zentrum seiner Forschungen stand vor allem der Einfluss der Ern\u00e4hrung, Bewegung und anderer Verhaltensmuster auf die Gesundheit. Dieses Wissen vermittelte er bereits 1997 als Dozent des IGKE in Vorlesungen an die Studenten.<br \/>\n<br \/>\nEs folgten vier Jahre im Gesundheitsmanagement der damals gr\u00f6\u00dften privaten Krankenversicherung (DKV), f\u00fcr die er den ersten humanit\u00e4ren Hilfeeinsatz einer Versicherung \u00fcberhaupt im damaligen Kosovokrieg vor Ort leitete, durchf\u00fchrte und verfilmte. Im Fokus standen die Versorgung der Fl\u00fcchtlinge mit Nahrungsmitteln und der Abtransport von Mienenverletzten. Ab 2003 war er \u00e4rztlicher Gesch\u00e4ftsf\u00fchrer des u.a. von ihm und McKinsey f\u00fcr die DKV konzipierten ersten goMedus-Gesundheitszentrums in K\u00f6ln.<br \/>\n<br \/>\n2006 vergr\u00f6\u00dfert er seine Praxis und verlegte sie in den K\u00f6lner S\u00fcden. Neben der Krankenbehandlung stehen vor allem die Gesundheitsvorsorge und die Behandlung von Adipositas im Mittelpunkt. Dazu arbeiten in seiner Praxis Psychologen, Internisten, Di\u00e4tassistentinnen und Physiotherapeuten nach einem ganzheitlichen Ansatz zusammen.<br \/>\n<br \/>\nParallel dazu entwickelte sich Dr. Thomas Kurscheid zu einem von den Medien gefragten Gesundheitsexperten bei den Themen Ern\u00e4hrung, Bewegung und Verhalten. Bislang hatte er \u00fcber 700 Fernsehauftritte in allen Fernsehsendern und mehrere eigene Sendungen. Zudem schreibt er B\u00fccher und wissenschaftliche, aber auch popul\u00e4rwissenschaftlichen Artikel (ca. 350).<br \/>\n<br \/>\nIn seinem 2012 gegr\u00fcndeten Institut f\u00fchrt er Studien rund um die Ern\u00e4hrung durch.<br \/>\n<br \/>\nSeit 2018 ist er Gesch\u00e4ftsf\u00fchrender Gesellschafter der Gesellschaft f\u00fcr Gesundes Gewicht (GGG). Diese Gesellschaft hat zum Ziel, die Behandlung von \u00dcbergewichtigen zu professionalisieren und \u00c4rzte und andere Gesundheitsberufe zum Adipologen GGG auszubilden. <br \/>\n<br \/>\nDr. Kurscheid h\u00e4lt Vorlesungen an mehreren Universit\u00e4ten im In-und Ausland und ist Dozent an der Hochschule Fresenius in K\u00f6ln.<br \/>\n<br \/>\n<strong>Privat<\/strong>: Dr. Kurscheid war Vizelandesmeister im Rudern. Er ist verheiratet und hat einen Sohn.<\/p><\/td>\n<\/tr>\n<\/tbody>\n<\/table>\n<!-- #tablepress-1 from cache --><\/div>\r\n\r\n\r\n<\/div>","protected":false},"excerpt":{"rendered":"In guten H\u00e4nden Dr. med. Thomas Kurscheid MPH Facharzt f\u00fcr Allgemeinmedizin Sport- und Ern\u00e4hrungsmedizin Naturheilverfahren n.e.A Pr\u00e4ventivmediziner DAPM Master of Public Health Ausf\u00fchrliche Informationen zur Praxis von Dr. Thomas Kurscheid finden Sie hier: Praxis Dr. Kurscheid Vita","protected":false},"author":6,"featured_media":0,"parent":712,"menu_order":0,"comment_status":"closed","ping_status":"closed","template":"page-left-sidebar.php","meta":{"_acf_changed":false,"footnotes":""},"categories":[],"tags":[],"class_list":["post-937","page","type-page","status-publish","hentry"],"translation":{"provider":"WPGlobus","version":"3.0.2","language":"de","enabled_languages":["de","en"],"languages":{"de":{"title":true,"content":true,"excerpt":false},"en":{"title":false,"content":false,"excerpt":false}}},"acf":[],"_links":{"self":[{"href":"https:\/\/www.dr-kurscheid.de\/persoenlich\/wp-json\/wp\/v2\/pages\/937","targetHints":{"allow":["GET"]}}],"collection":[{"href":"https:\/\/www.dr-kurscheid.de\/persoenlich\/wp-json\/wp\/v2\/pages"}],"about":[{"href":"https:\/\/www.dr-kurscheid.de\/persoenlich\/wp-json\/wp\/v2\/types\/page"}],"author":[{"embeddable":true,"href":"https:\/\/www.dr-kurscheid.de\/persoenlich\/wp-json\/wp\/v2\/users\/6"}],"replies":[{"embeddable":true,"href":"https:\/\/www.dr-kurscheid.de\/persoenlich\/wp-json\/wp\/v2\/comments?post=937"}],"version-history":[{"count":16,"href":"https:\/\/www.dr-kurscheid.de\/persoenlich\/wp-json\/wp\/v2\/pages\/937\/revisions"}],"predecessor-version":[{"id":2212,"href":"https:\/\/www.dr-kurscheid.de\/persoenlich\/wp-json\/wp\/v2\/pages\/937\/revisions\/2212"}],"up":[{"embeddable":true,"href":"https:\/\/www.dr-kurscheid.de\/persoenlich\/wp-json\/wp\/v2\/pages\/712"}],"wp:attachment":[{"href":"https:\/\/www.dr-kurscheid.de\/persoenlich\/wp-json\/wp\/v2\/media?parent=937"}],"wp:term":[{"taxonomy":"category","embeddable":true,"href":"https:\/\/www.dr-kurscheid.de\/persoenlich\/wp-json\/wp\/v2\/categories?post=937"},{"taxonomy":"post_tag","embeddable":true,"href":"https:\/\/www.dr-kurscheid.de\/persoenlich\/wp-json\/wp\/v2\/tags?post=937"}],"curies":[{"name":"wp","href":"https:\/\/api.w.org\/{rel}","templated":true}]}}